{"id":16439,"date":"2024-01-18T07:31:14","date_gmt":"2024-01-18T06:31:14","guid":{"rendered":"https:\/\/outdooreurope.eu\/?post_type=product&#038;p=16439"},"modified":"2026-02-15T14:44:38","modified_gmt":"2026-02-15T13:44:38","slug":"trailrunning-italia-sendero-monte-rosa-trekking-autoguiado","status":"publish","type":"product","link":"https:\/\/outdooreurope.eu\/es\/tours\/trailrunning-italy-monte-rosa-trail-self-guided-trekking\/","title":{"rendered":"Recorre los senderos del Monte Rosa: una aventura de trail running de refugio en refugio"},"content":{"rendered":"<p>Emb\u00e1rcate en una incre\u00edble aventura de trail running en medio del impresionante paisaje del Monte Rosa. No solo saborear\u00e1 el impresionante paisaje alpino, sino que tambi\u00e9n se deleitar\u00e1 con la c\u00e1lida hospitalidad y saborear\u00e1 la deliciosa cocina local mientras nosotros nos encargamos de la log\u00edstica y transportamos su equipaje de una acogedora caba\u00f1a a otra.<\/p>\n<ul>\n<li><strong>Recorrer los senderos:<\/strong> Ponte tus zapatillas para correr y recorre los senderos del Monte Rosa, ya sea solo o con un grupo de amigos. Las rutas tienen una distancia promedio de alrededor de 10 kil\u00f3metros con un ascenso de aproximadamente 1500 metros, lo que proporciona el desaf\u00edo justo para los \u00e1vidos corredores de senderos.<\/li>\n<li><strong>Rifugios con Encanto:<\/strong> Durante sus vacaciones de running, descansar\u00e1 en peque\u00f1os y encantadores refugios donde nuestros atentos anfitriones se asegurar\u00e1n de que se sienta como en casa. Al caer la noche, re\u00fanase con amigos o compa\u00f1eros de viaje para compartir sus aventuras con la deliciosa gastronom\u00eda y el vino local. Esto es m\u00e1s que unas vacaciones; es una aut\u00e9ntica experiencia alpina.<\/li>\n<\/ul>","protected":false},"excerpt":{"rendered":"<p>Cinco d\u00edas de carrera en el Valle del Lys por el Monte Rosa. Llevaremos su equipaje de caba\u00f1a en caba\u00f1a.<\/p>","protected":false},"featured_media":18322,"comment_status":"open","ping_status":"closed","template":"","meta":{"_acf_changed":false,"content-type":"","inline_featured_image":false},"product_brand":[],"product_cat":[302],"product_tag":[751],"class_list":{"0":"post-16439","1":"product","2":"type-product","3":"status-publish","4":"has-post-thumbnail","6":"tour_country-italy","7":"tour_types-dog-friendly","8":"tour_types-hut-to-hut","9":"tour_types-self-guided","10":"tour_types-bestsellers","11":"product_cat-ukategoriseret","12":"product_tag-trailrunning","13":"pa_duration-5-nights","14":"tour_category-trailrunning-2","16":"first","17":"instock","18":"virtual","19":"purchasable","20":"product-type-tour"},"acf":[],"yoast_head":"<!-- This site is optimized with the Yoast SEO Premium plugin v27.4 (Yoast SEO v27.4) - https:\/\/yoast.com\/product\/yoast-seo-premium-wordpress\/ -->\n<title>Run the Trails of Monte Rosa: Alpine Running Adventure - Outdoor Europe<\/title>\n<meta name=\"description\" content=\"Discover the beauty of Monte Rosa with our thrilling adventure to run the trails of Monte Rosa. Experience stunning scenery and cozy rifugios!\" \/>\n<meta name=\"robots\" content=\"index, follow, max-snippet:-1, max-image-preview:large, max-video-preview:-1\" \/>\n<link rel=\"canonical\" href=\"https:\/\/outdooreurope.eu\/es\/excursiones\/trailrunning-italia-sendero-monte-rosa-trekking-autoguiado\/\" \/>\n<meta property=\"og:locale\" content=\"es_ES\" \/>\n<meta property=\"og:type\" content=\"article\" \/>\n<meta property=\"og:title\" content=\"Run the trails of Monte Rosa: a hut-to-hut trail running adventure\" \/>\n<meta property=\"og:description\" content=\"Five days of running in the Lys Valley by Monte Rosa. We will carry your luggage from hut to hut.\" \/>\n<meta property=\"og:url\" content=\"https:\/\/outdooreurope.eu\/es\/excursiones\/trailrunning-italia-sendero-monte-rosa-trekking-autoguiado\/\" \/>\n<meta property=\"og:site_name\" content=\"Outdoor Europe\" \/>\n<meta property=\"article:publisher\" content=\"https:\/\/www.facebook.com\/outdooreurope.eu\" \/>\n<meta property=\"article:modified_time\" content=\"2026-02-15T13:44:38+00:00\" \/>\n<meta property=\"og:image\" content=\"https:\/\/outdooreurope.eu\/wp-content\/uploads\/2024\/01\/IMG_8565-e1771163049244.jpg\" \/>\n\t<meta property=\"og:image:width\" content=\"1536\" \/>\n\t<meta property=\"og:image:height\" content=\"906\" \/>\n\t<meta property=\"og:image:type\" content=\"image\/jpeg\" \/>\n<meta name=\"twitter:card\" content=\"summary_large_image\" \/>\n<meta name=\"twitter:label1\" content=\"Precio\" \/>\n\t<meta name=\"twitter:data1\" content=\"&euro;995\" \/>\n\t<meta name=\"twitter:label2\" content=\"Disponibilidad\" \/>\n\t<meta name=\"twitter:data2\" content=\"Disponible\" \/>\n<script type=\"application\/ld+json\" class=\"yoast-schema-graph\">{\"@context\":\"https:\\\/\\\/schema.org\",\"@graph\":[{\"@type\":\"WebPage\",\"@id\":\"https:\\\/\\\/outdooreurope.eu\\\/tours\\\/trailrunning-italy-monte-rosa-trail-self-guided-trekking\\\/\",\"url\":\"https:\\\/\\\/outdooreurope.eu\\\/tours\\\/trailrunning-italy-monte-rosa-trail-self-guided-trekking\\\/\",\"name\":\"Run the Trails of Monte Rosa: Alpine Running Adventure - Outdoor Europe\",\"isPartOf\":{\"@id\":\"https:\\\/\\\/outdooreurope.eu\\\/#website\"},\"primaryImageOfPage\":{\"@id\":\"https:\\\/\\\/outdooreurope.eu\\\/tours\\\/trailrunning-italy-monte-rosa-trail-self-guided-trekking\\\/#primaryimage\"},\"image\":{\"@id\":\"https:\\\/\\\/outdooreurope.eu\\\/tours\\\/trailrunning-italy-monte-rosa-trail-self-guided-trekking\\\/#primaryimage\"},\"thumbnailUrl\":\"https:\\\/\\\/outdooreurope.eu\\\/wp-content\\\/uploads\\\/2024\\\/01\\\/IMG_8565-e1771163049244.jpg\",\"datePublished\":\"2024-01-18T06:31:14+00:00\",\"dateModified\":\"2026-02-15T13:44:38+00:00\",\"description\":\"Discover the beauty of Monte Rosa with our thrilling adventure to run the trails of Monte Rosa. Experience stunning scenery and cozy rifugios!\",\"breadcrumb\":{\"@id\":\"https:\\\/\\\/outdooreurope.eu\\\/tours\\\/trailrunning-italy-monte-rosa-trail-self-guided-trekking\\\/#breadcrumb\"},\"inLanguage\":\"es\",\"potentialAction\":[{\"@type\":\"ReadAction\",\"target\":[\"https:\\\/\\\/outdooreurope.eu\\\/tours\\\/trailrunning-italy-monte-rosa-trail-self-guided-trekking\\\/\"]}]},{\"@type\":\"ImageObject\",\"inLanguage\":\"es\",\"@id\":\"https:\\\/\\\/outdooreurope.eu\\\/tours\\\/trailrunning-italy-monte-rosa-trail-self-guided-trekking\\\/#primaryimage\",\"url\":\"https:\\\/\\\/outdooreurope.eu\\\/wp-content\\\/uploads\\\/2024\\\/01\\\/IMG_8565-e1771163049244.jpg\",\"contentUrl\":\"https:\\\/\\\/outdooreurope.eu\\\/wp-content\\\/uploads\\\/2024\\\/01\\\/IMG_8565-e1771163049244.jpg\",\"width\":1536,\"height\":906},{\"@type\":\"BreadcrumbList\",\"@id\":\"https:\\\/\\\/outdooreurope.eu\\\/tours\\\/trailrunning-italy-monte-rosa-trail-self-guided-trekking\\\/#breadcrumb\",\"itemListElement\":[{\"@type\":\"ListItem\",\"position\":1,\"name\":\"Hjem\",\"item\":\"https:\\\/\\\/outdooreurope.eu\\\/\"},{\"@type\":\"ListItem\",\"position\":2,\"name\":\"Shop\",\"item\":\"https:\\\/\\\/outdooreurope.eu\\\/shop\\\/\"},{\"@type\":\"ListItem\",\"position\":3,\"name\":\"Run the trails of Monte Rosa: a hut-to-hut trail running adventure\"}]},{\"@type\":\"WebSite\",\"@id\":\"https:\\\/\\\/outdooreurope.eu\\\/#website\",\"url\":\"https:\\\/\\\/outdooreurope.eu\\\/\",\"name\":\"Outdoor Europe\",\"description\":\"Hiking In Europe I Join the trail\",\"potentialAction\":[{\"@type\":\"SearchAction\",\"target\":{\"@type\":\"EntryPoint\",\"urlTemplate\":\"https:\\\/\\\/outdooreurope.eu\\\/?s={search_term_string}\"},\"query-input\":{\"@type\":\"PropertyValueSpecification\",\"valueRequired\":true,\"valueName\":\"search_term_string\"}}],\"inLanguage\":\"es\"}]}<\/script>\n<meta property=\"product:price:amount\" content=\"995\" \/>\n<meta property=\"product:price:currency\" content=\"EUR\" \/>\n<meta property=\"og:availability\" content=\"instock\" \/>\n<meta property=\"product:availability\" content=\"instock\" \/>\n<meta property=\"product:retailer_item_id\" content=\"16439\" \/>\n<meta property=\"product:condition\" content=\"new\" \/>\n<!-- \/ Yoast SEO Premium plugin. -->","yoast_head_json":{"title":"Recorre los senderos del Monte Rosa: Aventura de carrera alpina - Outdoor Europe","description":"Descubre la belleza del Monte Rosa con nuestra emocionante aventura por los senderos del Monte Rosa. \u00a1Disfruta de paisajes impresionantes y acogedores refugios!","robots":{"index":"index","follow":"follow","max-snippet":"max-snippet:-1","max-image-preview":"max-image-preview:large","max-video-preview":"max-video-preview:-1"},"canonical":"https:\/\/outdooreurope.eu\/es\/excursiones\/trailrunning-italia-sendero-monte-rosa-trekking-autoguiado\/","og_locale":"es_ES","og_type":"article","og_title":"Run the trails of Monte Rosa: a hut-to-hut trail running adventure","og_description":"Five days of running in the Lys Valley by Monte Rosa. We will carry your luggage from hut to hut.","og_url":"https:\/\/outdooreurope.eu\/es\/excursiones\/trailrunning-italia-sendero-monte-rosa-trekking-autoguiado\/","og_site_name":"Outdoor Europe","article_publisher":"https:\/\/www.facebook.com\/outdooreurope.eu","article_modified_time":"2026-02-15T13:44:38+00:00","og_image":[{"width":1536,"height":906,"url":"https:\/\/outdooreurope.eu\/wp-content\/uploads\/2024\/01\/IMG_8565-e1771163049244.jpg","type":"image\/jpeg"}],"twitter_card":"summary_large_image","twitter_misc":{"Precio":"&euro;995","Disponibilidad":"Disponible"},"schema":{"@context":"https:\/\/schema.org","@graph":[{"@type":"WebPage","@id":"https:\/\/outdooreurope.eu\/tours\/trailrunning-italy-monte-rosa-trail-self-guided-trekking\/","url":"https:\/\/outdooreurope.eu\/tours\/trailrunning-italy-monte-rosa-trail-self-guided-trekking\/","name":"Recorre los senderos del Monte Rosa: Aventura de carrera alpina - Outdoor Europe","isPartOf":{"@id":"https:\/\/outdooreurope.eu\/#website"},"primaryImageOfPage":{"@id":"https:\/\/outdooreurope.eu\/tours\/trailrunning-italy-monte-rosa-trail-self-guided-trekking\/#primaryimage"},"image":{"@id":"https:\/\/outdooreurope.eu\/tours\/trailrunning-italy-monte-rosa-trail-self-guided-trekking\/#primaryimage"},"thumbnailUrl":"https:\/\/outdooreurope.eu\/wp-content\/uploads\/2024\/01\/IMG_8565-e1771163049244.jpg","datePublished":"2024-01-18T06:31:14+00:00","dateModified":"2026-02-15T13:44:38+00:00","description":"Descubre la belleza del Monte Rosa con nuestra emocionante aventura por los senderos del Monte Rosa. \u00a1Disfruta de paisajes impresionantes y acogedores refugios!","breadcrumb":{"@id":"https:\/\/outdooreurope.eu\/tours\/trailrunning-italy-monte-rosa-trail-self-guided-trekking\/#breadcrumb"},"inLanguage":"es","potentialAction":[{"@type":"ReadAction","target":["https:\/\/outdooreurope.eu\/tours\/trailrunning-italy-monte-rosa-trail-self-guided-trekking\/"]}]},{"@type":"ImageObject","inLanguage":"es","@id":"https:\/\/outdooreurope.eu\/tours\/trailrunning-italy-monte-rosa-trail-self-guided-trekking\/#primaryimage","url":"https:\/\/outdooreurope.eu\/wp-content\/uploads\/2024\/01\/IMG_8565-e1771163049244.jpg","contentUrl":"https:\/\/outdooreurope.eu\/wp-content\/uploads\/2024\/01\/IMG_8565-e1771163049244.jpg","width":1536,"height":906},{"@type":"BreadcrumbList","@id":"https:\/\/outdooreurope.eu\/tours\/trailrunning-italy-monte-rosa-trail-self-guided-trekking\/#breadcrumb","itemListElement":[{"@type":"ListItem","position":1,"name":"Hjem","item":"https:\/\/outdooreurope.eu\/"},{"@type":"ListItem","position":2,"name":"Shop","item":"https:\/\/outdooreurope.eu\/shop\/"},{"@type":"ListItem","position":3,"name":"Run the trails of Monte Rosa: a hut-to-hut trail running adventure"}]},{"@type":"WebSite","@id":"https:\/\/outdooreurope.eu\/#website","url":"https:\/\/outdooreurope.eu\/","name":"Europa al aire libre","description":"Senderismo en Europa Me uno al sendero","potentialAction":[{"@type":"SearchAction","target":{"@type":"EntryPoint","urlTemplate":"https:\/\/outdooreurope.eu\/?s={search_term_string}"},"query-input":{"@type":"PropertyValueSpecification","valueRequired":true,"valueName":"search_term_string"}}],"inLanguage":"es"}]},"product_price_amount":"995","product_price_currency":"EUR","og_availability":"instock","product_availability":"instock","product_retailer_item_id":"16439","product_condition":"new"},"_links":{"self":[{"href":"https:\/\/outdooreurope.eu\/es\/wp-json\/wp\/v2\/product\/16439","targetHints":{"allow":["GET"]}}],"collection":[{"href":"https:\/\/outdooreurope.eu\/es\/wp-json\/wp\/v2\/product"}],"about":[{"href":"https:\/\/outdooreurope.eu\/es\/wp-json\/wp\/v2\/types\/product"}],"replies":[{"embeddable":true,"href":"https:\/\/outdooreurope.eu\/es\/wp-json\/wp\/v2\/comments?post=16439"}],"wp:featuredmedia":[{"embeddable":true,"href":"https:\/\/outdooreurope.eu\/es\/wp-json\/wp\/v2\/media\/18322"}],"wp:attachment":[{"href":"https:\/\/outdooreurope.eu\/es\/wp-json\/wp\/v2\/media?parent=16439"}],"wp:term":[{"taxonomy":"product_brand","embeddable":true,"href":"https:\/\/outdooreurope.eu\/es\/wp-json\/wp\/v2\/product_brand?post=16439"},{"taxonomy":"product_cat","embeddable":true,"href":"https:\/\/outdooreurope.eu\/es\/wp-json\/wp\/v2\/product_cat?post=16439"},{"taxonomy":"product_tag","embeddable":true,"href":"https:\/\/outdooreurope.eu\/es\/wp-json\/wp\/v2\/product_tag?post=16439"}],"curies":[{"name":"wp","href":"https:\/\/api.w.org\/{rel}","templated":true}]}}