{"id":16509,"date":"2024-01-18T09:49:31","date_gmt":"2024-01-18T08:49:31","guid":{"rendered":"https:\/\/outdooreurope.eu\/?post_type=product&#038;p=16509"},"modified":"2026-02-14T17:01:22","modified_gmt":"2026-02-14T16:01:22","slug":"trailrunning-italia-dolomitas-sendero-de-refugio-en-refugio-autoguiado","status":"publish","type":"product","link":"https:\/\/outdooreurope.eu\/es\/tours\/trailrunning-italy-dolomites-trail-hut-to-hut-self-guided\/","title":{"rendered":"Corre por las Dolomitas: una cl\u00e1sica expedici\u00f3n de trail running de refugio en refugio"},"content":{"rendered":"<h3><strong>Corre por las Dolomitas: una cl\u00e1sica expedici\u00f3n de trail running de refugio en refugio<\/strong><\/h3>\n<p>Emb\u00e1rquese en una inolvidable aventura de trail running a lo largo de la ic\u00f3nica Alta Via N.1, un camino cl\u00e1sico de caba\u00f1a en caba\u00f1a a trav\u00e9s de los impresionantes Dolomitas. Corre por algunos de los senderos m\u00e1s excepcionales que ofrecen los Alpes italianos. Los Dolomitas, hogar de algunas de las carreras de monta\u00f1a m\u00e1s famosas, como Lavaredo Ultra Trail y Dolomite Extreme Trail, esperan tus pasos.<\/p>\n<p><strong>Puntos destacados del recorrido:<\/strong><\/p>\n<ul>\n<li><strong>Experiencia Alta V\u00eda N.1:<\/strong> Atraviese la extraordinaria Alta V\u00eda N.1, famosa por su incomparable belleza y car\u00e1cter \u00fanico. Corre por un sendero que serpentea a trav\u00e9s de los espectaculares paisajes de los Dolomitas, brindando una experiencia inolvidable de carrera por la monta\u00f1a.<\/li>\n<li><strong>Aventura de caba\u00f1a en caba\u00f1a:<\/strong> Este es un recorrido cl\u00e1sico de carrera por senderos de caba\u00f1a a caba\u00f1a. Cada d\u00eda, correr\u00e1s entre encantadores refugios de monta\u00f1a, sumergi\u00e9ndote en la tranquila belleza de los Dolomitas mientras disfrutas de un alojamiento acogedor y abundantes comidas alpinas.<\/li>\n<\/ul>\n<p>&nbsp;<\/p>","protected":false},"excerpt":{"rendered":"<p>Recorre la legendaria Alta V\u00eda 1 como una aventura de trail running autoguiada de siete d\u00edas por el coraz\u00f3n de <span class=\"hover:entity-accent entity-underline inline cursor-pointer align-baseline\"><span class=\"whitespace-normal\">Dolomitas<\/span><\/span>. Empezando y terminando en <span class=\"hover:entity-accent entity-underline inline cursor-pointer align-baseline\"><span class=\"whitespace-normal\">Cortina d&#039;Ampezzo<\/span><\/span>, Este viaje de caba\u00f1a en caba\u00f1a lo llevar\u00e1 a trav\u00e9s de altos pasos alpinos, espectaculares picos de piedra caliza y paisajes monta\u00f1osos remotos.<\/p>","protected":false},"featured_media":16510,"comment_status":"open","ping_status":"closed","template":"","meta":{"_acf_changed":false,"content-type":"","inline_featured_image":false},"product_brand":[],"product_cat":[302],"product_tag":[],"class_list":{"0":"post-16509","1":"product","2":"type-product","3":"status-publish","4":"has-post-thumbnail","6":"tour_country-italy","7":"tour_types-hut-to-hut","8":"tour_types-self-guided","9":"product_cat-ukategoriseret","10":"pa_duration-7-days","11":"tour_category-trailrunning-2","13":"first","14":"instock","15":"shipping-taxable","16":"purchasable","17":"product-type-tour"},"acf":[],"yoast_head":"<!-- This site is optimized with the Yoast SEO Premium plugin v27.4 (Yoast SEO v27.4) - https:\/\/yoast.com\/product\/yoast-seo-premium-wordpress\/ -->\n<title>Run the Dolomites: Epic Trail Running Adventure Now - Outdoor Europe<\/title>\n<meta name=\"description\" content=\"Experience the thrill of adventure with our Run the Dolomites trails! Discover breathtaking views while trail running along Alta Via N.1.\" \/>\n<meta name=\"robots\" content=\"index, follow, max-snippet:-1, max-image-preview:large, max-video-preview:-1\" \/>\n<link rel=\"canonical\" href=\"https:\/\/outdooreurope.eu\/es\/excursiones\/trailrunning-italia-dolomitas-sendero-de-refugio-en-refugio-autoguiado\/\" \/>\n<meta property=\"og:locale\" content=\"es_ES\" \/>\n<meta property=\"og:type\" content=\"article\" \/>\n<meta property=\"og:title\" content=\"Run the dolomites: a classic hut-to-hut trail running expedition\" \/>\n<meta property=\"og:description\" content=\"Run the legendary Alta Via 1 as a seven-day self-guided trail running adventure through the heart of the Dolomites. Starting and ending in Cortina d&#039;Ampezzo, this hut-to-hut journey takes you across high alpine passes, dramatic limestone peaks, and remote mountain landscapes.\" \/>\n<meta property=\"og:url\" content=\"https:\/\/outdooreurope.eu\/es\/excursiones\/trailrunning-italia-dolomitas-sendero-de-refugio-en-refugio-autoguiado\/\" \/>\n<meta property=\"og:site_name\" content=\"Outdoor Europe\" \/>\n<meta property=\"article:publisher\" content=\"https:\/\/www.facebook.com\/outdooreurope.eu\" \/>\n<meta property=\"article:modified_time\" content=\"2026-02-14T16:01:22+00:00\" \/>\n<meta property=\"og:image\" content=\"https:\/\/outdooreurope.eu\/wp-content\/uploads\/2024\/01\/iStock-1284090999-3-720x606-1.jpg\" \/>\n\t<meta property=\"og:image:width\" content=\"720\" \/>\n\t<meta property=\"og:image:height\" content=\"606\" \/>\n\t<meta property=\"og:image:type\" content=\"image\/jpeg\" \/>\n<meta name=\"twitter:card\" content=\"summary_large_image\" \/>\n<meta name=\"twitter:label1\" content=\"Precio\" \/>\n\t<meta name=\"twitter:data1\" content=\"&euro;1,095\" \/>\n\t<meta name=\"twitter:label2\" content=\"Disponibilidad\" \/>\n\t<meta name=\"twitter:data2\" content=\"Disponible\" \/>\n<script type=\"application\/ld+json\" class=\"yoast-schema-graph\">{\"@context\":\"https:\\\/\\\/schema.org\",\"@graph\":[{\"@type\":\"WebPage\",\"@id\":\"https:\\\/\\\/outdooreurope.eu\\\/tours\\\/trailrunning-italy-dolomites-trail-hut-to-hut-self-guided\\\/\",\"url\":\"https:\\\/\\\/outdooreurope.eu\\\/tours\\\/trailrunning-italy-dolomites-trail-hut-to-hut-self-guided\\\/\",\"name\":\"Run the Dolomites: Epic Trail Running Adventure Now - Outdoor Europe\",\"isPartOf\":{\"@id\":\"https:\\\/\\\/outdooreurope.eu\\\/#website\"},\"primaryImageOfPage\":{\"@id\":\"https:\\\/\\\/outdooreurope.eu\\\/tours\\\/trailrunning-italy-dolomites-trail-hut-to-hut-self-guided\\\/#primaryimage\"},\"image\":{\"@id\":\"https:\\\/\\\/outdooreurope.eu\\\/tours\\\/trailrunning-italy-dolomites-trail-hut-to-hut-self-guided\\\/#primaryimage\"},\"thumbnailUrl\":\"https:\\\/\\\/outdooreurope.eu\\\/wp-content\\\/uploads\\\/2024\\\/01\\\/iStock-1284090999-3-720x606-1.jpg\",\"datePublished\":\"2024-01-18T08:49:31+00:00\",\"dateModified\":\"2026-02-14T16:01:22+00:00\",\"description\":\"Experience the thrill of adventure with our Run the Dolomites trails! Discover breathtaking views while trail running along Alta Via N.1.\",\"breadcrumb\":{\"@id\":\"https:\\\/\\\/outdooreurope.eu\\\/tours\\\/trailrunning-italy-dolomites-trail-hut-to-hut-self-guided\\\/#breadcrumb\"},\"inLanguage\":\"es\",\"potentialAction\":[{\"@type\":\"ReadAction\",\"target\":[\"https:\\\/\\\/outdooreurope.eu\\\/tours\\\/trailrunning-italy-dolomites-trail-hut-to-hut-self-guided\\\/\"]}]},{\"@type\":\"ImageObject\",\"inLanguage\":\"es\",\"@id\":\"https:\\\/\\\/outdooreurope.eu\\\/tours\\\/trailrunning-italy-dolomites-trail-hut-to-hut-self-guided\\\/#primaryimage\",\"url\":\"https:\\\/\\\/outdooreurope.eu\\\/wp-content\\\/uploads\\\/2024\\\/01\\\/iStock-1284090999-3-720x606-1.jpg\",\"contentUrl\":\"https:\\\/\\\/outdooreurope.eu\\\/wp-content\\\/uploads\\\/2024\\\/01\\\/iStock-1284090999-3-720x606-1.jpg\",\"width\":720,\"height\":606},{\"@type\":\"BreadcrumbList\",\"@id\":\"https:\\\/\\\/outdooreurope.eu\\\/tours\\\/trailrunning-italy-dolomites-trail-hut-to-hut-self-guided\\\/#breadcrumb\",\"itemListElement\":[{\"@type\":\"ListItem\",\"position\":1,\"name\":\"Hjem\",\"item\":\"https:\\\/\\\/outdooreurope.eu\\\/\"},{\"@type\":\"ListItem\",\"position\":2,\"name\":\"Shop\",\"item\":\"https:\\\/\\\/outdooreurope.eu\\\/shop\\\/\"},{\"@type\":\"ListItem\",\"position\":3,\"name\":\"Run the dolomites: a classic hut-to-hut trail running expedition\"}]},{\"@type\":\"WebSite\",\"@id\":\"https:\\\/\\\/outdooreurope.eu\\\/#website\",\"url\":\"https:\\\/\\\/outdooreurope.eu\\\/\",\"name\":\"Outdoor Europe\",\"description\":\"Hiking In Europe I Join the trail\",\"potentialAction\":[{\"@type\":\"SearchAction\",\"target\":{\"@type\":\"EntryPoint\",\"urlTemplate\":\"https:\\\/\\\/outdooreurope.eu\\\/?s={search_term_string}\"},\"query-input\":{\"@type\":\"PropertyValueSpecification\",\"valueRequired\":true,\"valueName\":\"search_term_string\"}}],\"inLanguage\":\"es\"}]}<\/script>\n<meta property=\"product:price:amount\" content=\"1095\" \/>\n<meta property=\"product:price:currency\" content=\"EUR\" \/>\n<meta property=\"og:availability\" content=\"instock\" \/>\n<meta property=\"product:availability\" content=\"instock\" \/>\n<meta property=\"product:retailer_item_id\" content=\"16509\" \/>\n<meta property=\"product:condition\" content=\"new\" \/>\n<!-- \/ Yoast SEO Premium plugin. -->","yoast_head_json":{"title":"Corre por las Dolomitas: \u00a1Una aventura \u00e9pica de trail running ahora! - Outdoor Europe","description":"\u00a1Vive la emoci\u00f3n de la aventura con nuestras rutas de Run the Dolomites! Descubre vistas impresionantes mientras corres por la Alta Via N.1.","robots":{"index":"index","follow":"follow","max-snippet":"max-snippet:-1","max-image-preview":"max-image-preview:large","max-video-preview":"max-video-preview:-1"},"canonical":"https:\/\/outdooreurope.eu\/es\/excursiones\/trailrunning-italia-dolomitas-sendero-de-refugio-en-refugio-autoguiado\/","og_locale":"es_ES","og_type":"article","og_title":"Run the dolomites: a classic hut-to-hut trail running expedition","og_description":"Run the legendary Alta Via 1 as a seven-day self-guided trail running adventure through the heart of the Dolomites. Starting and ending in Cortina d'Ampezzo, this hut-to-hut journey takes you across high alpine passes, dramatic limestone peaks, and remote mountain landscapes.","og_url":"https:\/\/outdooreurope.eu\/es\/excursiones\/trailrunning-italia-dolomitas-sendero-de-refugio-en-refugio-autoguiado\/","og_site_name":"Outdoor Europe","article_publisher":"https:\/\/www.facebook.com\/outdooreurope.eu","article_modified_time":"2026-02-14T16:01:22+00:00","og_image":[{"width":720,"height":606,"url":"https:\/\/outdooreurope.eu\/wp-content\/uploads\/2024\/01\/iStock-1284090999-3-720x606-1.jpg","type":"image\/jpeg"}],"twitter_card":"summary_large_image","twitter_misc":{"Precio":"&euro;1,095","Disponibilidad":"Disponible"},"schema":{"@context":"https:\/\/schema.org","@graph":[{"@type":"WebPage","@id":"https:\/\/outdooreurope.eu\/tours\/trailrunning-italy-dolomites-trail-hut-to-hut-self-guided\/","url":"https:\/\/outdooreurope.eu\/tours\/trailrunning-italy-dolomites-trail-hut-to-hut-self-guided\/","name":"Corre por las Dolomitas: \u00a1Una aventura \u00e9pica de trail running ahora! - Outdoor Europe","isPartOf":{"@id":"https:\/\/outdooreurope.eu\/#website"},"primaryImageOfPage":{"@id":"https:\/\/outdooreurope.eu\/tours\/trailrunning-italy-dolomites-trail-hut-to-hut-self-guided\/#primaryimage"},"image":{"@id":"https:\/\/outdooreurope.eu\/tours\/trailrunning-italy-dolomites-trail-hut-to-hut-self-guided\/#primaryimage"},"thumbnailUrl":"https:\/\/outdooreurope.eu\/wp-content\/uploads\/2024\/01\/iStock-1284090999-3-720x606-1.jpg","datePublished":"2024-01-18T08:49:31+00:00","dateModified":"2026-02-14T16:01:22+00:00","description":"\u00a1Vive la emoci\u00f3n de la aventura con nuestras rutas de Run the Dolomites! Descubre vistas impresionantes mientras corres por la Alta Via N.1.","breadcrumb":{"@id":"https:\/\/outdooreurope.eu\/tours\/trailrunning-italy-dolomites-trail-hut-to-hut-self-guided\/#breadcrumb"},"inLanguage":"es","potentialAction":[{"@type":"ReadAction","target":["https:\/\/outdooreurope.eu\/tours\/trailrunning-italy-dolomites-trail-hut-to-hut-self-guided\/"]}]},{"@type":"ImageObject","inLanguage":"es","@id":"https:\/\/outdooreurope.eu\/tours\/trailrunning-italy-dolomites-trail-hut-to-hut-self-guided\/#primaryimage","url":"https:\/\/outdooreurope.eu\/wp-content\/uploads\/2024\/01\/iStock-1284090999-3-720x606-1.jpg","contentUrl":"https:\/\/outdooreurope.eu\/wp-content\/uploads\/2024\/01\/iStock-1284090999-3-720x606-1.jpg","width":720,"height":606},{"@type":"BreadcrumbList","@id":"https:\/\/outdooreurope.eu\/tours\/trailrunning-italy-dolomites-trail-hut-to-hut-self-guided\/#breadcrumb","itemListElement":[{"@type":"ListItem","position":1,"name":"Hjem","item":"https:\/\/outdooreurope.eu\/"},{"@type":"ListItem","position":2,"name":"Shop","item":"https:\/\/outdooreurope.eu\/shop\/"},{"@type":"ListItem","position":3,"name":"Run the dolomites: a classic hut-to-hut trail running expedition"}]},{"@type":"WebSite","@id":"https:\/\/outdooreurope.eu\/#website","url":"https:\/\/outdooreurope.eu\/","name":"Europa al aire libre","description":"Senderismo en Europa Me uno al sendero","potentialAction":[{"@type":"SearchAction","target":{"@type":"EntryPoint","urlTemplate":"https:\/\/outdooreurope.eu\/?s={search_term_string}"},"query-input":{"@type":"PropertyValueSpecification","valueRequired":true,"valueName":"search_term_string"}}],"inLanguage":"es"}]},"product_price_amount":"1095","product_price_currency":"EUR","og_availability":"instock","product_availability":"instock","product_retailer_item_id":"16509","product_condition":"new"},"_links":{"self":[{"href":"https:\/\/outdooreurope.eu\/es\/wp-json\/wp\/v2\/product\/16509","targetHints":{"allow":["GET"]}}],"collection":[{"href":"https:\/\/outdooreurope.eu\/es\/wp-json\/wp\/v2\/product"}],"about":[{"href":"https:\/\/outdooreurope.eu\/es\/wp-json\/wp\/v2\/types\/product"}],"replies":[{"embeddable":true,"href":"https:\/\/outdooreurope.eu\/es\/wp-json\/wp\/v2\/comments?post=16509"}],"wp:featuredmedia":[{"embeddable":true,"href":"https:\/\/outdooreurope.eu\/es\/wp-json\/wp\/v2\/media\/16510"}],"wp:attachment":[{"href":"https:\/\/outdooreurope.eu\/es\/wp-json\/wp\/v2\/media?parent=16509"}],"wp:term":[{"taxonomy":"product_brand","embeddable":true,"href":"https:\/\/outdooreurope.eu\/es\/wp-json\/wp\/v2\/product_brand?post=16509"},{"taxonomy":"product_cat","embeddable":true,"href":"https:\/\/outdooreurope.eu\/es\/wp-json\/wp\/v2\/product_cat?post=16509"},{"taxonomy":"product_tag","embeddable":true,"href":"https:\/\/outdooreurope.eu\/es\/wp-json\/wp\/v2\/product_tag?post=16509"}],"curies":[{"name":"wp","href":"https:\/\/api.w.org\/{rel}","templated":true}]}}