{"id":16540,"date":"2024-01-18T10:31:26","date_gmt":"2024-01-18T09:31:26","guid":{"rendered":"https:\/\/outdooreurope.eu\/?post_type=product&#038;p=16540"},"modified":"2026-01-18T17:12:56","modified_gmt":"2026-01-18T16:12:56","slug":"trailrunning-italia-tor-des-geants-valle-de-aosta-autoguiado","status":"publish","type":"product","link":"https:\/\/outdooreurope.eu\/es\/tours\/trailrunning-italy-tor-des-geants-aosta-valley-self-guided\/","title":{"rendered":"Corre los Gigantes: Por los senderos de Tor des Geants"},"content":{"rendered":"<p>Corre por los Gigantes: Por los Senderos del Tor des G\u00e9ants. Experimenta la emoci\u00f3n del trail running con impresionantes vistas y un toque de comodidad en el tour &quot;Tor des G\u00e9ants: Senderos de los Gigantes&quot; en el impresionante Valle de Aosta. Este excepcional recorrido recorre la etapa inaugural del legendario Tor des G\u00e9ants, gui\u00e1ndote desde La Thuile hasta Cogne. Acompa\u00f1ado por gu\u00edas experimentados, disfrutar\u00e1s de senderos, explorar\u00e1s paisajes impresionantes y disfrutar\u00e1s de una gastronom\u00eda exquisita mientras conectas con otros entusiastas del running.<\/p>\n<p><strong>Puntos destacados del recorrido<\/strong><\/p>\n<p><strong>Para\u00edso del trail running:<\/strong> \u201cTrails of the Giants\u201d est\u00e1 dirigido a corredores de senderos apasionados que buscan el equilibrio perfecto entre desaf\u00edo y comodidad. Disfrutar\u00e1s de alojamiento en hoteles de tres y cuatro estrellas ubicados en encantadores pueblos a lo largo de la ruta, asegurando que tu merecido descanso complemente tu emoci\u00f3n por el trail running.<\/p>\n<p><strong>Descubre el Tor des Geants:<\/strong> Su aventura comienza con una recogida en Courmayeur, seguida de un recorrido panor\u00e1mico hasta La Thuile, el punto de partida de su expedici\u00f3n de trail running. Ponte tus zapatos de trail y prep\u00e1rate para conquistar varios pasos de monta\u00f1a a unos 3.000 metros de altura, incluidos el Col de la Crosetie (2.838 m), el Col Fen\u00eatre (2.840 m) y el Col Entrelor (3.002 m). En el camino, quedar\u00e1s cautivado por las vistas de picos nevados, serenos glaciares y cascadas.<\/p>","protected":false},"excerpt":{"rendered":"<p>Una aventura de trail running en alta monta\u00f1a por el Valle de Aosta, en Italia, siguiendo las primeras etapas del legendario Tor des G\u00e9ants. Conquista puertos de monta\u00f1a, disfruta de impresionantes vistas y descansa en refugios de monta\u00f1a y c\u00f3modos hoteles alpinos, todo ello guiado por expertos corredores de trail.<\/p>","protected":false},"featured_media":8830,"comment_status":"closed","ping_status":"closed","template":"","meta":{"_acf_changed":false,"content-type":"","inline_featured_image":false},"product_brand":[],"product_cat":[302],"product_tag":[],"class_list":{"0":"post-16540","1":"product","2":"type-product","3":"status-publish","4":"has-post-thumbnail","6":"tour_country-italy","7":"product_cat-ukategoriseret","8":"pa_duration-6-days","9":"tour_category-trailrunning-2","11":"first","12":"instock","13":"shipping-taxable","14":"purchasable","15":"product-type-tour"},"acf":[],"yoast_head":"<!-- This site is optimized with the Yoast SEO Premium plugin v27.4 (Yoast SEO v27.4) - https:\/\/yoast.com\/product\/yoast-seo-premium-wordpress\/ -->\n<title>Run the Giants: On the Trails of Tor des Geants - Outdoor Europe<\/title>\n<meta name=\"robots\" content=\"index, follow, max-snippet:-1, max-image-preview:large, max-video-preview:-1\" \/>\n<link rel=\"canonical\" href=\"https:\/\/outdooreurope.eu\/es\/excursiones\/trailrunning-italia-tor-des-geants-valle-de-aosta-autoguiado\/\" \/>\n<meta property=\"og:locale\" content=\"es_ES\" \/>\n<meta property=\"og:type\" content=\"article\" \/>\n<meta property=\"og:title\" content=\"Run the Giants: On the Trails of Tor des Geants\" \/>\n<meta property=\"og:description\" content=\"A high-alpine trail running adventure through Italy\u2019s Aosta Valley, following the opening stages of the legendary Tor des Geants. Conquer mountain passes, enjoy stunning views, and rest in mountains huts and comfortable alpine hotels\u2014all guided by expert trail runners.\" \/>\n<meta property=\"og:url\" content=\"https:\/\/outdooreurope.eu\/es\/excursiones\/trailrunning-italia-tor-des-geants-valle-de-aosta-autoguiado\/\" \/>\n<meta property=\"og:site_name\" content=\"Outdoor Europe\" \/>\n<meta property=\"article:publisher\" content=\"https:\/\/www.facebook.com\/outdooreurope.eu\" \/>\n<meta property=\"article:modified_time\" content=\"2026-01-18T16:12:56+00:00\" \/>\n<meta property=\"og:image\" content=\"https:\/\/outdooreurope.eu\/wp-content\/uploads\/2017\/12\/IMG_0189-1-2.jpg\" \/>\n\t<meta property=\"og:image:width\" content=\"1280\" \/>\n\t<meta property=\"og:image:height\" content=\"960\" \/>\n\t<meta property=\"og:image:type\" content=\"image\/jpeg\" \/>\n<meta name=\"twitter:card\" content=\"summary_large_image\" \/>\n<meta name=\"twitter:label1\" content=\"Precio\" \/>\n\t<meta name=\"twitter:data1\" content=\"&euro;1,350\" \/>\n\t<meta name=\"twitter:label2\" content=\"Disponibilidad\" \/>\n\t<meta name=\"twitter:data2\" content=\"Disponible\" \/>\n<script type=\"application\/ld+json\" class=\"yoast-schema-graph\">{\"@context\":\"https:\\\/\\\/schema.org\",\"@graph\":[{\"@type\":\"WebPage\",\"@id\":\"https:\\\/\\\/outdooreurope.eu\\\/tours\\\/trailrunning-italy-tor-des-geants-aosta-valley-self-guided\\\/\",\"url\":\"https:\\\/\\\/outdooreurope.eu\\\/tours\\\/trailrunning-italy-tor-des-geants-aosta-valley-self-guided\\\/\",\"name\":\"Run the Giants: On the Trails of Tor des Geants - Outdoor Europe\",\"isPartOf\":{\"@id\":\"https:\\\/\\\/outdooreurope.eu\\\/#website\"},\"primaryImageOfPage\":{\"@id\":\"https:\\\/\\\/outdooreurope.eu\\\/tours\\\/trailrunning-italy-tor-des-geants-aosta-valley-self-guided\\\/#primaryimage\"},\"image\":{\"@id\":\"https:\\\/\\\/outdooreurope.eu\\\/tours\\\/trailrunning-italy-tor-des-geants-aosta-valley-self-guided\\\/#primaryimage\"},\"thumbnailUrl\":\"https:\\\/\\\/outdooreurope.eu\\\/wp-content\\\/uploads\\\/2017\\\/12\\\/IMG_0189-1-2.jpg\",\"datePublished\":\"2024-01-18T09:31:26+00:00\",\"dateModified\":\"2026-01-18T16:12:56+00:00\",\"breadcrumb\":{\"@id\":\"https:\\\/\\\/outdooreurope.eu\\\/tours\\\/trailrunning-italy-tor-des-geants-aosta-valley-self-guided\\\/#breadcrumb\"},\"inLanguage\":\"es\",\"potentialAction\":[{\"@type\":\"ReadAction\",\"target\":[\"https:\\\/\\\/outdooreurope.eu\\\/tours\\\/trailrunning-italy-tor-des-geants-aosta-valley-self-guided\\\/\"]}]},{\"@type\":\"ImageObject\",\"inLanguage\":\"es\",\"@id\":\"https:\\\/\\\/outdooreurope.eu\\\/tours\\\/trailrunning-italy-tor-des-geants-aosta-valley-self-guided\\\/#primaryimage\",\"url\":\"https:\\\/\\\/outdooreurope.eu\\\/wp-content\\\/uploads\\\/2017\\\/12\\\/IMG_0189-1-2.jpg\",\"contentUrl\":\"https:\\\/\\\/outdooreurope.eu\\\/wp-content\\\/uploads\\\/2017\\\/12\\\/IMG_0189-1-2.jpg\",\"width\":1280,\"height\":960},{\"@type\":\"BreadcrumbList\",\"@id\":\"https:\\\/\\\/outdooreurope.eu\\\/tours\\\/trailrunning-italy-tor-des-geants-aosta-valley-self-guided\\\/#breadcrumb\",\"itemListElement\":[{\"@type\":\"ListItem\",\"position\":1,\"name\":\"Hjem\",\"item\":\"https:\\\/\\\/outdooreurope.eu\\\/\"},{\"@type\":\"ListItem\",\"position\":2,\"name\":\"Shop\",\"item\":\"https:\\\/\\\/outdooreurope.eu\\\/shop\\\/\"},{\"@type\":\"ListItem\",\"position\":3,\"name\":\"Run the Giants: On the Trails of Tor des Geants\"}]},{\"@type\":\"WebSite\",\"@id\":\"https:\\\/\\\/outdooreurope.eu\\\/#website\",\"url\":\"https:\\\/\\\/outdooreurope.eu\\\/\",\"name\":\"Outdoor Europe\",\"description\":\"Hiking In Europe I Join the trail\",\"potentialAction\":[{\"@type\":\"SearchAction\",\"target\":{\"@type\":\"EntryPoint\",\"urlTemplate\":\"https:\\\/\\\/outdooreurope.eu\\\/?s={search_term_string}\"},\"query-input\":{\"@type\":\"PropertyValueSpecification\",\"valueRequired\":true,\"valueName\":\"search_term_string\"}}],\"inLanguage\":\"es\"}]}<\/script>\n<meta property=\"product:price:amount\" content=\"1350\" \/>\n<meta property=\"product:price:currency\" content=\"EUR\" \/>\n<meta property=\"og:availability\" content=\"instock\" \/>\n<meta property=\"product:availability\" content=\"instock\" \/>\n<meta property=\"product:retailer_item_id\" content=\"16540\" \/>\n<meta property=\"product:condition\" content=\"new\" \/>\n<!-- \/ Yoast SEO Premium plugin. -->","yoast_head_json":{"title":"Corre los Gigantes: Por los senderos de Tor des G\u00e9ants - Outdoor Europe","robots":{"index":"index","follow":"follow","max-snippet":"max-snippet:-1","max-image-preview":"max-image-preview:large","max-video-preview":"max-video-preview:-1"},"canonical":"https:\/\/outdooreurope.eu\/es\/excursiones\/trailrunning-italia-tor-des-geants-valle-de-aosta-autoguiado\/","og_locale":"es_ES","og_type":"article","og_title":"Run the Giants: On the Trails of Tor des Geants","og_description":"A high-alpine trail running adventure through Italy\u2019s Aosta Valley, following the opening stages of the legendary Tor des Geants. Conquer mountain passes, enjoy stunning views, and rest in mountains huts and comfortable alpine hotels\u2014all guided by expert trail runners.","og_url":"https:\/\/outdooreurope.eu\/es\/excursiones\/trailrunning-italia-tor-des-geants-valle-de-aosta-autoguiado\/","og_site_name":"Outdoor Europe","article_publisher":"https:\/\/www.facebook.com\/outdooreurope.eu","article_modified_time":"2026-01-18T16:12:56+00:00","og_image":[{"width":1280,"height":960,"url":"https:\/\/outdooreurope.eu\/wp-content\/uploads\/2017\/12\/IMG_0189-1-2.jpg","type":"image\/jpeg"}],"twitter_card":"summary_large_image","twitter_misc":{"Precio":"&euro;1,350","Disponibilidad":"Disponible"},"schema":{"@context":"https:\/\/schema.org","@graph":[{"@type":"WebPage","@id":"https:\/\/outdooreurope.eu\/tours\/trailrunning-italy-tor-des-geants-aosta-valley-self-guided\/","url":"https:\/\/outdooreurope.eu\/tours\/trailrunning-italy-tor-des-geants-aosta-valley-self-guided\/","name":"Corre los Gigantes: Por los senderos de Tor des G\u00e9ants - Outdoor Europe","isPartOf":{"@id":"https:\/\/outdooreurope.eu\/#website"},"primaryImageOfPage":{"@id":"https:\/\/outdooreurope.eu\/tours\/trailrunning-italy-tor-des-geants-aosta-valley-self-guided\/#primaryimage"},"image":{"@id":"https:\/\/outdooreurope.eu\/tours\/trailrunning-italy-tor-des-geants-aosta-valley-self-guided\/#primaryimage"},"thumbnailUrl":"https:\/\/outdooreurope.eu\/wp-content\/uploads\/2017\/12\/IMG_0189-1-2.jpg","datePublished":"2024-01-18T09:31:26+00:00","dateModified":"2026-01-18T16:12:56+00:00","breadcrumb":{"@id":"https:\/\/outdooreurope.eu\/tours\/trailrunning-italy-tor-des-geants-aosta-valley-self-guided\/#breadcrumb"},"inLanguage":"es","potentialAction":[{"@type":"ReadAction","target":["https:\/\/outdooreurope.eu\/tours\/trailrunning-italy-tor-des-geants-aosta-valley-self-guided\/"]}]},{"@type":"ImageObject","inLanguage":"es","@id":"https:\/\/outdooreurope.eu\/tours\/trailrunning-italy-tor-des-geants-aosta-valley-self-guided\/#primaryimage","url":"https:\/\/outdooreurope.eu\/wp-content\/uploads\/2017\/12\/IMG_0189-1-2.jpg","contentUrl":"https:\/\/outdooreurope.eu\/wp-content\/uploads\/2017\/12\/IMG_0189-1-2.jpg","width":1280,"height":960},{"@type":"BreadcrumbList","@id":"https:\/\/outdooreurope.eu\/tours\/trailrunning-italy-tor-des-geants-aosta-valley-self-guided\/#breadcrumb","itemListElement":[{"@type":"ListItem","position":1,"name":"Hjem","item":"https:\/\/outdooreurope.eu\/"},{"@type":"ListItem","position":2,"name":"Shop","item":"https:\/\/outdooreurope.eu\/shop\/"},{"@type":"ListItem","position":3,"name":"Run the Giants: On the Trails of Tor des Geants"}]},{"@type":"WebSite","@id":"https:\/\/outdooreurope.eu\/#website","url":"https:\/\/outdooreurope.eu\/","name":"Europa al aire libre","description":"Senderismo en Europa Me uno al sendero","potentialAction":[{"@type":"SearchAction","target":{"@type":"EntryPoint","urlTemplate":"https:\/\/outdooreurope.eu\/?s={search_term_string}"},"query-input":{"@type":"PropertyValueSpecification","valueRequired":true,"valueName":"search_term_string"}}],"inLanguage":"es"}]},"product_price_amount":"1350","product_price_currency":"EUR","og_availability":"instock","product_availability":"instock","product_retailer_item_id":"16540","product_condition":"new"},"_links":{"self":[{"href":"https:\/\/outdooreurope.eu\/es\/wp-json\/wp\/v2\/product\/16540","targetHints":{"allow":["GET"]}}],"collection":[{"href":"https:\/\/outdooreurope.eu\/es\/wp-json\/wp\/v2\/product"}],"about":[{"href":"https:\/\/outdooreurope.eu\/es\/wp-json\/wp\/v2\/types\/product"}],"replies":[{"embeddable":true,"href":"https:\/\/outdooreurope.eu\/es\/wp-json\/wp\/v2\/comments?post=16540"}],"wp:featuredmedia":[{"embeddable":true,"href":"https:\/\/outdooreurope.eu\/es\/wp-json\/wp\/v2\/media\/8830"}],"wp:attachment":[{"href":"https:\/\/outdooreurope.eu\/es\/wp-json\/wp\/v2\/media?parent=16540"}],"wp:term":[{"taxonomy":"product_brand","embeddable":true,"href":"https:\/\/outdooreurope.eu\/es\/wp-json\/wp\/v2\/product_brand?post=16540"},{"taxonomy":"product_cat","embeddable":true,"href":"https:\/\/outdooreurope.eu\/es\/wp-json\/wp\/v2\/product_cat?post=16540"},{"taxonomy":"product_tag","embeddable":true,"href":"https:\/\/outdooreurope.eu\/es\/wp-json\/wp\/v2\/product_tag?post=16540"}],"curies":[{"name":"wp","href":"https:\/\/api.w.org\/{rel}","templated":true}]}}