{"id":17114,"date":"2024-05-05T10:48:41","date_gmt":"2024-05-05T08:48:41","guid":{"rendered":"https:\/\/outdooreurope.eu\/?post_type=product&#038;p=17114"},"modified":"2025-06-16T11:47:31","modified_gmt":"2025-06-16T09:47:31","slug":"trailrunning-austria-ruta-del-rey-dachstein-autoguiada","status":"publish","type":"product","link":"https:\/\/outdooreurope.eu\/es\/tours\/trailrunning-austria-king-dachstein-trail-self-guided\/","title":{"rendered":"Recorre el sendero King Dachstein: una aventura de trail running de refugio en refugio"},"content":{"rendered":"<p>Paisajes escarpados y rocosos, verdes pastos alpinos, extra\u00f1os y escarpados riscos, torres y majestuosos acantilados, hielo glacial, picos de piedra caliza, altiplanos aislados, bosques v\u00edrgenes y cimas panor\u00e1micas, misteriosos manantiales k\u00e1rsticos y lagos reflectantes: estas im\u00e1genes caracterizan nuestra ruta King Dachstein en el Dachstein y sus alrededores. Al ser una ruta de alta monta\u00f1a, se requiere equipo adecuado para correr por senderos, buena condici\u00f3n f\u00edsica, resistencia y paso firme.<\/p>\n<p>La fascinaci\u00f3n del Dachstein se hace palpable. Todo el sendero del Rey Dachstein sigue caminos y ascensiones existentes. Abordamos nuestra circunnavegaci\u00f3n del Dachstein en el sentido de las agujas del reloj, aprovechando la primera etapa como una especie de calentamiento, antes de que el sendero se vuelva cada vez m\u00e1s alpino.<\/p>\n<p><strong>Puntos destacados del recorrido<\/strong><br \/>\n\u2022 Visita al sitio del Patrimonio Mundial: Hallstatt -Dachstein\/Salzkammergut<br \/>\n\u2022 Descubra la hospitalidad y gastronom\u00eda austriaca.<br \/>\n\u2022 Traslado de equipaje incluido<\/p>\n<p>Tu ruta queda registrada para la posteridad al inscribir tu nombre en el libro de registro de cada refugio en las monta\u00f1as de Dachstein. Las rutas est\u00e1n bien se\u00f1alizadas, aunque podr\u00edan estar parcialmente cubiertas por la nieve. Por lo tanto, es imprescindible que lleves contigo la ruta. Un gu\u00eda experimentado est\u00e1 disponible para acompa\u00f1arte si lo solicitas. Incluso en pleno verano puede haber bajadas de temperatura, as\u00ed que aseg\u00farate de llevar ropa de abrigo, incluidos guantes y gorro.<\/p>\n<p>El King Dachstein Trail debe estar en la lista de cosas por hacer de todo corredor de senderos apasionado, as\u00ed que reserva tu desaf\u00edo ahora.<\/p>","protected":false},"excerpt":{"rendered":"<p>Paisajes escarpados y rocosos, verdes pastos alpinos, extra\u00f1os y escarpados riscos, torres y majestuosos acantilados, hielo glacial, picos de piedra caliza, altiplanos aislados, bosques v\u00edrgenes y cimas panor\u00e1micas, misteriosos manantiales k\u00e1rsticos y lagos reflectantes: estas im\u00e1genes caracterizan nuestra ruta King Dachstein en el Dachstein y sus alrededores. Al ser una ruta de alta monta\u00f1a, es ideal para correr por senderos.<\/p>\n<div class=\"padding-top text-center\"><a href=\"https:\/\/outdooreurope.eu\/es\/tours\/trailrunning-austria-king-dachstein-trail-self-guided\/\" class=\"atbtn atbtn--medium atbtn--rounded atbtn--transparent\">Leer m\u00e1s<i class=\"atbtn__icon atbtn__icon--right fa fa-long-arrow-right\"><\/i><\/a><\/div>","protected":false},"featured_media":17116,"comment_status":"open","ping_status":"closed","template":"","meta":{"_acf_changed":false,"content-type":"","inline_featured_image":false},"product_brand":[],"product_cat":[302],"product_tag":[751,973],"class_list":{"0":"post-17114","1":"product","2":"type-product","3":"status-publish","4":"has-post-thumbnail","6":"tour_country-austria","7":"tour_destinations-dachstein-salzkammergut","8":"tour_types-hut-to-hut","9":"tour_types-self-guided","10":"product_cat-ukategoriseret","11":"product_tag-trailrunning","12":"product_tag-austria","13":"pa_duration-5-nights","14":"tour_category-trailrunning-2","16":"first","17":"instock","18":"virtual","19":"purchasable","20":"product-type-tour"},"acf":[],"yoast_head":"<!-- This site is optimized with the Yoast SEO Premium plugin v27.4 (Yoast SEO v27.4) - https:\/\/yoast.com\/product\/yoast-seo-premium-wordpress\/ -->\n<title>Run the King Dachstein Trail<\/title>\n<meta name=\"description\" content=\"Experience the breathtaking beauty of the Dachstein Trail! Encounter rugged peaks and picturesque landscapes while enjoying local hospitality. \ud83c\udf04\" \/>\n<meta name=\"robots\" content=\"index, follow, max-snippet:-1, max-image-preview:large, max-video-preview:-1\" \/>\n<link rel=\"canonical\" href=\"https:\/\/outdooreurope.eu\/es\/excursiones\/trailrunning-austria-ruta-del-rey-dachstein-autoguiada\/\" \/>\n<meta property=\"og:locale\" content=\"es_ES\" \/>\n<meta property=\"og:type\" content=\"article\" \/>\n<meta property=\"og:title\" content=\"Run the King Dachstein trail: A hut-to-hut trail running adventure\" \/>\n<meta property=\"og:description\" content=\"Rugged, rocky landscapes, green alpine pastures, bizarre, jagged crags, towers and mighty cliff faces, glacial ice, limestone peaks, isolated high\" \/>\n<meta property=\"og:url\" content=\"https:\/\/outdooreurope.eu\/es\/excursiones\/trailrunning-austria-ruta-del-rey-dachstein-autoguiada\/\" \/>\n<meta property=\"og:site_name\" content=\"Outdoor Europe\" \/>\n<meta property=\"article:publisher\" content=\"https:\/\/www.facebook.com\/outdooreurope.eu\" \/>\n<meta property=\"article:modified_time\" content=\"2025-06-16T09:47:31+00:00\" \/>\n<meta property=\"og:image\" content=\"https:\/\/outdooreurope.eu\/wp-content\/uploads\/2024\/05\/KDT_June23_c-the.adventure.bakery-180-scaled.jpg\" \/>\n\t<meta property=\"og:image:width\" content=\"2048\" \/>\n\t<meta property=\"og:image:height\" content=\"1365\" \/>\n\t<meta property=\"og:image:type\" content=\"image\/jpeg\" \/>\n<meta name=\"twitter:card\" content=\"summary_large_image\" \/>\n<meta name=\"twitter:label1\" content=\"Precio\" \/>\n\t<meta name=\"twitter:data1\" content=\"&euro;1,150\" \/>\n\t<meta name=\"twitter:label2\" content=\"Disponibilidad\" \/>\n\t<meta name=\"twitter:data2\" content=\"Disponible\" \/>\n<script type=\"application\/ld+json\" class=\"yoast-schema-graph\">{\"@context\":\"https:\\\/\\\/schema.org\",\"@graph\":[{\"@type\":\"WebPage\",\"@id\":\"https:\\\/\\\/outdooreurope.eu\\\/tours\\\/trailrunning-austria-king-dachstein-trail-self-guided\\\/\",\"url\":\"https:\\\/\\\/outdooreurope.eu\\\/tours\\\/trailrunning-austria-king-dachstein-trail-self-guided\\\/\",\"name\":\"Run the King Dachstein Trail\",\"isPartOf\":{\"@id\":\"https:\\\/\\\/outdooreurope.eu\\\/#website\"},\"primaryImageOfPage\":{\"@id\":\"https:\\\/\\\/outdooreurope.eu\\\/tours\\\/trailrunning-austria-king-dachstein-trail-self-guided\\\/#primaryimage\"},\"image\":{\"@id\":\"https:\\\/\\\/outdooreurope.eu\\\/tours\\\/trailrunning-austria-king-dachstein-trail-self-guided\\\/#primaryimage\"},\"thumbnailUrl\":\"https:\\\/\\\/outdooreurope.eu\\\/wp-content\\\/uploads\\\/2024\\\/05\\\/KDT_June23_c-the.adventure.bakery-180-scaled.jpg\",\"datePublished\":\"2024-05-05T08:48:41+00:00\",\"dateModified\":\"2025-06-16T09:47:31+00:00\",\"description\":\"Experience the breathtaking beauty of the Dachstein Trail! Encounter rugged peaks and picturesque landscapes while enjoying local hospitality. \ud83c\udf04\",\"breadcrumb\":{\"@id\":\"https:\\\/\\\/outdooreurope.eu\\\/tours\\\/trailrunning-austria-king-dachstein-trail-self-guided\\\/#breadcrumb\"},\"inLanguage\":\"es\",\"potentialAction\":[{\"@type\":\"ReadAction\",\"target\":[\"https:\\\/\\\/outdooreurope.eu\\\/tours\\\/trailrunning-austria-king-dachstein-trail-self-guided\\\/\"]}]},{\"@type\":\"ImageObject\",\"inLanguage\":\"es\",\"@id\":\"https:\\\/\\\/outdooreurope.eu\\\/tours\\\/trailrunning-austria-king-dachstein-trail-self-guided\\\/#primaryimage\",\"url\":\"https:\\\/\\\/outdooreurope.eu\\\/wp-content\\\/uploads\\\/2024\\\/05\\\/KDT_June23_c-the.adventure.bakery-180-scaled.jpg\",\"contentUrl\":\"https:\\\/\\\/outdooreurope.eu\\\/wp-content\\\/uploads\\\/2024\\\/05\\\/KDT_June23_c-the.adventure.bakery-180-scaled.jpg\",\"width\":2048,\"height\":1365},{\"@type\":\"BreadcrumbList\",\"@id\":\"https:\\\/\\\/outdooreurope.eu\\\/tours\\\/trailrunning-austria-king-dachstein-trail-self-guided\\\/#breadcrumb\",\"itemListElement\":[{\"@type\":\"ListItem\",\"position\":1,\"name\":\"Hjem\",\"item\":\"https:\\\/\\\/outdooreurope.eu\\\/\"},{\"@type\":\"ListItem\",\"position\":2,\"name\":\"Shop\",\"item\":\"https:\\\/\\\/outdooreurope.eu\\\/shop\\\/\"},{\"@type\":\"ListItem\",\"position\":3,\"name\":\"Run the King Dachstein trail: A hut-to-hut trail running adventure\"}]},{\"@type\":\"WebSite\",\"@id\":\"https:\\\/\\\/outdooreurope.eu\\\/#website\",\"url\":\"https:\\\/\\\/outdooreurope.eu\\\/\",\"name\":\"Outdoor Europe\",\"description\":\"Hiking In Europe I Join the trail\",\"potentialAction\":[{\"@type\":\"SearchAction\",\"target\":{\"@type\":\"EntryPoint\",\"urlTemplate\":\"https:\\\/\\\/outdooreurope.eu\\\/?s={search_term_string}\"},\"query-input\":{\"@type\":\"PropertyValueSpecification\",\"valueRequired\":true,\"valueName\":\"search_term_string\"}}],\"inLanguage\":\"es\"}]}<\/script>\n<meta property=\"product:price:amount\" content=\"1150\" \/>\n<meta property=\"product:price:currency\" content=\"EUR\" \/>\n<meta property=\"og:availability\" content=\"instock\" \/>\n<meta property=\"product:availability\" content=\"instock\" \/>\n<meta property=\"product:retailer_item_id\" content=\"17114\" \/>\n<meta property=\"product:condition\" content=\"new\" \/>\n<!-- \/ Yoast SEO Premium plugin. -->","yoast_head_json":{"title":"Recorrer el King Dachstein Trail","description":"\u00a1Experimenta la impresionante belleza del sendero Dachstein! Admira escarpados picos y pintorescos paisajes mientras disfrutas de la hospitalidad local. \ud83c\udf04","robots":{"index":"index","follow":"follow","max-snippet":"max-snippet:-1","max-image-preview":"max-image-preview:large","max-video-preview":"max-video-preview:-1"},"canonical":"https:\/\/outdooreurope.eu\/es\/excursiones\/trailrunning-austria-ruta-del-rey-dachstein-autoguiada\/","og_locale":"es_ES","og_type":"article","og_title":"Run the King Dachstein trail: A hut-to-hut trail running adventure","og_description":"Rugged, rocky landscapes, green alpine pastures, bizarre, jagged crags, towers and mighty cliff faces, glacial ice, limestone peaks, isolated high","og_url":"https:\/\/outdooreurope.eu\/es\/excursiones\/trailrunning-austria-ruta-del-rey-dachstein-autoguiada\/","og_site_name":"Outdoor Europe","article_publisher":"https:\/\/www.facebook.com\/outdooreurope.eu","article_modified_time":"2025-06-16T09:47:31+00:00","og_image":[{"width":2048,"height":1365,"url":"https:\/\/outdooreurope.eu\/wp-content\/uploads\/2024\/05\/KDT_June23_c-the.adventure.bakery-180-scaled.jpg","type":"image\/jpeg"}],"twitter_card":"summary_large_image","twitter_misc":{"Precio":"&euro;1,150","Disponibilidad":"Disponible"},"schema":{"@context":"https:\/\/schema.org","@graph":[{"@type":"WebPage","@id":"https:\/\/outdooreurope.eu\/tours\/trailrunning-austria-king-dachstein-trail-self-guided\/","url":"https:\/\/outdooreurope.eu\/tours\/trailrunning-austria-king-dachstein-trail-self-guided\/","name":"Recorrer el King Dachstein Trail","isPartOf":{"@id":"https:\/\/outdooreurope.eu\/#website"},"primaryImageOfPage":{"@id":"https:\/\/outdooreurope.eu\/tours\/trailrunning-austria-king-dachstein-trail-self-guided\/#primaryimage"},"image":{"@id":"https:\/\/outdooreurope.eu\/tours\/trailrunning-austria-king-dachstein-trail-self-guided\/#primaryimage"},"thumbnailUrl":"https:\/\/outdooreurope.eu\/wp-content\/uploads\/2024\/05\/KDT_June23_c-the.adventure.bakery-180-scaled.jpg","datePublished":"2024-05-05T08:48:41+00:00","dateModified":"2025-06-16T09:47:31+00:00","description":"\u00a1Experimenta la impresionante belleza del sendero Dachstein! Admira escarpados picos y pintorescos paisajes mientras disfrutas de la hospitalidad local. \ud83c\udf04","breadcrumb":{"@id":"https:\/\/outdooreurope.eu\/tours\/trailrunning-austria-king-dachstein-trail-self-guided\/#breadcrumb"},"inLanguage":"es","potentialAction":[{"@type":"ReadAction","target":["https:\/\/outdooreurope.eu\/tours\/trailrunning-austria-king-dachstein-trail-self-guided\/"]}]},{"@type":"ImageObject","inLanguage":"es","@id":"https:\/\/outdooreurope.eu\/tours\/trailrunning-austria-king-dachstein-trail-self-guided\/#primaryimage","url":"https:\/\/outdooreurope.eu\/wp-content\/uploads\/2024\/05\/KDT_June23_c-the.adventure.bakery-180-scaled.jpg","contentUrl":"https:\/\/outdooreurope.eu\/wp-content\/uploads\/2024\/05\/KDT_June23_c-the.adventure.bakery-180-scaled.jpg","width":2048,"height":1365},{"@type":"BreadcrumbList","@id":"https:\/\/outdooreurope.eu\/tours\/trailrunning-austria-king-dachstein-trail-self-guided\/#breadcrumb","itemListElement":[{"@type":"ListItem","position":1,"name":"Hjem","item":"https:\/\/outdooreurope.eu\/"},{"@type":"ListItem","position":2,"name":"Shop","item":"https:\/\/outdooreurope.eu\/shop\/"},{"@type":"ListItem","position":3,"name":"Run the King Dachstein trail: A hut-to-hut trail running adventure"}]},{"@type":"WebSite","@id":"https:\/\/outdooreurope.eu\/#website","url":"https:\/\/outdooreurope.eu\/","name":"Europa al aire libre","description":"Senderismo en Europa Me uno al sendero","potentialAction":[{"@type":"SearchAction","target":{"@type":"EntryPoint","urlTemplate":"https:\/\/outdooreurope.eu\/?s={search_term_string}"},"query-input":{"@type":"PropertyValueSpecification","valueRequired":true,"valueName":"search_term_string"}}],"inLanguage":"es"}]},"product_price_amount":"1150","product_price_currency":"EUR","og_availability":"instock","product_availability":"instock","product_retailer_item_id":"17114","product_condition":"new"},"_links":{"self":[{"href":"https:\/\/outdooreurope.eu\/es\/wp-json\/wp\/v2\/product\/17114","targetHints":{"allow":["GET"]}}],"collection":[{"href":"https:\/\/outdooreurope.eu\/es\/wp-json\/wp\/v2\/product"}],"about":[{"href":"https:\/\/outdooreurope.eu\/es\/wp-json\/wp\/v2\/types\/product"}],"replies":[{"embeddable":true,"href":"https:\/\/outdooreurope.eu\/es\/wp-json\/wp\/v2\/comments?post=17114"}],"wp:featuredmedia":[{"embeddable":true,"href":"https:\/\/outdooreurope.eu\/es\/wp-json\/wp\/v2\/media\/17116"}],"wp:attachment":[{"href":"https:\/\/outdooreurope.eu\/es\/wp-json\/wp\/v2\/media?parent=17114"}],"wp:term":[{"taxonomy":"product_brand","embeddable":true,"href":"https:\/\/outdooreurope.eu\/es\/wp-json\/wp\/v2\/product_brand?post=17114"},{"taxonomy":"product_cat","embeddable":true,"href":"https:\/\/outdooreurope.eu\/es\/wp-json\/wp\/v2\/product_cat?post=17114"},{"taxonomy":"product_tag","embeddable":true,"href":"https:\/\/outdooreurope.eu\/es\/wp-json\/wp\/v2\/product_tag?post=17114"}],"curies":[{"name":"wp","href":"https:\/\/api.w.org\/{rel}","templated":true}]}}