{"id":18104,"date":"2025-06-09T17:37:19","date_gmt":"2025-06-09T15:37:19","guid":{"rendered":"https:\/\/outdooreurope.eu\/?post_type=product&#038;p=18104"},"modified":"2025-06-19T12:02:50","modified_gmt":"2025-06-19T10:02:50","slug":"delicias-de-montana-con-senderismo-en-la-ruta-circular-de-dachstein","status":"publish","type":"product","link":"https:\/\/outdooreurope.eu\/es\/tours\/mountain-delight-with-hiking-at-the-dachstein-round-hiking-trail\/","title":{"rendered":"Delicias de monta\u00f1a con senderismo en la ruta circular de Dachstein"},"content":{"rendered":"<p>Esta ruta de senderismo autoguiada de 4 d\u00edas sigue la ruta circular del sur de Dachstein desde el encantador pueblo alpino de Filzmoos. Recorra crestas panor\u00e1micas y tranquilos pastos de altura para llegar a refugios emblem\u00e1ticos como Hofp\u00fcrgl y Dachstein S\u00fcdwand. El recorrido comienza y termina con experiencias culinarias excepcionales, incluyendo una cena gourmet de 6 platos en el Hotel Dachstein de 4 estrellas. Perfecto para viajeros activos que buscan un equilibrio entre desaf\u00edo, naturaleza y placer.<\/p>\n<ul>\n<li class=\"first\">Magn\u00edfica ruta frente a espectaculares paisajes de alta monta\u00f1a<\/li>\n<li>Senderismo variado en la zona de los altos pastos alpinos<\/li>\n<li>Experiencias en caba\u00f1as con una vista magn\u00edfica<\/li>\n<li>Paz y tranquilidad en hermosos pastos alpinos<\/li>\n<li class=\"last\">Disfrute de las delicias culinarias y la cocina regional.<\/li>\n<\/ul>","protected":false},"excerpt":{"rendered":"<p class=\"ai-optimize-42 ai-optimize-introduction\">Explora el mundo alpino de Dachstein en una aventura corta pero inolvidable. Entre pintorescas crestas y tranquilos prados, disfruta de aut\u00e9nticas estancias en caba\u00f1as y una gastronom\u00eda gourmet en el coraz\u00f3n de los Alpes calizos austriacos.<\/p>","protected":false},"featured_media":18105,"comment_status":"open","ping_status":"closed","template":"","meta":{"_acf_changed":false,"content-type":"","inline_featured_image":false},"product_brand":[],"product_cat":[928],"product_tag":[760],"class_list":{"0":"post-18104","1":"product","2":"type-product","3":"status-publish","4":"has-post-thumbnail","6":"tour_country-austria","7":"tour_types-dog-friendly","8":"tour_types-hut-to-hut","9":"tour_types-self-guided","10":"tour_types-family","11":"tour_types-private-groups","12":"product_cat-test-tourcat","13":"product_tag-hiking","14":"pa_duration-3-nights","15":"tour_category-hiking-in-europe","17":"first","18":"instock","19":"virtual","20":"purchasable","21":"product-type-tour"},"acf":[],"yoast_head":"<!-- This site is optimized with the Yoast SEO Premium plugin v27.4 (Yoast SEO v27.4) - https:\/\/yoast.com\/product\/yoast-seo-premium-wordpress\/ -->\n<title>Hike Dachstein Round Hiking Trail: 4-Day Adventure - Outdoor Europe<\/title>\n<meta name=\"description\" content=\"Experience a blend of challenge and beauty on the Hike Dachstein round hiking trail. Don&#039;t miss your chance for gourmet dining at Hotel Dachstein!\" \/>\n<meta name=\"robots\" content=\"index, follow, max-snippet:-1, max-image-preview:large, max-video-preview:-1\" \/>\n<link rel=\"canonical\" href=\"https:\/\/outdooreurope.eu\/es\/excursiones\/delicias-de-montana-con-senderismo-en-la-ruta-circular-de-dachstein\/\" \/>\n<meta property=\"og:locale\" content=\"es_ES\" \/>\n<meta property=\"og:type\" content=\"article\" \/>\n<meta property=\"og:title\" content=\"Mountain delight with hiking at the Dachstein round hiking trail\" \/>\n<meta property=\"og:description\" content=\"Explore the high alpine world of the Dachstein on a short but unforgettable adventure. Between scenic ridgelines and quiet meadows, enjoy authentic hut stays and gourmet dining in the heart of Austria\u2019s Limestone Alps.\" \/>\n<meta property=\"og:url\" content=\"https:\/\/outdooreurope.eu\/es\/excursiones\/delicias-de-montana-con-senderismo-en-la-ruta-circular-de-dachstein\/\" \/>\n<meta property=\"og:site_name\" content=\"Outdoor Europe\" \/>\n<meta property=\"article:publisher\" content=\"https:\/\/www.facebook.com\/outdooreurope.eu\" \/>\n<meta property=\"article:modified_time\" content=\"2025-06-19T10:02:50+00:00\" \/>\n<meta property=\"og:image\" content=\"https:\/\/outdooreurope.eu\/wp-content\/uploads\/2025\/04\/Weitwanderung-Daschtein-Rundwanderweg_zur-Hofpurglhutte-\u00a9Michael-Kuschei-4-1024x768.jpg\" \/>\n\t<meta property=\"og:image:width\" content=\"1024\" \/>\n\t<meta property=\"og:image:height\" content=\"768\" \/>\n\t<meta property=\"og:image:type\" content=\"image\/jpeg\" \/>\n<meta name=\"twitter:card\" content=\"summary_large_image\" \/>\n<meta name=\"twitter:label1\" content=\"Precio\" \/>\n\t<meta name=\"twitter:data1\" content=\"&euro;480\" \/>\n\t<meta name=\"twitter:label2\" content=\"Disponibilidad\" \/>\n\t<meta name=\"twitter:data2\" content=\"Disponible\" \/>\n<script type=\"application\/ld+json\" class=\"yoast-schema-graph\">{\"@context\":\"https:\\\/\\\/schema.org\",\"@graph\":[{\"@type\":\"WebPage\",\"@id\":\"https:\\\/\\\/outdooreurope.eu\\\/tours\\\/mountain-delight-with-hiking-at-the-dachstein-round-hiking-trail\\\/\",\"url\":\"https:\\\/\\\/outdooreurope.eu\\\/tours\\\/mountain-delight-with-hiking-at-the-dachstein-round-hiking-trail\\\/\",\"name\":\"Hike Dachstein Round Hiking Trail: 4-Day Adventure - Outdoor Europe\",\"isPartOf\":{\"@id\":\"https:\\\/\\\/outdooreurope.eu\\\/#website\"},\"primaryImageOfPage\":{\"@id\":\"https:\\\/\\\/outdooreurope.eu\\\/tours\\\/mountain-delight-with-hiking-at-the-dachstein-round-hiking-trail\\\/#primaryimage\"},\"image\":{\"@id\":\"https:\\\/\\\/outdooreurope.eu\\\/tours\\\/mountain-delight-with-hiking-at-the-dachstein-round-hiking-trail\\\/#primaryimage\"},\"thumbnailUrl\":\"https:\\\/\\\/outdooreurope.eu\\\/wp-content\\\/uploads\\\/2025\\\/04\\\/Weitwanderung-Daschtein-Rundwanderweg_zur-Hofpurglhutte-\u00a9Michael-Kuschei-4.jpg\",\"datePublished\":\"2025-06-09T15:37:19+00:00\",\"dateModified\":\"2025-06-19T10:02:50+00:00\",\"description\":\"Experience a blend of challenge and beauty on the Hike Dachstein round hiking trail. Don't miss your chance for gourmet dining at Hotel Dachstein!\",\"breadcrumb\":{\"@id\":\"https:\\\/\\\/outdooreurope.eu\\\/tours\\\/mountain-delight-with-hiking-at-the-dachstein-round-hiking-trail\\\/#breadcrumb\"},\"inLanguage\":\"es\",\"potentialAction\":[{\"@type\":\"ReadAction\",\"target\":[\"https:\\\/\\\/outdooreurope.eu\\\/tours\\\/mountain-delight-with-hiking-at-the-dachstein-round-hiking-trail\\\/\"]}]},{\"@type\":\"ImageObject\",\"inLanguage\":\"es\",\"@id\":\"https:\\\/\\\/outdooreurope.eu\\\/tours\\\/mountain-delight-with-hiking-at-the-dachstein-round-hiking-trail\\\/#primaryimage\",\"url\":\"https:\\\/\\\/outdooreurope.eu\\\/wp-content\\\/uploads\\\/2025\\\/04\\\/Weitwanderung-Daschtein-Rundwanderweg_zur-Hofpurglhutte-\u00a9Michael-Kuschei-4.jpg\",\"contentUrl\":\"https:\\\/\\\/outdooreurope.eu\\\/wp-content\\\/uploads\\\/2025\\\/04\\\/Weitwanderung-Daschtein-Rundwanderweg_zur-Hofpurglhutte-\u00a9Michael-Kuschei-4.jpg\",\"width\":4032,\"height\":3024},{\"@type\":\"BreadcrumbList\",\"@id\":\"https:\\\/\\\/outdooreurope.eu\\\/tours\\\/mountain-delight-with-hiking-at-the-dachstein-round-hiking-trail\\\/#breadcrumb\",\"itemListElement\":[{\"@type\":\"ListItem\",\"position\":1,\"name\":\"Hjem\",\"item\":\"https:\\\/\\\/outdooreurope.eu\\\/\"},{\"@type\":\"ListItem\",\"position\":2,\"name\":\"Shop\",\"item\":\"https:\\\/\\\/outdooreurope.eu\\\/shop\\\/\"},{\"@type\":\"ListItem\",\"position\":3,\"name\":\"Mountain delight with hiking at the Dachstein round hiking trail\"}]},{\"@type\":\"WebSite\",\"@id\":\"https:\\\/\\\/outdooreurope.eu\\\/#website\",\"url\":\"https:\\\/\\\/outdooreurope.eu\\\/\",\"name\":\"Outdoor Europe\",\"description\":\"Hiking In Europe I Join the trail\",\"potentialAction\":[{\"@type\":\"SearchAction\",\"target\":{\"@type\":\"EntryPoint\",\"urlTemplate\":\"https:\\\/\\\/outdooreurope.eu\\\/?s={search_term_string}\"},\"query-input\":{\"@type\":\"PropertyValueSpecification\",\"valueRequired\":true,\"valueName\":\"search_term_string\"}}],\"inLanguage\":\"es\"}]}<\/script>\n<meta property=\"product:price:amount\" content=\"480\" \/>\n<meta property=\"product:price:currency\" content=\"EUR\" \/>\n<meta property=\"og:availability\" content=\"instock\" \/>\n<meta property=\"product:availability\" content=\"instock\" \/>\n<meta property=\"product:retailer_item_id\" content=\"18104\" \/>\n<meta property=\"product:condition\" content=\"new\" \/>\n<!-- \/ Yoast SEO Premium plugin. -->","yoast_head_json":{"title":"Ruta circular de senderismo por Dachstein: Aventura de 4 d\u00edas - Outdoor Europe","description":"Experimente una combinaci\u00f3n de desaf\u00edo y belleza en la ruta circular Hike Dachstein. \u00a1No pierda la oportunidad de disfrutar de una cena gourmet en el Hotel Dachstein!","robots":{"index":"index","follow":"follow","max-snippet":"max-snippet:-1","max-image-preview":"max-image-preview:large","max-video-preview":"max-video-preview:-1"},"canonical":"https:\/\/outdooreurope.eu\/es\/excursiones\/delicias-de-montana-con-senderismo-en-la-ruta-circular-de-dachstein\/","og_locale":"es_ES","og_type":"article","og_title":"Mountain delight with hiking at the Dachstein round hiking trail","og_description":"Explore the high alpine world of the Dachstein on a short but unforgettable adventure. Between scenic ridgelines and quiet meadows, enjoy authentic hut stays and gourmet dining in the heart of Austria\u2019s Limestone Alps.","og_url":"https:\/\/outdooreurope.eu\/es\/excursiones\/delicias-de-montana-con-senderismo-en-la-ruta-circular-de-dachstein\/","og_site_name":"Outdoor Europe","article_publisher":"https:\/\/www.facebook.com\/outdooreurope.eu","article_modified_time":"2025-06-19T10:02:50+00:00","og_image":[{"width":1024,"height":768,"url":"https:\/\/outdooreurope.eu\/wp-content\/uploads\/2025\/04\/Weitwanderung-Daschtein-Rundwanderweg_zur-Hofpurglhutte-\u00a9Michael-Kuschei-4-1024x768.jpg","type":"image\/jpeg"}],"twitter_card":"summary_large_image","twitter_misc":{"Precio":"&euro;480","Disponibilidad":"Disponible"},"schema":{"@context":"https:\/\/schema.org","@graph":[{"@type":"WebPage","@id":"https:\/\/outdooreurope.eu\/tours\/mountain-delight-with-hiking-at-the-dachstein-round-hiking-trail\/","url":"https:\/\/outdooreurope.eu\/tours\/mountain-delight-with-hiking-at-the-dachstein-round-hiking-trail\/","name":"Ruta circular de senderismo por Dachstein: Aventura de 4 d\u00edas - Outdoor Europe","isPartOf":{"@id":"https:\/\/outdooreurope.eu\/#website"},"primaryImageOfPage":{"@id":"https:\/\/outdooreurope.eu\/tours\/mountain-delight-with-hiking-at-the-dachstein-round-hiking-trail\/#primaryimage"},"image":{"@id":"https:\/\/outdooreurope.eu\/tours\/mountain-delight-with-hiking-at-the-dachstein-round-hiking-trail\/#primaryimage"},"thumbnailUrl":"https:\/\/outdooreurope.eu\/wp-content\/uploads\/2025\/04\/Weitwanderung-Daschtein-Rundwanderweg_zur-Hofpurglhutte-\u00a9Michael-Kuschei-4.jpg","datePublished":"2025-06-09T15:37:19+00:00","dateModified":"2025-06-19T10:02:50+00:00","description":"Experimente una combinaci\u00f3n de desaf\u00edo y belleza en la ruta circular Hike Dachstein. \u00a1No pierda la oportunidad de disfrutar de una cena gourmet en el Hotel Dachstein!","breadcrumb":{"@id":"https:\/\/outdooreurope.eu\/tours\/mountain-delight-with-hiking-at-the-dachstein-round-hiking-trail\/#breadcrumb"},"inLanguage":"es","potentialAction":[{"@type":"ReadAction","target":["https:\/\/outdooreurope.eu\/tours\/mountain-delight-with-hiking-at-the-dachstein-round-hiking-trail\/"]}]},{"@type":"ImageObject","inLanguage":"es","@id":"https:\/\/outdooreurope.eu\/tours\/mountain-delight-with-hiking-at-the-dachstein-round-hiking-trail\/#primaryimage","url":"https:\/\/outdooreurope.eu\/wp-content\/uploads\/2025\/04\/Weitwanderung-Daschtein-Rundwanderweg_zur-Hofpurglhutte-\u00a9Michael-Kuschei-4.jpg","contentUrl":"https:\/\/outdooreurope.eu\/wp-content\/uploads\/2025\/04\/Weitwanderung-Daschtein-Rundwanderweg_zur-Hofpurglhutte-\u00a9Michael-Kuschei-4.jpg","width":4032,"height":3024},{"@type":"BreadcrumbList","@id":"https:\/\/outdooreurope.eu\/tours\/mountain-delight-with-hiking-at-the-dachstein-round-hiking-trail\/#breadcrumb","itemListElement":[{"@type":"ListItem","position":1,"name":"Hjem","item":"https:\/\/outdooreurope.eu\/"},{"@type":"ListItem","position":2,"name":"Shop","item":"https:\/\/outdooreurope.eu\/shop\/"},{"@type":"ListItem","position":3,"name":"Mountain delight with hiking at the Dachstein round hiking trail"}]},{"@type":"WebSite","@id":"https:\/\/outdooreurope.eu\/#website","url":"https:\/\/outdooreurope.eu\/","name":"Europa al aire libre","description":"Senderismo en Europa Me uno al sendero","potentialAction":[{"@type":"SearchAction","target":{"@type":"EntryPoint","urlTemplate":"https:\/\/outdooreurope.eu\/?s={search_term_string}"},"query-input":{"@type":"PropertyValueSpecification","valueRequired":true,"valueName":"search_term_string"}}],"inLanguage":"es"}]},"product_price_amount":"480","product_price_currency":"EUR","og_availability":"instock","product_availability":"instock","product_retailer_item_id":"18104","product_condition":"new"},"_links":{"self":[{"href":"https:\/\/outdooreurope.eu\/es\/wp-json\/wp\/v2\/product\/18104","targetHints":{"allow":["GET"]}}],"collection":[{"href":"https:\/\/outdooreurope.eu\/es\/wp-json\/wp\/v2\/product"}],"about":[{"href":"https:\/\/outdooreurope.eu\/es\/wp-json\/wp\/v2\/types\/product"}],"replies":[{"embeddable":true,"href":"https:\/\/outdooreurope.eu\/es\/wp-json\/wp\/v2\/comments?post=18104"}],"wp:featuredmedia":[{"embeddable":true,"href":"https:\/\/outdooreurope.eu\/es\/wp-json\/wp\/v2\/media\/18105"}],"wp:attachment":[{"href":"https:\/\/outdooreurope.eu\/es\/wp-json\/wp\/v2\/media?parent=18104"}],"wp:term":[{"taxonomy":"product_brand","embeddable":true,"href":"https:\/\/outdooreurope.eu\/es\/wp-json\/wp\/v2\/product_brand?post=18104"},{"taxonomy":"product_cat","embeddable":true,"href":"https:\/\/outdooreurope.eu\/es\/wp-json\/wp\/v2\/product_cat?post=18104"},{"taxonomy":"product_tag","embeddable":true,"href":"https:\/\/outdooreurope.eu\/es\/wp-json\/wp\/v2\/product_tag?post=18104"}],"curies":[{"name":"wp","href":"https:\/\/api.w.org\/{rel}","templated":true}]}}