{"id":18126,"date":"2025-06-09T17:37:04","date_gmt":"2025-06-09T15:37:04","guid":{"rendered":"https:\/\/outdooreurope.eu\/?post_type=product&#038;p=18126"},"modified":"2025-06-19T12:02:51","modified_gmt":"2025-06-19T10:02:51","slug":"caminata-por-el-sendero-alto-de-schladminger-tauern-de-refugio-en-refugio","status":"publish","type":"product","link":"https:\/\/outdooreurope.eu\/es\/tours\/hike-schladminger-tauern-high-trail-from-hut-to-hut\/","title":{"rendered":"Sendero de monta\u00f1a de Schladminger Tauern de refugio en refugio, muy por encima de Schladming"},"content":{"rendered":"<p>Recorre el sendero Schladminger Tauern, en las alturas de Schladming, en esta aventura alpina autoguiada por el &quot;Valle de las Mil Fuentes&quot; de Austria. Esta espectacular ruta te lleva por crestas panor\u00e1micas, sobre lagos excavados por glaciares y a trav\u00e9s de tranquilos valles salpicados de refugios alpinos tradicionales. Experimenta uno de los senderos de monta\u00f1a m\u00e1s impresionantes de Austria con comodidad, flexibilidad autoguiada y la aut\u00e9ntica hospitalidad de un refugio.<\/p>\n<ul>\n<li>Caminatas por senderos panor\u00e1micos de gran altitud en los Alpes centrales orientales<\/li>\n<li>Experiencias apacibles en la naturaleza, en valles verdes y en lagos tranquilos.<\/li>\n<li>Maravilla natural \u201cPaisaje del lago glaciar en Klafferkessel\u201d<\/li>\n<li>A lo largo del excelente sendero tem\u00e1tico \u201cAguas Salvajes\u201d<\/li>\n<li>Alojamiento en caba\u00f1as r\u00fasticas en una magn\u00edfica ubicaci\u00f3n.<\/li>\n<\/ul>","protected":false},"excerpt":{"rendered":"<p class=\"ai-optimize-52\" data-pm-slice=\"1 1 []\">Recorre el &quot;Valle de las Mil Fuentes&quot; de Austria en esta espectacular aventura de refugio en refugio. Lagos alpinos, crestas panor\u00e1micas y refugios tradicionales te esperan en uno de los senderos de monta\u00f1a m\u00e1s impresionantes del pa\u00eds.<\/p>\n<p class=\"ai-optimize-48\">","protected":false},"featured_media":18131,"comment_status":"open","ping_status":"closed","template":"","meta":{"_acf_changed":false,"content-type":"","inline_featured_image":false},"product_brand":[],"product_cat":[928],"product_tag":[760],"class_list":{"0":"post-18126","1":"product","2":"type-product","3":"status-publish","4":"has-post-thumbnail","6":"tour_country-austria","7":"tour_types-self-guided","8":"product_cat-test-tourcat","9":"product_tag-hiking","10":"pa_duration-6-nights","11":"tour_category-hiking-in-europe","13":"first","14":"instock","15":"virtual","16":"purchasable","17":"product-type-tour"},"acf":[],"yoast_head":"<!-- This site is optimized with the Yoast SEO Premium plugin v27.6 (Yoast SEO v27.6) - https:\/\/yoast.com\/product\/yoast-seo-premium-wordpress\/ -->\n<title>Hike Schladminger Tauern Trail High \u2013 Self-Guided Alpine Tour<\/title>\n<meta name=\"description\" content=\"Hike the Schladminger Tauern trail on a self-guided hut-to-hut tour. Alpine lakes, panoramic views, and traditional Austrian huts await on this iconic trek.\" \/>\n<meta name=\"robots\" content=\"index, follow, max-snippet:-1, max-image-preview:large, max-video-preview:-1\" \/>\n<link rel=\"canonical\" href=\"https:\/\/outdooreurope.eu\/es\/excursiones\/caminata-por-el-sendero-alto-de-schladminger-tauern-de-refugio-en-refugio\/\" \/>\n<meta property=\"og:locale\" content=\"es_ES\" \/>\n<meta property=\"og:type\" content=\"article\" \/>\n<meta property=\"og:title\" content=\"Schladminger Tauern high trail from hut to hut, high above Schladming\" \/>\n<meta property=\"og:description\" content=\"Hike across Austria&#039;s &quot;Valley of 1,000 Springs&quot; on this spectacular hut-to-hut adventure. Alpine lakes, panoramic ridges, and traditional huts await on one of the country\u2019s most breathtaking high trails.\" \/>\n<meta property=\"og:url\" content=\"https:\/\/outdooreurope.eu\/es\/excursiones\/caminata-por-el-sendero-alto-de-schladminger-tauern-de-refugio-en-refugio\/\" \/>\n<meta property=\"og:site_name\" content=\"Outdoor Europe\" \/>\n<meta property=\"article:publisher\" content=\"https:\/\/www.facebook.com\/outdooreurope.eu\" \/>\n<meta property=\"article:modified_time\" content=\"2025-06-19T10:02:51+00:00\" \/>\n<meta property=\"og:image\" content=\"https:\/\/outdooreurope.eu\/wp-content\/uploads\/2025\/04\/Giglachsee-\u00a9-Peter-Burgstaller.jpeg\" \/>\n\t<meta property=\"og:image:width\" content=\"2000\" \/>\n\t<meta property=\"og:image:height\" content=\"1106\" \/>\n\t<meta property=\"og:image:type\" content=\"image\/jpeg\" \/>\n<meta name=\"twitter:card\" content=\"summary_large_image\" \/>\n<meta name=\"twitter:label1\" content=\"Precio\" \/>\n\t<meta name=\"twitter:data1\" content=\"&euro;630\" \/>\n\t<meta name=\"twitter:label2\" content=\"Disponibilidad\" \/>\n\t<meta name=\"twitter:data2\" content=\"Disponible\" \/>\n<script type=\"application\/ld+json\" class=\"yoast-schema-graph\">{\"@context\":\"https:\\\/\\\/schema.org\",\"@graph\":[{\"@type\":\"WebPage\",\"@id\":\"https:\\\/\\\/outdooreurope.eu\\\/tours\\\/hike-schladminger-tauern-high-trail-from-hut-to-hut\\\/\",\"url\":\"https:\\\/\\\/outdooreurope.eu\\\/tours\\\/hike-schladminger-tauern-high-trail-from-hut-to-hut\\\/\",\"name\":\"Hike Schladminger Tauern Trail High \u2013 Self-Guided Alpine Tour\",\"isPartOf\":{\"@id\":\"https:\\\/\\\/outdooreurope.eu\\\/#website\"},\"primaryImageOfPage\":{\"@id\":\"https:\\\/\\\/outdooreurope.eu\\\/tours\\\/hike-schladminger-tauern-high-trail-from-hut-to-hut\\\/#primaryimage\"},\"image\":{\"@id\":\"https:\\\/\\\/outdooreurope.eu\\\/tours\\\/hike-schladminger-tauern-high-trail-from-hut-to-hut\\\/#primaryimage\"},\"thumbnailUrl\":\"https:\\\/\\\/outdooreurope.eu\\\/wp-content\\\/uploads\\\/2025\\\/04\\\/Giglachsee-\u00a9-Peter-Burgstaller.jpeg\",\"datePublished\":\"2025-06-09T15:37:04+00:00\",\"dateModified\":\"2025-06-19T10:02:51+00:00\",\"description\":\"Hike the Schladminger Tauern trail on a self-guided hut-to-hut tour. Alpine lakes, panoramic views, and traditional Austrian huts await on this iconic trek.\",\"breadcrumb\":{\"@id\":\"https:\\\/\\\/outdooreurope.eu\\\/tours\\\/hike-schladminger-tauern-high-trail-from-hut-to-hut\\\/#breadcrumb\"},\"inLanguage\":\"es\",\"potentialAction\":[{\"@type\":\"ReadAction\",\"target\":[\"https:\\\/\\\/outdooreurope.eu\\\/tours\\\/hike-schladminger-tauern-high-trail-from-hut-to-hut\\\/\"]}]},{\"@type\":\"ImageObject\",\"inLanguage\":\"es\",\"@id\":\"https:\\\/\\\/outdooreurope.eu\\\/tours\\\/hike-schladminger-tauern-high-trail-from-hut-to-hut\\\/#primaryimage\",\"url\":\"https:\\\/\\\/outdooreurope.eu\\\/wp-content\\\/uploads\\\/2025\\\/04\\\/Giglachsee-\u00a9-Peter-Burgstaller.jpeg\",\"contentUrl\":\"https:\\\/\\\/outdooreurope.eu\\\/wp-content\\\/uploads\\\/2025\\\/04\\\/Giglachsee-\u00a9-Peter-Burgstaller.jpeg\",\"width\":2000,\"height\":1106},{\"@type\":\"BreadcrumbList\",\"@id\":\"https:\\\/\\\/outdooreurope.eu\\\/tours\\\/hike-schladminger-tauern-high-trail-from-hut-to-hut\\\/#breadcrumb\",\"itemListElement\":[{\"@type\":\"ListItem\",\"position\":1,\"name\":\"Hjem\",\"item\":\"https:\\\/\\\/outdooreurope.eu\\\/\"},{\"@type\":\"ListItem\",\"position\":2,\"name\":\"Shop\",\"item\":\"https:\\\/\\\/outdooreurope.eu\\\/shop\\\/\"},{\"@type\":\"ListItem\",\"position\":3,\"name\":\"Schladminger Tauern high trail from hut to hut, high above Schladming\"}]},{\"@type\":\"WebSite\",\"@id\":\"https:\\\/\\\/outdooreurope.eu\\\/#website\",\"url\":\"https:\\\/\\\/outdooreurope.eu\\\/\",\"name\":\"Outdoor Europe\",\"description\":\"Hiking In Europe I Join the trail\",\"potentialAction\":[{\"@type\":\"SearchAction\",\"target\":{\"@type\":\"EntryPoint\",\"urlTemplate\":\"https:\\\/\\\/outdooreurope.eu\\\/?s={search_term_string}\"},\"query-input\":{\"@type\":\"PropertyValueSpecification\",\"valueRequired\":true,\"valueName\":\"search_term_string\"}}],\"inLanguage\":\"es\"}]}<\/script>\n<meta property=\"product:price:amount\" content=\"630\" \/>\n<meta property=\"product:price:currency\" content=\"EUR\" \/>\n<meta property=\"og:availability\" content=\"instock\" \/>\n<meta property=\"product:availability\" content=\"instock\" \/>\n<meta property=\"product:retailer_item_id\" content=\"18126\" \/>\n<meta property=\"product:condition\" content=\"new\" \/>\n<!-- \/ Yoast SEO Premium plugin. -->","yoast_head_json":{"title":"Sendero Schladminger Tauern High: recorrido alpino autoguiado","description":"Recorre el sendero Schladminger Tauern en un recorrido autoguiado de refugio en refugio. Lagos alpinos, vistas panor\u00e1micas y caba\u00f1as tradicionales austriacas te esperan en esta ic\u00f3nica ruta.","robots":{"index":"index","follow":"follow","max-snippet":"max-snippet:-1","max-image-preview":"max-image-preview:large","max-video-preview":"max-video-preview:-1"},"canonical":"https:\/\/outdooreurope.eu\/es\/excursiones\/caminata-por-el-sendero-alto-de-schladminger-tauern-de-refugio-en-refugio\/","og_locale":"es_ES","og_type":"article","og_title":"Schladminger Tauern high trail from hut to hut, high above Schladming","og_description":"Hike across Austria's \"Valley of 1,000 Springs\" on this spectacular hut-to-hut adventure. Alpine lakes, panoramic ridges, and traditional huts await on one of the country\u2019s most breathtaking high trails.","og_url":"https:\/\/outdooreurope.eu\/es\/excursiones\/caminata-por-el-sendero-alto-de-schladminger-tauern-de-refugio-en-refugio\/","og_site_name":"Outdoor Europe","article_publisher":"https:\/\/www.facebook.com\/outdooreurope.eu","article_modified_time":"2025-06-19T10:02:51+00:00","og_image":[{"width":2000,"height":1106,"url":"https:\/\/outdooreurope.eu\/wp-content\/uploads\/2025\/04\/Giglachsee-\u00a9-Peter-Burgstaller.jpeg","type":"image\/jpeg"}],"twitter_card":"summary_large_image","twitter_misc":{"Precio":"&euro;630","Disponibilidad":"Disponible"},"schema":{"@context":"https:\/\/schema.org","@graph":[{"@type":"WebPage","@id":"https:\/\/outdooreurope.eu\/tours\/hike-schladminger-tauern-high-trail-from-hut-to-hut\/","url":"https:\/\/outdooreurope.eu\/tours\/hike-schladminger-tauern-high-trail-from-hut-to-hut\/","name":"Sendero Schladminger Tauern High: recorrido alpino autoguiado","isPartOf":{"@id":"https:\/\/outdooreurope.eu\/#website"},"primaryImageOfPage":{"@id":"https:\/\/outdooreurope.eu\/tours\/hike-schladminger-tauern-high-trail-from-hut-to-hut\/#primaryimage"},"image":{"@id":"https:\/\/outdooreurope.eu\/tours\/hike-schladminger-tauern-high-trail-from-hut-to-hut\/#primaryimage"},"thumbnailUrl":"https:\/\/outdooreurope.eu\/wp-content\/uploads\/2025\/04\/Giglachsee-\u00a9-Peter-Burgstaller.jpeg","datePublished":"2025-06-09T15:37:04+00:00","dateModified":"2025-06-19T10:02:51+00:00","description":"Recorre el sendero Schladminger Tauern en un recorrido autoguiado de refugio en refugio. Lagos alpinos, vistas panor\u00e1micas y caba\u00f1as tradicionales austriacas te esperan en esta ic\u00f3nica ruta.","breadcrumb":{"@id":"https:\/\/outdooreurope.eu\/tours\/hike-schladminger-tauern-high-trail-from-hut-to-hut\/#breadcrumb"},"inLanguage":"es","potentialAction":[{"@type":"ReadAction","target":["https:\/\/outdooreurope.eu\/tours\/hike-schladminger-tauern-high-trail-from-hut-to-hut\/"]}]},{"@type":"ImageObject","inLanguage":"es","@id":"https:\/\/outdooreurope.eu\/tours\/hike-schladminger-tauern-high-trail-from-hut-to-hut\/#primaryimage","url":"https:\/\/outdooreurope.eu\/wp-content\/uploads\/2025\/04\/Giglachsee-\u00a9-Peter-Burgstaller.jpeg","contentUrl":"https:\/\/outdooreurope.eu\/wp-content\/uploads\/2025\/04\/Giglachsee-\u00a9-Peter-Burgstaller.jpeg","width":2000,"height":1106},{"@type":"BreadcrumbList","@id":"https:\/\/outdooreurope.eu\/tours\/hike-schladminger-tauern-high-trail-from-hut-to-hut\/#breadcrumb","itemListElement":[{"@type":"ListItem","position":1,"name":"Hjem","item":"https:\/\/outdooreurope.eu\/"},{"@type":"ListItem","position":2,"name":"Shop","item":"https:\/\/outdooreurope.eu\/shop\/"},{"@type":"ListItem","position":3,"name":"Schladminger Tauern high trail from hut to hut, high above Schladming"}]},{"@type":"WebSite","@id":"https:\/\/outdooreurope.eu\/#website","url":"https:\/\/outdooreurope.eu\/","name":"Europa al aire libre","description":"Senderismo en Europa Me uno al sendero","potentialAction":[{"@type":"SearchAction","target":{"@type":"EntryPoint","urlTemplate":"https:\/\/outdooreurope.eu\/?s={search_term_string}"},"query-input":{"@type":"PropertyValueSpecification","valueRequired":true,"valueName":"search_term_string"}}],"inLanguage":"es"}]},"product_price_amount":"630","product_price_currency":"EUR","og_availability":"instock","product_availability":"instock","product_retailer_item_id":"18126","product_condition":"new"},"_links":{"self":[{"href":"https:\/\/outdooreurope.eu\/es\/wp-json\/wp\/v2\/product\/18126","targetHints":{"allow":["GET"]}}],"collection":[{"href":"https:\/\/outdooreurope.eu\/es\/wp-json\/wp\/v2\/product"}],"about":[{"href":"https:\/\/outdooreurope.eu\/es\/wp-json\/wp\/v2\/types\/product"}],"replies":[{"embeddable":true,"href":"https:\/\/outdooreurope.eu\/es\/wp-json\/wp\/v2\/comments?post=18126"}],"wp:featuredmedia":[{"embeddable":true,"href":"https:\/\/outdooreurope.eu\/es\/wp-json\/wp\/v2\/media\/18131"}],"wp:attachment":[{"href":"https:\/\/outdooreurope.eu\/es\/wp-json\/wp\/v2\/media?parent=18126"}],"wp:term":[{"taxonomy":"product_brand","embeddable":true,"href":"https:\/\/outdooreurope.eu\/es\/wp-json\/wp\/v2\/product_brand?post=18126"},{"taxonomy":"product_cat","embeddable":true,"href":"https:\/\/outdooreurope.eu\/es\/wp-json\/wp\/v2\/product_cat?post=18126"},{"taxonomy":"product_tag","embeddable":true,"href":"https:\/\/outdooreurope.eu\/es\/wp-json\/wp\/v2\/product_tag?post=18126"}],"curies":[{"name":"wp","href":"https:\/\/api.w.org\/{rel}","templated":true}]}}