{"id":12249,"date":"2022-08-12T08:07:39","date_gmt":"2022-08-12T06:07:39","guid":{"rendered":"http:\/\/workdemomaster.com\/outdooreurope\/?page_id=12249"},"modified":"2025-01-21T21:36:32","modified_gmt":"2025-01-21T20:36:32","slug":"trouvez-votre-niveau","status":"publish","type":"page","link":"https:\/\/outdooreurope.eu\/fr\/find-your-level\/","title":{"rendered":"Trouvez votre niveau"},"content":{"rendered":"<div class=\"wpb-content-wrapper\"><div class=\"vc_row wpb_row vc_row-fluid pb-100 lavel-page\"><div class=\"wpb_column vc_column_container vc_col-sm-12\"><div class=\"vc_column-inner\"><div class=\"wpb_wrapper\"><h2 style=\"text-align: center\" class=\"vc_custom_heading vc_do_custom_heading\">Nous sommes tous diff\u00e9rents<\/h2><div style=\"text-align: center\" class=\"vc_custom_heading vc_do_custom_heading your-level-heading\">Utilisez ce guide pour trouver votre circuit<\/div><div class=\"vc_row wpb_row vc_inner vc_row-fluid defferent-card vc_row-o-equal-height vc_row-flex\"><div class=\"wpb_column vc_column_container vc_col-sm-6\"><div class=\"vc_column-inner\"><div class=\"wpb_wrapper\">\n\t<div  class=\"wpb_single_image wpb_content_element vc_align_left wpb_content_element\">\n\t\t\n\t\t<figure class=\"wpb_wrapper vc_figure\">\n\t\t\t<div class=\"vc_single_image-wrapper   vc_box_border_grey\"><img decoding=\"async\" width=\"228\" height=\"41\" src=\"https:\/\/outdooreurope.eu\/wp-content\/uploads\/2024\/12\/Easy.svg\" class=\"vc_single_image-img attachment-full\" alt=\"\" title=\"Facile\" \/><\/div>\n\t\t<\/figure>\n\t<\/div>\n\n\t<div class=\"wpb_text_column wpb_content_element\">\n\t\t<div class=\"wpb_wrapper\">\n\t\t\t<p>Sentiers faciles, distances plus courtes et adapt\u00e9s aux personnes sans exp\u00e9rience pr\u00e9alable en montagne. L&#039;aspect physique n&#039;est pas tr\u00e8s difficile, m\u00eame si les participants doivent \u00eatre capables de parcourir 10 \u00e0 15 km sans probl\u00e8me sur une route plate. Convient aux enfants de plus de 8 ans.<\/p>\n\n\t\t<\/div>\n\t<\/div>\n\n\t<div class=\"wpb_text_column wpb_content_element color-box\">\n\t\t<div class=\"wpb_wrapper\">\n\t\t\t<p><img decoding=\"async\" class=\"size-medium wp-image-14768\" src=\"https:\/\/outdooreurope.eu\/wp-content\/uploads\/2025\/01\/distance.svg\" alt=\"\" width=\"30\" height=\"30\" \/> Jusqu&#039;\u00e0 15 km de distance et<\/p>\n<p><img decoding=\"async\" class=\"size-medium wp-image-14768\" src=\"https:\/\/outdooreurope.eu\/wp-content\/uploads\/2024\/12\/alpinism.svg\" alt=\"\" width=\"30\" height=\"30\" \/> 600 m\u00e8tres de d\u00e9nivel\u00e9 positif par jour<\/p>\n\n\t\t<\/div>\n\t<\/div>\n<\/div><\/div><\/div><div class=\"wpb_column vc_column_container vc_col-sm-6\"><div class=\"vc_column-inner\"><div class=\"wpb_wrapper\">\n\t<div  class=\"wpb_single_image wpb_content_element vc_align_left wpb_content_element\">\n\t\t\n\t\t<figure class=\"wpb_wrapper vc_figure\">\n\t\t\t<div class=\"vc_single_image-wrapper   vc_box_border_grey\"><img decoding=\"async\" width=\"228\" height=\"40\" src=\"https:\/\/outdooreurope.eu\/wp-content\/uploads\/2025\/01\/Moderate.svg\" class=\"vc_single_image-img attachment-full\" alt=\"\" title=\"Mod\u00e9r\u00e9\" \/><\/div>\n\t\t<\/figure>\n\t<\/div>\n\n\t<div class=\"wpb_text_column wpb_content_element\">\n\t\t<div class=\"wpb_wrapper\">\n\t\t\t<p>Sentiers bien entretenus et assez larges, mais avec des segments difficiles tels que des pentes raides et des parties techniques et rocheuses. Une assez bonne forme est n\u00e9cessaire. Les participants doivent \u00eatre capables de parcourir 15 \u00e0 20 km sur une route plate sans difficult\u00e9. Convient aux enfants \u00e0 partir de 12 ans.<\/p>\n\n\t\t<\/div>\n\t<\/div>\n\n\t<div class=\"wpb_text_column wpb_content_element color-box\">\n\t\t<div class=\"wpb_wrapper\">\n\t\t\t<p><img decoding=\"async\" class=\"size-medium wp-image-14768\" src=\"https:\/\/outdooreurope.eu\/wp-content\/uploads\/2025\/01\/distance.svg\" alt=\"\" width=\"30\" height=\"30\" \/> Jusqu&#039;\u00e0 20 km de distance et<\/p>\n<p><img decoding=\"async\" class=\"size-medium wp-image-14768\" src=\"https:\/\/outdooreurope.eu\/wp-content\/uploads\/2024\/12\/alpinism.svg\" alt=\"\" width=\"30\" height=\"30\" \/> 1300 m\u00e8tres de d\u00e9nivel\u00e9 positif par jour<\/p>\n\n\t\t<\/div>\n\t<\/div>\n<\/div><\/div><\/div><\/div><div class=\"vc_row wpb_row vc_inner vc_row-fluid defferent-card vc_row-o-equal-height vc_row-flex\"><div class=\"wpb_column vc_column_container vc_col-sm-6\"><div class=\"vc_column-inner\"><div class=\"wpb_wrapper\">\n\t<div  class=\"wpb_single_image wpb_content_element vc_align_left wpb_content_element\">\n\t\t\n\t\t<figure class=\"wpb_wrapper vc_figure\">\n\t\t\t<div class=\"vc_single_image-wrapper   vc_box_border_grey\"><img decoding=\"async\" width=\"228\" height=\"41\" src=\"https:\/\/outdooreurope.eu\/wp-content\/uploads\/2024\/12\/Experienced.svg\" class=\"vc_single_image-img attachment-full\" alt=\"\" title=\"Exp\u00e9riment\u00e9\" \/><\/div>\n\t\t<\/figure>\n\t<\/div>\n\n\t<div class=\"wpb_text_column wpb_content_element\">\n\t\t<div class=\"wpb_wrapper\">\n\t\t\t<p>Sentiers avec des pages techniques plus longues et parfois seulement balis\u00e9s avec parcimonie. Les participants ont fait plusieurs randonn\u00e9es dans les Alpes ou dans un environnement similaire et seront familiaris\u00e9s avec la lecture de cartes, le GPS et les conditions m\u00e9t\u00e9orologiques changeantes. Ne convient pas pour les enfants.<\/p>\n\n\t\t<\/div>\n\t<\/div>\n\n\t<div class=\"wpb_text_column wpb_content_element color-box\">\n\t\t<div class=\"wpb_wrapper\">\n\t\t\t<p><img decoding=\"async\" class=\"size-medium wp-image-14768\" src=\"https:\/\/outdooreurope.eu\/wp-content\/uploads\/2025\/01\/distance.svg\" alt=\"\" width=\"30\" height=\"30\" \/> Jusqu&#039;\u00e0 25 km de distance et<\/p>\n<p><img decoding=\"async\" class=\"size-medium wp-image-14768\" src=\"https:\/\/outdooreurope.eu\/wp-content\/uploads\/2024\/12\/alpinism.svg\" alt=\"\" width=\"30\" height=\"30\" \/> 1800 m\u00e8tres de d\u00e9nivel\u00e9 positif par jour<\/p>\n\n\t\t<\/div>\n\t<\/div>\n<\/div><\/div><\/div><div class=\"wpb_column vc_column_container vc_col-sm-6\"><div class=\"vc_column-inner\"><div class=\"wpb_wrapper\">\n\t<div  class=\"wpb_single_image wpb_content_element vc_align_left wpb_content_element\">\n\t\t\n\t\t<figure class=\"wpb_wrapper vc_figure\">\n\t\t\t<div class=\"vc_single_image-wrapper   vc_box_border_grey\"><img decoding=\"async\" width=\"228\" height=\"40\" src=\"https:\/\/outdooreurope.eu\/wp-content\/uploads\/2024\/12\/Advanced.svg\" class=\"vc_single_image-img attachment-full\" alt=\"\" title=\"Avanc\u00e9\" \/><\/div>\n\t\t<\/figure>\n\t<\/div>\n\n\t<div class=\"wpb_text_column wpb_content_element\">\n\t\t<div class=\"wpb_wrapper\">\n\t\t\t<p>Uniquement pour les sportifs tr\u00e8s confirm\u00e9s ayant une solide exp\u00e9rience de l&#039;activit\u00e9 choisie, que ce soit la randonn\u00e9e, la course \u00e0 pied, l&#039;escalade ou le ski. La forme est optimale et les participants devraient \u00eatre capables de courir un semi-marathon sans trop de difficult\u00e9.<\/p>\n\n\t\t<\/div>\n\t<\/div>\n<\/div><\/div><\/div><\/div><\/div><\/div><\/div><\/div><div data-vc-full-width=\"true\" data-vc-full-width-temp=\"true\" data-vc-full-width-init=\"false\" class=\"vc_row wpb_row vc_row-fluid vc_custom_1696339208689 vc_row-has-fill\"><div class=\"wpb_column vc_column_container vc_col-sm-12\"><div class=\"vc_column-inner\"><div class=\"wpb_wrapper\"><div class=\"templatera_shortcode\"><div data-vc-full-width=\"true\" data-vc-full-width-temp=\"true\" data-vc-full-width-init=\"false\" class=\"vc_row wpb_row vc_row-fluid footer-cta pt-100 pb-100 vc_row-o-content-middle vc_row-flex\"><div class=\"wpb_column vc_column_container vc_col-sm-6\"><div class=\"vc_column-inner vc_custom_1696340752653\"><div class=\"wpb_wrapper\"><h3 style=\"text-align: left\" class=\"vc_custom_heading vc_do_custom_heading pb-3\">Cr\u00e9ez votre propre visite de groupe priv\u00e9e<\/h3>\n\t<div class=\"wpb_text_column wpb_content_element\">\n\t\t<div class=\"wpb_wrapper\">\n\t\t\t<p>Que vous soyez une grande famille, une \u00e9quipe de travail ou un club sportif, nous vous aiderons \u00e0 cr\u00e9er une aventure de groupe parfaite.<\/p>\n\n\t\t<\/div>\n\t<\/div>\n<div class=\"vc_btn3-container  theme-btn pt-3 vc_btn3-inline vc_do_btn\"><a class=\"vc_general vc_btn3 vc_btn3-size-md vc_btn3-shape-rounded vc_btn3-style-modern vc_btn3-color-grey\" href=\"\/fr\/visite-privee\/\" title=\"Visites priv\u00e9es\">Groupe priv\u00e9<\/a><\/div><\/div><\/div><\/div><div class=\"wpb_column vc_column_container vc_col-sm-6\"><div class=\"vc_column-inner\"><div class=\"wpb_wrapper\">\n\t<div  class=\"wpb_single_image wpb_content_element vc_align_left wpb_content_element\">\n\t\t\n\t\t<figure class=\"wpb_wrapper vc_figure\">\n\t\t\t<div class=\"vc_single_image-wrapper   vc_box_border_grey\"><img decoding=\"async\" width=\"746\" height=\"559\" src=\"https:\/\/outdooreurope.eu\/wp-content\/uploads\/2024\/01\/outdoor-community-new.png\" class=\"vc_single_image-img attachment-full\" alt=\"\" title=\"communaut\u00e9-ext\u00e9rieur-nouveau\" srcset=\"https:\/\/outdooreurope.eu\/wp-content\/uploads\/2024\/01\/outdoor-community-new.png 746w, https:\/\/outdooreurope.eu\/wp-content\/uploads\/2024\/01\/outdoor-community-new-300x225.png 300w, https:\/\/outdooreurope.eu\/wp-content\/uploads\/2024\/01\/outdoor-community-new-16x12.png 16w, https:\/\/outdooreurope.eu\/wp-content\/uploads\/2024\/01\/outdoor-community-new-610x457.png 610w, https:\/\/outdooreurope.eu\/wp-content\/uploads\/2024\/01\/outdoor-community-new-600x450.png 600w\" sizes=\"(max-width: 746px) 100vw, 746px\" \/><\/div>\n\t\t<\/figure>\n\t<\/div>\n<\/div><\/div><\/div><\/div><div class=\"vc_row-full-width vc_clearfix\"><\/div><\/div><\/div><\/div><\/div><\/div><div class=\"vc_row-full-width vc_clearfix\"><\/div>\n<\/div>","protected":false},"excerpt":{"rendered":"Nous sommes tous diff\u00e9rents. Utilisez ce guide pour trouver votre circuit. Sentiers faciles, courtes distances et adapt\u00e9s aux personnes sans exp\u00e9rience pr\u00e9alable en montagne. Le niveau physique n&#039;est pas tr\u00e8s \u00e9lev\u00e9, mais les participants devraient pouvoir parcourir 10 \u00e0 15 km sans difficult\u00e9 sur un chemin plat. Convient aux enfants de plus de 8 ans. Jusqu&#039;\u00e0 15 ans.<div class=\"padding-top text-center\"><a href=\"https:\/\/outdooreurope.eu\/fr\/find-your-level\/\" class=\"atbtn atbtn--medium atbtn--rounded atbtn--transparent\">Lire la suite<i class=\"atbtn__icon atbtn__icon--right fa fa-long-arrow-right\"><\/i><\/a><\/div>","protected":false},"author":1,"featured_media":0,"parent":0,"menu_order":0,"comment_status":"closed","ping_status":"closed","template":"","meta":{"_acf_changed":false,"content-type":"","inline_featured_image":false,"footnotes":""},"class_list":["post-12249","page","type-page","status-publish","hentry"],"acf":[],"yoast_head":"<!-- This site is optimized with the Yoast SEO Premium plugin v27.4 (Yoast SEO v27.4) - https:\/\/yoast.com\/product\/yoast-seo-premium-wordpress\/ -->\n<title>Find Your Level - Outdoor Europe<\/title>\n<meta name=\"robots\" content=\"index, follow, max-snippet:-1, max-image-preview:large, max-video-preview:-1\" \/>\n<link rel=\"canonical\" href=\"https:\/\/outdooreurope.eu\/fr\/trouvez-votre-niveau\/\" \/>\n<meta property=\"og:locale\" content=\"fr_FR\" \/>\n<meta property=\"og:type\" content=\"article\" \/>\n<meta property=\"og:title\" content=\"Find Your Level\" \/>\n<meta property=\"og:url\" content=\"https:\/\/outdooreurope.eu\/fr\/trouvez-votre-niveau\/\" \/>\n<meta property=\"og:site_name\" content=\"Outdoor Europe\" \/>\n<meta property=\"article:publisher\" content=\"https:\/\/www.facebook.com\/outdooreurope.eu\" \/>\n<meta property=\"article:modified_time\" content=\"2025-01-21T20:36:32+00:00\" \/>\n<meta property=\"og:image\" content=\"https:\/\/outdooreurope.eu\/wp-content\/uploads\/2025\/01\/distance.svg\" \/>\n<meta name=\"twitter:card\" content=\"summary_large_image\" \/>\n<meta name=\"twitter:label1\" content=\"Dur\u00e9e de lecture estim\u00e9e\" \/>\n\t<meta name=\"twitter:data1\" content=\"5 minutes\" \/>\n<script type=\"application\/ld+json\" class=\"yoast-schema-graph\">{\"@context\":\"https:\\\/\\\/schema.org\",\"@graph\":[{\"@type\":\"WebPage\",\"@id\":\"https:\\\/\\\/outdooreurope.eu\\\/find-your-level\\\/\",\"url\":\"https:\\\/\\\/outdooreurope.eu\\\/find-your-level\\\/\",\"name\":\"Find Your Level - Outdoor Europe\",\"isPartOf\":{\"@id\":\"https:\\\/\\\/outdooreurope.eu\\\/#website\"},\"primaryImageOfPage\":{\"@id\":\"https:\\\/\\\/outdooreurope.eu\\\/find-your-level\\\/#primaryimage\"},\"image\":{\"@id\":\"https:\\\/\\\/outdooreurope.eu\\\/find-your-level\\\/#primaryimage\"},\"thumbnailUrl\":\"https:\\\/\\\/outdooreurope.eu\\\/wp-content\\\/uploads\\\/2025\\\/01\\\/distance.svg\",\"datePublished\":\"2022-08-12T06:07:39+00:00\",\"dateModified\":\"2025-01-21T20:36:32+00:00\",\"breadcrumb\":{\"@id\":\"https:\\\/\\\/outdooreurope.eu\\\/find-your-level\\\/#breadcrumb\"},\"inLanguage\":\"fr-FR\",\"potentialAction\":[{\"@type\":\"ReadAction\",\"target\":[\"https:\\\/\\\/outdooreurope.eu\\\/find-your-level\\\/\"]}]},{\"@type\":\"ImageObject\",\"inLanguage\":\"fr-FR\",\"@id\":\"https:\\\/\\\/outdooreurope.eu\\\/find-your-level\\\/#primaryimage\",\"url\":\"https:\\\/\\\/outdooreurope.eu\\\/wp-content\\\/uploads\\\/2025\\\/01\\\/distance.svg\",\"contentUrl\":\"https:\\\/\\\/outdooreurope.eu\\\/wp-content\\\/uploads\\\/2025\\\/01\\\/distance.svg\"},{\"@type\":\"BreadcrumbList\",\"@id\":\"https:\\\/\\\/outdooreurope.eu\\\/find-your-level\\\/#breadcrumb\",\"itemListElement\":[{\"@type\":\"ListItem\",\"position\":1,\"name\":\"Hjem\",\"item\":\"https:\\\/\\\/outdooreurope.eu\\\/\"},{\"@type\":\"ListItem\",\"position\":2,\"name\":\"Find Your Level\"}]},{\"@type\":\"WebSite\",\"@id\":\"https:\\\/\\\/outdooreurope.eu\\\/#website\",\"url\":\"https:\\\/\\\/outdooreurope.eu\\\/\",\"name\":\"Outdoor Europe\",\"description\":\"Hiking In Europe I Join the trail\",\"potentialAction\":[{\"@type\":\"SearchAction\",\"target\":{\"@type\":\"EntryPoint\",\"urlTemplate\":\"https:\\\/\\\/outdooreurope.eu\\\/?s={search_term_string}\"},\"query-input\":{\"@type\":\"PropertyValueSpecification\",\"valueRequired\":true,\"valueName\":\"search_term_string\"}}],\"inLanguage\":\"fr-FR\"}]}<\/script>\n<!-- \/ Yoast SEO Premium plugin. -->","yoast_head_json":{"title":"Trouvez votre niveau - Outdoor Europe","robots":{"index":"index","follow":"follow","max-snippet":"max-snippet:-1","max-image-preview":"max-image-preview:large","max-video-preview":"max-video-preview:-1"},"canonical":"https:\/\/outdooreurope.eu\/fr\/trouvez-votre-niveau\/","og_locale":"fr_FR","og_type":"article","og_title":"Find Your Level","og_url":"https:\/\/outdooreurope.eu\/fr\/trouvez-votre-niveau\/","og_site_name":"Outdoor Europe","article_publisher":"https:\/\/www.facebook.com\/outdooreurope.eu","article_modified_time":"2025-01-21T20:36:32+00:00","og_image":[{"url":"https:\/\/outdooreurope.eu\/wp-content\/uploads\/2025\/01\/distance.svg","type":"","width":"","height":""}],"twitter_card":"summary_large_image","twitter_misc":{"Dur\u00e9e de lecture estim\u00e9e":"5 minutes"},"schema":{"@context":"https:\/\/schema.org","@graph":[{"@type":"WebPage","@id":"https:\/\/outdooreurope.eu\/find-your-level\/","url":"https:\/\/outdooreurope.eu\/find-your-level\/","name":"Trouvez votre niveau - Outdoor Europe","isPartOf":{"@id":"https:\/\/outdooreurope.eu\/#website"},"primaryImageOfPage":{"@id":"https:\/\/outdooreurope.eu\/find-your-level\/#primaryimage"},"image":{"@id":"https:\/\/outdooreurope.eu\/find-your-level\/#primaryimage"},"thumbnailUrl":"https:\/\/outdooreurope.eu\/wp-content\/uploads\/2025\/01\/distance.svg","datePublished":"2022-08-12T06:07:39+00:00","dateModified":"2025-01-21T20:36:32+00:00","breadcrumb":{"@id":"https:\/\/outdooreurope.eu\/find-your-level\/#breadcrumb"},"inLanguage":"fr-FR","potentialAction":[{"@type":"ReadAction","target":["https:\/\/outdooreurope.eu\/find-your-level\/"]}]},{"@type":"ImageObject","inLanguage":"fr-FR","@id":"https:\/\/outdooreurope.eu\/find-your-level\/#primaryimage","url":"https:\/\/outdooreurope.eu\/wp-content\/uploads\/2025\/01\/distance.svg","contentUrl":"https:\/\/outdooreurope.eu\/wp-content\/uploads\/2025\/01\/distance.svg"},{"@type":"BreadcrumbList","@id":"https:\/\/outdooreurope.eu\/find-your-level\/#breadcrumb","itemListElement":[{"@type":"ListItem","position":1,"name":"Hjem","item":"https:\/\/outdooreurope.eu\/"},{"@type":"ListItem","position":2,"name":"Find Your Level"}]},{"@type":"WebSite","@id":"https:\/\/outdooreurope.eu\/#website","url":"https:\/\/outdooreurope.eu\/","name":"L&#039;Europe en plein air","description":"Randonn\u00e9e en Europe Je rejoins le sentier","potentialAction":[{"@type":"SearchAction","target":{"@type":"EntryPoint","urlTemplate":"https:\/\/outdooreurope.eu\/?s={search_term_string}"},"query-input":{"@type":"PropertyValueSpecification","valueRequired":true,"valueName":"search_term_string"}}],"inLanguage":"fr-FR"}]}},"_links":{"self":[{"href":"https:\/\/outdooreurope.eu\/fr\/wp-json\/wp\/v2\/pages\/12249","targetHints":{"allow":["GET"]}}],"collection":[{"href":"https:\/\/outdooreurope.eu\/fr\/wp-json\/wp\/v2\/pages"}],"about":[{"href":"https:\/\/outdooreurope.eu\/fr\/wp-json\/wp\/v2\/types\/page"}],"author":[{"embeddable":true,"href":"https:\/\/outdooreurope.eu\/fr\/wp-json\/wp\/v2\/users\/1"}],"replies":[{"embeddable":true,"href":"https:\/\/outdooreurope.eu\/fr\/wp-json\/wp\/v2\/comments?post=12249"}],"version-history":[{"count":23,"href":"https:\/\/outdooreurope.eu\/fr\/wp-json\/wp\/v2\/pages\/12249\/revisions"}],"predecessor-version":[{"id":17738,"href":"https:\/\/outdooreurope.eu\/fr\/wp-json\/wp\/v2\/pages\/12249\/revisions\/17738"}],"wp:attachment":[{"href":"https:\/\/outdooreurope.eu\/fr\/wp-json\/wp\/v2\/media?parent=12249"}],"curies":[{"name":"wp","href":"https:\/\/api.w.org\/{rel}","templated":true}]}}