{"id":12683,"date":"2022-09-19T18:21:07","date_gmt":"2022-09-19T16:21:07","guid":{"rendered":"http:\/\/workdemomaster.com\/outdooreurope\/?page_id=12683"},"modified":"2023-10-06T14:20:30","modified_gmt":"2023-10-06T12:20:30","slug":"politique-de-confidentialite","status":"publish","type":"page","link":"https:\/\/outdooreurope.eu\/fr\/privacy-policy\/","title":{"rendered":"Politique de confidentialit\u00e9"},"content":{"rendered":"<div class=\"wpb-content-wrapper\"><div class=\"vc_row wpb_row vc_row-fluid inner-page-spacing\"><div class=\"wpb_column vc_column_container vc_col-sm-12\"><div class=\"vc_column-inner\"><div class=\"wpb_wrapper\">\n\t<div class=\"wpb_text_column wpb_content_element vc_custom_1696594825731\">\n\t\t<div class=\"wpb_wrapper\">\n\t\t\t<p>Bienvenue sur Outdoor Italy Aps (le \u00ab Site \u00bb). Nous comprenons que la confidentialit\u00e9 en ligne est importante pour les utilisateurs de notre site, en particulier lorsqu&#039;ils font des affaires. Cette d\u00e9claration r\u00e9git nos politiques de confidentialit\u00e9 \u00e0 l&#039;\u00e9gard des utilisateurs du site (\u00ab\u00a0visiteurs\u00a0\u00bb) qui visitent sans effectuer de transactions commerciales et des visiteurs qui s&#039;inscrivent pour effectuer des transactions commerciales sur le site et utilisent les diff\u00e9rents services offerts par<br \/>\nOutdoor Italy Aps (collectivement, les \u00ab\u00a0Services\u00a0\u00bb) (\u00ab\u00a0Clients autoris\u00e9s\u00a0\u00bb).<\/p>\n<h3>&quot;Informations personnellement identifiables&quot;<\/h3>\n<p>fait r\u00e9f\u00e9rence \u00e0 toute information qui identifie ou peut \u00eatre utilis\u00e9e pour identifier, contacter ou localiser la personne \u00e0 qui ces informations se rapportent, y compris, mais sans s&#039;y limiter, le nom, l&#039;adresse, le num\u00e9ro de t\u00e9l\u00e9phone, le num\u00e9ro de fax, l&#039;adresse e-mail, les profils financiers, la s\u00e9curit\u00e9 sociale num\u00e9ro de t\u00e9l\u00e9phone et informations de carte de cr\u00e9dit. Les informations personnellement identifiables n&#039;incluent pas les informations collect\u00e9es de mani\u00e8re anonyme (c&#039;est-\u00e0-dire sans identification de l&#039;utilisateur individuel) ou les informations d\u00e9mographiques non li\u00e9es \u00e0 une personne identifi\u00e9e.<\/p>\n<h3>Quelles informations personnelles identifiables sont collect\u00e9es\u00a0?<\/h3>\n<p>Nous pouvons collecter des informations de base sur le profil d&#039;utilisateur de tous nos visiteurs. Nous recueillons les informations suppl\u00e9mentaires suivantes aupr\u00e8s de nos clients autoris\u00e9s\u00a0: le nom, l&#039;adresse e-mail, le num\u00e9ro de t\u00e9l\u00e9phone, l&#039;adresse,<\/p>\n<h3>Quelles organisations collectent les informations ?<\/h3>\n<p>En plus de notre collecte directe d&#039;informations, nos fournisseurs de services tiers (tels que les soci\u00e9t\u00e9s de cartes de cr\u00e9dit, les chambres de compensation et les banques) qui peuvent fournir des services tels que les services de cr\u00e9dit, d&#039;assurance et de d\u00e9p\u00f4t fiduciaire peuvent collecter ces informations aupr\u00e8s de nos visiteurs et clients autoris\u00e9s. Nous ne contr\u00f4lons pas la mani\u00e8re dont ces tiers utilisent ces informations, mais nous leur demandons de divulguer comment ils utilisent les informations personnelles qui leur sont fournies par les Visiteurs et les Clients autoris\u00e9s. Certains de ces tiers peuvent \u00eatre des interm\u00e9diaires qui agissent uniquement en tant que maillons de la cha\u00eene de distribution et ne stockent, ne conservent ni n&#039;utilisent les informations qui leur sont fournies.<\/p>\n<h3>Comment le site utilise-t-il les informations personnellement identifiables\u00a0?<\/h3>\n<p>Nous utilisons les informations personnellement identifiables pour personnaliser le site, proposer des offres de services appropri\u00e9es et r\u00e9pondre aux demandes d&#039;achat et de vente sur le site. Nous pouvons envoyer des e-mails aux visiteurs et aux clients autoris\u00e9s concernant la recherche ou les opportunit\u00e9s d&#039;achat et de vente sur le site ou des informations li\u00e9es au sujet du site. Nous pouvons \u00e9galement utiliser des informations personnellement identifiables pour contacter les visiteurs et les clients autoris\u00e9s en r\u00e9ponse \u00e0 des demandes sp\u00e9cifiques ou pour fournir les informations demand\u00e9es.<\/p>\n<h3>Avec qui les informations peuvent-elles \u00eatre partag\u00e9es\u00a0?<\/h3>\n<p>Les informations personnellement identifiables sur les clients autoris\u00e9s peuvent \u00eatre partag\u00e9es avec d&#039;autres clients autoris\u00e9s qui souhaitent \u00e9valuer des transactions potentielles avec d&#039;autres clients autoris\u00e9s. Nous pouvons partager des informations agr\u00e9g\u00e9es sur nos visiteurs, y compris les donn\u00e9es d\u00e9mographiques de nos visiteurs et clients autoris\u00e9s, avec nos agences affili\u00e9es et nos fournisseurs tiers. Nous offrons \u00e9galement la possibilit\u00e9 de \u00ab refuser \u00bb de recevoir des informations ou d&#039;\u00eatre contact\u00e9 par nous ou par toute agence agissant en notre nom.<\/p>\n<h3>Comment les informations personnellement identifiables sont-elles stock\u00e9es\u00a0?<\/h3>\n<p>Les informations personnellement identifiables collect\u00e9es par Outdoor Italy Aps sont stock\u00e9es en toute s\u00e9curit\u00e9 et ne sont pas accessibles aux tiers ou aux employ\u00e9s de Outdoor Italy Aps, sauf pour une utilisation comme indiqu\u00e9 ci-dessus.<\/p>\n<h3>Quels choix sont offerts aux Visiteurs concernant la collecte, l&#039;utilisation et la distribution des informations\u00a0?<\/h3>\n<p>Les visiteurs et les clients autoris\u00e9s peuvent refuser de recevoir des informations non sollicit\u00e9es ou d&#039;\u00eatre contact\u00e9s par nous et\/ou nos fournisseurs et agences affili\u00e9es en r\u00e9pondant aux courriels selon les instructions, ou en nous contactant \u00e0 l&#039;adresse suivante : <span \n                data-original-string='PWYRsIRFG3jYUvu0S+Fp1A==c81+fDc6GB4UH0ACZ\/a6QpxsVV91RQjgN5dq0llkb1\/vRo='\n                class='apbct-email-encoder'\n                title='Ce contact a \u00e9t\u00e9 chiffr\u00e9 par l&#039;antispam CleanTalk. Cliquez pour le d\u00e9coder. Pour terminer le d\u00e9codage, assurez-vous que JavaScript est activ\u00e9 dans votre navigateur.'>\u00eatre<span class=\"apbct-blur\">*******<\/span>@<span class=\"apbct-blur\">***<\/span>il.com<\/span><\/p>\n<h3>Biscuits<\/h3>\n<p>Un cookie est une cha\u00eene d&#039;informations qu&#039;un site Web stocke sur l&#039;ordinateur d&#039;un visiteur et que le navigateur du visiteur fournit au site Web chaque fois que le visiteur revient.<\/p>\n<p>Nous utilisons des \u00ab cookies \u00bb pour collecter des informations. Vous pouvez demander \u00e0 votre navigateur de refuser tous les cookies ou d&#039;indiquer quand un cookie est envoy\u00e9. Cependant, si vous n&#039;acceptez pas les cookies, vous ne pourrez peut-\u00eatre pas utiliser certaines parties de notre Service.<\/p>\n<h3>Des cookies sont-ils utilis\u00e9s sur le site\u00a0?<\/h3>\n<p>Les cookies sont utilis\u00e9s pour diverses raisons. Nous utilisons des Cookies pour obtenir des informations sur les pr\u00e9f\u00e9rences de nos Visiteurs et les services qu&#039;ils s\u00e9lectionnent. Nous utilisons \u00e9galement des cookies \u00e0 des fins de s\u00e9curit\u00e9 pour prot\u00e9ger nos clients autoris\u00e9s. Par exemple, si un client autoris\u00e9 est connect\u00e9 et que le site est inutilis\u00e9 pendant plus de 10 minutes, nous d\u00e9connecterons automatiquement le client autoris\u00e9. Les visiteurs qui ne souhaitent pas que des cookies soient plac\u00e9s sur leur ordinateur doivent configurer leur navigateur pour refuser les cookies avant d&#039;utiliser Outdoor Italy Aps, avec l&#039;inconv\u00e9nient que certaines fonctionnalit\u00e9s du site Web peuvent ne pas fonctionner correctement sans l&#039;aide de cookies.<\/p>\n<h3>Cookies utilis\u00e9s par nos prestataires de services<\/h3>\n<p>Nos fournisseurs de services utilisent des cookies et ces cookies peuvent \u00eatre stock\u00e9s sur votre ordinateur lorsque vous visitez notre site Web. Vous pouvez trouver plus de d\u00e9tails sur les cookies utilis\u00e9s dans notre page d&#039;informations sur les cookies.<\/p>\n<h3>Comment WPLegalPages utilise-t-il les informations de connexion ?<\/h3>\n<p>Outdoor Italy Aps utilise les informations de connexion, y compris, mais sans s&#039;y limiter, les adresses IP, les FAI et les types de navigateur, la version du navigateur, les pages visit\u00e9es, la date et l&#039;heure de la visite, pour analyser les tendances, administrer le Site, suivre les mouvements et l&#039;utilisation d&#039;un utilisateur, et recueillir des informations d\u00e9mographiques g\u00e9n\u00e9rales.<\/p>\n<h3>Quels partenaires ou prestataires de services ont acc\u00e8s aux Informations Personnelles Identifiables des Visiteurs et\/ou Clients Autoris\u00e9s sur le Site ?<\/h3>\n<p>Outdoor Italy Aps a conclu et continuera de conclure des partenariats et d&#039;autres affiliations avec un certain nombre de fournisseurs. Ces fournisseurs peuvent avoir acc\u00e8s \u00e0 certaines informations personnellement identifiables sur un besoin de conna\u00eetre la base d&#039;\u00e9valuation des clients autoris\u00e9s pour l&#039;\u00e9ligibilit\u00e9 au service. Notre politique de confidentialit\u00e9 ne couvre pas leur collecte ou l&#039;utilisation de ces informations.<\/p>\n<h3>Comment le site prot\u00e8ge-t-il les informations personnellement identifiables\u00a0?<\/h3>\n<p>Tous nos employ\u00e9s connaissent notre politique et nos pratiques en mati\u00e8re de s\u00e9curit\u00e9. Les informations personnellement identifiables de nos visiteurs et clients autoris\u00e9s ne sont accessibles qu&#039;\u00e0 un nombre limit\u00e9 d&#039;employ\u00e9s qualifi\u00e9s qui re\u00e7oivent un mot de passe afin d&#039;acc\u00e9der aux informations. Nous auditons r\u00e9guli\u00e8rement nos syst\u00e8mes et processus de s\u00e9curit\u00e9. Les informations sensibles, telles que les num\u00e9ros de carte de cr\u00e9dit ou les num\u00e9ros de s\u00e9curit\u00e9 sociale, sont prot\u00e9g\u00e9es par des protocoles de cryptage, mis en place pour prot\u00e9ger les informations envoy\u00e9es sur Internet. Bien que nous prenions des mesures commercialement raisonnables pour maintenir un site s\u00e9curis\u00e9, les communications \u00e9lectroniques et les bases de donn\u00e9es sont sujettes \u00e0 des erreurs, des falsifications et des effractions, et nous ne pouvons garantir ou garantir que de tels \u00e9v\u00e9nements n&#039;auront pas lieu et nous ne serons pas responsables envers les visiteurs ou Clients autoris\u00e9s pour de tels \u00e9v\u00e9nements.<\/p>\n<h3>Comment les visiteurs peuvent-ils corriger les inexactitudes dans les informations personnelles identifiables\u00a0?<\/h3>\n<p>Les visiteurs et les clients autoris\u00e9s peuvent nous contacter pour mettre \u00e0 jour les informations personnelles les concernant ou pour corriger toute inexactitude en nous envoyant un e-mail \u00e0 <a href=\"mailto:be*******@***il.com\" data-original-string=\"5svS+0MC3FtqTdnuxuwKhQ==c81jorikj5pJEwwyY2nzuiMbCIjd1e6T5ZvlUscYppjblE=\" title=\"Ce contact a \u00e9t\u00e9 chiffr\u00e9 par l&#039;antispam CleanTalk. Cliquez pour le d\u00e9coder. Pour terminer le d\u00e9codage, assurez-vous que JavaScript est activ\u00e9 dans votre navigateur.\"><span \n                data-original-string='kZ3vxo0Nm\/U8nSyK99yk\/g==c81XHTjBjiaNxgq2tT4UwzI3e6GfiTO++NVIfzHUNoVCOE='\n                class='apbct-email-encoder'\n                title='Ce contact a \u00e9t\u00e9 chiffr\u00e9 par l&#039;antispam CleanTalk. Cliquez pour le d\u00e9coder. Pour terminer le d\u00e9codage, assurez-vous que JavaScript est activ\u00e9 dans votre navigateur.'>\u00eatre<span class=\"apbct-blur\">*******<\/span>@<span class=\"apbct-blur\">***<\/span>il.com<\/span><\/a>.<\/p>\n<h3>Un Visiteur peut-il supprimer ou d\u00e9sactiver les Informations Personnelles Identifiables collect\u00e9es par le Site ?<\/h3>\n<p>Nous fournissons aux visiteurs et aux clients autoris\u00e9s un m\u00e9canisme pour supprimer\/d\u00e9sactiver les informations personnellement identifiables de la base de donn\u00e9es du site en contactant. Cependant, en raison des sauvegardes et des enregistrements de suppressions, il peut \u00eatre impossible de supprimer l&#039;entr\u00e9e d&#039;un visiteur sans conserver certaines informations r\u00e9siduelles. Une personne qui demande la d\u00e9sactivation des informations personnellement identifiables verra ces informations supprim\u00e9es de mani\u00e8re fonctionnelle, et nous ne vendrons, ne transf\u00e9rerons ni n&#039;utiliserons les informations personnellement identifiables relatives \u00e0 cette personne de quelque mani\u00e8re que ce soit \u00e0 l&#039;avenir.<\/p>\n<h3>Tes droits<\/h3>\n<p>Ce sont des droits r\u00e9sum\u00e9s que vous avez en vertu de la loi sur la protection des donn\u00e9es<\/p>\n<ul>\n<li>Le droit d&#039;acc\u00e8s<\/li>\n<li>Le droit de rectification<\/li>\n<li>Le droit \u00e0 l&#039;effacement<\/li>\n<li>Le droit de limiter le traitement<\/li>\n<li>Le droit de s&#039;opposer au traitement<\/li>\n<li>Le droit \u00e0 la portabilit\u00e9 des donn\u00e9es<\/li>\n<li>Le droit de porter plainte aupr\u00e8s d&#039;une autorit\u00e9 de contr\u00f4le<\/li>\n<li>Le droit de retirer son consentement<\/li>\n<\/ul>\n<h3>Confidentialit\u00e9 des enfants<\/h3>\n<p>Notre service ne s&#039;adresse pas aux \u00ab\u00a0enfants\u00a0\u00bb, \u00e0 toute personne \u00e2g\u00e9e de moins de 18\u00a0ans, et nous ne collectons pas sciemment d&#039;informations personnellement identifiables aupr\u00e8s d&#039;enfants de moins de 18\u00a0ans.<\/p>\n<p>Si vous \u00eates un parent ou un tuteur et que vous savez que votre enfant nous a fourni des informations personnelles, veuillez nous contacter imm\u00e9diatement aux coordonn\u00e9es fournies. Si nous apprenons que des enfants de moins de 18 ans ont fourni des informations personnelles, nous supprimerons imm\u00e9diatement les informations de nos serveurs.<\/p>\n<h3>En accord avec les lois<\/h3>\n<p>Divulgation d&#039;informations personnellement identifiables pour se conformer \u00e0 la loi. Nous divulguerons des informations personnellement identifiables afin de nous conformer \u00e0 une ordonnance d&#039;un tribunal ou \u00e0 une citation \u00e0 compara\u00eetre ou \u00e0 une demande d&#039;un organisme charg\u00e9 de l&#039;application de la loi de divulguer des informations. Nous divulguerons \u00e9galement des informations personnellement identifiables lorsque cela sera raisonnablement n\u00e9cessaire pour prot\u00e9ger la s\u00e9curit\u00e9 de nos visiteurs et clients autoris\u00e9s.<\/p>\n<h3>Que se passe-t-il si la politique de confidentialit\u00e9 change\u00a0?<\/h3>\n<p>Nous informerons nos visiteurs et clients autoris\u00e9s des modifications apport\u00e9es \u00e0 notre politique de confidentialit\u00e9 en publiant ces modifications sur le site. Cependant, si nous modifions notre politique de confidentialit\u00e9 d&#039;une mani\u00e8re qui pourrait entra\u00eener la divulgation d&#039;informations personnellement identifiables qu&#039;un visiteur ou un client autoris\u00e9 a pr\u00e9c\u00e9demment demand\u00e9 de ne pas divulguer, nous contacterons ce visiteur ou client autoris\u00e9 pour permettre \u00e0 ce visiteur ou client autoris\u00e9 d&#039;emp\u00eacher une telle divulgation.<\/p>\n<h3>Liens<\/h3>\n<p>Outdoor Italy Aps contient des liens vers d&#039;autres sites Web. Veuillez noter que lorsque vous cliquez sur l&#039;un de ces liens, vous vous dirigez vers un autre site Web. Nous vous encourageons \u00e0 lire les d\u00e9clarations de confidentialit\u00e9 de ces sites li\u00e9s car leurs politiques de confidentialit\u00e9 peuvent diff\u00e9rer des n\u00f4tres.<\/p>\n<h3>Nous contacter<\/h3>\n<p>Si vous avez des questions concernant cette politique de confidentialit\u00e9, veuillez nous contacter \u00e0 <a href=\"mailto:be*******@***il.com\" data-original-string=\"63btOJgttkvl7ONCIPoi6g==c810TLjZraeTocSO2LW8QEso0TdhiVDr2lKJFvUEBSvclI=\" title=\"Ce contact a \u00e9t\u00e9 chiffr\u00e9 par l&#039;antispam CleanTalk. Cliquez pour le d\u00e9coder. Pour terminer le d\u00e9codage, assurez-vous que JavaScript est activ\u00e9 dans votre navigateur.\"><span \n                data-original-string='iDCY9mKSDjQ4xOJMVQ0ubA==c818hVL1le6+2hwoDZyHmJQKaAX0QDS2dzM\/SyfrbV7yyM='\n                class='apbct-email-encoder'\n                title='Ce contact a \u00e9t\u00e9 chiffr\u00e9 par l&#039;antispam CleanTalk. Cliquez pour le d\u00e9coder. Pour terminer le d\u00e9codage, assurez-vous que JavaScript est activ\u00e9 dans votre navigateur.'>\u00eatre<span class=\"apbct-blur\">*******<\/span>@<span class=\"apbct-blur\">***<\/span>il.com<\/span><\/a><\/p>\n<hr \/>\n<p>Derni\u00e8re mise \u00e0 jour : 19 septembre 2022<\/p>\n\n\t\t<\/div>\n\t<\/div>\n<\/div><\/div><\/div><\/div>\n<\/div>","protected":false},"excerpt":{"rendered":"Bienvenue sur Outdoor Italy Aps (le &quot;Site&quot;). Nous comprenons que la confidentialit\u00e9 en ligne est importante pour les utilisateurs de notre site, en particulier lorsqu&#039;ils font des affaires. Cette d\u00e9claration r\u00e9git nos politiques de confidentialit\u00e9 \u00e0 l&#039;\u00e9gard des utilisateurs du site (&quot;visiteurs&quot;) qui visitent sans effectuer de transactions commerciales et des visiteurs qui s&#039;inscrivent pour effectuer des transactions commerciales sur le site et faire<div class=\"padding-top text-center\"><a href=\"https:\/\/outdooreurope.eu\/fr\/privacy-policy\/\" class=\"atbtn atbtn--medium atbtn--rounded atbtn--transparent\">Lire la suite<i class=\"atbtn__icon atbtn__icon--right fa fa-long-arrow-right\"><\/i><\/a><\/div>","protected":false},"author":1,"featured_media":0,"parent":0,"menu_order":0,"comment_status":"closed","ping_status":"closed","template":"","meta":{"_acf_changed":false,"content-type":"","inline_featured_image":false,"footnotes":""},"class_list":["post-12683","page","type-page","status-publish","hentry"],"acf":[],"yoast_head":"<!-- This site is optimized with the Yoast SEO Premium plugin v27.4 (Yoast SEO v27.4) - https:\/\/yoast.com\/product\/yoast-seo-premium-wordpress\/ -->\n<title>Privacy Policy - Outdoor Europe<\/title>\n<meta name=\"robots\" content=\"index, follow, max-snippet:-1, max-image-preview:large, max-video-preview:-1\" \/>\n<link rel=\"canonical\" href=\"https:\/\/outdooreurope.eu\/fr\/politique-de-confidentialite\/\" \/>\n<meta property=\"og:locale\" content=\"fr_FR\" \/>\n<meta property=\"og:type\" content=\"article\" \/>\n<meta property=\"og:title\" content=\"Privacy Policy\" \/>\n<meta property=\"og:url\" content=\"https:\/\/outdooreurope.eu\/fr\/politique-de-confidentialite\/\" \/>\n<meta property=\"og:site_name\" content=\"Outdoor Europe\" \/>\n<meta property=\"article:publisher\" content=\"https:\/\/www.facebook.com\/outdooreurope.eu\" \/>\n<meta property=\"article:modified_time\" content=\"2023-10-06T12:20:30+00:00\" \/>\n<meta property=\"og:image\" content=\"https:\/\/outdooreurope.eu\/wp-content\/uploads\/2024\/01\/Dirk-Elsje.jpg\" \/>\n\t<meta property=\"og:image:width\" content=\"1286\" \/>\n\t<meta property=\"og:image:height\" content=\"1286\" \/>\n\t<meta property=\"og:image:type\" content=\"image\/jpeg\" \/>\n<meta name=\"twitter:card\" content=\"summary_large_image\" \/>\n<meta name=\"twitter:label1\" content=\"Dur\u00e9e de lecture estim\u00e9e\" \/>\n\t<meta name=\"twitter:data1\" content=\"7 minutes\" \/>\n<script type=\"application\/ld+json\" class=\"yoast-schema-graph\">{\"@context\":\"https:\\\/\\\/schema.org\",\"@graph\":[{\"@type\":\"WebPage\",\"@id\":\"https:\\\/\\\/outdooreurope.eu\\\/privacy-policy\\\/\",\"url\":\"https:\\\/\\\/outdooreurope.eu\\\/privacy-policy\\\/\",\"name\":\"Privacy Policy - Outdoor Europe\",\"isPartOf\":{\"@id\":\"https:\\\/\\\/outdooreurope.eu\\\/#website\"},\"datePublished\":\"2022-09-19T16:21:07+00:00\",\"dateModified\":\"2023-10-06T12:20:30+00:00\",\"breadcrumb\":{\"@id\":\"https:\\\/\\\/outdooreurope.eu\\\/privacy-policy\\\/#breadcrumb\"},\"inLanguage\":\"fr-FR\",\"potentialAction\":[{\"@type\":\"ReadAction\",\"target\":[\"https:\\\/\\\/outdooreurope.eu\\\/privacy-policy\\\/\"]}]},{\"@type\":\"BreadcrumbList\",\"@id\":\"https:\\\/\\\/outdooreurope.eu\\\/privacy-policy\\\/#breadcrumb\",\"itemListElement\":[{\"@type\":\"ListItem\",\"position\":1,\"name\":\"Hjem\",\"item\":\"https:\\\/\\\/outdooreurope.eu\\\/\"},{\"@type\":\"ListItem\",\"position\":2,\"name\":\"Privacy Policy\"}]},{\"@type\":\"WebSite\",\"@id\":\"https:\\\/\\\/outdooreurope.eu\\\/#website\",\"url\":\"https:\\\/\\\/outdooreurope.eu\\\/\",\"name\":\"Outdoor Europe\",\"description\":\"Hiking In Europe I Join the trail\",\"potentialAction\":[{\"@type\":\"SearchAction\",\"target\":{\"@type\":\"EntryPoint\",\"urlTemplate\":\"https:\\\/\\\/outdooreurope.eu\\\/?s={search_term_string}\"},\"query-input\":{\"@type\":\"PropertyValueSpecification\",\"valueRequired\":true,\"valueName\":\"search_term_string\"}}],\"inLanguage\":\"fr-FR\"}]}<\/script>\n<!-- \/ Yoast SEO Premium plugin. -->","yoast_head_json":{"title":"Politique de confidentialit\u00e9 - Outdoor Europe","robots":{"index":"index","follow":"follow","max-snippet":"max-snippet:-1","max-image-preview":"max-image-preview:large","max-video-preview":"max-video-preview:-1"},"canonical":"https:\/\/outdooreurope.eu\/fr\/politique-de-confidentialite\/","og_locale":"fr_FR","og_type":"article","og_title":"Privacy Policy","og_url":"https:\/\/outdooreurope.eu\/fr\/politique-de-confidentialite\/","og_site_name":"Outdoor Europe","article_publisher":"https:\/\/www.facebook.com\/outdooreurope.eu","article_modified_time":"2023-10-06T12:20:30+00:00","og_image":[{"width":1286,"height":1286,"url":"https:\/\/outdooreurope.eu\/wp-content\/uploads\/2024\/01\/Dirk-Elsje.jpg","type":"image\/jpeg"}],"twitter_card":"summary_large_image","twitter_misc":{"Dur\u00e9e de lecture estim\u00e9e":"7 minutes"},"schema":{"@context":"https:\/\/schema.org","@graph":[{"@type":"WebPage","@id":"https:\/\/outdooreurope.eu\/privacy-policy\/","url":"https:\/\/outdooreurope.eu\/privacy-policy\/","name":"Politique de confidentialit\u00e9 - Outdoor Europe","isPartOf":{"@id":"https:\/\/outdooreurope.eu\/#website"},"datePublished":"2022-09-19T16:21:07+00:00","dateModified":"2023-10-06T12:20:30+00:00","breadcrumb":{"@id":"https:\/\/outdooreurope.eu\/privacy-policy\/#breadcrumb"},"inLanguage":"fr-FR","potentialAction":[{"@type":"ReadAction","target":["https:\/\/outdooreurope.eu\/privacy-policy\/"]}]},{"@type":"BreadcrumbList","@id":"https:\/\/outdooreurope.eu\/privacy-policy\/#breadcrumb","itemListElement":[{"@type":"ListItem","position":1,"name":"Hjem","item":"https:\/\/outdooreurope.eu\/"},{"@type":"ListItem","position":2,"name":"Privacy Policy"}]},{"@type":"WebSite","@id":"https:\/\/outdooreurope.eu\/#website","url":"https:\/\/outdooreurope.eu\/","name":"L&#039;Europe en plein air","description":"Randonn\u00e9e en Europe Je rejoins le sentier","potentialAction":[{"@type":"SearchAction","target":{"@type":"EntryPoint","urlTemplate":"https:\/\/outdooreurope.eu\/?s={search_term_string}"},"query-input":{"@type":"PropertyValueSpecification","valueRequired":true,"valueName":"search_term_string"}}],"inLanguage":"fr-FR"}]}},"_links":{"self":[{"href":"https:\/\/outdooreurope.eu\/fr\/wp-json\/wp\/v2\/pages\/12683","targetHints":{"allow":["GET"]}}],"collection":[{"href":"https:\/\/outdooreurope.eu\/fr\/wp-json\/wp\/v2\/pages"}],"about":[{"href":"https:\/\/outdooreurope.eu\/fr\/wp-json\/wp\/v2\/types\/page"}],"author":[{"embeddable":true,"href":"https:\/\/outdooreurope.eu\/fr\/wp-json\/wp\/v2\/users\/1"}],"replies":[{"embeddable":true,"href":"https:\/\/outdooreurope.eu\/fr\/wp-json\/wp\/v2\/comments?post=12683"}],"version-history":[{"count":0,"href":"https:\/\/outdooreurope.eu\/fr\/wp-json\/wp\/v2\/pages\/12683\/revisions"}],"wp:attachment":[{"href":"https:\/\/outdooreurope.eu\/fr\/wp-json\/wp\/v2\/media?parent=12683"}],"curies":[{"name":"wp","href":"https:\/\/api.w.org\/{rel}","templated":true}]}}