{"id":15512,"date":"2024-01-12T12:12:53","date_gmt":"2024-01-12T11:12:53","guid":{"rendered":"https:\/\/outdooreurope.eu\/?post_type=product&#038;p=15512"},"modified":"2026-01-18T15:09:35","modified_gmt":"2026-01-18T14:09:35","slug":"trekking-dans-la-vallee-dayas-une-aventure-alpine-inoubliable","status":"publish","type":"product","link":"https:\/\/outdooreurope.eu\/fr\/tours\/trekking-the-ayas-valley-an-unforgettable-alpine-adventure\/","title":{"rendered":"Randonn\u00e9e dans la vall\u00e9e d&#039;Ayas : une aventure alpine inoubliable"},"content":{"rendered":"<p>Randonn\u00e9e dans la vall\u00e9e d&#039;Ayas : une aventure alpine inoubliable<\/p>\n<p>Embarquez pour un voyage captivant au c\u0153ur des Alpes, o\u00f9 l&#039;embl\u00e9matique Cervin et le majestueux massif du Mont Rose cr\u00e9ent un d\u00e9cor \u00e0 couper le souffle. Cette visite est votre passeport pour l&#039;un des paysages les plus beaux et les plus inoubliables du monde, promettant des souvenirs \u00e0 ch\u00e9rir pour les ann\u00e9es \u00e0 venir.<\/p>","protected":false},"excerpt":{"rendered":"<p>Randonn\u00e9e dans la vall\u00e9e d&#039;Ayas, entre le Cervin et le Mont Rose. Nous prenons en charge vos bagages.<\/p>","protected":false},"featured_media":13418,"comment_status":"open","ping_status":"closed","template":"","meta":{"_acf_changed":false,"content-type":"","inline_featured_image":false},"product_brand":[],"product_cat":[302],"product_tag":[760],"class_list":{"0":"post-15512","1":"product","2":"type-product","3":"status-publish","4":"has-post-thumbnail","6":"tour_country-italy","7":"tour_types-hut-to-hut","8":"tour_types-self-guided","9":"tour_types-bestsellers","10":"product_cat-ukategoriseret","11":"product_tag-hiking","12":"pa_duration-7-nights","13":"pa_duration-8-days","14":"tour_category-hiking-in-europe","16":"first","17":"instock","18":"shipping-taxable","19":"purchasable","20":"product-type-tour"},"acf":[],"yoast_head":"<!-- This site is optimized with the Yoast SEO Premium plugin v27.4 (Yoast SEO v27.4) - https:\/\/yoast.com\/product\/yoast-seo-premium-wordpress\/ -->\n<title>Trekking the Ayas Valley: An Alpine Adventure Awaits<\/title>\n<meta name=\"description\" content=\"Experience the stunning views of the Alps with our Trekking the Ayas Valley tour! Create unforgettable memories as you hike between iconic peaks.\" \/>\n<meta name=\"robots\" content=\"index, follow, max-snippet:-1, max-image-preview:large, max-video-preview:-1\" \/>\n<link rel=\"canonical\" href=\"https:\/\/outdooreurope.eu\/fr\/visites\/trekking-dans-la-vallee-dayas-une-aventure-alpine-inoubliable\/\" \/>\n<meta property=\"og:locale\" content=\"fr_FR\" \/>\n<meta property=\"og:type\" content=\"article\" \/>\n<meta property=\"og:title\" content=\"Trekking the ayas valley: an unforgettable alpine adventure\" \/>\n<meta property=\"og:description\" content=\"Trekking the Ayas Valley between Matterhorn and Monte Rosa. We will take care of your luggage.\" \/>\n<meta property=\"og:url\" content=\"https:\/\/outdooreurope.eu\/fr\/visites\/trekking-dans-la-vallee-dayas-une-aventure-alpine-inoubliable\/\" \/>\n<meta property=\"og:site_name\" content=\"Outdoor Europe\" \/>\n<meta property=\"article:publisher\" content=\"https:\/\/www.facebook.com\/outdooreurope.eu\" \/>\n<meta property=\"article:modified_time\" content=\"2026-01-18T14:09:35+00:00\" \/>\n<meta property=\"og:image\" content=\"https:\/\/outdooreurope.eu\/wp-content\/uploads\/2021\/12\/Mit-projekt-1.jpg\" \/>\n\t<meta property=\"og:image:width\" content=\"2048\" \/>\n\t<meta property=\"og:image:height\" content=\"1152\" \/>\n\t<meta property=\"og:image:type\" content=\"image\/jpeg\" \/>\n<meta name=\"twitter:card\" content=\"summary_large_image\" \/>\n<meta name=\"twitter:label1\" content=\"Prix\" \/>\n\t<meta name=\"twitter:data1\" content=\"&euro;995\" \/>\n\t<meta name=\"twitter:label2\" content=\"Disponibilit\u00e9\" \/>\n\t<meta name=\"twitter:data2\" content=\"En stock\" \/>\n<script type=\"application\/ld+json\" class=\"yoast-schema-graph\">{\"@context\":\"https:\\\/\\\/schema.org\",\"@graph\":[{\"@type\":\"WebPage\",\"@id\":\"https:\\\/\\\/outdooreurope.eu\\\/tours\\\/trekking-the-ayas-valley-an-unforgettable-alpine-adventure\\\/\",\"url\":\"https:\\\/\\\/outdooreurope.eu\\\/tours\\\/trekking-the-ayas-valley-an-unforgettable-alpine-adventure\\\/\",\"name\":\"Trekking the Ayas Valley: An Alpine Adventure Awaits\",\"isPartOf\":{\"@id\":\"https:\\\/\\\/outdooreurope.eu\\\/#website\"},\"primaryImageOfPage\":{\"@id\":\"https:\\\/\\\/outdooreurope.eu\\\/tours\\\/trekking-the-ayas-valley-an-unforgettable-alpine-adventure\\\/#primaryimage\"},\"image\":{\"@id\":\"https:\\\/\\\/outdooreurope.eu\\\/tours\\\/trekking-the-ayas-valley-an-unforgettable-alpine-adventure\\\/#primaryimage\"},\"thumbnailUrl\":\"https:\\\/\\\/outdooreurope.eu\\\/wp-content\\\/uploads\\\/2021\\\/12\\\/Mit-projekt-1.jpg\",\"datePublished\":\"2024-01-12T11:12:53+00:00\",\"dateModified\":\"2026-01-18T14:09:35+00:00\",\"description\":\"Experience the stunning views of the Alps with our Trekking the Ayas Valley tour! Create unforgettable memories as you hike between iconic peaks.\",\"breadcrumb\":{\"@id\":\"https:\\\/\\\/outdooreurope.eu\\\/tours\\\/trekking-the-ayas-valley-an-unforgettable-alpine-adventure\\\/#breadcrumb\"},\"inLanguage\":\"fr-FR\",\"potentialAction\":[{\"@type\":\"ReadAction\",\"target\":[\"https:\\\/\\\/outdooreurope.eu\\\/tours\\\/trekking-the-ayas-valley-an-unforgettable-alpine-adventure\\\/\"]}]},{\"@type\":\"ImageObject\",\"inLanguage\":\"fr-FR\",\"@id\":\"https:\\\/\\\/outdooreurope.eu\\\/tours\\\/trekking-the-ayas-valley-an-unforgettable-alpine-adventure\\\/#primaryimage\",\"url\":\"https:\\\/\\\/outdooreurope.eu\\\/wp-content\\\/uploads\\\/2021\\\/12\\\/Mit-projekt-1.jpg\",\"contentUrl\":\"https:\\\/\\\/outdooreurope.eu\\\/wp-content\\\/uploads\\\/2021\\\/12\\\/Mit-projekt-1.jpg\",\"width\":2048,\"height\":1152},{\"@type\":\"BreadcrumbList\",\"@id\":\"https:\\\/\\\/outdooreurope.eu\\\/tours\\\/trekking-the-ayas-valley-an-unforgettable-alpine-adventure\\\/#breadcrumb\",\"itemListElement\":[{\"@type\":\"ListItem\",\"position\":1,\"name\":\"Hjem\",\"item\":\"https:\\\/\\\/outdooreurope.eu\\\/\"},{\"@type\":\"ListItem\",\"position\":2,\"name\":\"Shop\",\"item\":\"https:\\\/\\\/outdooreurope.eu\\\/shop\\\/\"},{\"@type\":\"ListItem\",\"position\":3,\"name\":\"Trekking the ayas valley: an unforgettable alpine adventure\"}]},{\"@type\":\"WebSite\",\"@id\":\"https:\\\/\\\/outdooreurope.eu\\\/#website\",\"url\":\"https:\\\/\\\/outdooreurope.eu\\\/\",\"name\":\"Outdoor Europe\",\"description\":\"Hiking In Europe I Join the trail\",\"potentialAction\":[{\"@type\":\"SearchAction\",\"target\":{\"@type\":\"EntryPoint\",\"urlTemplate\":\"https:\\\/\\\/outdooreurope.eu\\\/?s={search_term_string}\"},\"query-input\":{\"@type\":\"PropertyValueSpecification\",\"valueRequired\":true,\"valueName\":\"search_term_string\"}}],\"inLanguage\":\"fr-FR\"}]}<\/script>\n<meta property=\"product:price:amount\" content=\"995\" \/>\n<meta property=\"product:price:currency\" content=\"EUR\" \/>\n<meta property=\"og:availability\" content=\"instock\" \/>\n<meta property=\"product:availability\" content=\"instock\" \/>\n<meta property=\"product:retailer_item_id\" content=\"15512\" \/>\n<meta property=\"product:condition\" content=\"new\" \/>\n<!-- \/ Yoast SEO Premium plugin. -->","yoast_head_json":{"title":"Randonn\u00e9e dans la vall\u00e9e d&#039;Ayas\u00a0: une aventure alpine vous attend","description":"D\u00e9couvrez des vues imprenables sur les Alpes avec notre randonn\u00e9e dans la vall\u00e9e d&#039;Ayas\u00a0! Cr\u00e9ez des souvenirs inoubliables en randonnant entre des sommets embl\u00e9matiques.","robots":{"index":"index","follow":"follow","max-snippet":"max-snippet:-1","max-image-preview":"max-image-preview:large","max-video-preview":"max-video-preview:-1"},"canonical":"https:\/\/outdooreurope.eu\/fr\/visites\/trekking-dans-la-vallee-dayas-une-aventure-alpine-inoubliable\/","og_locale":"fr_FR","og_type":"article","og_title":"Trekking the ayas valley: an unforgettable alpine adventure","og_description":"Trekking the Ayas Valley between Matterhorn and Monte Rosa. We will take care of your luggage.","og_url":"https:\/\/outdooreurope.eu\/fr\/visites\/trekking-dans-la-vallee-dayas-une-aventure-alpine-inoubliable\/","og_site_name":"Outdoor Europe","article_publisher":"https:\/\/www.facebook.com\/outdooreurope.eu","article_modified_time":"2026-01-18T14:09:35+00:00","og_image":[{"width":2048,"height":1152,"url":"https:\/\/outdooreurope.eu\/wp-content\/uploads\/2021\/12\/Mit-projekt-1.jpg","type":"image\/jpeg"}],"twitter_card":"summary_large_image","twitter_misc":{"Prix":"&euro;995","Disponibilit\u00e9":"En stock"},"schema":{"@context":"https:\/\/schema.org","@graph":[{"@type":"WebPage","@id":"https:\/\/outdooreurope.eu\/tours\/trekking-the-ayas-valley-an-unforgettable-alpine-adventure\/","url":"https:\/\/outdooreurope.eu\/tours\/trekking-the-ayas-valley-an-unforgettable-alpine-adventure\/","name":"Randonn\u00e9e dans la vall\u00e9e d&#039;Ayas\u00a0: une aventure alpine vous attend","isPartOf":{"@id":"https:\/\/outdooreurope.eu\/#website"},"primaryImageOfPage":{"@id":"https:\/\/outdooreurope.eu\/tours\/trekking-the-ayas-valley-an-unforgettable-alpine-adventure\/#primaryimage"},"image":{"@id":"https:\/\/outdooreurope.eu\/tours\/trekking-the-ayas-valley-an-unforgettable-alpine-adventure\/#primaryimage"},"thumbnailUrl":"https:\/\/outdooreurope.eu\/wp-content\/uploads\/2021\/12\/Mit-projekt-1.jpg","datePublished":"2024-01-12T11:12:53+00:00","dateModified":"2026-01-18T14:09:35+00:00","description":"D\u00e9couvrez des vues imprenables sur les Alpes avec notre randonn\u00e9e dans la vall\u00e9e d&#039;Ayas\u00a0! Cr\u00e9ez des souvenirs inoubliables en randonnant entre des sommets embl\u00e9matiques.","breadcrumb":{"@id":"https:\/\/outdooreurope.eu\/tours\/trekking-the-ayas-valley-an-unforgettable-alpine-adventure\/#breadcrumb"},"inLanguage":"fr-FR","potentialAction":[{"@type":"ReadAction","target":["https:\/\/outdooreurope.eu\/tours\/trekking-the-ayas-valley-an-unforgettable-alpine-adventure\/"]}]},{"@type":"ImageObject","inLanguage":"fr-FR","@id":"https:\/\/outdooreurope.eu\/tours\/trekking-the-ayas-valley-an-unforgettable-alpine-adventure\/#primaryimage","url":"https:\/\/outdooreurope.eu\/wp-content\/uploads\/2021\/12\/Mit-projekt-1.jpg","contentUrl":"https:\/\/outdooreurope.eu\/wp-content\/uploads\/2021\/12\/Mit-projekt-1.jpg","width":2048,"height":1152},{"@type":"BreadcrumbList","@id":"https:\/\/outdooreurope.eu\/tours\/trekking-the-ayas-valley-an-unforgettable-alpine-adventure\/#breadcrumb","itemListElement":[{"@type":"ListItem","position":1,"name":"Hjem","item":"https:\/\/outdooreurope.eu\/"},{"@type":"ListItem","position":2,"name":"Shop","item":"https:\/\/outdooreurope.eu\/shop\/"},{"@type":"ListItem","position":3,"name":"Trekking the ayas valley: an unforgettable alpine adventure"}]},{"@type":"WebSite","@id":"https:\/\/outdooreurope.eu\/#website","url":"https:\/\/outdooreurope.eu\/","name":"L&#039;Europe en plein air","description":"Randonn\u00e9e en Europe Je rejoins le sentier","potentialAction":[{"@type":"SearchAction","target":{"@type":"EntryPoint","urlTemplate":"https:\/\/outdooreurope.eu\/?s={search_term_string}"},"query-input":{"@type":"PropertyValueSpecification","valueRequired":true,"valueName":"search_term_string"}}],"inLanguage":"fr-FR"}]},"product_price_amount":"995","product_price_currency":"EUR","og_availability":"instock","product_availability":"instock","product_retailer_item_id":"15512","product_condition":"new"},"_links":{"self":[{"href":"https:\/\/outdooreurope.eu\/fr\/wp-json\/wp\/v2\/product\/15512","targetHints":{"allow":["GET"]}}],"collection":[{"href":"https:\/\/outdooreurope.eu\/fr\/wp-json\/wp\/v2\/product"}],"about":[{"href":"https:\/\/outdooreurope.eu\/fr\/wp-json\/wp\/v2\/types\/product"}],"replies":[{"embeddable":true,"href":"https:\/\/outdooreurope.eu\/fr\/wp-json\/wp\/v2\/comments?post=15512"}],"wp:featuredmedia":[{"embeddable":true,"href":"https:\/\/outdooreurope.eu\/fr\/wp-json\/wp\/v2\/media\/13418"}],"wp:attachment":[{"href":"https:\/\/outdooreurope.eu\/fr\/wp-json\/wp\/v2\/media?parent=15512"}],"wp:term":[{"taxonomy":"product_brand","embeddable":true,"href":"https:\/\/outdooreurope.eu\/fr\/wp-json\/wp\/v2\/product_brand?post=15512"},{"taxonomy":"product_cat","embeddable":true,"href":"https:\/\/outdooreurope.eu\/fr\/wp-json\/wp\/v2\/product_cat?post=15512"},{"taxonomy":"product_tag","embeddable":true,"href":"https:\/\/outdooreurope.eu\/fr\/wp-json\/wp\/v2\/product_tag?post=15512"}],"curies":[{"name":"wp","href":"https:\/\/api.w.org\/{rel}","templated":true}]}}