{"id":15633,"date":"2024-01-16T06:25:21","date_gmt":"2024-01-16T05:25:21","guid":{"rendered":"https:\/\/outdooreurope.eu\/?post_type=product&#038;p=15633"},"modified":"2026-01-18T15:01:10","modified_gmt":"2026-01-18T14:01:10","slug":"randonnee-alpine-suisse-ours-trekking","status":"publish","type":"product","link":"https:\/\/outdooreurope.eu\/fr\/tours\/hiking-switzerland-alpine-bear-trekking\/","title":{"rendered":"Vivez la Via Alpina \u00ab Bear Trek \u00bb : une aventure de randonn\u00e9e en Suisse"},"content":{"rendered":"<p>Partez \u00e0 la d\u00e9couverte du l\u00e9gendaire sentier de l&#039;Ours. Pr\u00e9parez-vous \u00e0 une aventure extraordinaire au c\u0153ur de la Suisse avec le sentier de la Via Alpina \u201c\u00a0l&#039;Ours\u00a0\u201d. Ce trek vous d\u00e9voilera les plus beaux panoramas du pays, en vous guidant \u00e0 travers des glaciers, des cols spectaculaires et des paysages suisses embl\u00e9matiques.<\/p>\n<p>Le Bear Trek, bien que d\u00e9pourvu de v\u00e9ritables ours, rend hommage \u00e0 une \u00e9poque o\u00f9 seuls les animaux sauvages pouvaient parcourir son terrain difficile. Bien que le sentier soit bien entretenu, il ne s\u2019agit pas d\u2019une promenade tranquille : attendez-vous \u00e0 des d\u00e9fis qui r\u00e9compenseront l\u2019esprit aventureux.<\/p>\n<ul>\n<li><strong>Merveilles glaciaires :<\/strong> Plongez dans la beaut\u00e9 impressionnante des glaciers en parcourant les paysages \u00e0 couper le souffle des Alpes suisses.<\/li>\n<li><strong>Sommets embl\u00e9matiques :<\/strong> Suivez les traces des l\u00e9gendes de l&#039;alpinisme en passant par les sommets l\u00e9gendaires de l&#039;Eiger, du M\u00f6nch et de la Jungfrau.<\/li>\n<li><strong>R\u00e9compenses alpines :<\/strong> Affrontez des cols et des sommets qui mettent \u00e0 l&#039;\u00e9preuve vos comp\u00e9tences alpines et savourez des vues panoramiques \u00e0 couper le souffle tandis que vos efforts sont largement r\u00e9compens\u00e9s.<\/li>\n<\/ul>","protected":false},"excerpt":{"rendered":"<p>Une randonn\u00e9e l\u00e9gendaire en haute montagne \u00e0 travers l&#039;Oberland bernois suisse. Traversez des cols escarp\u00e9s, admirez des glaciers et des sommets embl\u00e9matiques comme l&#039;Eiger, et s\u00e9journez dans des villages de montagne traditionnels\u00a0: voici le Bear Trek dans toute sa splendeur.<\/p>","protected":false},"featured_media":15634,"comment_status":"open","ping_status":"closed","template":"","meta":{"_acf_changed":false,"content-type":"","inline_featured_image":false},"product_brand":[],"product_cat":[302],"product_tag":[],"class_list":{"0":"post-15633","1":"product","2":"type-product","3":"status-publish","4":"has-post-thumbnail","6":"tour_country-switzerland","7":"product_cat-ukategoriseret","8":"pa_duration-6-days","9":"tour_category-hiking-in-europe","11":"first","12":"instock","13":"virtual","14":"purchasable","15":"product-type-tour"},"acf":[],"yoast_head":"<!-- This site is optimized with the Yoast SEO Premium plugin v27.4 (Yoast SEO v27.4) - https:\/\/yoast.com\/product\/yoast-seo-premium-wordpress\/ -->\n<title>Experience the via alpine \u201cbear trek\u201d: a swiss hiking adventure - Outdoor Europe<\/title>\n<meta name=\"description\" content=\"Embark on a thrilling journey to Hike the legendary Bear Trek in Switzerland! Discover stunning glaciers and breathtaking landscapes today!\" \/>\n<meta name=\"robots\" content=\"index, follow, max-snippet:-1, max-image-preview:large, max-video-preview:-1\" \/>\n<link rel=\"canonical\" href=\"https:\/\/outdooreurope.eu\/fr\/visites\/randonnee-alpine-suisse-ours-trekking\/\" \/>\n<meta property=\"og:locale\" content=\"fr_FR\" \/>\n<meta property=\"og:type\" content=\"article\" \/>\n<meta property=\"og:title\" content=\"Experience the via alpine \u201cbear trek\u201d: a swiss hiking adventure\" \/>\n<meta property=\"og:description\" content=\"A legendary high-alpine hike through Switzerland\u2019s Bernese Oberland. Cross rugged passes, admire glaciers and iconic peaks like the Eiger, and stay in traditional mountain villages\u2014this is the Bear Trek at its best.\" \/>\n<meta property=\"og:url\" content=\"https:\/\/outdooreurope.eu\/fr\/visites\/randonnee-alpine-suisse-ours-trekking\/\" \/>\n<meta property=\"og:site_name\" content=\"Outdoor Europe\" \/>\n<meta property=\"article:publisher\" content=\"https:\/\/www.facebook.com\/outdooreurope.eu\" \/>\n<meta property=\"article:modified_time\" content=\"2026-01-18T14:01:10+00:00\" \/>\n<meta property=\"og:image\" content=\"https:\/\/outdooreurope.eu\/wp-content\/uploads\/2024\/01\/shutterstock_517517116-scaled-720x606-1.jpg\" \/>\n\t<meta property=\"og:image:width\" content=\"720\" \/>\n\t<meta property=\"og:image:height\" content=\"606\" \/>\n\t<meta property=\"og:image:type\" content=\"image\/jpeg\" \/>\n<meta name=\"twitter:card\" content=\"summary_large_image\" \/>\n<meta name=\"twitter:label1\" content=\"Prix\" \/>\n\t<meta name=\"twitter:data1\" content=\"&euro;1,685\" \/>\n\t<meta name=\"twitter:label2\" content=\"Disponibilit\u00e9\" \/>\n\t<meta name=\"twitter:data2\" content=\"En stock\" \/>\n<script type=\"application\/ld+json\" class=\"yoast-schema-graph\">{\"@context\":\"https:\\\/\\\/schema.org\",\"@graph\":[{\"@type\":\"WebPage\",\"@id\":\"https:\\\/\\\/outdooreurope.eu\\\/tours\\\/hiking-switzerland-alpine-bear-trekking\\\/\",\"url\":\"https:\\\/\\\/outdooreurope.eu\\\/tours\\\/hiking-switzerland-alpine-bear-trekking\\\/\",\"name\":\"Experience the via alpine \u201cbear trek\u201d: a swiss hiking adventure - Outdoor Europe\",\"isPartOf\":{\"@id\":\"https:\\\/\\\/outdooreurope.eu\\\/#website\"},\"primaryImageOfPage\":{\"@id\":\"https:\\\/\\\/outdooreurope.eu\\\/tours\\\/hiking-switzerland-alpine-bear-trekking\\\/#primaryimage\"},\"image\":{\"@id\":\"https:\\\/\\\/outdooreurope.eu\\\/tours\\\/hiking-switzerland-alpine-bear-trekking\\\/#primaryimage\"},\"thumbnailUrl\":\"https:\\\/\\\/outdooreurope.eu\\\/wp-content\\\/uploads\\\/2024\\\/01\\\/shutterstock_517517116-scaled-720x606-1.jpg\",\"datePublished\":\"2024-01-16T05:25:21+00:00\",\"dateModified\":\"2026-01-18T14:01:10+00:00\",\"description\":\"Embark on a thrilling journey to Hike the legendary Bear Trek in Switzerland! Discover stunning glaciers and breathtaking landscapes today!\",\"breadcrumb\":{\"@id\":\"https:\\\/\\\/outdooreurope.eu\\\/tours\\\/hiking-switzerland-alpine-bear-trekking\\\/#breadcrumb\"},\"inLanguage\":\"fr-FR\",\"potentialAction\":[{\"@type\":\"ReadAction\",\"target\":[\"https:\\\/\\\/outdooreurope.eu\\\/tours\\\/hiking-switzerland-alpine-bear-trekking\\\/\"]}]},{\"@type\":\"ImageObject\",\"inLanguage\":\"fr-FR\",\"@id\":\"https:\\\/\\\/outdooreurope.eu\\\/tours\\\/hiking-switzerland-alpine-bear-trekking\\\/#primaryimage\",\"url\":\"https:\\\/\\\/outdooreurope.eu\\\/wp-content\\\/uploads\\\/2024\\\/01\\\/shutterstock_517517116-scaled-720x606-1.jpg\",\"contentUrl\":\"https:\\\/\\\/outdooreurope.eu\\\/wp-content\\\/uploads\\\/2024\\\/01\\\/shutterstock_517517116-scaled-720x606-1.jpg\",\"width\":720,\"height\":606},{\"@type\":\"BreadcrumbList\",\"@id\":\"https:\\\/\\\/outdooreurope.eu\\\/tours\\\/hiking-switzerland-alpine-bear-trekking\\\/#breadcrumb\",\"itemListElement\":[{\"@type\":\"ListItem\",\"position\":1,\"name\":\"Hjem\",\"item\":\"https:\\\/\\\/outdooreurope.eu\\\/\"},{\"@type\":\"ListItem\",\"position\":2,\"name\":\"Shop\",\"item\":\"https:\\\/\\\/outdooreurope.eu\\\/shop\\\/\"},{\"@type\":\"ListItem\",\"position\":3,\"name\":\"Experience the via alpine \u201cbear trek\u201d: a swiss hiking adventure\"}]},{\"@type\":\"WebSite\",\"@id\":\"https:\\\/\\\/outdooreurope.eu\\\/#website\",\"url\":\"https:\\\/\\\/outdooreurope.eu\\\/\",\"name\":\"Outdoor Europe\",\"description\":\"Hiking In Europe I Join the trail\",\"potentialAction\":[{\"@type\":\"SearchAction\",\"target\":{\"@type\":\"EntryPoint\",\"urlTemplate\":\"https:\\\/\\\/outdooreurope.eu\\\/?s={search_term_string}\"},\"query-input\":{\"@type\":\"PropertyValueSpecification\",\"valueRequired\":true,\"valueName\":\"search_term_string\"}}],\"inLanguage\":\"fr-FR\"}]}<\/script>\n<meta property=\"product:price:amount\" content=\"1685\" \/>\n<meta property=\"product:price:currency\" content=\"EUR\" \/>\n<meta property=\"og:availability\" content=\"instock\" \/>\n<meta property=\"product:availability\" content=\"instock\" \/>\n<meta property=\"product:retailer_item_id\" content=\"15633\" \/>\n<meta property=\"product:condition\" content=\"new\" \/>\n<!-- \/ Yoast SEO Premium plugin. -->","yoast_head_json":{"title":"Vivez la Via Alpin \u00ab Bear Trek \u00bb : une aventure de randonn\u00e9e en Suisse - Outdoor Europe","description":"Partez pour une aventure palpitante et parcourez le l\u00e9gendaire sentier des Ours en Suisse\u00a0! D\u00e9couvrez d\u00e8s aujourd\u2019hui des glaciers impressionnants et des paysages \u00e0 couper le souffle\u00a0!","robots":{"index":"index","follow":"follow","max-snippet":"max-snippet:-1","max-image-preview":"max-image-preview:large","max-video-preview":"max-video-preview:-1"},"canonical":"https:\/\/outdooreurope.eu\/fr\/visites\/randonnee-alpine-suisse-ours-trekking\/","og_locale":"fr_FR","og_type":"article","og_title":"Experience the via alpine \u201cbear trek\u201d: a swiss hiking adventure","og_description":"A legendary high-alpine hike through Switzerland\u2019s Bernese Oberland. Cross rugged passes, admire glaciers and iconic peaks like the Eiger, and stay in traditional mountain villages\u2014this is the Bear Trek at its best.","og_url":"https:\/\/outdooreurope.eu\/fr\/visites\/randonnee-alpine-suisse-ours-trekking\/","og_site_name":"Outdoor Europe","article_publisher":"https:\/\/www.facebook.com\/outdooreurope.eu","article_modified_time":"2026-01-18T14:01:10+00:00","og_image":[{"width":720,"height":606,"url":"https:\/\/outdooreurope.eu\/wp-content\/uploads\/2024\/01\/shutterstock_517517116-scaled-720x606-1.jpg","type":"image\/jpeg"}],"twitter_card":"summary_large_image","twitter_misc":{"Prix":"&euro;1,685","Disponibilit\u00e9":"En stock"},"schema":{"@context":"https:\/\/schema.org","@graph":[{"@type":"WebPage","@id":"https:\/\/outdooreurope.eu\/tours\/hiking-switzerland-alpine-bear-trekking\/","url":"https:\/\/outdooreurope.eu\/tours\/hiking-switzerland-alpine-bear-trekking\/","name":"Vivez la Via Alpin \u00ab Bear Trek \u00bb : une aventure de randonn\u00e9e en Suisse - Outdoor Europe","isPartOf":{"@id":"https:\/\/outdooreurope.eu\/#website"},"primaryImageOfPage":{"@id":"https:\/\/outdooreurope.eu\/tours\/hiking-switzerland-alpine-bear-trekking\/#primaryimage"},"image":{"@id":"https:\/\/outdooreurope.eu\/tours\/hiking-switzerland-alpine-bear-trekking\/#primaryimage"},"thumbnailUrl":"https:\/\/outdooreurope.eu\/wp-content\/uploads\/2024\/01\/shutterstock_517517116-scaled-720x606-1.jpg","datePublished":"2024-01-16T05:25:21+00:00","dateModified":"2026-01-18T14:01:10+00:00","description":"Partez pour une aventure palpitante et parcourez le l\u00e9gendaire sentier des Ours en Suisse\u00a0! D\u00e9couvrez d\u00e8s aujourd\u2019hui des glaciers impressionnants et des paysages \u00e0 couper le souffle\u00a0!","breadcrumb":{"@id":"https:\/\/outdooreurope.eu\/tours\/hiking-switzerland-alpine-bear-trekking\/#breadcrumb"},"inLanguage":"fr-FR","potentialAction":[{"@type":"ReadAction","target":["https:\/\/outdooreurope.eu\/tours\/hiking-switzerland-alpine-bear-trekking\/"]}]},{"@type":"ImageObject","inLanguage":"fr-FR","@id":"https:\/\/outdooreurope.eu\/tours\/hiking-switzerland-alpine-bear-trekking\/#primaryimage","url":"https:\/\/outdooreurope.eu\/wp-content\/uploads\/2024\/01\/shutterstock_517517116-scaled-720x606-1.jpg","contentUrl":"https:\/\/outdooreurope.eu\/wp-content\/uploads\/2024\/01\/shutterstock_517517116-scaled-720x606-1.jpg","width":720,"height":606},{"@type":"BreadcrumbList","@id":"https:\/\/outdooreurope.eu\/tours\/hiking-switzerland-alpine-bear-trekking\/#breadcrumb","itemListElement":[{"@type":"ListItem","position":1,"name":"Hjem","item":"https:\/\/outdooreurope.eu\/"},{"@type":"ListItem","position":2,"name":"Shop","item":"https:\/\/outdooreurope.eu\/shop\/"},{"@type":"ListItem","position":3,"name":"Experience the via alpine \u201cbear trek\u201d: a swiss hiking adventure"}]},{"@type":"WebSite","@id":"https:\/\/outdooreurope.eu\/#website","url":"https:\/\/outdooreurope.eu\/","name":"L&#039;Europe en plein air","description":"Randonn\u00e9e en Europe Je rejoins le sentier","potentialAction":[{"@type":"SearchAction","target":{"@type":"EntryPoint","urlTemplate":"https:\/\/outdooreurope.eu\/?s={search_term_string}"},"query-input":{"@type":"PropertyValueSpecification","valueRequired":true,"valueName":"search_term_string"}}],"inLanguage":"fr-FR"}]},"product_price_amount":"1685","product_price_currency":"EUR","og_availability":"instock","product_availability":"instock","product_retailer_item_id":"15633","product_condition":"new"},"_links":{"self":[{"href":"https:\/\/outdooreurope.eu\/fr\/wp-json\/wp\/v2\/product\/15633","targetHints":{"allow":["GET"]}}],"collection":[{"href":"https:\/\/outdooreurope.eu\/fr\/wp-json\/wp\/v2\/product"}],"about":[{"href":"https:\/\/outdooreurope.eu\/fr\/wp-json\/wp\/v2\/types\/product"}],"replies":[{"embeddable":true,"href":"https:\/\/outdooreurope.eu\/fr\/wp-json\/wp\/v2\/comments?post=15633"}],"wp:featuredmedia":[{"embeddable":true,"href":"https:\/\/outdooreurope.eu\/fr\/wp-json\/wp\/v2\/media\/15634"}],"wp:attachment":[{"href":"https:\/\/outdooreurope.eu\/fr\/wp-json\/wp\/v2\/media?parent=15633"}],"wp:term":[{"taxonomy":"product_brand","embeddable":true,"href":"https:\/\/outdooreurope.eu\/fr\/wp-json\/wp\/v2\/product_brand?post=15633"},{"taxonomy":"product_cat","embeddable":true,"href":"https:\/\/outdooreurope.eu\/fr\/wp-json\/wp\/v2\/product_cat?post=15633"},{"taxonomy":"product_tag","embeddable":true,"href":"https:\/\/outdooreurope.eu\/fr\/wp-json\/wp\/v2\/product_tag?post=15633"}],"curies":[{"name":"wp","href":"https:\/\/api.w.org\/{rel}","templated":true}]}}