{"id":15727,"date":"2024-01-16T10:59:58","date_gmt":"2024-01-16T09:59:58","guid":{"rendered":"https:\/\/outdooreurope.eu\/?post_type=product&#038;p=15727"},"modified":"2025-04-17T11:21:04","modified_gmt":"2025-04-17T09:21:04","slug":"randonnee-italie-mont-blanc-trekking-autoguide","status":"publish","type":"product","link":"https:\/\/outdooreurope.eu\/fr\/tours\/hiking-italy-mont-blanc-self-guided-trekking\/","title":{"rendered":"Parcourez le Tour du Mont Blanc en tout confort\u00a0: partez \u00e0 la conqu\u00eate du circuit de randonn\u00e9e le plus embl\u00e9matique et le plus pittoresque d&#039;Europe"},"content":{"rendered":"<p>Parcourez le Tour du Mont Blanc en tout confort. Avec le Trek Panoramique du Mont Blanc, admirez la grandeur du massif du Mont Blanc et ses merveilles glaciaires sans les contraintes d&#039;un itin\u00e9raire fixe. Plongez dans la beaut\u00e9 des Alpes. D\u00e9couvrez la culture locale et explorez l&#039;une des r\u00e9gions montagneuses les plus embl\u00e9matiques du monde \u00e0 votre rythme.<\/p>\n<ul>\n<li><strong>Cols alpins panoramiques :<\/strong> Parcourez le Pays du Mont Blanc et embarquez pour une aventure exaltante \u00e0 travers de magnifiques sentiers adapt\u00e9s aux randonneurs de tous niveaux. En traversant les fronti\u00e8res internationales, vous d\u00e9couvrirez des paysages diversifi\u00e9s et des panoramas in\u00e9gal\u00e9s.<\/li>\n<li><strong>\u00c9tapes mod\u00e9r\u00e9es aux saveurs locales :<\/strong> Plongez dans le charme de la culture locale lors d&#039;\u00e9tapes tranquilles con\u00e7ues pour votre plus grand plaisir. Des bus locaux pratiques simplifient les sections de la basse vall\u00e9e, rendant votre voyage encore plus agr\u00e9able.<\/li>\n<li><strong>Des nuit\u00e9es confortables :<\/strong> Apr\u00e8s chaque journ\u00e9e d&#039;exploration, d\u00e9tendez-vous dans de petits h\u00f4tels confortables, o\u00f9 vous savourerez une d\u00e9licieuse cuisine r\u00e9gionale. Ressourcez-vous au c\u0153ur de la pittoresque r\u00e9gion du Mont Blanc et pr\u00e9parez-vous \u00e0 l&#039;aventure de chaque journ\u00e9e.<\/li>\n<\/ul>\n<p>&nbsp;<\/p>","protected":false},"excerpt":{"rendered":"<p>Parcourez le Tour du Mont-Blanc en tout confort. Avec le Trek Panoramique du Mont-Blanc, admirez la grandeur du massif du Mont-Blanc et ses merveilles glaciaires sans les contraintes d&#039;un itin\u00e9raire fixe. Plongez dans la beaut\u00e9 des Alpes. D\u00e9couvrez la culture locale et explorez l&#039;une des r\u00e9gions montagneuses les plus embl\u00e9matiques du monde.<\/p>\n<div class=\"padding-top text-center\"><a href=\"https:\/\/outdooreurope.eu\/fr\/tours\/hiking-italy-mont-blanc-self-guided-trekking\/\" class=\"atbtn atbtn--medium atbtn--rounded atbtn--transparent\">Lire la suite<i class=\"atbtn__icon atbtn__icon--right fa fa-long-arrow-right\"><\/i><\/a><\/div>","protected":false},"featured_media":15728,"comment_status":"open","ping_status":"closed","template":"","meta":{"_acf_changed":false,"content-type":"","inline_featured_image":false},"product_brand":[],"product_cat":[302],"product_tag":[760],"class_list":{"0":"post-15727","1":"product","2":"type-product","3":"status-publish","4":"has-post-thumbnail","6":"tour_country-france","7":"tour_country-italy","8":"tour_country-switzerland","9":"tour_types-hut-to-hut","10":"tour_types-self-guided","11":"product_cat-ukategoriseret","12":"product_tag-hiking","13":"pa_duration-8-nights","14":"tour_category-hiking-in-europe","16":"first","17":"instock","18":"shipping-taxable","19":"purchasable","20":"product-type-tour"},"acf":[],"yoast_head":"<!-- This site is optimized with the Yoast SEO Premium plugin v27.3 (Yoast SEO v27.3) - https:\/\/yoast.com\/product\/yoast-seo-premium-wordpress\/ -->\n<title>Hike Tour Mont Blanc: Explore Breathtaking Trails - Outdoor Europe<\/title>\n<meta name=\"description\" content=\"Experience breathtaking views on the Hike Tour Mont Blanc! Traverse stunning trails and enjoy local cultures while indulging in delightful cuisine.\" \/>\n<meta name=\"robots\" content=\"index, follow, max-snippet:-1, max-image-preview:large, max-video-preview:-1\" \/>\n<link rel=\"canonical\" href=\"https:\/\/outdooreurope.eu\/fr\/visites\/randonnee-italie-mont-blanc-trekking-autoguide\/\" \/>\n<meta property=\"og:locale\" content=\"fr_FR\" \/>\n<meta property=\"og:type\" content=\"article\" \/>\n<meta property=\"og:title\" content=\"Hike the Tour Mont Blanc in Comfort: Conquer Europe&#039;s Most Iconic and Scenic Hiking Circuit\" \/>\n<meta property=\"og:description\" content=\"Hike the Tour Mont Blanc in Comfort. With the Mont Blanc Panoramic Trek, you can witness the grandeur of the Mont Blanc massif and its glacial wonders\" \/>\n<meta property=\"og:url\" content=\"https:\/\/outdooreurope.eu\/fr\/visites\/randonnee-italie-mont-blanc-trekking-autoguide\/\" \/>\n<meta property=\"og:site_name\" content=\"Outdoor Europe\" \/>\n<meta property=\"article:publisher\" content=\"https:\/\/www.facebook.com\/outdooreurope.eu\" \/>\n<meta property=\"article:modified_time\" content=\"2025-04-17T09:21:04+00:00\" \/>\n<meta property=\"og:image\" content=\"https:\/\/outdooreurope.eu\/wp-content\/uploads\/2024\/01\/val-veny-03-720x606-1.jpg\" \/>\n\t<meta property=\"og:image:width\" content=\"720\" \/>\n\t<meta property=\"og:image:height\" content=\"606\" \/>\n\t<meta property=\"og:image:type\" content=\"image\/jpeg\" \/>\n<meta name=\"twitter:card\" content=\"summary_large_image\" \/>\n<meta name=\"twitter:label1\" content=\"Prix\" \/>\n\t<meta name=\"twitter:data1\" content=\"&euro;1,370\" \/>\n\t<meta name=\"twitter:label2\" content=\"Disponibilit\u00e9\" \/>\n\t<meta name=\"twitter:data2\" content=\"En stock\" \/>\n<script type=\"application\/ld+json\" class=\"yoast-schema-graph\">{\"@context\":\"https:\\\/\\\/schema.org\",\"@graph\":[{\"@type\":\"WebPage\",\"@id\":\"https:\\\/\\\/outdooreurope.eu\\\/tours\\\/hiking-italy-mont-blanc-self-guided-trekking\\\/\",\"url\":\"https:\\\/\\\/outdooreurope.eu\\\/tours\\\/hiking-italy-mont-blanc-self-guided-trekking\\\/\",\"name\":\"Hike Tour Mont Blanc: Explore Breathtaking Trails - Outdoor Europe\",\"isPartOf\":{\"@id\":\"https:\\\/\\\/outdooreurope.eu\\\/#website\"},\"primaryImageOfPage\":{\"@id\":\"https:\\\/\\\/outdooreurope.eu\\\/tours\\\/hiking-italy-mont-blanc-self-guided-trekking\\\/#primaryimage\"},\"image\":{\"@id\":\"https:\\\/\\\/outdooreurope.eu\\\/tours\\\/hiking-italy-mont-blanc-self-guided-trekking\\\/#primaryimage\"},\"thumbnailUrl\":\"https:\\\/\\\/outdooreurope.eu\\\/wp-content\\\/uploads\\\/2024\\\/01\\\/val-veny-03-720x606-1.jpg\",\"datePublished\":\"2024-01-16T09:59:58+00:00\",\"dateModified\":\"2025-04-17T09:21:04+00:00\",\"description\":\"Experience breathtaking views on the Hike Tour Mont Blanc! Traverse stunning trails and enjoy local cultures while indulging in delightful cuisine.\",\"breadcrumb\":{\"@id\":\"https:\\\/\\\/outdooreurope.eu\\\/tours\\\/hiking-italy-mont-blanc-self-guided-trekking\\\/#breadcrumb\"},\"inLanguage\":\"fr-FR\",\"potentialAction\":[{\"@type\":\"ReadAction\",\"target\":[\"https:\\\/\\\/outdooreurope.eu\\\/tours\\\/hiking-italy-mont-blanc-self-guided-trekking\\\/\"]}]},{\"@type\":\"ImageObject\",\"inLanguage\":\"fr-FR\",\"@id\":\"https:\\\/\\\/outdooreurope.eu\\\/tours\\\/hiking-italy-mont-blanc-self-guided-trekking\\\/#primaryimage\",\"url\":\"https:\\\/\\\/outdooreurope.eu\\\/wp-content\\\/uploads\\\/2024\\\/01\\\/val-veny-03-720x606-1.jpg\",\"contentUrl\":\"https:\\\/\\\/outdooreurope.eu\\\/wp-content\\\/uploads\\\/2024\\\/01\\\/val-veny-03-720x606-1.jpg\",\"width\":720,\"height\":606},{\"@type\":\"BreadcrumbList\",\"@id\":\"https:\\\/\\\/outdooreurope.eu\\\/tours\\\/hiking-italy-mont-blanc-self-guided-trekking\\\/#breadcrumb\",\"itemListElement\":[{\"@type\":\"ListItem\",\"position\":1,\"name\":\"Hjem\",\"item\":\"https:\\\/\\\/outdooreurope.eu\\\/\"},{\"@type\":\"ListItem\",\"position\":2,\"name\":\"Shop\",\"item\":\"https:\\\/\\\/outdooreurope.eu\\\/shop\\\/\"},{\"@type\":\"ListItem\",\"position\":3,\"name\":\"Hike the Tour Mont Blanc in Comfort: Conquer Europe&#8217;s Most Iconic and Scenic Hiking Circuit\"}]},{\"@type\":\"WebSite\",\"@id\":\"https:\\\/\\\/outdooreurope.eu\\\/#website\",\"url\":\"https:\\\/\\\/outdooreurope.eu\\\/\",\"name\":\"Outdoor Europe\",\"description\":\"Hiking In Europe I Join the trail\",\"potentialAction\":[{\"@type\":\"SearchAction\",\"target\":{\"@type\":\"EntryPoint\",\"urlTemplate\":\"https:\\\/\\\/outdooreurope.eu\\\/?s={search_term_string}\"},\"query-input\":{\"@type\":\"PropertyValueSpecification\",\"valueRequired\":true,\"valueName\":\"search_term_string\"}}],\"inLanguage\":\"fr-FR\"}]}<\/script>\n<meta property=\"product:price:amount\" content=\"1370\" \/>\n<meta property=\"product:price:currency\" content=\"EUR\" \/>\n<meta property=\"og:availability\" content=\"instock\" \/>\n<meta property=\"product:availability\" content=\"instock\" \/>\n<meta property=\"product:retailer_item_id\" content=\"15727\" \/>\n<meta property=\"product:condition\" content=\"new\" \/>\n<!-- \/ Yoast SEO Premium plugin. -->","yoast_head_json":{"title":"Randonn\u00e9e Tour du Mont Blanc\u00a0: d\u00e9couvrez des sentiers \u00e0 couper le souffle\u00a0- Outdoor Europe","description":"D\u00e9couvrez des panoramas \u00e0 couper le souffle lors du Tour du Mont Blanc ! Parcourez des sentiers \u00e9poustouflants et d\u00e9couvrez la culture locale tout en savourant une cuisine d\u00e9licieuse.","robots":{"index":"index","follow":"follow","max-snippet":"max-snippet:-1","max-image-preview":"max-image-preview:large","max-video-preview":"max-video-preview:-1"},"canonical":"https:\/\/outdooreurope.eu\/fr\/visites\/randonnee-italie-mont-blanc-trekking-autoguide\/","og_locale":"fr_FR","og_type":"article","og_title":"Hike the Tour Mont Blanc in Comfort: Conquer Europe's Most Iconic and Scenic Hiking Circuit","og_description":"Hike the Tour Mont Blanc in Comfort. With the Mont Blanc Panoramic Trek, you can witness the grandeur of the Mont Blanc massif and its glacial wonders","og_url":"https:\/\/outdooreurope.eu\/fr\/visites\/randonnee-italie-mont-blanc-trekking-autoguide\/","og_site_name":"Outdoor Europe","article_publisher":"https:\/\/www.facebook.com\/outdooreurope.eu","article_modified_time":"2025-04-17T09:21:04+00:00","og_image":[{"width":720,"height":606,"url":"https:\/\/outdooreurope.eu\/wp-content\/uploads\/2024\/01\/val-veny-03-720x606-1.jpg","type":"image\/jpeg"}],"twitter_card":"summary_large_image","twitter_misc":{"Prix":"&euro;1,370","Disponibilit\u00e9":"En stock"},"schema":{"@context":"https:\/\/schema.org","@graph":[{"@type":"WebPage","@id":"https:\/\/outdooreurope.eu\/tours\/hiking-italy-mont-blanc-self-guided-trekking\/","url":"https:\/\/outdooreurope.eu\/tours\/hiking-italy-mont-blanc-self-guided-trekking\/","name":"Randonn\u00e9e Tour du Mont Blanc\u00a0: d\u00e9couvrez des sentiers \u00e0 couper le souffle\u00a0- Outdoor Europe","isPartOf":{"@id":"https:\/\/outdooreurope.eu\/#website"},"primaryImageOfPage":{"@id":"https:\/\/outdooreurope.eu\/tours\/hiking-italy-mont-blanc-self-guided-trekking\/#primaryimage"},"image":{"@id":"https:\/\/outdooreurope.eu\/tours\/hiking-italy-mont-blanc-self-guided-trekking\/#primaryimage"},"thumbnailUrl":"https:\/\/outdooreurope.eu\/wp-content\/uploads\/2024\/01\/val-veny-03-720x606-1.jpg","datePublished":"2024-01-16T09:59:58+00:00","dateModified":"2025-04-17T09:21:04+00:00","description":"D\u00e9couvrez des panoramas \u00e0 couper le souffle lors du Tour du Mont Blanc ! Parcourez des sentiers \u00e9poustouflants et d\u00e9couvrez la culture locale tout en savourant une cuisine d\u00e9licieuse.","breadcrumb":{"@id":"https:\/\/outdooreurope.eu\/tours\/hiking-italy-mont-blanc-self-guided-trekking\/#breadcrumb"},"inLanguage":"fr-FR","potentialAction":[{"@type":"ReadAction","target":["https:\/\/outdooreurope.eu\/tours\/hiking-italy-mont-blanc-self-guided-trekking\/"]}]},{"@type":"ImageObject","inLanguage":"fr-FR","@id":"https:\/\/outdooreurope.eu\/tours\/hiking-italy-mont-blanc-self-guided-trekking\/#primaryimage","url":"https:\/\/outdooreurope.eu\/wp-content\/uploads\/2024\/01\/val-veny-03-720x606-1.jpg","contentUrl":"https:\/\/outdooreurope.eu\/wp-content\/uploads\/2024\/01\/val-veny-03-720x606-1.jpg","width":720,"height":606},{"@type":"BreadcrumbList","@id":"https:\/\/outdooreurope.eu\/tours\/hiking-italy-mont-blanc-self-guided-trekking\/#breadcrumb","itemListElement":[{"@type":"ListItem","position":1,"name":"Hjem","item":"https:\/\/outdooreurope.eu\/"},{"@type":"ListItem","position":2,"name":"Shop","item":"https:\/\/outdooreurope.eu\/shop\/"},{"@type":"ListItem","position":3,"name":"Hike the Tour Mont Blanc in Comfort: Conquer Europe&#8217;s Most Iconic and Scenic Hiking Circuit"}]},{"@type":"WebSite","@id":"https:\/\/outdooreurope.eu\/#website","url":"https:\/\/outdooreurope.eu\/","name":"L&#039;Europe en plein air","description":"Randonn\u00e9e en Europe Je rejoins le sentier","potentialAction":[{"@type":"SearchAction","target":{"@type":"EntryPoint","urlTemplate":"https:\/\/outdooreurope.eu\/?s={search_term_string}"},"query-input":{"@type":"PropertyValueSpecification","valueRequired":true,"valueName":"search_term_string"}}],"inLanguage":"fr-FR"}]},"product_price_amount":"1370","product_price_currency":"EUR","og_availability":"instock","product_availability":"instock","product_retailer_item_id":"15727","product_condition":"new"},"_links":{"self":[{"href":"https:\/\/outdooreurope.eu\/fr\/wp-json\/wp\/v2\/product\/15727","targetHints":{"allow":["GET"]}}],"collection":[{"href":"https:\/\/outdooreurope.eu\/fr\/wp-json\/wp\/v2\/product"}],"about":[{"href":"https:\/\/outdooreurope.eu\/fr\/wp-json\/wp\/v2\/types\/product"}],"replies":[{"embeddable":true,"href":"https:\/\/outdooreurope.eu\/fr\/wp-json\/wp\/v2\/comments?post=15727"}],"wp:featuredmedia":[{"embeddable":true,"href":"https:\/\/outdooreurope.eu\/fr\/wp-json\/wp\/v2\/media\/15728"}],"wp:attachment":[{"href":"https:\/\/outdooreurope.eu\/fr\/wp-json\/wp\/v2\/media?parent=15727"}],"wp:term":[{"taxonomy":"product_brand","embeddable":true,"href":"https:\/\/outdooreurope.eu\/fr\/wp-json\/wp\/v2\/product_brand?post=15727"},{"taxonomy":"product_cat","embeddable":true,"href":"https:\/\/outdooreurope.eu\/fr\/wp-json\/wp\/v2\/product_cat?post=15727"},{"taxonomy":"product_tag","embeddable":true,"href":"https:\/\/outdooreurope.eu\/fr\/wp-json\/wp\/v2\/product_tag?post=15727"}],"curies":[{"name":"wp","href":"https:\/\/api.w.org\/{rel}","templated":true}]}}