{"id":15881,"date":"2024-01-16T14:16:35","date_gmt":"2024-01-16T13:16:35","guid":{"rendered":"https:\/\/outdooreurope.eu\/?post_type=product&#038;p=15881"},"modified":"2025-04-07T20:10:54","modified_gmt":"2025-04-07T18:10:54","slug":"randonnee-en-autriche-vallee-de-wipptal-trekking-de-refuge-en-refuge","status":"publish","type":"product","link":"https:\/\/outdooreurope.eu\/fr\/tours\/hiking-austria-wipptal-valley-hut-to-hut-trekking\/","title":{"rendered":"Randonn\u00e9e classique de refuge en refuge dans la pittoresque vall\u00e9e de Wipptal"},"content":{"rendered":"<p>Randonn\u00e9e classique de refuge en refuge dans la pittoresque vall\u00e9e du Wipptal. Plus qu&#039;une simple randonn\u00e9e, c&#039;est un voyage extraordinaire \u00e0 travers la splendeur de la nature. Les prairies luxuriantes, les montagnes escarp\u00e9es et les refuges alpins accueillants n&#039;attendent que d&#039;\u00eatre explor\u00e9s.<\/p>\n<ul>\n<li><strong>Sentier autour de la vall\u00e9e de Gschnitztal :<\/strong> Votre voyage se d\u00e9roule sur 6 ou 9 jours. Il commence dans la charmante ville de Steinach am Brenner, \u00e0 la station inf\u00e9rieure du t\u00e9l\u00e9ph\u00e9rique de Bergeralm.<\/li>\n<li><strong>Alpes de Stubai et massif du Tribulaun :<\/strong> Cette randonn\u00e9e longue distance vous m\u00e8ne \u00e0 travers les \u00e9poustouflantes Alpes de Stubai, offrant des aper\u00e7us du massif impressionnant de Tribulaun.<\/li>\n<li><strong>S\u00e9curit\u00e9 et flexibilit\u00e9 :<\/strong> Votre s\u00e9curit\u00e9 et votre confort sont primordiaux.<\/li>\n<\/ul>","protected":false},"excerpt":{"rendered":"<p>Randonn\u00e9e classique de refuge en refuge dans la pittoresque vall\u00e9e du Wipptal. Plus qu&#039;une simple randonn\u00e9e, c&#039;est un voyage extraordinaire \u00e0 travers la splendeur de la nature. Les prairies luxuriantes, les montagnes escarp\u00e9es et les refuges alpins accueillants n&#039;attendent que d&#039;\u00eatre explor\u00e9s. Sentier autour de la vall\u00e9e du Gschnitztal\u00a0: votre voyage se d\u00e9roule sur 6 ou 9 jours. D\u00e9part\u00a0:<\/p>\n<div class=\"padding-top text-center\"><a href=\"https:\/\/outdooreurope.eu\/fr\/tours\/hiking-austria-wipptal-valley-hut-to-hut-trekking\/\" class=\"atbtn atbtn--medium atbtn--rounded atbtn--transparent\">Lire la suite<i class=\"atbtn__icon atbtn__icon--right fa fa-long-arrow-right\"><\/i><\/a><\/div>","protected":false},"featured_media":15882,"comment_status":"open","ping_status":"closed","template":"","meta":{"_acf_changed":false,"content-type":"","inline_featured_image":false},"product_brand":[],"product_cat":[302],"product_tag":[760],"class_list":{"0":"post-15881","1":"product","2":"type-product","3":"status-publish","4":"has-post-thumbnail","6":"tour_country-austria","7":"tour_types-hut-to-hut","8":"tour_types-self-guided","9":"product_cat-ukategoriseret","10":"product_tag-hiking","11":"pa_duration-5-to-8-nights","12":"tour_category-hiking-in-europe","14":"first","15":"instock","16":"virtual","17":"purchasable","18":"product-type-tour"},"acf":[],"yoast_head":"<!-- This site is optimized with the Yoast SEO Premium plugin v27.3 (Yoast SEO v27.3) - https:\/\/yoast.com\/product\/yoast-seo-premium-wordpress\/ -->\n<title>Classic hut-to-hut hike in the scenic Wipptal valley - Outdoor Europe<\/title>\n<meta name=\"description\" content=\"Embark on an exceptional hut-to-hut hike in the scenic Wipptal valley. Discover stunning landscapes and cozy alpine huts over 6 or 9 days!\" \/>\n<meta name=\"robots\" content=\"index, follow, max-snippet:-1, max-image-preview:large, max-video-preview:-1\" \/>\n<link rel=\"canonical\" href=\"https:\/\/outdooreurope.eu\/fr\/visites\/randonnee-en-autriche-vallee-de-wipptal-trekking-de-refuge-en-refuge\/\" \/>\n<meta property=\"og:locale\" content=\"fr_FR\" \/>\n<meta property=\"og:type\" content=\"article\" \/>\n<meta property=\"og:title\" content=\"Classic hut-to-hut hike in the scenic Wipptal valley\" \/>\n<meta property=\"og:description\" content=\"Classic hut-to-hut hike in the scenic Wipptal valley. This is more than just a hike; it&#039;s an extraordinary journey through nature&#039;s grandeur. The lush\" \/>\n<meta property=\"og:url\" content=\"https:\/\/outdooreurope.eu\/fr\/visites\/randonnee-en-autriche-vallee-de-wipptal-trekking-de-refuge-en-refuge\/\" \/>\n<meta property=\"og:site_name\" content=\"Outdoor Europe\" \/>\n<meta property=\"article:publisher\" content=\"https:\/\/www.facebook.com\/outdooreurope.eu\" \/>\n<meta property=\"article:modified_time\" content=\"2025-04-07T18:10:54+00:00\" \/>\n<meta property=\"og:image\" content=\"https:\/\/outdooreurope.eu\/wp-content\/uploads\/2024\/01\/Gschnitztaler_Huettentour_c-Judith-Hammer_Juli-2018-49-1-scaled-2-720x606-1.jpg\" \/>\n\t<meta property=\"og:image:width\" content=\"720\" \/>\n\t<meta property=\"og:image:height\" content=\"606\" \/>\n\t<meta property=\"og:image:type\" content=\"image\/jpeg\" \/>\n<meta name=\"twitter:card\" content=\"summary_large_image\" \/>\n<meta name=\"twitter:label1\" content=\"Prix\" \/>\n\t<meta name=\"twitter:data1\" content=\"&euro;825\" \/>\n\t<meta name=\"twitter:label2\" content=\"Disponibilit\u00e9\" \/>\n\t<meta name=\"twitter:data2\" content=\"En stock\" \/>\n<script type=\"application\/ld+json\" class=\"yoast-schema-graph\">{\"@context\":\"https:\\\/\\\/schema.org\",\"@graph\":[{\"@type\":\"WebPage\",\"@id\":\"https:\\\/\\\/outdooreurope.eu\\\/tours\\\/hiking-austria-wipptal-valley-hut-to-hut-trekking\\\/\",\"url\":\"https:\\\/\\\/outdooreurope.eu\\\/tours\\\/hiking-austria-wipptal-valley-hut-to-hut-trekking\\\/\",\"name\":\"Classic hut-to-hut hike in the scenic Wipptal valley - Outdoor Europe\",\"isPartOf\":{\"@id\":\"https:\\\/\\\/outdooreurope.eu\\\/#website\"},\"primaryImageOfPage\":{\"@id\":\"https:\\\/\\\/outdooreurope.eu\\\/tours\\\/hiking-austria-wipptal-valley-hut-to-hut-trekking\\\/#primaryimage\"},\"image\":{\"@id\":\"https:\\\/\\\/outdooreurope.eu\\\/tours\\\/hiking-austria-wipptal-valley-hut-to-hut-trekking\\\/#primaryimage\"},\"thumbnailUrl\":\"https:\\\/\\\/outdooreurope.eu\\\/wp-content\\\/uploads\\\/2024\\\/01\\\/Gschnitztaler_Huettentour_c-Judith-Hammer_Juli-2018-49-1-scaled-2-720x606-1.jpg\",\"datePublished\":\"2024-01-16T13:16:35+00:00\",\"dateModified\":\"2025-04-07T18:10:54+00:00\",\"description\":\"Embark on an exceptional hut-to-hut hike in the scenic Wipptal valley. Discover stunning landscapes and cozy alpine huts over 6 or 9 days!\",\"breadcrumb\":{\"@id\":\"https:\\\/\\\/outdooreurope.eu\\\/tours\\\/hiking-austria-wipptal-valley-hut-to-hut-trekking\\\/#breadcrumb\"},\"inLanguage\":\"fr-FR\",\"potentialAction\":[{\"@type\":\"ReadAction\",\"target\":[\"https:\\\/\\\/outdooreurope.eu\\\/tours\\\/hiking-austria-wipptal-valley-hut-to-hut-trekking\\\/\"]}]},{\"@type\":\"ImageObject\",\"inLanguage\":\"fr-FR\",\"@id\":\"https:\\\/\\\/outdooreurope.eu\\\/tours\\\/hiking-austria-wipptal-valley-hut-to-hut-trekking\\\/#primaryimage\",\"url\":\"https:\\\/\\\/outdooreurope.eu\\\/wp-content\\\/uploads\\\/2024\\\/01\\\/Gschnitztaler_Huettentour_c-Judith-Hammer_Juli-2018-49-1-scaled-2-720x606-1.jpg\",\"contentUrl\":\"https:\\\/\\\/outdooreurope.eu\\\/wp-content\\\/uploads\\\/2024\\\/01\\\/Gschnitztaler_Huettentour_c-Judith-Hammer_Juli-2018-49-1-scaled-2-720x606-1.jpg\",\"width\":720,\"height\":606},{\"@type\":\"BreadcrumbList\",\"@id\":\"https:\\\/\\\/outdooreurope.eu\\\/tours\\\/hiking-austria-wipptal-valley-hut-to-hut-trekking\\\/#breadcrumb\",\"itemListElement\":[{\"@type\":\"ListItem\",\"position\":1,\"name\":\"Hjem\",\"item\":\"https:\\\/\\\/outdooreurope.eu\\\/\"},{\"@type\":\"ListItem\",\"position\":2,\"name\":\"Shop\",\"item\":\"https:\\\/\\\/outdooreurope.eu\\\/shop\\\/\"},{\"@type\":\"ListItem\",\"position\":3,\"name\":\"Classic hut-to-hut hike in the scenic Wipptal valley\"}]},{\"@type\":\"WebSite\",\"@id\":\"https:\\\/\\\/outdooreurope.eu\\\/#website\",\"url\":\"https:\\\/\\\/outdooreurope.eu\\\/\",\"name\":\"Outdoor Europe\",\"description\":\"Hiking In Europe I Join the trail\",\"potentialAction\":[{\"@type\":\"SearchAction\",\"target\":{\"@type\":\"EntryPoint\",\"urlTemplate\":\"https:\\\/\\\/outdooreurope.eu\\\/?s={search_term_string}\"},\"query-input\":{\"@type\":\"PropertyValueSpecification\",\"valueRequired\":true,\"valueName\":\"search_term_string\"}}],\"inLanguage\":\"fr-FR\"}]}<\/script>\n<meta property=\"product:price:amount\" content=\"825\" \/>\n<meta property=\"product:price:currency\" content=\"EUR\" \/>\n<meta property=\"og:availability\" content=\"instock\" \/>\n<meta property=\"product:availability\" content=\"instock\" \/>\n<meta property=\"product:retailer_item_id\" content=\"15881\" \/>\n<meta property=\"product:condition\" content=\"new\" \/>\n<!-- \/ Yoast SEO Premium plugin. -->","yoast_head_json":{"title":"Randonn\u00e9e classique de refuge en refuge dans la pittoresque vall\u00e9e de Wipptal - Outdoor Europe","description":"Partez pour une randonn\u00e9e exceptionnelle de refuge en refuge dans la pittoresque vall\u00e9e du Wipptal. D\u00e9couvrez des paysages \u00e9poustouflants et des refuges alpins chaleureux pendant 6 ou 9 jours\u00a0!","robots":{"index":"index","follow":"follow","max-snippet":"max-snippet:-1","max-image-preview":"max-image-preview:large","max-video-preview":"max-video-preview:-1"},"canonical":"https:\/\/outdooreurope.eu\/fr\/visites\/randonnee-en-autriche-vallee-de-wipptal-trekking-de-refuge-en-refuge\/","og_locale":"fr_FR","og_type":"article","og_title":"Classic hut-to-hut hike in the scenic Wipptal valley","og_description":"Classic hut-to-hut hike in the scenic Wipptal valley. This is more than just a hike; it's an extraordinary journey through nature's grandeur. The lush","og_url":"https:\/\/outdooreurope.eu\/fr\/visites\/randonnee-en-autriche-vallee-de-wipptal-trekking-de-refuge-en-refuge\/","og_site_name":"Outdoor Europe","article_publisher":"https:\/\/www.facebook.com\/outdooreurope.eu","article_modified_time":"2025-04-07T18:10:54+00:00","og_image":[{"width":720,"height":606,"url":"https:\/\/outdooreurope.eu\/wp-content\/uploads\/2024\/01\/Gschnitztaler_Huettentour_c-Judith-Hammer_Juli-2018-49-1-scaled-2-720x606-1.jpg","type":"image\/jpeg"}],"twitter_card":"summary_large_image","twitter_misc":{"Prix":"&euro;825","Disponibilit\u00e9":"En stock"},"schema":{"@context":"https:\/\/schema.org","@graph":[{"@type":"WebPage","@id":"https:\/\/outdooreurope.eu\/tours\/hiking-austria-wipptal-valley-hut-to-hut-trekking\/","url":"https:\/\/outdooreurope.eu\/tours\/hiking-austria-wipptal-valley-hut-to-hut-trekking\/","name":"Randonn\u00e9e classique de refuge en refuge dans la pittoresque vall\u00e9e de Wipptal - Outdoor Europe","isPartOf":{"@id":"https:\/\/outdooreurope.eu\/#website"},"primaryImageOfPage":{"@id":"https:\/\/outdooreurope.eu\/tours\/hiking-austria-wipptal-valley-hut-to-hut-trekking\/#primaryimage"},"image":{"@id":"https:\/\/outdooreurope.eu\/tours\/hiking-austria-wipptal-valley-hut-to-hut-trekking\/#primaryimage"},"thumbnailUrl":"https:\/\/outdooreurope.eu\/wp-content\/uploads\/2024\/01\/Gschnitztaler_Huettentour_c-Judith-Hammer_Juli-2018-49-1-scaled-2-720x606-1.jpg","datePublished":"2024-01-16T13:16:35+00:00","dateModified":"2025-04-07T18:10:54+00:00","description":"Partez pour une randonn\u00e9e exceptionnelle de refuge en refuge dans la pittoresque vall\u00e9e du Wipptal. D\u00e9couvrez des paysages \u00e9poustouflants et des refuges alpins chaleureux pendant 6 ou 9 jours\u00a0!","breadcrumb":{"@id":"https:\/\/outdooreurope.eu\/tours\/hiking-austria-wipptal-valley-hut-to-hut-trekking\/#breadcrumb"},"inLanguage":"fr-FR","potentialAction":[{"@type":"ReadAction","target":["https:\/\/outdooreurope.eu\/tours\/hiking-austria-wipptal-valley-hut-to-hut-trekking\/"]}]},{"@type":"ImageObject","inLanguage":"fr-FR","@id":"https:\/\/outdooreurope.eu\/tours\/hiking-austria-wipptal-valley-hut-to-hut-trekking\/#primaryimage","url":"https:\/\/outdooreurope.eu\/wp-content\/uploads\/2024\/01\/Gschnitztaler_Huettentour_c-Judith-Hammer_Juli-2018-49-1-scaled-2-720x606-1.jpg","contentUrl":"https:\/\/outdooreurope.eu\/wp-content\/uploads\/2024\/01\/Gschnitztaler_Huettentour_c-Judith-Hammer_Juli-2018-49-1-scaled-2-720x606-1.jpg","width":720,"height":606},{"@type":"BreadcrumbList","@id":"https:\/\/outdooreurope.eu\/tours\/hiking-austria-wipptal-valley-hut-to-hut-trekking\/#breadcrumb","itemListElement":[{"@type":"ListItem","position":1,"name":"Hjem","item":"https:\/\/outdooreurope.eu\/"},{"@type":"ListItem","position":2,"name":"Shop","item":"https:\/\/outdooreurope.eu\/shop\/"},{"@type":"ListItem","position":3,"name":"Classic hut-to-hut hike in the scenic Wipptal valley"}]},{"@type":"WebSite","@id":"https:\/\/outdooreurope.eu\/#website","url":"https:\/\/outdooreurope.eu\/","name":"L&#039;Europe en plein air","description":"Randonn\u00e9e en Europe Je rejoins le sentier","potentialAction":[{"@type":"SearchAction","target":{"@type":"EntryPoint","urlTemplate":"https:\/\/outdooreurope.eu\/?s={search_term_string}"},"query-input":{"@type":"PropertyValueSpecification","valueRequired":true,"valueName":"search_term_string"}}],"inLanguage":"fr-FR"}]},"product_price_amount":"825","product_price_currency":"EUR","og_availability":"instock","product_availability":"instock","product_retailer_item_id":"15881","product_condition":"new"},"_links":{"self":[{"href":"https:\/\/outdooreurope.eu\/fr\/wp-json\/wp\/v2\/product\/15881","targetHints":{"allow":["GET"]}}],"collection":[{"href":"https:\/\/outdooreurope.eu\/fr\/wp-json\/wp\/v2\/product"}],"about":[{"href":"https:\/\/outdooreurope.eu\/fr\/wp-json\/wp\/v2\/types\/product"}],"replies":[{"embeddable":true,"href":"https:\/\/outdooreurope.eu\/fr\/wp-json\/wp\/v2\/comments?post=15881"}],"wp:featuredmedia":[{"embeddable":true,"href":"https:\/\/outdooreurope.eu\/fr\/wp-json\/wp\/v2\/media\/15882"}],"wp:attachment":[{"href":"https:\/\/outdooreurope.eu\/fr\/wp-json\/wp\/v2\/media?parent=15881"}],"wp:term":[{"taxonomy":"product_brand","embeddable":true,"href":"https:\/\/outdooreurope.eu\/fr\/wp-json\/wp\/v2\/product_brand?post=15881"},{"taxonomy":"product_cat","embeddable":true,"href":"https:\/\/outdooreurope.eu\/fr\/wp-json\/wp\/v2\/product_cat?post=15881"},{"taxonomy":"product_tag","embeddable":true,"href":"https:\/\/outdooreurope.eu\/fr\/wp-json\/wp\/v2\/product_tag?post=15881"}],"curies":[{"name":"wp","href":"https:\/\/api.w.org\/{rel}","templated":true}]}}