{"id":15968,"date":"2024-01-17T05:59:19","date_gmt":"2024-01-17T04:59:19","guid":{"rendered":"https:\/\/outdooreurope.eu\/?post_type=product&#038;p=15968"},"modified":"2025-06-19T10:56:25","modified_gmt":"2025-06-19T08:56:25","slug":"randonnee-espagne-chemin-de-saint-jacques-sarria-autoguidee","status":"publish","type":"product","link":"https:\/\/outdooreurope.eu\/fr\/tours\/hiking-spain-camino-walk-sarria-santiago-self-guided\/","title":{"rendered":"Randonn\u00e9e sur le Camino Franc\u00e9s : de Sarria \u00e0 Santiago"},"content":{"rendered":"<p><strong>Parcourez le Camino Franc\u00e9s. <\/strong>Le Chemin Fran\u00e7ais, et plus particuli\u00e8rement le tron\u00e7on reliant Sarria \u00e0 Saint-Jacques-de-Compostelle, constitue une exp\u00e9rience de p\u00e8lerinage incomparable. Il sillonne les paysages enchanteurs du nord de l&#039;Espagne, offrant un m\u00e9lange captivant de beaut\u00e9 naturelle pr\u00e9serv\u00e9e et de patrimoine culturel profond\u00e9ment enracin\u00e9.<\/p>\n<p><strong>Points forts de la tourn\u00e9e\u00a0:<\/strong><\/p>\n<ul>\n<li><strong>Route de p\u00e8lerinage historique :<\/strong> Promenez-vous le long du Camino Franc\u00e9s historique, sur les traces d&#039;innombrables p\u00e8lerins \u00e0 travers les \u00e2ges.<\/li>\n<li><strong>Immersion culturelle :<\/strong> Plongez dans la riche culture espagnole. Traversez de charmants villages et des villes historiques tout au long de votre itin\u00e9raire, d\u00e9couvrez l&#039;architecture locale et savourez une cuisine d\u00e9licieuse.<\/li>\n<li><strong>Aventure accessible :<\/strong> Le p\u00e8lerinage de Sarria \u00e0 Saint-Jacques-de-Compostelle est r\u00e9put\u00e9 pour son terrain doux et accessible, ce qui le rend adapt\u00e9 aussi bien aux p\u00e8lerins d\u00e9butants qu&#039;aux voyageurs chevronn\u00e9s.<\/li>\n<\/ul>","protected":false},"excerpt":{"rendered":"<p>Parcourez le Camino Franc\u00e9s. Le Camino Franc\u00e9s, et plus particuli\u00e8rement le tron\u00e7on reliant Sarria \u00e0 Saint-Jacques-de-Compostelle, offre une exp\u00e9rience de p\u00e8lerinage incomparable. Il sillonne les paysages enchanteurs du nord de l&#039;Espagne, offrant un m\u00e9lange captivant de beaut\u00e9 naturelle pr\u00e9serv\u00e9e et de patrimoine culturel profond. Points forts du circuit\u00a0: Chemin de p\u00e8lerinage historique\u00a0: parcourez le Camino Franc\u00e9s historique en retra\u00e7ant les traces de son pass\u00e9.<\/p>\n<div class=\"padding-top text-center\"><a href=\"https:\/\/outdooreurope.eu\/fr\/tours\/hiking-spain-camino-walk-sarria-santiago-self-guided\/\" class=\"atbtn atbtn--medium atbtn--rounded atbtn--transparent\">Lire la suite<i class=\"atbtn__icon atbtn__icon--right fa fa-long-arrow-right\"><\/i><\/a><\/div>","protected":false},"featured_media":15969,"comment_status":"open","ping_status":"closed","template":"","meta":{"_acf_changed":false,"content-type":"","inline_featured_image":false},"product_brand":[],"product_cat":[1181,302],"product_tag":[],"class_list":{"0":"post-15968","1":"product","2":"type-product","3":"status-publish","4":"has-post-thumbnail","6":"tour_country-spain","7":"tour_types-hut-to-hut","8":"tour_types-self-guided","9":"tour_types-family","10":"product_cat-lastminutesummer","11":"product_cat-ukategoriseret","12":"pa_duration-6-nights","13":"tour_category-hiking-in-europe","15":"first","16":"instock","17":"shipping-taxable","18":"purchasable","19":"product-type-tour"},"acf":[],"yoast_head":"<!-- This site is optimized with the Yoast SEO Premium plugin v27.4 (Yoast SEO v27.4) - https:\/\/yoast.com\/product\/yoast-seo-premium-wordpress\/ -->\n<title>Hike the Camino Franc\u00e9s<\/title>\n<meta name=\"description\" content=\"Discover the beauty of Spain while you hike the Camino from Sarria to Santiago. Join this magical pilgrimage and connect with fellow travelers!\" \/>\n<meta name=\"robots\" content=\"index, follow, max-snippet:-1, max-image-preview:large, max-video-preview:-1\" \/>\n<link rel=\"canonical\" href=\"https:\/\/outdooreurope.eu\/fr\/visites\/randonnee-espagne-chemin-de-saint-jacques-sarria-autoguidee\/\" \/>\n<meta property=\"og:locale\" content=\"fr_FR\" \/>\n<meta property=\"og:type\" content=\"article\" \/>\n<meta property=\"og:title\" content=\"Hike the Camino Franc\u00e9s: from Sarria to Santiago\" \/>\n<meta property=\"og:description\" content=\"Hike the Camino Franc\u00e9s. The Camino Franc\u00e9s, particularly the stretch from Sarria to Santiago, stands as an unparalleled pilgrimage experience. It threads\" \/>\n<meta property=\"og:url\" content=\"https:\/\/outdooreurope.eu\/fr\/visites\/randonnee-espagne-chemin-de-saint-jacques-sarria-autoguidee\/\" \/>\n<meta property=\"og:site_name\" content=\"Outdoor Europe\" \/>\n<meta property=\"article:publisher\" content=\"https:\/\/www.facebook.com\/outdooreurope.eu\" \/>\n<meta property=\"article:modified_time\" content=\"2025-06-19T08:56:25+00:00\" \/>\n<meta property=\"og:image\" content=\"https:\/\/outdooreurope.eu\/wp-content\/uploads\/2024\/01\/observing-the-sunset-2021-10-21-22-34-38-utc-scaled-720x606-1.jpg\" \/>\n\t<meta property=\"og:image:width\" content=\"720\" \/>\n\t<meta property=\"og:image:height\" content=\"606\" \/>\n\t<meta property=\"og:image:type\" content=\"image\/jpeg\" \/>\n<meta name=\"twitter:card\" content=\"summary_large_image\" \/>\n<meta name=\"twitter:label1\" content=\"Prix\" \/>\n\t<meta name=\"twitter:data1\" content=\"&euro;895\" \/>\n\t<meta name=\"twitter:label2\" content=\"Disponibilit\u00e9\" \/>\n\t<meta name=\"twitter:data2\" content=\"En stock\" \/>\n<script type=\"application\/ld+json\" class=\"yoast-schema-graph\">{\"@context\":\"https:\\\/\\\/schema.org\",\"@graph\":[{\"@type\":\"WebPage\",\"@id\":\"https:\\\/\\\/outdooreurope.eu\\\/tours\\\/hiking-spain-camino-walk-sarria-santiago-self-guided\\\/\",\"url\":\"https:\\\/\\\/outdooreurope.eu\\\/tours\\\/hiking-spain-camino-walk-sarria-santiago-self-guided\\\/\",\"name\":\"Hike the Camino Franc\u00e9s\",\"isPartOf\":{\"@id\":\"https:\\\/\\\/outdooreurope.eu\\\/#website\"},\"primaryImageOfPage\":{\"@id\":\"https:\\\/\\\/outdooreurope.eu\\\/tours\\\/hiking-spain-camino-walk-sarria-santiago-self-guided\\\/#primaryimage\"},\"image\":{\"@id\":\"https:\\\/\\\/outdooreurope.eu\\\/tours\\\/hiking-spain-camino-walk-sarria-santiago-self-guided\\\/#primaryimage\"},\"thumbnailUrl\":\"https:\\\/\\\/outdooreurope.eu\\\/wp-content\\\/uploads\\\/2024\\\/01\\\/observing-the-sunset-2021-10-21-22-34-38-utc-scaled-720x606-1.jpg\",\"datePublished\":\"2024-01-17T04:59:19+00:00\",\"dateModified\":\"2025-06-19T08:56:25+00:00\",\"description\":\"Discover the beauty of Spain while you hike the Camino from Sarria to Santiago. Join this magical pilgrimage and connect with fellow travelers!\",\"breadcrumb\":{\"@id\":\"https:\\\/\\\/outdooreurope.eu\\\/tours\\\/hiking-spain-camino-walk-sarria-santiago-self-guided\\\/#breadcrumb\"},\"inLanguage\":\"fr-FR\",\"potentialAction\":[{\"@type\":\"ReadAction\",\"target\":[\"https:\\\/\\\/outdooreurope.eu\\\/tours\\\/hiking-spain-camino-walk-sarria-santiago-self-guided\\\/\"]}]},{\"@type\":\"ImageObject\",\"inLanguage\":\"fr-FR\",\"@id\":\"https:\\\/\\\/outdooreurope.eu\\\/tours\\\/hiking-spain-camino-walk-sarria-santiago-self-guided\\\/#primaryimage\",\"url\":\"https:\\\/\\\/outdooreurope.eu\\\/wp-content\\\/uploads\\\/2024\\\/01\\\/observing-the-sunset-2021-10-21-22-34-38-utc-scaled-720x606-1.jpg\",\"contentUrl\":\"https:\\\/\\\/outdooreurope.eu\\\/wp-content\\\/uploads\\\/2024\\\/01\\\/observing-the-sunset-2021-10-21-22-34-38-utc-scaled-720x606-1.jpg\",\"width\":720,\"height\":606},{\"@type\":\"BreadcrumbList\",\"@id\":\"https:\\\/\\\/outdooreurope.eu\\\/tours\\\/hiking-spain-camino-walk-sarria-santiago-self-guided\\\/#breadcrumb\",\"itemListElement\":[{\"@type\":\"ListItem\",\"position\":1,\"name\":\"Hjem\",\"item\":\"https:\\\/\\\/outdooreurope.eu\\\/\"},{\"@type\":\"ListItem\",\"position\":2,\"name\":\"Shop\",\"item\":\"https:\\\/\\\/outdooreurope.eu\\\/shop\\\/\"},{\"@type\":\"ListItem\",\"position\":3,\"name\":\"Hike the Camino Franc\u00e9s: from Sarria to Santiago\"}]},{\"@type\":\"WebSite\",\"@id\":\"https:\\\/\\\/outdooreurope.eu\\\/#website\",\"url\":\"https:\\\/\\\/outdooreurope.eu\\\/\",\"name\":\"Outdoor Europe\",\"description\":\"Hiking In Europe I Join the trail\",\"potentialAction\":[{\"@type\":\"SearchAction\",\"target\":{\"@type\":\"EntryPoint\",\"urlTemplate\":\"https:\\\/\\\/outdooreurope.eu\\\/?s={search_term_string}\"},\"query-input\":{\"@type\":\"PropertyValueSpecification\",\"valueRequired\":true,\"valueName\":\"search_term_string\"}}],\"inLanguage\":\"fr-FR\"}]}<\/script>\n<meta property=\"product:price:amount\" content=\"895\" \/>\n<meta property=\"product:price:currency\" content=\"EUR\" \/>\n<meta property=\"og:availability\" content=\"instock\" \/>\n<meta property=\"product:availability\" content=\"instock\" \/>\n<meta property=\"product:retailer_item_id\" content=\"15968\" \/>\n<meta property=\"product:condition\" content=\"new\" \/>\n<!-- \/ Yoast SEO Premium plugin. -->","yoast_head_json":{"title":"Randonn\u00e9e sur le Camino Franc\u00e9s","description":"D\u00e9couvrez la beaut\u00e9 de l&#039;Espagne en parcourant le Chemin de Saint-Jacques de Sarria. Rejoignez ce p\u00e8lerinage magique et rencontrez d&#039;autres voyageurs\u00a0!","robots":{"index":"index","follow":"follow","max-snippet":"max-snippet:-1","max-image-preview":"max-image-preview:large","max-video-preview":"max-video-preview:-1"},"canonical":"https:\/\/outdooreurope.eu\/fr\/visites\/randonnee-espagne-chemin-de-saint-jacques-sarria-autoguidee\/","og_locale":"fr_FR","og_type":"article","og_title":"Hike the Camino Franc\u00e9s: from Sarria to Santiago","og_description":"Hike the Camino Franc\u00e9s. The Camino Franc\u00e9s, particularly the stretch from Sarria to Santiago, stands as an unparalleled pilgrimage experience. It threads","og_url":"https:\/\/outdooreurope.eu\/fr\/visites\/randonnee-espagne-chemin-de-saint-jacques-sarria-autoguidee\/","og_site_name":"Outdoor Europe","article_publisher":"https:\/\/www.facebook.com\/outdooreurope.eu","article_modified_time":"2025-06-19T08:56:25+00:00","og_image":[{"width":720,"height":606,"url":"https:\/\/outdooreurope.eu\/wp-content\/uploads\/2024\/01\/observing-the-sunset-2021-10-21-22-34-38-utc-scaled-720x606-1.jpg","type":"image\/jpeg"}],"twitter_card":"summary_large_image","twitter_misc":{"Prix":"&euro;895","Disponibilit\u00e9":"En stock"},"schema":{"@context":"https:\/\/schema.org","@graph":[{"@type":"WebPage","@id":"https:\/\/outdooreurope.eu\/tours\/hiking-spain-camino-walk-sarria-santiago-self-guided\/","url":"https:\/\/outdooreurope.eu\/tours\/hiking-spain-camino-walk-sarria-santiago-self-guided\/","name":"Randonn\u00e9e sur le Camino Franc\u00e9s","isPartOf":{"@id":"https:\/\/outdooreurope.eu\/#website"},"primaryImageOfPage":{"@id":"https:\/\/outdooreurope.eu\/tours\/hiking-spain-camino-walk-sarria-santiago-self-guided\/#primaryimage"},"image":{"@id":"https:\/\/outdooreurope.eu\/tours\/hiking-spain-camino-walk-sarria-santiago-self-guided\/#primaryimage"},"thumbnailUrl":"https:\/\/outdooreurope.eu\/wp-content\/uploads\/2024\/01\/observing-the-sunset-2021-10-21-22-34-38-utc-scaled-720x606-1.jpg","datePublished":"2024-01-17T04:59:19+00:00","dateModified":"2025-06-19T08:56:25+00:00","description":"D\u00e9couvrez la beaut\u00e9 de l&#039;Espagne en parcourant le Chemin de Saint-Jacques de Sarria. Rejoignez ce p\u00e8lerinage magique et rencontrez d&#039;autres voyageurs\u00a0!","breadcrumb":{"@id":"https:\/\/outdooreurope.eu\/tours\/hiking-spain-camino-walk-sarria-santiago-self-guided\/#breadcrumb"},"inLanguage":"fr-FR","potentialAction":[{"@type":"ReadAction","target":["https:\/\/outdooreurope.eu\/tours\/hiking-spain-camino-walk-sarria-santiago-self-guided\/"]}]},{"@type":"ImageObject","inLanguage":"fr-FR","@id":"https:\/\/outdooreurope.eu\/tours\/hiking-spain-camino-walk-sarria-santiago-self-guided\/#primaryimage","url":"https:\/\/outdooreurope.eu\/wp-content\/uploads\/2024\/01\/observing-the-sunset-2021-10-21-22-34-38-utc-scaled-720x606-1.jpg","contentUrl":"https:\/\/outdooreurope.eu\/wp-content\/uploads\/2024\/01\/observing-the-sunset-2021-10-21-22-34-38-utc-scaled-720x606-1.jpg","width":720,"height":606},{"@type":"BreadcrumbList","@id":"https:\/\/outdooreurope.eu\/tours\/hiking-spain-camino-walk-sarria-santiago-self-guided\/#breadcrumb","itemListElement":[{"@type":"ListItem","position":1,"name":"Hjem","item":"https:\/\/outdooreurope.eu\/"},{"@type":"ListItem","position":2,"name":"Shop","item":"https:\/\/outdooreurope.eu\/shop\/"},{"@type":"ListItem","position":3,"name":"Hike the Camino Franc\u00e9s: from Sarria to Santiago"}]},{"@type":"WebSite","@id":"https:\/\/outdooreurope.eu\/#website","url":"https:\/\/outdooreurope.eu\/","name":"L&#039;Europe en plein air","description":"Randonn\u00e9e en Europe Je rejoins le sentier","potentialAction":[{"@type":"SearchAction","target":{"@type":"EntryPoint","urlTemplate":"https:\/\/outdooreurope.eu\/?s={search_term_string}"},"query-input":{"@type":"PropertyValueSpecification","valueRequired":true,"valueName":"search_term_string"}}],"inLanguage":"fr-FR"}]},"product_price_amount":"895","product_price_currency":"EUR","og_availability":"instock","product_availability":"instock","product_retailer_item_id":"15968","product_condition":"new"},"_links":{"self":[{"href":"https:\/\/outdooreurope.eu\/fr\/wp-json\/wp\/v2\/product\/15968","targetHints":{"allow":["GET"]}}],"collection":[{"href":"https:\/\/outdooreurope.eu\/fr\/wp-json\/wp\/v2\/product"}],"about":[{"href":"https:\/\/outdooreurope.eu\/fr\/wp-json\/wp\/v2\/types\/product"}],"replies":[{"embeddable":true,"href":"https:\/\/outdooreurope.eu\/fr\/wp-json\/wp\/v2\/comments?post=15968"}],"wp:featuredmedia":[{"embeddable":true,"href":"https:\/\/outdooreurope.eu\/fr\/wp-json\/wp\/v2\/media\/15969"}],"wp:attachment":[{"href":"https:\/\/outdooreurope.eu\/fr\/wp-json\/wp\/v2\/media?parent=15968"}],"wp:term":[{"taxonomy":"product_brand","embeddable":true,"href":"https:\/\/outdooreurope.eu\/fr\/wp-json\/wp\/v2\/product_brand?post=15968"},{"taxonomy":"product_cat","embeddable":true,"href":"https:\/\/outdooreurope.eu\/fr\/wp-json\/wp\/v2\/product_cat?post=15968"},{"taxonomy":"product_tag","embeddable":true,"href":"https:\/\/outdooreurope.eu\/fr\/wp-json\/wp\/v2\/product_tag?post=15968"}],"curies":[{"name":"wp","href":"https:\/\/api.w.org\/{rel}","templated":true}]}}