{"id":16090,"date":"2024-01-17T09:45:57","date_gmt":"2024-01-17T08:45:57","guid":{"rendered":"https:\/\/outdooreurope.eu\/?post_type=product&#038;p=16090"},"modified":"2025-03-27T08:12:11","modified_gmt":"2025-03-27T07:12:11","slug":"randonnee-espagne-majorque-serra-de-tramuntana-trekking","status":"publish","type":"product","link":"https:\/\/outdooreurope.eu\/fr\/tours\/hiking-spain-mallorca-serra-de-tramuntana-trekking\/","title":{"rendered":"Randonn\u00e9e Trans Tramuntana : d\u00e9couvrez la beaut\u00e9 cach\u00e9e de Majorque"},"content":{"rendered":"<p>Partez en randonn\u00e9e sur la Trans Tramuntana. Si l&#039;id\u00e9e d&#039;oliveraies parfum\u00e9es, de panoramas imprenables sur la M\u00e9diterran\u00e9e et des d\u00e9licieuses empanadas mallorquinas vous tente, la randonn\u00e9e \u00ab\u00a0Trans Tramuntana\u00a0\u00bb dans le nord de Majorque est l&#039;\u00e9vasion id\u00e9ale. Ce sentier bien balis\u00e9 offre un voyage serein \u00e0 travers la face cach\u00e9e de la plus grande \u00eele des Bal\u00e9ares. En chemin, vous suivrez d&#039;anciens chemins de p\u00e8lerinage, r\u00e9v\u00e9lant une Majorque dont vous ignoriez peut-\u00eatre l&#039;existence.<\/p>\n<p><strong>Points forts de la tourn\u00e9e<\/strong><\/p>\n<ul>\n<li><strong>Les chemins de p\u00e8lerinage de Majorque :<\/strong> Parcourez de magnifiques chemins de p\u00e8lerinage entre Pollen\u00e7a et Lluc, serpentant \u00e0 travers des for\u00eats de ch\u00eanes verts et des vergers pittoresques.<\/li>\n<li><strong>Un voyage en train d&#039;\u00e9poque :<\/strong> Terminez votre semaine de randonn\u00e9e \u00e0 Majorque par une balade m\u00e9morable sur le \u00ab Red Lightning \u00bb,<\/li>\n<li><strong>Paysages idylliques :<\/strong> D\u00e9couvrez la beaut\u00e9 pr\u00e9serv\u00e9e de la Serra de Tramuntana, qui pr\u00e9sente une toute nouvelle dimension de l&#039;\u00eele des Bal\u00e9ares, loin des sentiers touristiques fr\u00e9quent\u00e9s.<\/li>\n<\/ul>\n<p>&nbsp;<\/p>","protected":false},"excerpt":{"rendered":"<p class=\"\" data-start=\"0\" data-end=\"74\"><strong data-start=\"0\" data-end=\"74\">Circuit p\u00e9destre\u00a0: Serra de Tramuntana et sentiers c\u00f4tiers de Majorque (8\u00a0jours)<\/strong><\/p>\n<p class=\"\" data-start=\"76\" data-end=\"287\">Embarquez pour des vacances de randonn\u00e9e inoubliables \u00e0 travers <strong data-start=\"126\" data-end=\"160\">Serra de Tramuntana \u00e0 Majorque<\/strong>, une cha\u00eene de montagnes class\u00e9e au patrimoine mondial de l&#039;UNESCO, combinant des c\u00f4tes spectaculaires, des chemins de p\u00e8lerinage tranquilles et de charmants villages de montagne.<\/p>","protected":false},"featured_media":16091,"comment_status":"open","ping_status":"closed","template":"","meta":{"_acf_changed":false,"content-type":"","inline_featured_image":false},"product_brand":[],"product_cat":[302],"product_tag":[953,760],"class_list":{"0":"post-16090","1":"product","2":"type-product","3":"status-publish","4":"has-post-thumbnail","6":"tour_country-spain","7":"tour_types-hut-to-hut","8":"tour_types-self-guided","9":"product_cat-ukategoriseret","10":"product_tag-walking","11":"product_tag-hiking","12":"pa_duration-7-nights","13":"tour_category-hiking-in-europe","15":"first","16":"instock","17":"virtual","18":"purchasable","19":"product-type-tour"},"acf":[],"yoast_head":"<!-- This site is optimized with the Yoast SEO Premium plugin v27.4 (Yoast SEO v27.4) - https:\/\/yoast.com\/product\/yoast-seo-premium-wordpress\/ -->\n<title>Hike the Trans Tramuntana: Discover Mallorca&#039;s Trails - Outdoor Europe<\/title>\n<meta name=\"description\" content=\"Discover the beauty of nature as you hike the Trans Tramuntana! Experience fragrant olive groves and breathtaking Mediterranean views. \ud83c\udf3f\" \/>\n<meta name=\"robots\" content=\"index, follow, max-snippet:-1, max-image-preview:large, max-video-preview:-1\" \/>\n<link rel=\"canonical\" href=\"https:\/\/outdooreurope.eu\/fr\/visites\/randonnee-espagne-majorque-serra-de-tramuntana-trekking\/\" \/>\n<meta property=\"og:locale\" content=\"fr_FR\" \/>\n<meta property=\"og:type\" content=\"article\" \/>\n<meta property=\"og:title\" content=\"Hike the Trans Tramuntana: Discover the hidden beauty of Mallorca\" \/>\n<meta property=\"og:description\" content=\"Walking Tour: Mallorca&#039;s Serra de Tramuntana &amp; Coastal Trails (8 Days) Embark on an unforgettable hiking holiday through Mallorca\u2019s Serra de Tramuntana, a UNESCO World Heritage mountain range, combining dramatic coastlines, quiet pilgrim paths, and charming mountain villages.\" \/>\n<meta property=\"og:url\" content=\"https:\/\/outdooreurope.eu\/fr\/visites\/randonnee-espagne-majorque-serra-de-tramuntana-trekking\/\" \/>\n<meta property=\"og:site_name\" content=\"Outdoor Europe\" \/>\n<meta property=\"article:publisher\" content=\"https:\/\/www.facebook.com\/outdooreurope.eu\" \/>\n<meta property=\"article:modified_time\" content=\"2025-03-27T07:12:11+00:00\" \/>\n<meta property=\"og:image\" content=\"https:\/\/outdooreurope.eu\/wp-content\/uploads\/2024\/01\/eurohike-wanderreisen-mallorca-gr221-pt-soller-ausblick-wanderer-scaled-720x606-1.jpg\" \/>\n\t<meta property=\"og:image:width\" content=\"720\" \/>\n\t<meta property=\"og:image:height\" content=\"606\" \/>\n\t<meta property=\"og:image:type\" content=\"image\/jpeg\" \/>\n<meta name=\"twitter:card\" content=\"summary_large_image\" \/>\n<meta name=\"twitter:label1\" content=\"Prix\" \/>\n\t<meta name=\"twitter:data1\" content=\"&euro;1,250\" \/>\n\t<meta name=\"twitter:label2\" content=\"Disponibilit\u00e9\" \/>\n\t<meta name=\"twitter:data2\" content=\"En stock\" \/>\n<script type=\"application\/ld+json\" class=\"yoast-schema-graph\">{\"@context\":\"https:\\\/\\\/schema.org\",\"@graph\":[{\"@type\":\"WebPage\",\"@id\":\"https:\\\/\\\/outdooreurope.eu\\\/tours\\\/hiking-spain-mallorca-serra-de-tramuntana-trekking\\\/\",\"url\":\"https:\\\/\\\/outdooreurope.eu\\\/tours\\\/hiking-spain-mallorca-serra-de-tramuntana-trekking\\\/\",\"name\":\"Hike the Trans Tramuntana: Discover Mallorca's Trails - Outdoor Europe\",\"isPartOf\":{\"@id\":\"https:\\\/\\\/outdooreurope.eu\\\/#website\"},\"primaryImageOfPage\":{\"@id\":\"https:\\\/\\\/outdooreurope.eu\\\/tours\\\/hiking-spain-mallorca-serra-de-tramuntana-trekking\\\/#primaryimage\"},\"image\":{\"@id\":\"https:\\\/\\\/outdooreurope.eu\\\/tours\\\/hiking-spain-mallorca-serra-de-tramuntana-trekking\\\/#primaryimage\"},\"thumbnailUrl\":\"https:\\\/\\\/outdooreurope.eu\\\/wp-content\\\/uploads\\\/2024\\\/01\\\/eurohike-wanderreisen-mallorca-gr221-pt-soller-ausblick-wanderer-scaled-720x606-1.jpg\",\"datePublished\":\"2024-01-17T08:45:57+00:00\",\"dateModified\":\"2025-03-27T07:12:11+00:00\",\"description\":\"Discover the beauty of nature as you hike the Trans Tramuntana! Experience fragrant olive groves and breathtaking Mediterranean views. \ud83c\udf3f\",\"breadcrumb\":{\"@id\":\"https:\\\/\\\/outdooreurope.eu\\\/tours\\\/hiking-spain-mallorca-serra-de-tramuntana-trekking\\\/#breadcrumb\"},\"inLanguage\":\"fr-FR\",\"potentialAction\":[{\"@type\":\"ReadAction\",\"target\":[\"https:\\\/\\\/outdooreurope.eu\\\/tours\\\/hiking-spain-mallorca-serra-de-tramuntana-trekking\\\/\"]}]},{\"@type\":\"ImageObject\",\"inLanguage\":\"fr-FR\",\"@id\":\"https:\\\/\\\/outdooreurope.eu\\\/tours\\\/hiking-spain-mallorca-serra-de-tramuntana-trekking\\\/#primaryimage\",\"url\":\"https:\\\/\\\/outdooreurope.eu\\\/wp-content\\\/uploads\\\/2024\\\/01\\\/eurohike-wanderreisen-mallorca-gr221-pt-soller-ausblick-wanderer-scaled-720x606-1.jpg\",\"contentUrl\":\"https:\\\/\\\/outdooreurope.eu\\\/wp-content\\\/uploads\\\/2024\\\/01\\\/eurohike-wanderreisen-mallorca-gr221-pt-soller-ausblick-wanderer-scaled-720x606-1.jpg\",\"width\":720,\"height\":606},{\"@type\":\"BreadcrumbList\",\"@id\":\"https:\\\/\\\/outdooreurope.eu\\\/tours\\\/hiking-spain-mallorca-serra-de-tramuntana-trekking\\\/#breadcrumb\",\"itemListElement\":[{\"@type\":\"ListItem\",\"position\":1,\"name\":\"Hjem\",\"item\":\"https:\\\/\\\/outdooreurope.eu\\\/\"},{\"@type\":\"ListItem\",\"position\":2,\"name\":\"Shop\",\"item\":\"https:\\\/\\\/outdooreurope.eu\\\/shop\\\/\"},{\"@type\":\"ListItem\",\"position\":3,\"name\":\"Hike the Trans Tramuntana: Discover the hidden beauty of Mallorca\"}]},{\"@type\":\"WebSite\",\"@id\":\"https:\\\/\\\/outdooreurope.eu\\\/#website\",\"url\":\"https:\\\/\\\/outdooreurope.eu\\\/\",\"name\":\"Outdoor Europe\",\"description\":\"Hiking In Europe I Join the trail\",\"potentialAction\":[{\"@type\":\"SearchAction\",\"target\":{\"@type\":\"EntryPoint\",\"urlTemplate\":\"https:\\\/\\\/outdooreurope.eu\\\/?s={search_term_string}\"},\"query-input\":{\"@type\":\"PropertyValueSpecification\",\"valueRequired\":true,\"valueName\":\"search_term_string\"}}],\"inLanguage\":\"fr-FR\"}]}<\/script>\n<meta property=\"product:price:amount\" content=\"1250\" \/>\n<meta property=\"product:price:currency\" content=\"EUR\" \/>\n<meta property=\"og:availability\" content=\"instock\" \/>\n<meta property=\"product:availability\" content=\"instock\" \/>\n<meta property=\"product:retailer_item_id\" content=\"16090\" \/>\n<meta property=\"product:condition\" content=\"new\" \/>\n<!-- \/ Yoast SEO Premium plugin. -->","yoast_head_json":{"title":"Randonn\u00e9e sur la Trans Tramuntana\u00a0: d\u00e9couvrez les sentiers de Majorque - Outdoor Europe","description":"D\u00e9couvrez la beaut\u00e9 de la nature en parcourant la Trans Tramuntana\u00a0! Admirez les oliveraies parfum\u00e9es et les panoramas m\u00e9diterran\u00e9ens \u00e0 couper le souffle. \ud83c\udf3f","robots":{"index":"index","follow":"follow","max-snippet":"max-snippet:-1","max-image-preview":"max-image-preview:large","max-video-preview":"max-video-preview:-1"},"canonical":"https:\/\/outdooreurope.eu\/fr\/visites\/randonnee-espagne-majorque-serra-de-tramuntana-trekking\/","og_locale":"fr_FR","og_type":"article","og_title":"Hike the Trans Tramuntana: Discover the hidden beauty of Mallorca","og_description":"Walking Tour: Mallorca's Serra de Tramuntana &amp; Coastal Trails (8 Days) Embark on an unforgettable hiking holiday through Mallorca\u2019s Serra de Tramuntana, a UNESCO World Heritage mountain range, combining dramatic coastlines, quiet pilgrim paths, and charming mountain villages.","og_url":"https:\/\/outdooreurope.eu\/fr\/visites\/randonnee-espagne-majorque-serra-de-tramuntana-trekking\/","og_site_name":"Outdoor Europe","article_publisher":"https:\/\/www.facebook.com\/outdooreurope.eu","article_modified_time":"2025-03-27T07:12:11+00:00","og_image":[{"width":720,"height":606,"url":"https:\/\/outdooreurope.eu\/wp-content\/uploads\/2024\/01\/eurohike-wanderreisen-mallorca-gr221-pt-soller-ausblick-wanderer-scaled-720x606-1.jpg","type":"image\/jpeg"}],"twitter_card":"summary_large_image","twitter_misc":{"Prix":"&euro;1,250","Disponibilit\u00e9":"En stock"},"schema":{"@context":"https:\/\/schema.org","@graph":[{"@type":"WebPage","@id":"https:\/\/outdooreurope.eu\/tours\/hiking-spain-mallorca-serra-de-tramuntana-trekking\/","url":"https:\/\/outdooreurope.eu\/tours\/hiking-spain-mallorca-serra-de-tramuntana-trekking\/","name":"Randonn\u00e9e sur la Trans Tramuntana\u00a0: d\u00e9couvrez les sentiers de Majorque - Outdoor Europe","isPartOf":{"@id":"https:\/\/outdooreurope.eu\/#website"},"primaryImageOfPage":{"@id":"https:\/\/outdooreurope.eu\/tours\/hiking-spain-mallorca-serra-de-tramuntana-trekking\/#primaryimage"},"image":{"@id":"https:\/\/outdooreurope.eu\/tours\/hiking-spain-mallorca-serra-de-tramuntana-trekking\/#primaryimage"},"thumbnailUrl":"https:\/\/outdooreurope.eu\/wp-content\/uploads\/2024\/01\/eurohike-wanderreisen-mallorca-gr221-pt-soller-ausblick-wanderer-scaled-720x606-1.jpg","datePublished":"2024-01-17T08:45:57+00:00","dateModified":"2025-03-27T07:12:11+00:00","description":"D\u00e9couvrez la beaut\u00e9 de la nature en parcourant la Trans Tramuntana\u00a0! Admirez les oliveraies parfum\u00e9es et les panoramas m\u00e9diterran\u00e9ens \u00e0 couper le souffle. \ud83c\udf3f","breadcrumb":{"@id":"https:\/\/outdooreurope.eu\/tours\/hiking-spain-mallorca-serra-de-tramuntana-trekking\/#breadcrumb"},"inLanguage":"fr-FR","potentialAction":[{"@type":"ReadAction","target":["https:\/\/outdooreurope.eu\/tours\/hiking-spain-mallorca-serra-de-tramuntana-trekking\/"]}]},{"@type":"ImageObject","inLanguage":"fr-FR","@id":"https:\/\/outdooreurope.eu\/tours\/hiking-spain-mallorca-serra-de-tramuntana-trekking\/#primaryimage","url":"https:\/\/outdooreurope.eu\/wp-content\/uploads\/2024\/01\/eurohike-wanderreisen-mallorca-gr221-pt-soller-ausblick-wanderer-scaled-720x606-1.jpg","contentUrl":"https:\/\/outdooreurope.eu\/wp-content\/uploads\/2024\/01\/eurohike-wanderreisen-mallorca-gr221-pt-soller-ausblick-wanderer-scaled-720x606-1.jpg","width":720,"height":606},{"@type":"BreadcrumbList","@id":"https:\/\/outdooreurope.eu\/tours\/hiking-spain-mallorca-serra-de-tramuntana-trekking\/#breadcrumb","itemListElement":[{"@type":"ListItem","position":1,"name":"Hjem","item":"https:\/\/outdooreurope.eu\/"},{"@type":"ListItem","position":2,"name":"Shop","item":"https:\/\/outdooreurope.eu\/shop\/"},{"@type":"ListItem","position":3,"name":"Hike the Trans Tramuntana: Discover the hidden beauty of Mallorca"}]},{"@type":"WebSite","@id":"https:\/\/outdooreurope.eu\/#website","url":"https:\/\/outdooreurope.eu\/","name":"L&#039;Europe en plein air","description":"Randonn\u00e9e en Europe Je rejoins le sentier","potentialAction":[{"@type":"SearchAction","target":{"@type":"EntryPoint","urlTemplate":"https:\/\/outdooreurope.eu\/?s={search_term_string}"},"query-input":{"@type":"PropertyValueSpecification","valueRequired":true,"valueName":"search_term_string"}}],"inLanguage":"fr-FR"}]},"product_price_amount":"1250","product_price_currency":"EUR","og_availability":"instock","product_availability":"instock","product_retailer_item_id":"16090","product_condition":"new"},"_links":{"self":[{"href":"https:\/\/outdooreurope.eu\/fr\/wp-json\/wp\/v2\/product\/16090","targetHints":{"allow":["GET"]}}],"collection":[{"href":"https:\/\/outdooreurope.eu\/fr\/wp-json\/wp\/v2\/product"}],"about":[{"href":"https:\/\/outdooreurope.eu\/fr\/wp-json\/wp\/v2\/types\/product"}],"replies":[{"embeddable":true,"href":"https:\/\/outdooreurope.eu\/fr\/wp-json\/wp\/v2\/comments?post=16090"}],"wp:featuredmedia":[{"embeddable":true,"href":"https:\/\/outdooreurope.eu\/fr\/wp-json\/wp\/v2\/media\/16091"}],"wp:attachment":[{"href":"https:\/\/outdooreurope.eu\/fr\/wp-json\/wp\/v2\/media?parent=16090"}],"wp:term":[{"taxonomy":"product_brand","embeddable":true,"href":"https:\/\/outdooreurope.eu\/fr\/wp-json\/wp\/v2\/product_brand?post=16090"},{"taxonomy":"product_cat","embeddable":true,"href":"https:\/\/outdooreurope.eu\/fr\/wp-json\/wp\/v2\/product_cat?post=16090"},{"taxonomy":"product_tag","embeddable":true,"href":"https:\/\/outdooreurope.eu\/fr\/wp-json\/wp\/v2\/product_tag?post=16090"}],"curies":[{"name":"wp","href":"https:\/\/api.w.org\/{rel}","templated":true}]}}