{"id":16149,"date":"2024-01-17T11:51:34","date_gmt":"2024-01-17T10:51:34","guid":{"rendered":"https:\/\/outdooreurope.eu\/?post_type=product&#038;p=16149"},"modified":"2025-03-27T08:05:11","modified_gmt":"2025-03-27T07:05:11","slug":"randonnee-italie-sardaigne-parc-naturel-dorosei-autoguidee","status":"publish","type":"product","link":"https:\/\/outdooreurope.eu\/fr\/tours\/hiking-italy-sardinia-orosei-nature-park-self-guided\/","title":{"rendered":"Randonn\u00e9e sur la c\u00f4te est de la Sardaigne : \u00e9poustouflante et sauvage !"},"content":{"rendered":"<h3>Randonn\u00e9e sur la c\u00f4te est de la Sardaigne : Randonn\u00e9e dans le parc naturel d&#039;Orosei.<\/h3>\n<p>Qu&#039;associez-vous \u00e0 la Sardaigne ? Des plages de sable de r\u00eave, la mer bleu turquoise et les douces soir\u00e9es d&#039;\u00e9t\u00e9 en mangeant des p\u00e2tes fra\u00eeches. Mais la Sardaigne a bien plus \u00e0 offrir : elle est devenue une destination pris\u00e9e pour les vacances de randonn\u00e9e. La randonn\u00e9e \u00e0 travers l&#039;est de la Sardaigne est \u00e0 la fois sauvage et relaxante. Sauvage, car le paysage est caract\u00e9ris\u00e9 par des rochers accident\u00e9s. Et reposant, car les Sardes ont perfectionn\u00e9 \u00ab la dolce far niente \u00bb, la douce oisivet\u00e9. Laissez-vous contaminer par les Italiens et passez vos vacances de randonn\u00e9e en Sardaigne de mani\u00e8re d\u00e9tendue !<\/p>\n<h4>Les points forts de la c\u00f4te est de la Sardaigne en un coup d&#039;\u0153il :<\/h4>\n<ul>\n<li><strong>Balades c\u00f4ti\u00e8res impressionnantes :<\/strong> L&#039;est de la Sardaigne est sauvage et poss\u00e8de un paysage extr\u00eamement impressionnant - les itin\u00e9raires longent principalement la c\u00f4te, offrant de magnifiques vues sur la mer.<\/li>\n<li><strong>Parc naturel d&#039;Orosei\u00a0:<\/strong> Le plus grand parc naturel de Sardaigne, le Golfo di Orosei, est un joyau pittoresque de l&#039;\u00eele italienne. Le puissant calcaire s&#039;\u00e9l\u00e8ve presque verticalement hors de la mer et forme des rep\u00e8res saisissants dans les eaux turquoises.<\/li>\n<li><strong>Macchia enchanteur :<\/strong> Une splendeur parfum\u00e9e et fleurie vous attend au printemps dans la macchia de Sardaigne. Entre les floraisons printani\u00e8res et automnales, les for\u00eats de machia exhalent l&#039;ar\u00f4me du romarin, du laurier et d&#039;autres herbes m\u00e9diterran\u00e9ennes.<\/li>\n<li><strong>Grotta del Bue Marino:<\/strong> Cette grotte de stalactites est situ\u00e9e au pied du Supramonte dans le Golfo di Orosei. Il doit son nom au phoque moine qui cherchait refuge en altitude et fut baptis\u00e9 Bue Marino. Profitez de l&#039;atmosph\u00e8re mystique!<\/li>\n<\/ul>\n<p>&nbsp;<\/p>","protected":false},"excerpt":{"rendered":"<p>Qu&#039;associez-vous \u00e0 la Sardaigne ? Des plages de sable de r\u00eave, la mer bleu turquoise et les douces soir\u00e9es d&#039;\u00e9t\u00e9 en mangeant des p\u00e2tes fra\u00eeches. Mais la Sardaigne a bien plus \u00e0 offrir : elle est devenue une destination pris\u00e9e pour les vacances de randonn\u00e9e.<\/p>","protected":false},"featured_media":16150,"comment_status":"open","ping_status":"closed","template":"","meta":{"_acf_changed":false,"content-type":"","inline_featured_image":false},"product_brand":[],"product_cat":[302],"product_tag":[952,953,965,980,981,760],"class_list":{"0":"post-16149","1":"product","2":"type-product","3":"status-publish","4":"has-post-thumbnail","6":"tour_country-italy","7":"tour_types-hut-to-hut","8":"tour_types-self-guided","9":"tour_types-family","10":"product_cat-ukategoriseret","11":"product_tag-italy","12":"product_tag-walking","13":"product_tag-ligurian-sea","14":"product_tag-sardinia","15":"product_tag-orosei","16":"product_tag-hiking","17":"pa_duration-7-nights","18":"tour_category-hiking-in-europe","20":"first","21":"instock","22":"downloadable","23":"shipping-taxable","24":"purchasable","25":"product-type-tour"},"acf":[],"yoast_head":"<!-- This site is optimized with the Yoast SEO Premium plugin v27.4 (Yoast SEO v27.4) - https:\/\/yoast.com\/product\/yoast-seo-premium-wordpress\/ -->\n<title>Hike Sardinia&#039;s east coast: breathtaking and wild! - Outdoor Europe<\/title>\n<meta name=\"description\" content=\"Experience stunning coastal hikes as you explore Sardinia&#039;s East Coast. Discover breathtaking views and relax in nature&#039;s beauty. \ud83c\udf0a\" \/>\n<meta name=\"robots\" content=\"index, follow, max-snippet:-1, max-image-preview:large, max-video-preview:-1\" \/>\n<link rel=\"canonical\" href=\"https:\/\/outdooreurope.eu\/fr\/visites\/randonnee-italie-sardaigne-parc-naturel-dorosei-autoguidee\/\" \/>\n<meta property=\"og:locale\" content=\"fr_FR\" \/>\n<meta property=\"og:type\" content=\"article\" \/>\n<meta property=\"og:title\" content=\"Hike Sardinia&#039;s east coast: breathtaking and wild!\" \/>\n<meta property=\"og:description\" content=\"What do you associate with Sardinia? Certainly dreamy sandy beaches, the turquoise blue sea and balmy summer evenings eating fresh pasta. But there\u2019s more to Sardinia \u2013 it has become a popular destination for hiking holidays.\" \/>\n<meta property=\"og:url\" content=\"https:\/\/outdooreurope.eu\/fr\/visites\/randonnee-italie-sardaigne-parc-naturel-dorosei-autoguidee\/\" \/>\n<meta property=\"og:site_name\" content=\"Outdoor Europe\" \/>\n<meta property=\"article:publisher\" content=\"https:\/\/www.facebook.com\/outdooreurope.eu\" \/>\n<meta property=\"article:modified_time\" content=\"2025-03-27T07:05:11+00:00\" \/>\n<meta property=\"og:image\" content=\"https:\/\/outdooreurope.eu\/wp-content\/uploads\/2024\/01\/Untitled-design-28-720x606-1.jpg\" \/>\n\t<meta property=\"og:image:width\" content=\"720\" \/>\n\t<meta property=\"og:image:height\" content=\"606\" \/>\n\t<meta property=\"og:image:type\" content=\"image\/jpeg\" \/>\n<meta name=\"twitter:card\" content=\"summary_large_image\" \/>\n<meta name=\"twitter:label1\" content=\"Prix\" \/>\n\t<meta name=\"twitter:data1\" content=\"&euro;879\" \/>\n\t<meta name=\"twitter:label2\" content=\"Disponibilit\u00e9\" \/>\n\t<meta name=\"twitter:data2\" content=\"En stock\" \/>\n<script type=\"application\/ld+json\" class=\"yoast-schema-graph\">{\"@context\":\"https:\\\/\\\/schema.org\",\"@graph\":[{\"@type\":\"WebPage\",\"@id\":\"https:\\\/\\\/outdooreurope.eu\\\/tours\\\/hiking-italy-sardinia-orosei-nature-park-self-guided\\\/\",\"url\":\"https:\\\/\\\/outdooreurope.eu\\\/tours\\\/hiking-italy-sardinia-orosei-nature-park-self-guided\\\/\",\"name\":\"Hike Sardinia's east coast: breathtaking and wild! - Outdoor Europe\",\"isPartOf\":{\"@id\":\"https:\\\/\\\/outdooreurope.eu\\\/#website\"},\"primaryImageOfPage\":{\"@id\":\"https:\\\/\\\/outdooreurope.eu\\\/tours\\\/hiking-italy-sardinia-orosei-nature-park-self-guided\\\/#primaryimage\"},\"image\":{\"@id\":\"https:\\\/\\\/outdooreurope.eu\\\/tours\\\/hiking-italy-sardinia-orosei-nature-park-self-guided\\\/#primaryimage\"},\"thumbnailUrl\":\"https:\\\/\\\/outdooreurope.eu\\\/wp-content\\\/uploads\\\/2024\\\/01\\\/Untitled-design-28-720x606-1.jpg\",\"datePublished\":\"2024-01-17T10:51:34+00:00\",\"dateModified\":\"2025-03-27T07:05:11+00:00\",\"description\":\"Experience stunning coastal hikes as you explore Sardinia's East Coast. Discover breathtaking views and relax in nature's beauty. \ud83c\udf0a\",\"breadcrumb\":{\"@id\":\"https:\\\/\\\/outdooreurope.eu\\\/tours\\\/hiking-italy-sardinia-orosei-nature-park-self-guided\\\/#breadcrumb\"},\"inLanguage\":\"fr-FR\",\"potentialAction\":[{\"@type\":\"ReadAction\",\"target\":[\"https:\\\/\\\/outdooreurope.eu\\\/tours\\\/hiking-italy-sardinia-orosei-nature-park-self-guided\\\/\"]}]},{\"@type\":\"ImageObject\",\"inLanguage\":\"fr-FR\",\"@id\":\"https:\\\/\\\/outdooreurope.eu\\\/tours\\\/hiking-italy-sardinia-orosei-nature-park-self-guided\\\/#primaryimage\",\"url\":\"https:\\\/\\\/outdooreurope.eu\\\/wp-content\\\/uploads\\\/2024\\\/01\\\/Untitled-design-28-720x606-1.jpg\",\"contentUrl\":\"https:\\\/\\\/outdooreurope.eu\\\/wp-content\\\/uploads\\\/2024\\\/01\\\/Untitled-design-28-720x606-1.jpg\",\"width\":720,\"height\":606},{\"@type\":\"BreadcrumbList\",\"@id\":\"https:\\\/\\\/outdooreurope.eu\\\/tours\\\/hiking-italy-sardinia-orosei-nature-park-self-guided\\\/#breadcrumb\",\"itemListElement\":[{\"@type\":\"ListItem\",\"position\":1,\"name\":\"Hjem\",\"item\":\"https:\\\/\\\/outdooreurope.eu\\\/\"},{\"@type\":\"ListItem\",\"position\":2,\"name\":\"Shop\",\"item\":\"https:\\\/\\\/outdooreurope.eu\\\/shop\\\/\"},{\"@type\":\"ListItem\",\"position\":3,\"name\":\"Hike Sardinia&#8217;s east coast: breathtaking and wild!\"}]},{\"@type\":\"WebSite\",\"@id\":\"https:\\\/\\\/outdooreurope.eu\\\/#website\",\"url\":\"https:\\\/\\\/outdooreurope.eu\\\/\",\"name\":\"Outdoor Europe\",\"description\":\"Hiking In Europe I Join the trail\",\"potentialAction\":[{\"@type\":\"SearchAction\",\"target\":{\"@type\":\"EntryPoint\",\"urlTemplate\":\"https:\\\/\\\/outdooreurope.eu\\\/?s={search_term_string}\"},\"query-input\":{\"@type\":\"PropertyValueSpecification\",\"valueRequired\":true,\"valueName\":\"search_term_string\"}}],\"inLanguage\":\"fr-FR\"}]}<\/script>\n<meta property=\"product:price:amount\" content=\"879\" \/>\n<meta property=\"product:price:currency\" content=\"EUR\" \/>\n<meta property=\"og:availability\" content=\"instock\" \/>\n<meta property=\"product:availability\" content=\"instock\" \/>\n<meta property=\"product:retailer_item_id\" content=\"16149\" \/>\n<meta property=\"product:condition\" content=\"new\" \/>\n<!-- \/ Yoast SEO Premium plugin. -->","yoast_head_json":{"title":"Randonn\u00e9e sur la c\u00f4te est de la Sardaigne\u00a0: une exp\u00e9rience \u00e9poustouflante et sauvage\u00a0! - Outdoor Europe","description":"D\u00e9couvrez de superbes randonn\u00e9es c\u00f4ti\u00e8res en explorant la c\u00f4te est de la Sardaigne. D\u00e9couvrez des vues \u00e0 couper le souffle et d\u00e9tendez-vous dans la beaut\u00e9 de la nature. \ud83c\udf0a","robots":{"index":"index","follow":"follow","max-snippet":"max-snippet:-1","max-image-preview":"max-image-preview:large","max-video-preview":"max-video-preview:-1"},"canonical":"https:\/\/outdooreurope.eu\/fr\/visites\/randonnee-italie-sardaigne-parc-naturel-dorosei-autoguidee\/","og_locale":"fr_FR","og_type":"article","og_title":"Hike Sardinia's east coast: breathtaking and wild!","og_description":"What do you associate with Sardinia? Certainly dreamy sandy beaches, the turquoise blue sea and balmy summer evenings eating fresh pasta. But there\u2019s more to Sardinia \u2013 it has become a popular destination for hiking holidays.","og_url":"https:\/\/outdooreurope.eu\/fr\/visites\/randonnee-italie-sardaigne-parc-naturel-dorosei-autoguidee\/","og_site_name":"Outdoor Europe","article_publisher":"https:\/\/www.facebook.com\/outdooreurope.eu","article_modified_time":"2025-03-27T07:05:11+00:00","og_image":[{"width":720,"height":606,"url":"https:\/\/outdooreurope.eu\/wp-content\/uploads\/2024\/01\/Untitled-design-28-720x606-1.jpg","type":"image\/jpeg"}],"twitter_card":"summary_large_image","twitter_misc":{"Prix":"&euro;879","Disponibilit\u00e9":"En stock"},"schema":{"@context":"https:\/\/schema.org","@graph":[{"@type":"WebPage","@id":"https:\/\/outdooreurope.eu\/tours\/hiking-italy-sardinia-orosei-nature-park-self-guided\/","url":"https:\/\/outdooreurope.eu\/tours\/hiking-italy-sardinia-orosei-nature-park-self-guided\/","name":"Randonn\u00e9e sur la c\u00f4te est de la Sardaigne\u00a0: une exp\u00e9rience \u00e9poustouflante et sauvage\u00a0! - Outdoor Europe","isPartOf":{"@id":"https:\/\/outdooreurope.eu\/#website"},"primaryImageOfPage":{"@id":"https:\/\/outdooreurope.eu\/tours\/hiking-italy-sardinia-orosei-nature-park-self-guided\/#primaryimage"},"image":{"@id":"https:\/\/outdooreurope.eu\/tours\/hiking-italy-sardinia-orosei-nature-park-self-guided\/#primaryimage"},"thumbnailUrl":"https:\/\/outdooreurope.eu\/wp-content\/uploads\/2024\/01\/Untitled-design-28-720x606-1.jpg","datePublished":"2024-01-17T10:51:34+00:00","dateModified":"2025-03-27T07:05:11+00:00","description":"D\u00e9couvrez de superbes randonn\u00e9es c\u00f4ti\u00e8res en explorant la c\u00f4te est de la Sardaigne. D\u00e9couvrez des vues \u00e0 couper le souffle et d\u00e9tendez-vous dans la beaut\u00e9 de la nature. \ud83c\udf0a","breadcrumb":{"@id":"https:\/\/outdooreurope.eu\/tours\/hiking-italy-sardinia-orosei-nature-park-self-guided\/#breadcrumb"},"inLanguage":"fr-FR","potentialAction":[{"@type":"ReadAction","target":["https:\/\/outdooreurope.eu\/tours\/hiking-italy-sardinia-orosei-nature-park-self-guided\/"]}]},{"@type":"ImageObject","inLanguage":"fr-FR","@id":"https:\/\/outdooreurope.eu\/tours\/hiking-italy-sardinia-orosei-nature-park-self-guided\/#primaryimage","url":"https:\/\/outdooreurope.eu\/wp-content\/uploads\/2024\/01\/Untitled-design-28-720x606-1.jpg","contentUrl":"https:\/\/outdooreurope.eu\/wp-content\/uploads\/2024\/01\/Untitled-design-28-720x606-1.jpg","width":720,"height":606},{"@type":"BreadcrumbList","@id":"https:\/\/outdooreurope.eu\/tours\/hiking-italy-sardinia-orosei-nature-park-self-guided\/#breadcrumb","itemListElement":[{"@type":"ListItem","position":1,"name":"Hjem","item":"https:\/\/outdooreurope.eu\/"},{"@type":"ListItem","position":2,"name":"Shop","item":"https:\/\/outdooreurope.eu\/shop\/"},{"@type":"ListItem","position":3,"name":"Hike Sardinia&#8217;s east coast: breathtaking and wild!"}]},{"@type":"WebSite","@id":"https:\/\/outdooreurope.eu\/#website","url":"https:\/\/outdooreurope.eu\/","name":"L&#039;Europe en plein air","description":"Randonn\u00e9e en Europe Je rejoins le sentier","potentialAction":[{"@type":"SearchAction","target":{"@type":"EntryPoint","urlTemplate":"https:\/\/outdooreurope.eu\/?s={search_term_string}"},"query-input":{"@type":"PropertyValueSpecification","valueRequired":true,"valueName":"search_term_string"}}],"inLanguage":"fr-FR"}]},"product_price_amount":"879","product_price_currency":"EUR","og_availability":"instock","product_availability":"instock","product_retailer_item_id":"16149","product_condition":"new"},"_links":{"self":[{"href":"https:\/\/outdooreurope.eu\/fr\/wp-json\/wp\/v2\/product\/16149","targetHints":{"allow":["GET"]}}],"collection":[{"href":"https:\/\/outdooreurope.eu\/fr\/wp-json\/wp\/v2\/product"}],"about":[{"href":"https:\/\/outdooreurope.eu\/fr\/wp-json\/wp\/v2\/types\/product"}],"replies":[{"embeddable":true,"href":"https:\/\/outdooreurope.eu\/fr\/wp-json\/wp\/v2\/comments?post=16149"}],"wp:featuredmedia":[{"embeddable":true,"href":"https:\/\/outdooreurope.eu\/fr\/wp-json\/wp\/v2\/media\/16150"}],"wp:attachment":[{"href":"https:\/\/outdooreurope.eu\/fr\/wp-json\/wp\/v2\/media?parent=16149"}],"wp:term":[{"taxonomy":"product_brand","embeddable":true,"href":"https:\/\/outdooreurope.eu\/fr\/wp-json\/wp\/v2\/product_brand?post=16149"},{"taxonomy":"product_cat","embeddable":true,"href":"https:\/\/outdooreurope.eu\/fr\/wp-json\/wp\/v2\/product_cat?post=16149"},{"taxonomy":"product_tag","embeddable":true,"href":"https:\/\/outdooreurope.eu\/fr\/wp-json\/wp\/v2\/product_tag?post=16149"}],"curies":[{"name":"wp","href":"https:\/\/api.w.org\/{rel}","templated":true}]}}