{"id":16177,"date":"2024-01-17T12:13:28","date_gmt":"2024-01-17T11:13:28","guid":{"rendered":"https:\/\/outdooreurope.eu\/?post_type=product&#038;p=16177"},"modified":"2025-03-27T08:02:52","modified_gmt":"2025-03-27T07:02:52","slug":"parcourir-le-sentier-de-lalpe-adria","status":"publish","type":"product","link":"https:\/\/outdooreurope.eu\/fr\/tours\/hike-the-alpe-adria-trail\/","title":{"rendered":"Parcourez le sentier Alpe Adria : une aventure europ\u00e9enne vous attend"},"content":{"rendered":"<p><strong>Parcourez le sentier Alpe Adria : une aventure europ\u00e9enne vous attend<\/strong><\/p>\n<p>Le sentier Alpe Adria est l&#039;une des exp\u00e9riences de randonn\u00e9e les plus spectaculaires d&#039;Europe, s&#039;\u00e9tendant sur environ 750 km \u00e0 travers les paysages enchanteurs du Frioul-V\u00e9n\u00e9tie, de la Slov\u00e9nie et de la Carinthie. Notre itin\u00e9raire circulaire commence et se termine dans la ville pittoresque de Tarvisio, offrant une v\u00e9ritable aventure internationale \u00e0 travers l&#039;Autriche, l&#039;Italie et la Slov\u00e9nie.<\/p>\n<p><strong>Points saillants:<\/strong><\/p>\n<ul>\n<li><strong>Paysages diversifi\u00e9s :<\/strong> Ces vacances de randonn\u00e9e alpine sont un voyage captivant rempli d&#039;une vari\u00e9t\u00e9 de paysages, de monuments et d&#039;activit\u00e9s. Que vous recherchiez la beaut\u00e9 de la randonn\u00e9e autrichienne ou exploriez les sentiers italiens, ce sentier gigantesque s&#039;adresse \u00e0 tous les randonneurs. De Tarvisio au charmant village de Valbruna, et de retour \u00e0 Tarvisio, vous d\u00e9couvrirez des paysages \u00e9poustouflants, comprenant des montagnes, des p\u00e2turages et des prairies.<\/li>\n<li><strong>Accessible \u00e0 tous :<\/strong> Le sentier Alpe Adria est parfait pour les randonneurs de tous niveaux, ce qui en fait un chemin accueillant pour ceux qui recherchent l&#039;aventure. Elle offre non seulement des vues \u00e0 couper le souffle mais aussi une riche exp\u00e9rience culturelle et patrimoniale.<\/li>\n<li><strong>Fusion culturelle :<\/strong> Tarvisio, nich\u00e9 entre les Alpes carniques et les cha\u00eenes des Karawanks, est un village pittoresque avec un m\u00e9lange unique d&#039;influences germaniques et slaves. Autrefois partie de l&#039;Autriche, elle incarne d\u00e9sormais un charme germanique distinct dans un d\u00e9cor italien. L&#039;architecture, les activit\u00e9s et l&#039;ambiance de la r\u00e9gion refl\u00e8tent cette riche fusion culturelle.<\/li>\n<\/ul>\n<div><\/div>","protected":false},"excerpt":{"rendered":"<p>Marchez le long d&#039;une section pittoresque du sentier Alpe Adria. Vous pourrez go\u00fbter \u00e0 la cuisine locale, profiter d&#039;une vue imprenable et vous immerger dans la culture italienne et autrichienne.<\/p>","protected":false},"featured_media":16973,"comment_status":"open","ping_status":"closed","template":"","meta":{"_acf_changed":false,"content-type":"","inline_featured_image":false},"product_brand":[],"product_cat":[302],"product_tag":[974,975,976,977,760,953,971,972,973],"class_list":{"0":"post-16177","1":"product","2":"type-product","3":"status-publish","4":"has-post-thumbnail","6":"tour_country-slovenia","7":"tour_country-austria","8":"tour_country-italy","9":"tour_types-hut-to-hut","10":"tour_types-self-guided","11":"tour_types-family","12":"product_cat-ukategoriseret","13":"product_tag-slovenia","14":"product_tag-villach","15":"product_tag-tarvisio","16":"product_tag-zacchi","17":"product_tag-hiking","18":"product_tag-walking","19":"product_tag-alpine-hiking","20":"product_tag-italian-alps","21":"product_tag-austria","22":"pa_duration-7-nights","23":"tour_category-hiking-in-europe","25":"first","26":"instock","27":"shipping-taxable","28":"purchasable","29":"product-type-tour"},"acf":[],"yoast_head":"<!-- This site is optimized with the Yoast SEO Premium plugin v27.6 (Yoast SEO v27.6) - https:\/\/yoast.com\/product\/yoast-seo-premium-wordpress\/ -->\n<title>Hike the Alpe Adria trail: A European adventure awaits - Outdoor Europe<\/title>\n<meta name=\"description\" content=\"Embrace an unforgettable adventure when you Hike the Alpe Adria Trail! Experience diverse landscapes, stunning scenery, and captivating journeys.\" \/>\n<meta name=\"robots\" content=\"index, follow, max-snippet:-1, max-image-preview:large, max-video-preview:-1\" \/>\n<link rel=\"canonical\" href=\"https:\/\/outdooreurope.eu\/fr\/visites\/parcourir-le-sentier-de-lalpe-adria\/\" \/>\n<meta property=\"og:locale\" content=\"fr_FR\" \/>\n<meta property=\"og:type\" content=\"article\" \/>\n<meta property=\"og:title\" content=\"Hike the Alpe Adria trail: A European adventure awaits\" \/>\n<meta property=\"og:description\" content=\"Hike along a picturesque section of the Alpe Adria Trail. You&#039;ll get to sample local cuisines, enjoy amazing views and immerse yourself in both Italian and Austrian culture.\" \/>\n<meta property=\"og:url\" content=\"https:\/\/outdooreurope.eu\/fr\/visites\/parcourir-le-sentier-de-lalpe-adria\/\" \/>\n<meta property=\"og:site_name\" content=\"Outdoor Europe\" \/>\n<meta property=\"article:publisher\" content=\"https:\/\/www.facebook.com\/outdooreurope.eu\" \/>\n<meta property=\"article:modified_time\" content=\"2025-03-27T07:02:52+00:00\" \/>\n<meta property=\"og:image\" content=\"https:\/\/outdooreurope.eu\/wp-content\/uploads\/2024\/01\/shutterstock_1648121689.jpg\" \/>\n\t<meta property=\"og:image:width\" content=\"1280\" \/>\n\t<meta property=\"og:image:height\" content=\"854\" \/>\n\t<meta property=\"og:image:type\" content=\"image\/jpeg\" \/>\n<meta name=\"twitter:card\" content=\"summary_large_image\" \/>\n<meta name=\"twitter:label1\" content=\"Prix\" \/>\n\t<meta name=\"twitter:data1\" content=\"&euro;950\" \/>\n\t<meta name=\"twitter:label2\" content=\"Disponibilit\u00e9\" \/>\n\t<meta name=\"twitter:data2\" content=\"En stock\" \/>\n<script type=\"application\/ld+json\" class=\"yoast-schema-graph\">{\"@context\":\"https:\\\/\\\/schema.org\",\"@graph\":[{\"@type\":\"WebPage\",\"@id\":\"https:\\\/\\\/outdooreurope.eu\\\/tours\\\/hike-the-alpe-adria-trail\\\/\",\"url\":\"https:\\\/\\\/outdooreurope.eu\\\/tours\\\/hike-the-alpe-adria-trail\\\/\",\"name\":\"Hike the Alpe Adria trail: A European adventure awaits - Outdoor Europe\",\"isPartOf\":{\"@id\":\"https:\\\/\\\/outdooreurope.eu\\\/#website\"},\"primaryImageOfPage\":{\"@id\":\"https:\\\/\\\/outdooreurope.eu\\\/tours\\\/hike-the-alpe-adria-trail\\\/#primaryimage\"},\"image\":{\"@id\":\"https:\\\/\\\/outdooreurope.eu\\\/tours\\\/hike-the-alpe-adria-trail\\\/#primaryimage\"},\"thumbnailUrl\":\"https:\\\/\\\/outdooreurope.eu\\\/wp-content\\\/uploads\\\/2024\\\/01\\\/shutterstock_1648121689.jpg\",\"datePublished\":\"2024-01-17T11:13:28+00:00\",\"dateModified\":\"2025-03-27T07:02:52+00:00\",\"description\":\"Embrace an unforgettable adventure when you Hike the Alpe Adria Trail! Experience diverse landscapes, stunning scenery, and captivating journeys.\",\"breadcrumb\":{\"@id\":\"https:\\\/\\\/outdooreurope.eu\\\/tours\\\/hike-the-alpe-adria-trail\\\/#breadcrumb\"},\"inLanguage\":\"fr-FR\",\"potentialAction\":[{\"@type\":\"ReadAction\",\"target\":[\"https:\\\/\\\/outdooreurope.eu\\\/tours\\\/hike-the-alpe-adria-trail\\\/\"]}]},{\"@type\":\"ImageObject\",\"inLanguage\":\"fr-FR\",\"@id\":\"https:\\\/\\\/outdooreurope.eu\\\/tours\\\/hike-the-alpe-adria-trail\\\/#primaryimage\",\"url\":\"https:\\\/\\\/outdooreurope.eu\\\/wp-content\\\/uploads\\\/2024\\\/01\\\/shutterstock_1648121689.jpg\",\"contentUrl\":\"https:\\\/\\\/outdooreurope.eu\\\/wp-content\\\/uploads\\\/2024\\\/01\\\/shutterstock_1648121689.jpg\",\"width\":1280,\"height\":854,\"caption\":\"The sanctuary of Monte Lussari situated at the top of a mountain near Tarvisio in Friuli Venezia Giulia\"},{\"@type\":\"BreadcrumbList\",\"@id\":\"https:\\\/\\\/outdooreurope.eu\\\/tours\\\/hike-the-alpe-adria-trail\\\/#breadcrumb\",\"itemListElement\":[{\"@type\":\"ListItem\",\"position\":1,\"name\":\"Hjem\",\"item\":\"https:\\\/\\\/outdooreurope.eu\\\/\"},{\"@type\":\"ListItem\",\"position\":2,\"name\":\"Shop\",\"item\":\"https:\\\/\\\/outdooreurope.eu\\\/shop\\\/\"},{\"@type\":\"ListItem\",\"position\":3,\"name\":\"Hike the Alpe Adria trail: A European adventure awaits\"}]},{\"@type\":\"WebSite\",\"@id\":\"https:\\\/\\\/outdooreurope.eu\\\/#website\",\"url\":\"https:\\\/\\\/outdooreurope.eu\\\/\",\"name\":\"Outdoor Europe\",\"description\":\"Hiking In Europe I Join the trail\",\"potentialAction\":[{\"@type\":\"SearchAction\",\"target\":{\"@type\":\"EntryPoint\",\"urlTemplate\":\"https:\\\/\\\/outdooreurope.eu\\\/?s={search_term_string}\"},\"query-input\":{\"@type\":\"PropertyValueSpecification\",\"valueRequired\":true,\"valueName\":\"search_term_string\"}}],\"inLanguage\":\"fr-FR\"}]}<\/script>\n<meta property=\"product:price:amount\" content=\"950\" \/>\n<meta property=\"product:price:currency\" content=\"EUR\" \/>\n<meta property=\"og:availability\" content=\"instock\" \/>\n<meta property=\"product:availability\" content=\"instock\" \/>\n<meta property=\"product:retailer_item_id\" content=\"16177\" \/>\n<meta property=\"product:condition\" content=\"new\" \/>\n<!-- \/ Yoast SEO Premium plugin. -->","yoast_head_json":{"title":"Parcourez le sentier Alpe Adria : une aventure europ\u00e9enne vous attend - Outdoor Europe","description":"Vivez une aventure inoubliable en parcourant le sentier Alpe Adria\u00a0! D\u00e9couvrez des paysages vari\u00e9s, des panoramas \u00e9poustouflants et des voyages captivants.","robots":{"index":"index","follow":"follow","max-snippet":"max-snippet:-1","max-image-preview":"max-image-preview:large","max-video-preview":"max-video-preview:-1"},"canonical":"https:\/\/outdooreurope.eu\/fr\/visites\/parcourir-le-sentier-de-lalpe-adria\/","og_locale":"fr_FR","og_type":"article","og_title":"Hike the Alpe Adria trail: A European adventure awaits","og_description":"Hike along a picturesque section of the Alpe Adria Trail. You'll get to sample local cuisines, enjoy amazing views and immerse yourself in both Italian and Austrian culture.","og_url":"https:\/\/outdooreurope.eu\/fr\/visites\/parcourir-le-sentier-de-lalpe-adria\/","og_site_name":"Outdoor Europe","article_publisher":"https:\/\/www.facebook.com\/outdooreurope.eu","article_modified_time":"2025-03-27T07:02:52+00:00","og_image":[{"width":1280,"height":854,"url":"https:\/\/outdooreurope.eu\/wp-content\/uploads\/2024\/01\/shutterstock_1648121689.jpg","type":"image\/jpeg"}],"twitter_card":"summary_large_image","twitter_misc":{"Prix":"&euro;950","Disponibilit\u00e9":"En stock"},"schema":{"@context":"https:\/\/schema.org","@graph":[{"@type":"WebPage","@id":"https:\/\/outdooreurope.eu\/tours\/hike-the-alpe-adria-trail\/","url":"https:\/\/outdooreurope.eu\/tours\/hike-the-alpe-adria-trail\/","name":"Parcourez le sentier Alpe Adria : une aventure europ\u00e9enne vous attend - Outdoor Europe","isPartOf":{"@id":"https:\/\/outdooreurope.eu\/#website"},"primaryImageOfPage":{"@id":"https:\/\/outdooreurope.eu\/tours\/hike-the-alpe-adria-trail\/#primaryimage"},"image":{"@id":"https:\/\/outdooreurope.eu\/tours\/hike-the-alpe-adria-trail\/#primaryimage"},"thumbnailUrl":"https:\/\/outdooreurope.eu\/wp-content\/uploads\/2024\/01\/shutterstock_1648121689.jpg","datePublished":"2024-01-17T11:13:28+00:00","dateModified":"2025-03-27T07:02:52+00:00","description":"Vivez une aventure inoubliable en parcourant le sentier Alpe Adria\u00a0! D\u00e9couvrez des paysages vari\u00e9s, des panoramas \u00e9poustouflants et des voyages captivants.","breadcrumb":{"@id":"https:\/\/outdooreurope.eu\/tours\/hike-the-alpe-adria-trail\/#breadcrumb"},"inLanguage":"fr-FR","potentialAction":[{"@type":"ReadAction","target":["https:\/\/outdooreurope.eu\/tours\/hike-the-alpe-adria-trail\/"]}]},{"@type":"ImageObject","inLanguage":"fr-FR","@id":"https:\/\/outdooreurope.eu\/tours\/hike-the-alpe-adria-trail\/#primaryimage","url":"https:\/\/outdooreurope.eu\/wp-content\/uploads\/2024\/01\/shutterstock_1648121689.jpg","contentUrl":"https:\/\/outdooreurope.eu\/wp-content\/uploads\/2024\/01\/shutterstock_1648121689.jpg","width":1280,"height":854,"caption":"The sanctuary of Monte Lussari situated at the top of a mountain near Tarvisio in Friuli Venezia Giulia"},{"@type":"BreadcrumbList","@id":"https:\/\/outdooreurope.eu\/tours\/hike-the-alpe-adria-trail\/#breadcrumb","itemListElement":[{"@type":"ListItem","position":1,"name":"Hjem","item":"https:\/\/outdooreurope.eu\/"},{"@type":"ListItem","position":2,"name":"Shop","item":"https:\/\/outdooreurope.eu\/shop\/"},{"@type":"ListItem","position":3,"name":"Hike the Alpe Adria trail: A European adventure awaits"}]},{"@type":"WebSite","@id":"https:\/\/outdooreurope.eu\/#website","url":"https:\/\/outdooreurope.eu\/","name":"L&#039;Europe en plein air","description":"Randonn\u00e9e en Europe Je rejoins le sentier","potentialAction":[{"@type":"SearchAction","target":{"@type":"EntryPoint","urlTemplate":"https:\/\/outdooreurope.eu\/?s={search_term_string}"},"query-input":{"@type":"PropertyValueSpecification","valueRequired":true,"valueName":"search_term_string"}}],"inLanguage":"fr-FR"}]},"product_price_amount":"950","product_price_currency":"EUR","og_availability":"instock","product_availability":"instock","product_retailer_item_id":"16177","product_condition":"new"},"_links":{"self":[{"href":"https:\/\/outdooreurope.eu\/fr\/wp-json\/wp\/v2\/product\/16177","targetHints":{"allow":["GET"]}}],"collection":[{"href":"https:\/\/outdooreurope.eu\/fr\/wp-json\/wp\/v2\/product"}],"about":[{"href":"https:\/\/outdooreurope.eu\/fr\/wp-json\/wp\/v2\/types\/product"}],"replies":[{"embeddable":true,"href":"https:\/\/outdooreurope.eu\/fr\/wp-json\/wp\/v2\/comments?post=16177"}],"wp:featuredmedia":[{"embeddable":true,"href":"https:\/\/outdooreurope.eu\/fr\/wp-json\/wp\/v2\/media\/16973"}],"wp:attachment":[{"href":"https:\/\/outdooreurope.eu\/fr\/wp-json\/wp\/v2\/media?parent=16177"}],"wp:term":[{"taxonomy":"product_brand","embeddable":true,"href":"https:\/\/outdooreurope.eu\/fr\/wp-json\/wp\/v2\/product_brand?post=16177"},{"taxonomy":"product_cat","embeddable":true,"href":"https:\/\/outdooreurope.eu\/fr\/wp-json\/wp\/v2\/product_cat?post=16177"},{"taxonomy":"product_tag","embeddable":true,"href":"https:\/\/outdooreurope.eu\/fr\/wp-json\/wp\/v2\/product_tag?post=16177"}],"curies":[{"name":"wp","href":"https:\/\/api.w.org\/{rel}","templated":true}]}}