{"id":16197,"date":"2024-01-17T12:45:58","date_gmt":"2024-01-17T11:45:58","guid":{"rendered":"https:\/\/outdooreurope.eu\/?post_type=product&#038;p=16197"},"modified":"2025-03-27T08:01:42","modified_gmt":"2025-03-27T07:01:42","slug":"randonnee-italie-parc-national-des-cinque-terre-trekking","status":"publish","type":"product","link":"https:\/\/outdooreurope.eu\/fr\/tours\/hiking-italy-cinque-terre-national-park-trekking\/","title":{"rendered":"Randonn\u00e9e \u00e0 travers les merveilles du parc national des Cinque Terre"},"content":{"rendered":"<p><strong>Randonn\u00e9e \u00e0 travers les merveilles du parc national des Cinque Terre<\/strong><\/p>\n<p>Les Cinque Terre, site class\u00e9 au patrimoine mondial de l&#039;UNESCO nich\u00e9 sur la Riviera italienne, allient harmonieusement des si\u00e8cles d&#039;histoire \u00e0 la beaut\u00e9 naturelle italienne. Elles offrent un cadre enchanteur pour des randonn\u00e9es aventureuses. Cette r\u00e9gion idyllique abrite des villages m\u00e9diterran\u00e9ens typiques, une c\u00f4te splendide et des villages historiques.<\/p>\n<p><strong>Points saillants:<\/strong><\/p>\n<ul>\n<li><strong>Charme c\u00f4tier\u00a0:<\/strong> Explorez les villages c\u00f4tiers intemporels comme Riomaggiore et Moneglia, dot\u00e9s de b\u00e2timents r\u00e9sidentiels multicolores qui ornent le paysage depuis des si\u00e8cles.<\/li>\n<li><strong>Sentiers polyvalents\u00a0:<\/strong> Les Cinque Terre offrent une gamme de sentiers de randonn\u00e9e adapt\u00e9s \u00e0 tous les niveaux, des randonn\u00e9es difficiles en mont\u00e9e aux promenades c\u00f4ti\u00e8res douces.<\/li>\n<li><strong>D\u00e9couvertes culinaires :<\/strong> Laissez-vous tenter par les d\u00e9lices culinaires de la Riviera italienne lors de votre voyage de Sestri Levante \u00e0 Portovenere\/La Spezia.<\/li>\n<\/ul>\n<p>Embarquez pour des vacances de randonn\u00e9e en Italie, soigneusement organis\u00e9es par Outdoor Italy. Entre amis, en famille ou avec d&#039;autres randonneurs.<\/p>","protected":false},"excerpt":{"rendered":"<p>Randonn\u00e9e Cinque Terre. Promenez-vous de village en village sur la Riviera ligurienne, go\u00fbtez \u00e0 la nourriture fantastique et admirez les vues \u00e0 couper le souffle.<\/p>","protected":false},"featured_media":16198,"comment_status":"open","ping_status":"closed","template":"","meta":{"_acf_changed":false,"content-type":"","inline_featured_image":false},"product_brand":[],"product_cat":[302],"product_tag":[964,965,966,967,968,760,779,952,953],"class_list":{"0":"post-16197","1":"product","2":"type-product","3":"status-publish","4":"has-post-thumbnail","6":"tour_country-italy","7":"tour_types-hut-to-hut","8":"tour_types-self-guided","9":"tour_types-family","10":"product_cat-ukategoriseret","11":"product_tag-italian-riviera","12":"product_tag-ligurian-sea","13":"product_tag-levante","14":"product_tag-cinque-terre","15":"product_tag-campaglia","16":"product_tag-hiking","17":"product_tag-family","18":"product_tag-italy","19":"product_tag-walking","20":"pa_duration-6-nights","21":"tour_category-hiking-in-europe","23":"first","24":"instock","25":"virtual","26":"purchasable","27":"product-type-tour"},"acf":[],"yoast_head":"<!-- This site is optimized with the Yoast SEO Premium plugin v27.4 (Yoast SEO v27.4) - https:\/\/yoast.com\/product\/yoast-seo-premium-wordpress\/ -->\n<title>Hike through the marvels of Cinque Terre National Park - Outdoor Europe<\/title>\n<meta name=\"description\" content=\"Experience the breathtaking landscapes as you hike through Cinque Terre. Discover vibrant villages and stunning coastlines that await you!\" \/>\n<meta name=\"robots\" content=\"index, follow, max-snippet:-1, max-image-preview:large, max-video-preview:-1\" \/>\n<link rel=\"canonical\" href=\"https:\/\/outdooreurope.eu\/fr\/visites\/randonnee-italie-parc-national-des-cinque-terre-trekking\/\" \/>\n<meta property=\"og:locale\" content=\"fr_FR\" \/>\n<meta property=\"og:type\" content=\"article\" \/>\n<meta property=\"og:title\" content=\"Hike through the marvels of Cinque Terre National Park\" \/>\n<meta property=\"og:description\" content=\"Hike Cinque Terre. Walk from village to village on the Ligurian Riviera, sample the fantastic food and take in the jaw-dropping vistas.\" \/>\n<meta property=\"og:url\" content=\"https:\/\/outdooreurope.eu\/fr\/visites\/randonnee-italie-parc-national-des-cinque-terre-trekking\/\" \/>\n<meta property=\"og:site_name\" content=\"Outdoor Europe\" \/>\n<meta property=\"article:publisher\" content=\"https:\/\/www.facebook.com\/outdooreurope.eu\" \/>\n<meta property=\"article:modified_time\" content=\"2025-03-27T07:01:42+00:00\" \/>\n<meta property=\"og:image\" content=\"https:\/\/outdooreurope.eu\/wp-content\/uploads\/2024\/01\/manarola-in-cinque-terre-italy-2023-03-17-22-41-54-utc-scaled-e1680205381730-720x606-1.jpg\" \/>\n\t<meta property=\"og:image:width\" content=\"720\" \/>\n\t<meta property=\"og:image:height\" content=\"606\" \/>\n\t<meta property=\"og:image:type\" content=\"image\/jpeg\" \/>\n<meta name=\"twitter:card\" content=\"summary_large_image\" \/>\n<meta name=\"twitter:label1\" content=\"Prix\" \/>\n\t<meta name=\"twitter:data1\" content=\"&euro;1,130\" \/>\n\t<meta name=\"twitter:label2\" content=\"Disponibilit\u00e9\" \/>\n\t<meta name=\"twitter:data2\" content=\"En stock\" \/>\n<script type=\"application\/ld+json\" class=\"yoast-schema-graph\">{\"@context\":\"https:\\\/\\\/schema.org\",\"@graph\":[{\"@type\":\"WebPage\",\"@id\":\"https:\\\/\\\/outdooreurope.eu\\\/tours\\\/hiking-italy-cinque-terre-national-park-trekking\\\/\",\"url\":\"https:\\\/\\\/outdooreurope.eu\\\/tours\\\/hiking-italy-cinque-terre-national-park-trekking\\\/\",\"name\":\"Hike through the marvels of Cinque Terre National Park - Outdoor Europe\",\"isPartOf\":{\"@id\":\"https:\\\/\\\/outdooreurope.eu\\\/#website\"},\"primaryImageOfPage\":{\"@id\":\"https:\\\/\\\/outdooreurope.eu\\\/tours\\\/hiking-italy-cinque-terre-national-park-trekking\\\/#primaryimage\"},\"image\":{\"@id\":\"https:\\\/\\\/outdooreurope.eu\\\/tours\\\/hiking-italy-cinque-terre-national-park-trekking\\\/#primaryimage\"},\"thumbnailUrl\":\"https:\\\/\\\/outdooreurope.eu\\\/wp-content\\\/uploads\\\/2024\\\/01\\\/manarola-in-cinque-terre-italy-2023-03-17-22-41-54-utc-scaled-e1680205381730-720x606-1.jpg\",\"datePublished\":\"2024-01-17T11:45:58+00:00\",\"dateModified\":\"2025-03-27T07:01:42+00:00\",\"description\":\"Experience the breathtaking landscapes as you hike through Cinque Terre. Discover vibrant villages and stunning coastlines that await you!\",\"breadcrumb\":{\"@id\":\"https:\\\/\\\/outdooreurope.eu\\\/tours\\\/hiking-italy-cinque-terre-national-park-trekking\\\/#breadcrumb\"},\"inLanguage\":\"fr-FR\",\"potentialAction\":[{\"@type\":\"ReadAction\",\"target\":[\"https:\\\/\\\/outdooreurope.eu\\\/tours\\\/hiking-italy-cinque-terre-national-park-trekking\\\/\"]}]},{\"@type\":\"ImageObject\",\"inLanguage\":\"fr-FR\",\"@id\":\"https:\\\/\\\/outdooreurope.eu\\\/tours\\\/hiking-italy-cinque-terre-national-park-trekking\\\/#primaryimage\",\"url\":\"https:\\\/\\\/outdooreurope.eu\\\/wp-content\\\/uploads\\\/2024\\\/01\\\/manarola-in-cinque-terre-italy-2023-03-17-22-41-54-utc-scaled-e1680205381730-720x606-1.jpg\",\"contentUrl\":\"https:\\\/\\\/outdooreurope.eu\\\/wp-content\\\/uploads\\\/2024\\\/01\\\/manarola-in-cinque-terre-italy-2023-03-17-22-41-54-utc-scaled-e1680205381730-720x606-1.jpg\",\"width\":720,\"height\":606},{\"@type\":\"BreadcrumbList\",\"@id\":\"https:\\\/\\\/outdooreurope.eu\\\/tours\\\/hiking-italy-cinque-terre-national-park-trekking\\\/#breadcrumb\",\"itemListElement\":[{\"@type\":\"ListItem\",\"position\":1,\"name\":\"Hjem\",\"item\":\"https:\\\/\\\/outdooreurope.eu\\\/\"},{\"@type\":\"ListItem\",\"position\":2,\"name\":\"Shop\",\"item\":\"https:\\\/\\\/outdooreurope.eu\\\/shop\\\/\"},{\"@type\":\"ListItem\",\"position\":3,\"name\":\"Hike through the marvels of Cinque Terre National Park\"}]},{\"@type\":\"WebSite\",\"@id\":\"https:\\\/\\\/outdooreurope.eu\\\/#website\",\"url\":\"https:\\\/\\\/outdooreurope.eu\\\/\",\"name\":\"Outdoor Europe\",\"description\":\"Hiking In Europe I Join the trail\",\"potentialAction\":[{\"@type\":\"SearchAction\",\"target\":{\"@type\":\"EntryPoint\",\"urlTemplate\":\"https:\\\/\\\/outdooreurope.eu\\\/?s={search_term_string}\"},\"query-input\":{\"@type\":\"PropertyValueSpecification\",\"valueRequired\":true,\"valueName\":\"search_term_string\"}}],\"inLanguage\":\"fr-FR\"}]}<\/script>\n<meta property=\"product:price:amount\" content=\"1130\" \/>\n<meta property=\"product:price:currency\" content=\"EUR\" \/>\n<meta property=\"og:availability\" content=\"instock\" \/>\n<meta property=\"product:availability\" content=\"instock\" \/>\n<meta property=\"product:retailer_item_id\" content=\"16197\" \/>\n<meta property=\"product:condition\" content=\"new\" \/>\n<!-- \/ Yoast SEO Premium plugin. -->","yoast_head_json":{"title":"Randonn\u00e9e \u00e0 travers les merveilles du parc national des Cinque Terre - Outdoor Europe","description":"D\u00e9couvrez des paysages \u00e0 couper le souffle lors d&#039;une randonn\u00e9e \u00e0 travers les Cinque Terre. D\u00e9couvrez des villages anim\u00e9s et des c\u00f4tes magnifiques qui vous attendent\u00a0!","robots":{"index":"index","follow":"follow","max-snippet":"max-snippet:-1","max-image-preview":"max-image-preview:large","max-video-preview":"max-video-preview:-1"},"canonical":"https:\/\/outdooreurope.eu\/fr\/visites\/randonnee-italie-parc-national-des-cinque-terre-trekking\/","og_locale":"fr_FR","og_type":"article","og_title":"Hike through the marvels of Cinque Terre National Park","og_description":"Hike Cinque Terre. Walk from village to village on the Ligurian Riviera, sample the fantastic food and take in the jaw-dropping vistas.","og_url":"https:\/\/outdooreurope.eu\/fr\/visites\/randonnee-italie-parc-national-des-cinque-terre-trekking\/","og_site_name":"Outdoor Europe","article_publisher":"https:\/\/www.facebook.com\/outdooreurope.eu","article_modified_time":"2025-03-27T07:01:42+00:00","og_image":[{"width":720,"height":606,"url":"https:\/\/outdooreurope.eu\/wp-content\/uploads\/2024\/01\/manarola-in-cinque-terre-italy-2023-03-17-22-41-54-utc-scaled-e1680205381730-720x606-1.jpg","type":"image\/jpeg"}],"twitter_card":"summary_large_image","twitter_misc":{"Prix":"&euro;1,130","Disponibilit\u00e9":"En stock"},"schema":{"@context":"https:\/\/schema.org","@graph":[{"@type":"WebPage","@id":"https:\/\/outdooreurope.eu\/tours\/hiking-italy-cinque-terre-national-park-trekking\/","url":"https:\/\/outdooreurope.eu\/tours\/hiking-italy-cinque-terre-national-park-trekking\/","name":"Randonn\u00e9e \u00e0 travers les merveilles du parc national des Cinque Terre - Outdoor Europe","isPartOf":{"@id":"https:\/\/outdooreurope.eu\/#website"},"primaryImageOfPage":{"@id":"https:\/\/outdooreurope.eu\/tours\/hiking-italy-cinque-terre-national-park-trekking\/#primaryimage"},"image":{"@id":"https:\/\/outdooreurope.eu\/tours\/hiking-italy-cinque-terre-national-park-trekking\/#primaryimage"},"thumbnailUrl":"https:\/\/outdooreurope.eu\/wp-content\/uploads\/2024\/01\/manarola-in-cinque-terre-italy-2023-03-17-22-41-54-utc-scaled-e1680205381730-720x606-1.jpg","datePublished":"2024-01-17T11:45:58+00:00","dateModified":"2025-03-27T07:01:42+00:00","description":"D\u00e9couvrez des paysages \u00e0 couper le souffle lors d&#039;une randonn\u00e9e \u00e0 travers les Cinque Terre. D\u00e9couvrez des villages anim\u00e9s et des c\u00f4tes magnifiques qui vous attendent\u00a0!","breadcrumb":{"@id":"https:\/\/outdooreurope.eu\/tours\/hiking-italy-cinque-terre-national-park-trekking\/#breadcrumb"},"inLanguage":"fr-FR","potentialAction":[{"@type":"ReadAction","target":["https:\/\/outdooreurope.eu\/tours\/hiking-italy-cinque-terre-national-park-trekking\/"]}]},{"@type":"ImageObject","inLanguage":"fr-FR","@id":"https:\/\/outdooreurope.eu\/tours\/hiking-italy-cinque-terre-national-park-trekking\/#primaryimage","url":"https:\/\/outdooreurope.eu\/wp-content\/uploads\/2024\/01\/manarola-in-cinque-terre-italy-2023-03-17-22-41-54-utc-scaled-e1680205381730-720x606-1.jpg","contentUrl":"https:\/\/outdooreurope.eu\/wp-content\/uploads\/2024\/01\/manarola-in-cinque-terre-italy-2023-03-17-22-41-54-utc-scaled-e1680205381730-720x606-1.jpg","width":720,"height":606},{"@type":"BreadcrumbList","@id":"https:\/\/outdooreurope.eu\/tours\/hiking-italy-cinque-terre-national-park-trekking\/#breadcrumb","itemListElement":[{"@type":"ListItem","position":1,"name":"Hjem","item":"https:\/\/outdooreurope.eu\/"},{"@type":"ListItem","position":2,"name":"Shop","item":"https:\/\/outdooreurope.eu\/shop\/"},{"@type":"ListItem","position":3,"name":"Hike through the marvels of Cinque Terre National Park"}]},{"@type":"WebSite","@id":"https:\/\/outdooreurope.eu\/#website","url":"https:\/\/outdooreurope.eu\/","name":"L&#039;Europe en plein air","description":"Randonn\u00e9e en Europe Je rejoins le sentier","potentialAction":[{"@type":"SearchAction","target":{"@type":"EntryPoint","urlTemplate":"https:\/\/outdooreurope.eu\/?s={search_term_string}"},"query-input":{"@type":"PropertyValueSpecification","valueRequired":true,"valueName":"search_term_string"}}],"inLanguage":"fr-FR"}]},"product_price_amount":"1130","product_price_currency":"EUR","og_availability":"instock","product_availability":"instock","product_retailer_item_id":"16197","product_condition":"new"},"_links":{"self":[{"href":"https:\/\/outdooreurope.eu\/fr\/wp-json\/wp\/v2\/product\/16197","targetHints":{"allow":["GET"]}}],"collection":[{"href":"https:\/\/outdooreurope.eu\/fr\/wp-json\/wp\/v2\/product"}],"about":[{"href":"https:\/\/outdooreurope.eu\/fr\/wp-json\/wp\/v2\/types\/product"}],"replies":[{"embeddable":true,"href":"https:\/\/outdooreurope.eu\/fr\/wp-json\/wp\/v2\/comments?post=16197"}],"wp:featuredmedia":[{"embeddable":true,"href":"https:\/\/outdooreurope.eu\/fr\/wp-json\/wp\/v2\/media\/16198"}],"wp:attachment":[{"href":"https:\/\/outdooreurope.eu\/fr\/wp-json\/wp\/v2\/media?parent=16197"}],"wp:term":[{"taxonomy":"product_brand","embeddable":true,"href":"https:\/\/outdooreurope.eu\/fr\/wp-json\/wp\/v2\/product_brand?post=16197"},{"taxonomy":"product_cat","embeddable":true,"href":"https:\/\/outdooreurope.eu\/fr\/wp-json\/wp\/v2\/product_cat?post=16197"},{"taxonomy":"product_tag","embeddable":true,"href":"https:\/\/outdooreurope.eu\/fr\/wp-json\/wp\/v2\/product_tag?post=16197"}],"curies":[{"name":"wp","href":"https:\/\/api.w.org\/{rel}","templated":true}]}}