{"id":16322,"date":"2024-01-17T15:03:37","date_gmt":"2024-01-17T14:03:37","guid":{"rendered":"https:\/\/outdooreurope.eu\/?post_type=product&#038;p=16322"},"modified":"2025-12-26T19:49:05","modified_gmt":"2025-12-26T18:49:05","slug":"randonnee-en-italie-vallee-du-lys-en-liberte","status":"publish","type":"product","link":"https:\/\/outdooreurope.eu\/fr\/tours\/hiking-italy-lys-valley-selfguided\/","title":{"rendered":"Randonn\u00e9e dans la Vall\u00e9e de la Lys : entre vignes et glaciers"},"content":{"rendered":"<ul>\n<li>Partez \u00e0 la d\u00e9couverte de la vall\u00e9e du Lys. Entre vignobles et glaciers du Mont Blanc, sur ce magnifique itin\u00e9raire.<\/li>\n<li>C&#039;est notre circuit le plus populaire et pour une raison :<\/li>\n<li>La combinaison d&#039;un service exceptionnel et de la beaut\u00e9 alpine en fait une exp\u00e9rience unique pour tous les randonneurs.<\/li>\n<li>Sur ce tron\u00e7on, vous entrez officiellement dans le pays des Walsers : les chalets en bois caract\u00e9ristiques et la nature fa\u00e7onn\u00e9e par cette culture s\u00e9culaire ont d\u00e9j\u00e0 vu par endroits le long de la descente du magnifique Vallone de Loo. Au loin, vous remarquerez maintenant les sommets enneig\u00e9s du massif du Mont Rose.<\/li>\n<\/ul>","protected":false},"excerpt":{"rendered":"<p>Br\u00e8ve description du produit<\/p>","protected":false},"featured_media":16974,"comment_status":"open","ping_status":"closed","template":"","meta":{"_acf_changed":false,"content-type":"","inline_featured_image":false},"product_brand":[],"product_cat":[928],"product_tag":[760],"class_list":{"0":"post-16322","1":"product","2":"type-product","3":"status-publish","4":"has-post-thumbnail","6":"tour_country-italy","7":"tour_types-dog-friendly","8":"tour_types-hut-to-hut","9":"tour_types-self-guided","10":"tour_types-family","11":"tour_types-private-groups","12":"product_cat-test-tourcat","13":"product_tag-hiking","14":"pa_duration-4-to-8-nights","15":"tour_category-hiking-in-europe","17":"first","18":"instock","19":"shipping-taxable","20":"purchasable","21":"product-type-tour"},"acf":[],"yoast_head":"<!-- This site is optimized with the Yoast SEO Premium plugin v27.5 (Yoast SEO v27.5) - https:\/\/yoast.com\/product\/yoast-seo-premium-wordpress\/ -->\n<title>Hike the Lys Valley: between vineyards and glaciers - Outdoor Europe<\/title>\n<meta name=\"description\" content=\"Hike the lys valley. A spectacular trek past vineyards and glaciers to the mighty Monte Rosa. Five to nine days - with luggage transfer.\" \/>\n<meta name=\"robots\" content=\"index, follow, max-snippet:-1, max-image-preview:large, max-video-preview:-1\" \/>\n<link rel=\"canonical\" href=\"https:\/\/outdooreurope.eu\/fr\/visites\/randonnee-en-italie-vallee-du-lys-en-liberte\/\" \/>\n<meta property=\"og:locale\" content=\"fr_FR\" \/>\n<meta property=\"og:type\" content=\"article\" \/>\n<meta property=\"og:title\" content=\"Hike the Lys Valley: between vineyards and glaciers\" \/>\n<meta property=\"og:description\" content=\"product short description\" \/>\n<meta property=\"og:url\" content=\"https:\/\/outdooreurope.eu\/fr\/visites\/randonnee-en-italie-vallee-du-lys-en-liberte\/\" \/>\n<meta property=\"og:site_name\" content=\"Outdoor Europe\" \/>\n<meta property=\"article:publisher\" content=\"https:\/\/www.facebook.com\/outdooreurope.eu\" \/>\n<meta property=\"article:modified_time\" content=\"2025-12-26T18:49:05+00:00\" \/>\n<meta property=\"og:image\" content=\"https:\/\/outdooreurope.eu\/wp-content\/uploads\/2024\/01\/Skaermbillede-2024-01-29-kl.-21.05.11.png\" \/>\n\t<meta property=\"og:image:width\" content=\"1280\" \/>\n\t<meta property=\"og:image:height\" content=\"695\" \/>\n\t<meta property=\"og:image:type\" content=\"image\/png\" \/>\n<meta name=\"twitter:card\" content=\"summary_large_image\" \/>\n<meta name=\"twitter:label1\" content=\"Prix\" \/>\n\t<meta name=\"twitter:data1\" content=\"&euro;685\" \/>\n\t<meta name=\"twitter:label2\" content=\"Disponibilit\u00e9\" \/>\n\t<meta name=\"twitter:data2\" content=\"En stock\" \/>\n<script type=\"application\/ld+json\" class=\"yoast-schema-graph\">{\"@context\":\"https:\\\/\\\/schema.org\",\"@graph\":[{\"@type\":\"WebPage\",\"@id\":\"https:\\\/\\\/outdooreurope.eu\\\/tours\\\/hiking-italy-lys-valley-selfguided\\\/\",\"url\":\"https:\\\/\\\/outdooreurope.eu\\\/tours\\\/hiking-italy-lys-valley-selfguided\\\/\",\"name\":\"Hike the Lys Valley: between vineyards and glaciers - Outdoor Europe\",\"isPartOf\":{\"@id\":\"https:\\\/\\\/outdooreurope.eu\\\/#website\"},\"primaryImageOfPage\":{\"@id\":\"https:\\\/\\\/outdooreurope.eu\\\/tours\\\/hiking-italy-lys-valley-selfguided\\\/#primaryimage\"},\"image\":{\"@id\":\"https:\\\/\\\/outdooreurope.eu\\\/tours\\\/hiking-italy-lys-valley-selfguided\\\/#primaryimage\"},\"thumbnailUrl\":\"https:\\\/\\\/outdooreurope.eu\\\/wp-content\\\/uploads\\\/2024\\\/01\\\/Skaermbillede-2024-01-29-kl.-21.05.11.png\",\"datePublished\":\"2024-01-17T14:03:37+00:00\",\"dateModified\":\"2025-12-26T18:49:05+00:00\",\"description\":\"Hike the lys valley. A spectacular trek past vineyards and glaciers to the mighty Monte Rosa. Five to nine days - with luggage transfer.\",\"breadcrumb\":{\"@id\":\"https:\\\/\\\/outdooreurope.eu\\\/tours\\\/hiking-italy-lys-valley-selfguided\\\/#breadcrumb\"},\"inLanguage\":\"fr-FR\",\"potentialAction\":[{\"@type\":\"ReadAction\",\"target\":[\"https:\\\/\\\/outdooreurope.eu\\\/tours\\\/hiking-italy-lys-valley-selfguided\\\/\"]}]},{\"@type\":\"ImageObject\",\"inLanguage\":\"fr-FR\",\"@id\":\"https:\\\/\\\/outdooreurope.eu\\\/tours\\\/hiking-italy-lys-valley-selfguided\\\/#primaryimage\",\"url\":\"https:\\\/\\\/outdooreurope.eu\\\/wp-content\\\/uploads\\\/2024\\\/01\\\/Skaermbillede-2024-01-29-kl.-21.05.11.png\",\"contentUrl\":\"https:\\\/\\\/outdooreurope.eu\\\/wp-content\\\/uploads\\\/2024\\\/01\\\/Skaermbillede-2024-01-29-kl.-21.05.11.png\",\"width\":1280,\"height\":695},{\"@type\":\"BreadcrumbList\",\"@id\":\"https:\\\/\\\/outdooreurope.eu\\\/tours\\\/hiking-italy-lys-valley-selfguided\\\/#breadcrumb\",\"itemListElement\":[{\"@type\":\"ListItem\",\"position\":1,\"name\":\"Hjem\",\"item\":\"https:\\\/\\\/outdooreurope.eu\\\/\"},{\"@type\":\"ListItem\",\"position\":2,\"name\":\"Shop\",\"item\":\"https:\\\/\\\/outdooreurope.eu\\\/shop\\\/\"},{\"@type\":\"ListItem\",\"position\":3,\"name\":\"Hike the Lys Valley: between vineyards and glaciers\"}]},{\"@type\":\"WebSite\",\"@id\":\"https:\\\/\\\/outdooreurope.eu\\\/#website\",\"url\":\"https:\\\/\\\/outdooreurope.eu\\\/\",\"name\":\"Outdoor Europe\",\"description\":\"Hiking In Europe I Join the trail\",\"potentialAction\":[{\"@type\":\"SearchAction\",\"target\":{\"@type\":\"EntryPoint\",\"urlTemplate\":\"https:\\\/\\\/outdooreurope.eu\\\/?s={search_term_string}\"},\"query-input\":{\"@type\":\"PropertyValueSpecification\",\"valueRequired\":true,\"valueName\":\"search_term_string\"}}],\"inLanguage\":\"fr-FR\"}]}<\/script>\n<meta property=\"product:price:amount\" content=\"685\" \/>\n<meta property=\"product:price:currency\" content=\"EUR\" \/>\n<meta property=\"og:availability\" content=\"instock\" \/>\n<meta property=\"product:availability\" content=\"instock\" \/>\n<meta property=\"product:retailer_item_id\" content=\"16322\" \/>\n<meta property=\"product:condition\" content=\"new\" \/>\n<!-- \/ Yoast SEO Premium plugin. -->","yoast_head_json":{"title":"Randonn\u00e9e dans la Vall\u00e9e de la Lys : entre vignes et glaciers - Outdoor Europe","description":"Randonn\u00e9e dans la vall\u00e9e du Lys. Un trek spectaculaire \u00e0 travers vignobles et glaciers jusqu&#039;au majestueux Mont Rose. De cinq \u00e0 neuf jours, avec transfert des bagages.","robots":{"index":"index","follow":"follow","max-snippet":"max-snippet:-1","max-image-preview":"max-image-preview:large","max-video-preview":"max-video-preview:-1"},"canonical":"https:\/\/outdooreurope.eu\/fr\/visites\/randonnee-en-italie-vallee-du-lys-en-liberte\/","og_locale":"fr_FR","og_type":"article","og_title":"Hike the Lys Valley: between vineyards and glaciers","og_description":"product short description","og_url":"https:\/\/outdooreurope.eu\/fr\/visites\/randonnee-en-italie-vallee-du-lys-en-liberte\/","og_site_name":"Outdoor Europe","article_publisher":"https:\/\/www.facebook.com\/outdooreurope.eu","article_modified_time":"2025-12-26T18:49:05+00:00","og_image":[{"width":1280,"height":695,"url":"https:\/\/outdooreurope.eu\/wp-content\/uploads\/2024\/01\/Skaermbillede-2024-01-29-kl.-21.05.11.png","type":"image\/png"}],"twitter_card":"summary_large_image","twitter_misc":{"Prix":"&euro;685","Disponibilit\u00e9":"En stock"},"schema":{"@context":"https:\/\/schema.org","@graph":[{"@type":"WebPage","@id":"https:\/\/outdooreurope.eu\/tours\/hiking-italy-lys-valley-selfguided\/","url":"https:\/\/outdooreurope.eu\/tours\/hiking-italy-lys-valley-selfguided\/","name":"Randonn\u00e9e dans la Vall\u00e9e de la Lys : entre vignes et glaciers - Outdoor Europe","isPartOf":{"@id":"https:\/\/outdooreurope.eu\/#website"},"primaryImageOfPage":{"@id":"https:\/\/outdooreurope.eu\/tours\/hiking-italy-lys-valley-selfguided\/#primaryimage"},"image":{"@id":"https:\/\/outdooreurope.eu\/tours\/hiking-italy-lys-valley-selfguided\/#primaryimage"},"thumbnailUrl":"https:\/\/outdooreurope.eu\/wp-content\/uploads\/2024\/01\/Skaermbillede-2024-01-29-kl.-21.05.11.png","datePublished":"2024-01-17T14:03:37+00:00","dateModified":"2025-12-26T18:49:05+00:00","description":"Randonn\u00e9e dans la vall\u00e9e du Lys. Un trek spectaculaire \u00e0 travers vignobles et glaciers jusqu&#039;au majestueux Mont Rose. De cinq \u00e0 neuf jours, avec transfert des bagages.","breadcrumb":{"@id":"https:\/\/outdooreurope.eu\/tours\/hiking-italy-lys-valley-selfguided\/#breadcrumb"},"inLanguage":"fr-FR","potentialAction":[{"@type":"ReadAction","target":["https:\/\/outdooreurope.eu\/tours\/hiking-italy-lys-valley-selfguided\/"]}]},{"@type":"ImageObject","inLanguage":"fr-FR","@id":"https:\/\/outdooreurope.eu\/tours\/hiking-italy-lys-valley-selfguided\/#primaryimage","url":"https:\/\/outdooreurope.eu\/wp-content\/uploads\/2024\/01\/Skaermbillede-2024-01-29-kl.-21.05.11.png","contentUrl":"https:\/\/outdooreurope.eu\/wp-content\/uploads\/2024\/01\/Skaermbillede-2024-01-29-kl.-21.05.11.png","width":1280,"height":695},{"@type":"BreadcrumbList","@id":"https:\/\/outdooreurope.eu\/tours\/hiking-italy-lys-valley-selfguided\/#breadcrumb","itemListElement":[{"@type":"ListItem","position":1,"name":"Hjem","item":"https:\/\/outdooreurope.eu\/"},{"@type":"ListItem","position":2,"name":"Shop","item":"https:\/\/outdooreurope.eu\/shop\/"},{"@type":"ListItem","position":3,"name":"Hike the Lys Valley: between vineyards and glaciers"}]},{"@type":"WebSite","@id":"https:\/\/outdooreurope.eu\/#website","url":"https:\/\/outdooreurope.eu\/","name":"L&#039;Europe en plein air","description":"Randonn\u00e9e en Europe Je rejoins le sentier","potentialAction":[{"@type":"SearchAction","target":{"@type":"EntryPoint","urlTemplate":"https:\/\/outdooreurope.eu\/?s={search_term_string}"},"query-input":{"@type":"PropertyValueSpecification","valueRequired":true,"valueName":"search_term_string"}}],"inLanguage":"fr-FR"}]},"product_price_amount":"685","product_price_currency":"EUR","og_availability":"instock","product_availability":"instock","product_retailer_item_id":"16322","product_condition":"new"},"_links":{"self":[{"href":"https:\/\/outdooreurope.eu\/fr\/wp-json\/wp\/v2\/product\/16322","targetHints":{"allow":["GET"]}}],"collection":[{"href":"https:\/\/outdooreurope.eu\/fr\/wp-json\/wp\/v2\/product"}],"about":[{"href":"https:\/\/outdooreurope.eu\/fr\/wp-json\/wp\/v2\/types\/product"}],"replies":[{"embeddable":true,"href":"https:\/\/outdooreurope.eu\/fr\/wp-json\/wp\/v2\/comments?post=16322"}],"wp:featuredmedia":[{"embeddable":true,"href":"https:\/\/outdooreurope.eu\/fr\/wp-json\/wp\/v2\/media\/16974"}],"wp:attachment":[{"href":"https:\/\/outdooreurope.eu\/fr\/wp-json\/wp\/v2\/media?parent=16322"}],"wp:term":[{"taxonomy":"product_brand","embeddable":true,"href":"https:\/\/outdooreurope.eu\/fr\/wp-json\/wp\/v2\/product_brand?post=16322"},{"taxonomy":"product_cat","embeddable":true,"href":"https:\/\/outdooreurope.eu\/fr\/wp-json\/wp\/v2\/product_cat?post=16322"},{"taxonomy":"product_tag","embeddable":true,"href":"https:\/\/outdooreurope.eu\/fr\/wp-json\/wp\/v2\/product_tag?post=16322"}],"curies":[{"name":"wp","href":"https:\/\/api.w.org\/{rel}","templated":true}]}}