{"id":16357,"date":"2024-01-18T05:46:05","date_gmt":"2024-01-18T04:46:05","guid":{"rendered":"https:\/\/outdooreurope.eu\/?post_type=product&#038;p=16357"},"modified":"2026-01-18T15:20:00","modified_gmt":"2026-01-18T14:20:00","slug":"randonnee-italie-dolomites-guide-la-majun-trekking","status":"publish","type":"product","link":"https:\/\/outdooreurope.eu\/fr\/tours\/hiking-italy-dolomites-guided-la-majun-trekking\/","title":{"rendered":"Evadez-vous dans les Dolomites avec un traitement quatre \u00e9toiles \u00e0 La Majun : une retraite de luxe active"},"content":{"rendered":"<p>Les Dolomites sont r\u00e9put\u00e9es pour leurs paysages \u00e9poustouflants et offrent un terrain de jeu incroyable aux amateurs de plein air. Votre pied-\u00e0-terre, l&#039;h\u00f4tel-boutique La Majun, se trouve au c\u0153ur d&#039;Alta Badia, offrant un acc\u00e8s facile \u00e0 diverses activit\u00e9s, \u00e9t\u00e9 comme hiver.<\/p>\n<p><strong>Points forts de la tourn\u00e9e\u00a0:<\/strong><\/p>\n<ul>\n<li><strong>Activit\u00e9s quotidiennes diverses :<\/strong> Chaque journ\u00e9e propose une vari\u00e9t\u00e9 d&#039;activit\u00e9s de plein air, notamment la randonn\u00e9e, la course, le v\u00e9lo, l&#039;escalade ou la natation, vous permettant de choisir ce qui vous convient le mieux.<\/li>\n<li><strong>Boutique de luxe :<\/strong> S\u00e9journez au boutique-h\u00f4tel 4 \u00e9toiles exclusif La Majun, nich\u00e9 \u00e0 Alta Badia. Faites l&#039;exp\u00e9rience du bien-\u00eatre et du confort au milieu des Dolomites \u00e0 couper le souffle.<\/li>\n<li><strong>D\u00e9lices culinaires :<\/strong> Offrez-vous des exp\u00e9riences culinaires de haute qualit\u00e9 avec des plats exquis, des cocktails et un spa relaxant pour vous d\u00e9tendre apr\u00e8s vos journ\u00e9es aventureuses.<\/li>\n<\/ul>\n<p>Pendant l&#039;\u00e9t\u00e9, vous pouvez explorer les Dolomites de nombreuses mani\u00e8res. Choisissez parmi la randonn\u00e9e sur des sentiers panoramiques, la course en montagne, la conqu\u00eate de voies d&#039;escalade ou testez votre courage sur des parcours de via ferrata. Si vous \u00eates plut\u00f4t cycliste, le VTT et le v\u00e9lo de route sont \u00e0 votre porte, offrant des terrains diversifi\u00e9s pour tous les niveaux.<\/p>\n<p>&nbsp;<\/p>","protected":false},"excerpt":{"rendered":"<p>Vacances de luxe actives \u00e0 l&#039;h\u00f4tel-boutique La Majun dans les Dolomites. Choisissez entre la randonn\u00e9e, l&#039;escalade, la course et le VTT.<\/p>","protected":false},"featured_media":11534,"comment_status":"open","ping_status":"closed","template":"","meta":{"_acf_changed":false,"content-type":"","inline_featured_image":false},"product_brand":[],"product_cat":[302],"product_tag":[751,760,778,779,900],"class_list":{"0":"post-16357","1":"product","2":"type-product","3":"status-publish","4":"has-post-thumbnail","6":"tour_country-italy","7":"tour_destinations-alta-badia","8":"tour_types-family","9":"tour_types-active-hotels-and-retreats","10":"tour_types-bestsellers","11":"product_cat-ukategoriseret","12":"product_tag-trailrunning","13":"product_tag-hiking","14":"product_tag-ski","15":"product_tag-family","16":"product_tag-dolomites","17":"pa_duration-4-nights","18":"tour_category-hiking-in-europe","19":"tour_category-trailrunning-2","20":"tour_category-sking","21":"tour_category-snow-shoeing-in-europe","22":"tour_category-alpinism","24":"first","25":"instock","26":"virtual","27":"purchasable","28":"product-type-tour"},"acf":[],"yoast_head":"<!-- This site is optimized with the Yoast SEO Premium plugin v27.4 (Yoast SEO v27.4) - https:\/\/yoast.com\/product\/yoast-seo-premium-wordpress\/ -->\n<title>Four Star Treatment in the Dolomites \u2013 Book Now - Outdoor Europe<\/title>\n<meta name=\"description\" content=\"Experience unparalleled comfort and activities with our Four Star Treatment in the Dolomites. Discover adventure in the breathtaking Alta Badia!\" \/>\n<meta name=\"robots\" content=\"index, follow, max-snippet:-1, max-image-preview:large, max-video-preview:-1\" \/>\n<link rel=\"canonical\" href=\"https:\/\/outdooreurope.eu\/fr\/visites\/randonnee-italie-dolomites-guide-la-majun-trekking\/\" \/>\n<meta property=\"og:locale\" content=\"fr_FR\" \/>\n<meta property=\"og:type\" content=\"article\" \/>\n<meta property=\"og:title\" content=\"Escape to the Dolomites with four star treatment at La Majun: an active luxury retreat\" \/>\n<meta property=\"og:description\" content=\"Active luxury holiday at boutique hotel La Majun in the Dolomites. Choose between hiking, climbing, running and mountainbiking.\" \/>\n<meta property=\"og:url\" content=\"https:\/\/outdooreurope.eu\/fr\/visites\/randonnee-italie-dolomites-guide-la-majun-trekking\/\" \/>\n<meta property=\"og:site_name\" content=\"Outdoor Europe\" \/>\n<meta property=\"article:publisher\" content=\"https:\/\/www.facebook.com\/outdooreurope.eu\" \/>\n<meta property=\"article:modified_time\" content=\"2026-01-18T14:20:00+00:00\" \/>\n<meta property=\"og:image\" content=\"https:\/\/outdooreurope.eu\/wp-content\/uploads\/2022\/05\/La-Majun_estive-5-scaled.jpg\" \/>\n\t<meta property=\"og:image:width\" content=\"2560\" \/>\n\t<meta property=\"og:image:height\" content=\"1703\" \/>\n\t<meta property=\"og:image:type\" content=\"image\/jpeg\" \/>\n<meta name=\"twitter:card\" content=\"summary_large_image\" \/>\n<meta name=\"twitter:label1\" content=\"Prix\" \/>\n\t<meta name=\"twitter:data1\" content=\"&euro;980\" \/>\n\t<meta name=\"twitter:label2\" content=\"Disponibilit\u00e9\" \/>\n\t<meta name=\"twitter:data2\" content=\"En stock\" \/>\n<script type=\"application\/ld+json\" class=\"yoast-schema-graph\">{\"@context\":\"https:\\\/\\\/schema.org\",\"@graph\":[{\"@type\":\"WebPage\",\"@id\":\"https:\\\/\\\/outdooreurope.eu\\\/tours\\\/hiking-italy-dolomites-guided-la-majun-trekking\\\/\",\"url\":\"https:\\\/\\\/outdooreurope.eu\\\/tours\\\/hiking-italy-dolomites-guided-la-majun-trekking\\\/\",\"name\":\"Four Star Treatment in the Dolomites \u2013 Book Now - Outdoor Europe\",\"isPartOf\":{\"@id\":\"https:\\\/\\\/outdooreurope.eu\\\/#website\"},\"primaryImageOfPage\":{\"@id\":\"https:\\\/\\\/outdooreurope.eu\\\/tours\\\/hiking-italy-dolomites-guided-la-majun-trekking\\\/#primaryimage\"},\"image\":{\"@id\":\"https:\\\/\\\/outdooreurope.eu\\\/tours\\\/hiking-italy-dolomites-guided-la-majun-trekking\\\/#primaryimage\"},\"thumbnailUrl\":\"https:\\\/\\\/outdooreurope.eu\\\/wp-content\\\/uploads\\\/2022\\\/05\\\/La-Majun_estive-5-scaled.jpg\",\"datePublished\":\"2024-01-18T04:46:05+00:00\",\"dateModified\":\"2026-01-18T14:20:00+00:00\",\"description\":\"Experience unparalleled comfort and activities with our Four Star Treatment in the Dolomites. Discover adventure in the breathtaking Alta Badia!\",\"breadcrumb\":{\"@id\":\"https:\\\/\\\/outdooreurope.eu\\\/tours\\\/hiking-italy-dolomites-guided-la-majun-trekking\\\/#breadcrumb\"},\"inLanguage\":\"fr-FR\",\"potentialAction\":[{\"@type\":\"ReadAction\",\"target\":[\"https:\\\/\\\/outdooreurope.eu\\\/tours\\\/hiking-italy-dolomites-guided-la-majun-trekking\\\/\"]}]},{\"@type\":\"ImageObject\",\"inLanguage\":\"fr-FR\",\"@id\":\"https:\\\/\\\/outdooreurope.eu\\\/tours\\\/hiking-italy-dolomites-guided-la-majun-trekking\\\/#primaryimage\",\"url\":\"https:\\\/\\\/outdooreurope.eu\\\/wp-content\\\/uploads\\\/2022\\\/05\\\/La-Majun_estive-5-scaled.jpg\",\"contentUrl\":\"https:\\\/\\\/outdooreurope.eu\\\/wp-content\\\/uploads\\\/2022\\\/05\\\/La-Majun_estive-5-scaled.jpg\",\"width\":2560,\"height\":1703},{\"@type\":\"BreadcrumbList\",\"@id\":\"https:\\\/\\\/outdooreurope.eu\\\/tours\\\/hiking-italy-dolomites-guided-la-majun-trekking\\\/#breadcrumb\",\"itemListElement\":[{\"@type\":\"ListItem\",\"position\":1,\"name\":\"Hjem\",\"item\":\"https:\\\/\\\/outdooreurope.eu\\\/\"},{\"@type\":\"ListItem\",\"position\":2,\"name\":\"Shop\",\"item\":\"https:\\\/\\\/outdooreurope.eu\\\/shop\\\/\"},{\"@type\":\"ListItem\",\"position\":3,\"name\":\"Escape to the Dolomites with four star treatment at La Majun: an active luxury retreat\"}]},{\"@type\":\"WebSite\",\"@id\":\"https:\\\/\\\/outdooreurope.eu\\\/#website\",\"url\":\"https:\\\/\\\/outdooreurope.eu\\\/\",\"name\":\"Outdoor Europe\",\"description\":\"Hiking In Europe I Join the trail\",\"potentialAction\":[{\"@type\":\"SearchAction\",\"target\":{\"@type\":\"EntryPoint\",\"urlTemplate\":\"https:\\\/\\\/outdooreurope.eu\\\/?s={search_term_string}\"},\"query-input\":{\"@type\":\"PropertyValueSpecification\",\"valueRequired\":true,\"valueName\":\"search_term_string\"}}],\"inLanguage\":\"fr-FR\"}]}<\/script>\n<meta property=\"product:price:amount\" content=\"980\" \/>\n<meta property=\"product:price:currency\" content=\"EUR\" \/>\n<meta property=\"og:availability\" content=\"instock\" \/>\n<meta property=\"product:availability\" content=\"instock\" \/>\n<meta property=\"product:retailer_item_id\" content=\"16357\" \/>\n<meta property=\"product:condition\" content=\"new\" \/>\n<!-- \/ Yoast SEO Premium plugin. -->","yoast_head_json":{"title":"Soin quatre \u00e9toiles dans les Dolomites \u2013 R\u00e9servez d\u00e8s maintenant - Outdoor Europe","description":"B\u00e9n\u00e9ficiez d&#039;un confort et d&#039;activit\u00e9s incomparables avec notre traitement quatre \u00e9toiles dans les Dolomites. Vivez l&#039;aventure dans l&#039;\u00e9poustouflante Alta Badia\u00a0!","robots":{"index":"index","follow":"follow","max-snippet":"max-snippet:-1","max-image-preview":"max-image-preview:large","max-video-preview":"max-video-preview:-1"},"canonical":"https:\/\/outdooreurope.eu\/fr\/visites\/randonnee-italie-dolomites-guide-la-majun-trekking\/","og_locale":"fr_FR","og_type":"article","og_title":"Escape to the Dolomites with four star treatment at La Majun: an active luxury retreat","og_description":"Active luxury holiday at boutique hotel La Majun in the Dolomites. Choose between hiking, climbing, running and mountainbiking.","og_url":"https:\/\/outdooreurope.eu\/fr\/visites\/randonnee-italie-dolomites-guide-la-majun-trekking\/","og_site_name":"Outdoor Europe","article_publisher":"https:\/\/www.facebook.com\/outdooreurope.eu","article_modified_time":"2026-01-18T14:20:00+00:00","og_image":[{"width":2560,"height":1703,"url":"https:\/\/outdooreurope.eu\/wp-content\/uploads\/2022\/05\/La-Majun_estive-5-scaled.jpg","type":"image\/jpeg"}],"twitter_card":"summary_large_image","twitter_misc":{"Prix":"&euro;980","Disponibilit\u00e9":"En stock"},"schema":{"@context":"https:\/\/schema.org","@graph":[{"@type":"WebPage","@id":"https:\/\/outdooreurope.eu\/tours\/hiking-italy-dolomites-guided-la-majun-trekking\/","url":"https:\/\/outdooreurope.eu\/tours\/hiking-italy-dolomites-guided-la-majun-trekking\/","name":"Soin quatre \u00e9toiles dans les Dolomites \u2013 R\u00e9servez d\u00e8s maintenant - Outdoor Europe","isPartOf":{"@id":"https:\/\/outdooreurope.eu\/#website"},"primaryImageOfPage":{"@id":"https:\/\/outdooreurope.eu\/tours\/hiking-italy-dolomites-guided-la-majun-trekking\/#primaryimage"},"image":{"@id":"https:\/\/outdooreurope.eu\/tours\/hiking-italy-dolomites-guided-la-majun-trekking\/#primaryimage"},"thumbnailUrl":"https:\/\/outdooreurope.eu\/wp-content\/uploads\/2022\/05\/La-Majun_estive-5-scaled.jpg","datePublished":"2024-01-18T04:46:05+00:00","dateModified":"2026-01-18T14:20:00+00:00","description":"B\u00e9n\u00e9ficiez d&#039;un confort et d&#039;activit\u00e9s incomparables avec notre traitement quatre \u00e9toiles dans les Dolomites. Vivez l&#039;aventure dans l&#039;\u00e9poustouflante Alta Badia\u00a0!","breadcrumb":{"@id":"https:\/\/outdooreurope.eu\/tours\/hiking-italy-dolomites-guided-la-majun-trekking\/#breadcrumb"},"inLanguage":"fr-FR","potentialAction":[{"@type":"ReadAction","target":["https:\/\/outdooreurope.eu\/tours\/hiking-italy-dolomites-guided-la-majun-trekking\/"]}]},{"@type":"ImageObject","inLanguage":"fr-FR","@id":"https:\/\/outdooreurope.eu\/tours\/hiking-italy-dolomites-guided-la-majun-trekking\/#primaryimage","url":"https:\/\/outdooreurope.eu\/wp-content\/uploads\/2022\/05\/La-Majun_estive-5-scaled.jpg","contentUrl":"https:\/\/outdooreurope.eu\/wp-content\/uploads\/2022\/05\/La-Majun_estive-5-scaled.jpg","width":2560,"height":1703},{"@type":"BreadcrumbList","@id":"https:\/\/outdooreurope.eu\/tours\/hiking-italy-dolomites-guided-la-majun-trekking\/#breadcrumb","itemListElement":[{"@type":"ListItem","position":1,"name":"Hjem","item":"https:\/\/outdooreurope.eu\/"},{"@type":"ListItem","position":2,"name":"Shop","item":"https:\/\/outdooreurope.eu\/shop\/"},{"@type":"ListItem","position":3,"name":"Escape to the Dolomites with four star treatment at La Majun: an active luxury retreat"}]},{"@type":"WebSite","@id":"https:\/\/outdooreurope.eu\/#website","url":"https:\/\/outdooreurope.eu\/","name":"L&#039;Europe en plein air","description":"Randonn\u00e9e en Europe Je rejoins le sentier","potentialAction":[{"@type":"SearchAction","target":{"@type":"EntryPoint","urlTemplate":"https:\/\/outdooreurope.eu\/?s={search_term_string}"},"query-input":{"@type":"PropertyValueSpecification","valueRequired":true,"valueName":"search_term_string"}}],"inLanguage":"fr-FR"}]},"product_price_amount":"980","product_price_currency":"EUR","og_availability":"instock","product_availability":"instock","product_retailer_item_id":"16357","product_condition":"new"},"_links":{"self":[{"href":"https:\/\/outdooreurope.eu\/fr\/wp-json\/wp\/v2\/product\/16357","targetHints":{"allow":["GET"]}}],"collection":[{"href":"https:\/\/outdooreurope.eu\/fr\/wp-json\/wp\/v2\/product"}],"about":[{"href":"https:\/\/outdooreurope.eu\/fr\/wp-json\/wp\/v2\/types\/product"}],"replies":[{"embeddable":true,"href":"https:\/\/outdooreurope.eu\/fr\/wp-json\/wp\/v2\/comments?post=16357"}],"wp:featuredmedia":[{"embeddable":true,"href":"https:\/\/outdooreurope.eu\/fr\/wp-json\/wp\/v2\/media\/11534"}],"wp:attachment":[{"href":"https:\/\/outdooreurope.eu\/fr\/wp-json\/wp\/v2\/media?parent=16357"}],"wp:term":[{"taxonomy":"product_brand","embeddable":true,"href":"https:\/\/outdooreurope.eu\/fr\/wp-json\/wp\/v2\/product_brand?post=16357"},{"taxonomy":"product_cat","embeddable":true,"href":"https:\/\/outdooreurope.eu\/fr\/wp-json\/wp\/v2\/product_cat?post=16357"},{"taxonomy":"product_tag","embeddable":true,"href":"https:\/\/outdooreurope.eu\/fr\/wp-json\/wp\/v2\/product_tag?post=16357"}],"curies":[{"name":"wp","href":"https:\/\/api.w.org\/{rel}","templated":true}]}}