{"id":16392,"date":"2024-01-18T06:18:53","date_gmt":"2024-01-18T05:18:53","guid":{"rendered":"https:\/\/outdooreurope.eu\/?post_type=product&#038;p=16392"},"modified":"2025-02-03T11:11:28","modified_gmt":"2025-02-03T10:11:28","slug":"ski-de-randonnee-italie-dolomites-alta-badia-hotel-la-majun","status":"publish","type":"product","link":"https:\/\/outdooreurope.eu\/fr\/tours\/ski-touring-italy-dolomites-alta-badia-hotel-la-majun\/","title":{"rendered":"Un spectacle de ski extravagant au c\u0153ur des Dolomites"},"content":{"rendered":"<p><strong>Extravagance de ski au c\u0153ur des Dolomites : profitez d&#039;une semaine d&#039;aventures alpines \u00e0 Alta Badia, avec des s\u00e9jours de luxe \u00e0 La Majun Boutique Hotel<\/strong><\/p>\n<p>Alta Badia, nich\u00e9e au c\u0153ur des Dolomites, offre une semaine de ski palpitante et de confort somptueux. Votre point de d\u00e9part pour cette aventure est La Majun, un luxueux h\u00f4tel-boutique 4 \u00e9toiles dot\u00e9 d&#039;un spa accueillant, id\u00e9alement situ\u00e9 \u00e0 quelques pas des pistes.<\/p>\n<p><strong>Points forts de la tourn\u00e9e\u00a0:<\/strong><\/p>\n<ul>\n<li><strong>Des pistes polyvalentes pour tous :<\/strong> Alta Badia s&#039;adresse aux skieurs de tous \u00e2ges et de tous niveaux. Des pistes adapt\u00e9es aux d\u00e9butants pour les tout-petits aux pistes difficiles pour les skieurs plus exp\u00e9riment\u00e9s, vous trouverez les pistes parfaites correspondant \u00e0 vos pr\u00e9f\u00e9rences et \u00e0 votre niveau de comp\u00e9tence.<\/li>\n<li><strong>Aventures en ski de randonn\u00e9e et freeride :<\/strong> Au-del\u00e0 des pistes de ski dam\u00e9es, Alta Badia est r\u00e9put\u00e9e pour ses terrains exceptionnels de ski de randonn\u00e9e et de freeride. Les guides locaux personnaliseront l&#039;exp\u00e9rience id\u00e9ale de ski de randonn\u00e9e ou de freeride pour vous, votre famille et vos amis. Les skieurs avanc\u00e9s peuvent m\u00eame ajouter un guide personnel ou opter pour un safari \u00e0 ski passionnant \u00e0 travers les Dolomites.<\/li>\n<\/ul>\n<p><strong>Skier \u00e0 Alta Badia<\/strong><\/p>\n<p>Outdoor Italy est continuellement \u00e0 la recherche des meilleures destinations de ski et Alta Badia se distingue par sa diversit\u00e9 et son large \u00e9ventail d&#039;options. Nich\u00e9e au c\u0153ur des Dolomites, cette r\u00e9gion pittoresque promet une semaine de ski exaltante combin\u00e9e \u00e0 un luxe somptueux, le tout centr\u00e9 autour de l&#039;\u00e9l\u00e9gant La Majun, votre boutique-h\u00f4tel 4 \u00e9toiles dot\u00e9 d&#039;un spa accueillant. Situ\u00e9 \u00e0 quelques pas des pistes, c&#039;est ici que l&#039;essence du ski rencontre le summum du confort.<\/p>\n<p>Alta Badia est fi\u00e8re de sa capacit\u00e9 \u00e0 r\u00e9pondre aux besoins des skieurs de tous types. Des pistes douces adapt\u00e9es aux d\u00e9butants, parfaites pour les tout-petits, aux pistes difficiles pour les skieurs plus exp\u00e9riment\u00e9s, vous trouverez les pistes id\u00e9ales correspondant \u00e0 vos envies et \u00e0 votre niveau de comp\u00e9tence. Les superbes paysages alpins en font un d\u00e9cor idyllique pour les aventures hivernales.<\/p>\n<p>Cependant, l&#039;attrait d&#039;Alta Badia s&#039;\u00e9tend au-del\u00e0 des pistes de ski dam\u00e9es. Elle est \u00e9galement r\u00e9put\u00e9e pour ses possibilit\u00e9s exceptionnelles de ski de randonn\u00e9e et de freeride. Ici, vous avez la chance d&#039;explorer un terrain intact, de retrouver les sensations fortes du ski hors-piste et de parcourir l&#039;arri\u00e8re-pays en toute simplicit\u00e9. Pour vous assurer de profiter au maximum de ces exp\u00e9riences exaltantes, notre collaboration avec des guides locaux garantit que vous b\u00e9n\u00e9ficierez de conseils d&#039;experts et de s\u00e9curit\u00e9 tout au long de votre visite. Les guides locaux adapteront votre aventure de ski de randonn\u00e9e ou de freeride aux besoins uniques de votre groupe, vous garantissant ainsi un voyage m\u00e9morable sur les pistes.<\/p>\n<p>Pour ceux qui ont des comp\u00e9tences avanc\u00e9es et un go\u00fbt pour l&#039;exploration, la possibilit\u00e9 d&#039;ajouter votre guide personnel ou de participer \u00e0 un safari \u00e0 ski vous attend, offrant une couche suppl\u00e9mentaire de personnalisation \u00e0 votre exp\u00e9rience de ski dans les Dolomites.<\/p>\n<p>Skiez dans les Dolomites avec style avec Outdoor Italy et embarquez pour une semaine de bonheur alpin o\u00f9 la beaut\u00e9 des montagnes rencontre le luxe de La Majun, cr\u00e9ant des souvenirs inoubliables au c\u0153ur de l&#039;Alta Badia.<\/p>","protected":false},"excerpt":{"rendered":"<p>Vacances de ski de luxe au c\u0153ur des Dolomites. S\u00e9journez dans un h\u00f4tel Spa 4 \u00e9toiles, \u00e0 quelques pas des pistes. Guide priv\u00e9 disponible.<\/p>","protected":false},"featured_media":16393,"comment_status":"open","ping_status":"closed","template":"","meta":{"_acf_changed":false,"content-type":"","inline_featured_image":false},"product_brand":[],"product_cat":[302],"product_tag":[],"class_list":{"0":"post-16392","1":"product","2":"type-product","3":"status-publish","4":"has-post-thumbnail","6":"tour_country-italy","7":"tour_destinations-alta-badia","8":"product_cat-ukategoriseret","9":"tour_category-sking","11":"first","12":"instock","13":"virtual","14":"purchasable","15":"product-type-tour"},"acf":[],"yoast_head":"<!-- This site is optimized with the Yoast SEO Premium plugin v27.4 (Yoast SEO v27.4) - https:\/\/yoast.com\/product\/yoast-seo-premium-wordpress\/ -->\n<title>Skiing extravaganza in the heart of the dolomites - Outdoor Europe<\/title>\n<meta name=\"robots\" content=\"index, follow, max-snippet:-1, max-image-preview:large, max-video-preview:-1\" \/>\n<link rel=\"canonical\" href=\"https:\/\/outdooreurope.eu\/fr\/visites\/ski-de-randonnee-italie-dolomites-alta-badia-hotel-la-majun\/\" \/>\n<meta property=\"og:locale\" content=\"fr_FR\" \/>\n<meta property=\"og:type\" content=\"article\" \/>\n<meta property=\"og:title\" content=\"Skiing extravaganza in the heart of the dolomites\" \/>\n<meta property=\"og:description\" content=\"Luxury skiing holiday in the heart of the Dolomites. Stay in a 4 star Spa hotel, just a short walk from the slopes. Private guide available.\" \/>\n<meta property=\"og:url\" content=\"https:\/\/outdooreurope.eu\/fr\/visites\/ski-de-randonnee-italie-dolomites-alta-badia-hotel-la-majun\/\" \/>\n<meta property=\"og:site_name\" content=\"Outdoor Europe\" \/>\n<meta property=\"article:publisher\" content=\"https:\/\/www.facebook.com\/outdooreurope.eu\" \/>\n<meta property=\"article:modified_time\" content=\"2025-02-03T10:11:28+00:00\" \/>\n<meta property=\"og:image\" content=\"https:\/\/outdooreurope.eu\/wp-content\/uploads\/2024\/01\/freeride-skier-extreme-winter-spots-man-in-helme-2021-10-29-20-25-46-utc-scaled-720x606-1.jpg\" \/>\n\t<meta property=\"og:image:width\" content=\"720\" \/>\n\t<meta property=\"og:image:height\" content=\"606\" \/>\n\t<meta property=\"og:image:type\" content=\"image\/jpeg\" \/>\n<meta name=\"twitter:card\" content=\"summary_large_image\" \/>\n<meta name=\"twitter:label1\" content=\"Prix\" \/>\n\t<meta name=\"twitter:data1\" content=\"&euro;2,195\" \/>\n\t<meta name=\"twitter:label2\" content=\"Disponibilit\u00e9\" \/>\n\t<meta name=\"twitter:data2\" content=\"En stock\" \/>\n<script type=\"application\/ld+json\" class=\"yoast-schema-graph\">{\"@context\":\"https:\\\/\\\/schema.org\",\"@graph\":[{\"@type\":\"WebPage\",\"@id\":\"https:\\\/\\\/outdooreurope.eu\\\/tours\\\/ski-touring-italy-dolomites-alta-badia-hotel-la-majun\\\/\",\"url\":\"https:\\\/\\\/outdooreurope.eu\\\/tours\\\/ski-touring-italy-dolomites-alta-badia-hotel-la-majun\\\/\",\"name\":\"Skiing extravaganza in the heart of the dolomites - Outdoor Europe\",\"isPartOf\":{\"@id\":\"https:\\\/\\\/outdooreurope.eu\\\/#website\"},\"primaryImageOfPage\":{\"@id\":\"https:\\\/\\\/outdooreurope.eu\\\/tours\\\/ski-touring-italy-dolomites-alta-badia-hotel-la-majun\\\/#primaryimage\"},\"image\":{\"@id\":\"https:\\\/\\\/outdooreurope.eu\\\/tours\\\/ski-touring-italy-dolomites-alta-badia-hotel-la-majun\\\/#primaryimage\"},\"thumbnailUrl\":\"https:\\\/\\\/outdooreurope.eu\\\/wp-content\\\/uploads\\\/2024\\\/01\\\/freeride-skier-extreme-winter-spots-man-in-helme-2021-10-29-20-25-46-utc-scaled-720x606-1.jpg\",\"datePublished\":\"2024-01-18T05:18:53+00:00\",\"dateModified\":\"2025-02-03T10:11:28+00:00\",\"breadcrumb\":{\"@id\":\"https:\\\/\\\/outdooreurope.eu\\\/tours\\\/ski-touring-italy-dolomites-alta-badia-hotel-la-majun\\\/#breadcrumb\"},\"inLanguage\":\"fr-FR\",\"potentialAction\":[{\"@type\":\"ReadAction\",\"target\":[\"https:\\\/\\\/outdooreurope.eu\\\/tours\\\/ski-touring-italy-dolomites-alta-badia-hotel-la-majun\\\/\"]}]},{\"@type\":\"ImageObject\",\"inLanguage\":\"fr-FR\",\"@id\":\"https:\\\/\\\/outdooreurope.eu\\\/tours\\\/ski-touring-italy-dolomites-alta-badia-hotel-la-majun\\\/#primaryimage\",\"url\":\"https:\\\/\\\/outdooreurope.eu\\\/wp-content\\\/uploads\\\/2024\\\/01\\\/freeride-skier-extreme-winter-spots-man-in-helme-2021-10-29-20-25-46-utc-scaled-720x606-1.jpg\",\"contentUrl\":\"https:\\\/\\\/outdooreurope.eu\\\/wp-content\\\/uploads\\\/2024\\\/01\\\/freeride-skier-extreme-winter-spots-man-in-helme-2021-10-29-20-25-46-utc-scaled-720x606-1.jpg\",\"width\":720,\"height\":606},{\"@type\":\"BreadcrumbList\",\"@id\":\"https:\\\/\\\/outdooreurope.eu\\\/tours\\\/ski-touring-italy-dolomites-alta-badia-hotel-la-majun\\\/#breadcrumb\",\"itemListElement\":[{\"@type\":\"ListItem\",\"position\":1,\"name\":\"Hjem\",\"item\":\"https:\\\/\\\/outdooreurope.eu\\\/\"},{\"@type\":\"ListItem\",\"position\":2,\"name\":\"Shop\",\"item\":\"https:\\\/\\\/outdooreurope.eu\\\/shop\\\/\"},{\"@type\":\"ListItem\",\"position\":3,\"name\":\"Skiing extravaganza in the heart of the dolomites\"}]},{\"@type\":\"WebSite\",\"@id\":\"https:\\\/\\\/outdooreurope.eu\\\/#website\",\"url\":\"https:\\\/\\\/outdooreurope.eu\\\/\",\"name\":\"Outdoor Europe\",\"description\":\"Hiking In Europe I Join the trail\",\"potentialAction\":[{\"@type\":\"SearchAction\",\"target\":{\"@type\":\"EntryPoint\",\"urlTemplate\":\"https:\\\/\\\/outdooreurope.eu\\\/?s={search_term_string}\"},\"query-input\":{\"@type\":\"PropertyValueSpecification\",\"valueRequired\":true,\"valueName\":\"search_term_string\"}}],\"inLanguage\":\"fr-FR\"}]}<\/script>\n<meta property=\"product:price:amount\" content=\"2195\" \/>\n<meta property=\"product:price:currency\" content=\"EUR\" \/>\n<meta property=\"og:availability\" content=\"instock\" \/>\n<meta property=\"product:availability\" content=\"instock\" \/>\n<meta property=\"product:retailer_item_id\" content=\"16392\" \/>\n<meta property=\"product:condition\" content=\"new\" \/>\n<!-- \/ Yoast SEO Premium plugin. -->","yoast_head_json":{"title":"Un spectacle de ski extravagant au c\u0153ur des Dolomites - Outdoor Europe","robots":{"index":"index","follow":"follow","max-snippet":"max-snippet:-1","max-image-preview":"max-image-preview:large","max-video-preview":"max-video-preview:-1"},"canonical":"https:\/\/outdooreurope.eu\/fr\/visites\/ski-de-randonnee-italie-dolomites-alta-badia-hotel-la-majun\/","og_locale":"fr_FR","og_type":"article","og_title":"Skiing extravaganza in the heart of the dolomites","og_description":"Luxury skiing holiday in the heart of the Dolomites. Stay in a 4 star Spa hotel, just a short walk from the slopes. Private guide available.","og_url":"https:\/\/outdooreurope.eu\/fr\/visites\/ski-de-randonnee-italie-dolomites-alta-badia-hotel-la-majun\/","og_site_name":"Outdoor Europe","article_publisher":"https:\/\/www.facebook.com\/outdooreurope.eu","article_modified_time":"2025-02-03T10:11:28+00:00","og_image":[{"width":720,"height":606,"url":"https:\/\/outdooreurope.eu\/wp-content\/uploads\/2024\/01\/freeride-skier-extreme-winter-spots-man-in-helme-2021-10-29-20-25-46-utc-scaled-720x606-1.jpg","type":"image\/jpeg"}],"twitter_card":"summary_large_image","twitter_misc":{"Prix":"&euro;2,195","Disponibilit\u00e9":"En stock"},"schema":{"@context":"https:\/\/schema.org","@graph":[{"@type":"WebPage","@id":"https:\/\/outdooreurope.eu\/tours\/ski-touring-italy-dolomites-alta-badia-hotel-la-majun\/","url":"https:\/\/outdooreurope.eu\/tours\/ski-touring-italy-dolomites-alta-badia-hotel-la-majun\/","name":"Un spectacle de ski extravagant au c\u0153ur des Dolomites - Outdoor Europe","isPartOf":{"@id":"https:\/\/outdooreurope.eu\/#website"},"primaryImageOfPage":{"@id":"https:\/\/outdooreurope.eu\/tours\/ski-touring-italy-dolomites-alta-badia-hotel-la-majun\/#primaryimage"},"image":{"@id":"https:\/\/outdooreurope.eu\/tours\/ski-touring-italy-dolomites-alta-badia-hotel-la-majun\/#primaryimage"},"thumbnailUrl":"https:\/\/outdooreurope.eu\/wp-content\/uploads\/2024\/01\/freeride-skier-extreme-winter-spots-man-in-helme-2021-10-29-20-25-46-utc-scaled-720x606-1.jpg","datePublished":"2024-01-18T05:18:53+00:00","dateModified":"2025-02-03T10:11:28+00:00","breadcrumb":{"@id":"https:\/\/outdooreurope.eu\/tours\/ski-touring-italy-dolomites-alta-badia-hotel-la-majun\/#breadcrumb"},"inLanguage":"fr-FR","potentialAction":[{"@type":"ReadAction","target":["https:\/\/outdooreurope.eu\/tours\/ski-touring-italy-dolomites-alta-badia-hotel-la-majun\/"]}]},{"@type":"ImageObject","inLanguage":"fr-FR","@id":"https:\/\/outdooreurope.eu\/tours\/ski-touring-italy-dolomites-alta-badia-hotel-la-majun\/#primaryimage","url":"https:\/\/outdooreurope.eu\/wp-content\/uploads\/2024\/01\/freeride-skier-extreme-winter-spots-man-in-helme-2021-10-29-20-25-46-utc-scaled-720x606-1.jpg","contentUrl":"https:\/\/outdooreurope.eu\/wp-content\/uploads\/2024\/01\/freeride-skier-extreme-winter-spots-man-in-helme-2021-10-29-20-25-46-utc-scaled-720x606-1.jpg","width":720,"height":606},{"@type":"BreadcrumbList","@id":"https:\/\/outdooreurope.eu\/tours\/ski-touring-italy-dolomites-alta-badia-hotel-la-majun\/#breadcrumb","itemListElement":[{"@type":"ListItem","position":1,"name":"Hjem","item":"https:\/\/outdooreurope.eu\/"},{"@type":"ListItem","position":2,"name":"Shop","item":"https:\/\/outdooreurope.eu\/shop\/"},{"@type":"ListItem","position":3,"name":"Skiing extravaganza in the heart of the dolomites"}]},{"@type":"WebSite","@id":"https:\/\/outdooreurope.eu\/#website","url":"https:\/\/outdooreurope.eu\/","name":"L&#039;Europe en plein air","description":"Randonn\u00e9e en Europe Je rejoins le sentier","potentialAction":[{"@type":"SearchAction","target":{"@type":"EntryPoint","urlTemplate":"https:\/\/outdooreurope.eu\/?s={search_term_string}"},"query-input":{"@type":"PropertyValueSpecification","valueRequired":true,"valueName":"search_term_string"}}],"inLanguage":"fr-FR"}]},"product_price_amount":"2195","product_price_currency":"EUR","og_availability":"instock","product_availability":"instock","product_retailer_item_id":"16392","product_condition":"new"},"_links":{"self":[{"href":"https:\/\/outdooreurope.eu\/fr\/wp-json\/wp\/v2\/product\/16392","targetHints":{"allow":["GET"]}}],"collection":[{"href":"https:\/\/outdooreurope.eu\/fr\/wp-json\/wp\/v2\/product"}],"about":[{"href":"https:\/\/outdooreurope.eu\/fr\/wp-json\/wp\/v2\/types\/product"}],"replies":[{"embeddable":true,"href":"https:\/\/outdooreurope.eu\/fr\/wp-json\/wp\/v2\/comments?post=16392"}],"wp:featuredmedia":[{"embeddable":true,"href":"https:\/\/outdooreurope.eu\/fr\/wp-json\/wp\/v2\/media\/16393"}],"wp:attachment":[{"href":"https:\/\/outdooreurope.eu\/fr\/wp-json\/wp\/v2\/media?parent=16392"}],"wp:term":[{"taxonomy":"product_brand","embeddable":true,"href":"https:\/\/outdooreurope.eu\/fr\/wp-json\/wp\/v2\/product_brand?post=16392"},{"taxonomy":"product_cat","embeddable":true,"href":"https:\/\/outdooreurope.eu\/fr\/wp-json\/wp\/v2\/product_cat?post=16392"},{"taxonomy":"product_tag","embeddable":true,"href":"https:\/\/outdooreurope.eu\/fr\/wp-json\/wp\/v2\/product_tag?post=16392"}],"curies":[{"name":"wp","href":"https:\/\/api.w.org\/{rel}","templated":true}]}}