{"id":16417,"date":"2024-01-18T07:16:31","date_gmt":"2024-01-18T06:16:31","guid":{"rendered":"https:\/\/outdooreurope.eu\/?post_type=product&#038;p=16417"},"modified":"2026-02-15T11:04:19","modified_gmt":"2026-02-15T10:04:19","slug":"ski-de-randonnee-en-italie-monte-rosa","status":"publish","type":"product","link":"https:\/\/outdooreurope.eu\/fr\/tours\/ski-touring-italy-monte-rosa\/","title":{"rendered":"Randonn\u00e9e \u00e0 ski en haute montagne au Mont Rosa"},"content":{"rendered":"<p data-start=\"61\" data-end=\"366\">Vivez le ski de randonn\u00e9e en haute montagne \u00e0 son apog\u00e9e sur le majestueux <span class=\"hover:entity-accent entity-underline inline cursor-pointer align-baseline\"><span class=\"whitespace-normal\">Mont Rose<\/span><\/span> massif. D\u00e9butant dans le village traditionnel walser de <span class=\"hover:entity-accent entity-underline inline cursor-pointer align-baseline\"><span class=\"whitespace-normal\">Gressoney-La-Trinit\u00e9<\/span><\/span>, Cette aventure de cinq jours vous emm\u00e8ne au c\u0153ur d&#039;un monde de glaciers, de sommets culminant \u00e0 4 000 m\u00e8tres et de cr\u00eates panoramiques.<\/p>\n<p data-start=\"368\" data-end=\"805\">Le Mont Rose offre l&#039;une des plus fortes concentrations de sommets de plus de 4\u00a0000\u00a0m\u00e8tres des Alpes. Gr\u00e2ce aux remont\u00e9es m\u00e9caniques qui permettent d&#039;acc\u00e9der \u00e0 la haute altitude, on quitte rapidement la vall\u00e9e pour se retrouver au c\u0153ur d&#039;un spectaculaire paysage glaciaire. Les jours suivants, on gravit des sommets mythiques comme la Piramide Vincent ou la Punta Giordani, les groupes les plus aguerris pouvant m\u00eame atteindre le c\u00e9l\u00e8bre Mont Rose. <span class=\"hover:entity-accent entity-underline inline cursor-pointer align-baseline\"><span class=\"whitespace-normal\">Capanna Margherita<\/span><\/span> \u2014 le refuge le plus haut d&#039;Europe \u00e0 4 554 m.<\/p>\n<ul data-start=\"1225\" data-end=\"1518\">\n<li data-start=\"1225\" data-end=\"1302\">\n<p data-start=\"1227\" data-end=\"1302\"><strong data-start=\"1230\" data-end=\"1254\">Sommets de plus de 4 000 m<\/strong> dont Piramide Vincent et Punta Giordani<\/p>\n<\/li>\n<li data-start=\"1303\" data-end=\"1407\">\n<p data-start=\"1305\" data-end=\"1407\"><strong data-start=\"1308\" data-end=\"1343\">Ski de randonn\u00e9e glaciaire en altitude<\/strong> dans l&#039;un des paysages de haute montagne les plus spectaculaires des Alpes<\/p>\n<\/li>\n<li data-start=\"1408\" data-end=\"1518\">\n<p data-start=\"1410\" data-end=\"1518\"><strong data-start=\"1413\" data-end=\"1450\">S\u00e9journez dans les l\u00e9gendaires refuges du Mont Rose<\/strong> avec des vues inoubliables sur le lever et le coucher du soleil sur les Alpes occidentales<\/p>\n<\/li>\n<\/ul>\n<p data-start=\"1520\" data-end=\"1600\" data-is-last-node=\"\" data-is-only-node=\"\">Une v\u00e9ritable exp\u00e9rience de ski de randonn\u00e9e en haute montagne : compacte, intense et inoubliable.<\/p>","protected":false},"excerpt":{"rendered":"<p>Une aventure de ski de randonn\u00e9e de 5 jours en haute montagne <span class=\"hover:entity-accent entity-underline inline cursor-pointer align-baseline\"><span class=\"whitespace-normal\">Mont Rose<\/span><\/span> \u00e0 partir de <span class=\"hover:entity-accent entity-underline inline cursor-pointer align-baseline\"><span class=\"whitespace-normal\">Gressoney-La-Trinit\u00e9<\/span><\/span>. Gravissez des sommets classiques de plus de 4\u00a0000\u00a0m\u00e8tres, traversez de vastes glaciers et s\u00e9journez dans des refuges de montagne l\u00e9gendaires, en autonomie ou avec l\u2019assistance optionnelle d\u2019un guide de montagne certifi\u00e9.<\/p>","protected":false},"featured_media":16471,"comment_status":"open","ping_status":"closed","template":"","meta":{"_acf_changed":false,"content-type":"","inline_featured_image":false},"product_brand":[],"product_cat":[302],"product_tag":[753,923],"class_list":{"0":"post-16417","1":"product","2":"type-product","3":"status-publish","4":"has-post-thumbnail","6":"tour_country-italy","7":"tour_types-hut-to-hut","8":"tour_types-self-guided","9":"tour_types-groups-with-guide","10":"tour_types-advanced","11":"product_cat-ukategoriseret","12":"product_tag-monterosa","13":"product_tag-skitouring","14":"pa_duration-5-days","15":"tour_category-sking","17":"first","18":"instock","19":"shipping-taxable","20":"purchasable","21":"product-type-tour"},"acf":[],"yoast_head":"<!-- This site is optimized with the Yoast SEO Premium plugin v27.6 (Yoast SEO v27.6) - https:\/\/yoast.com\/product\/yoast-seo-premium-wordpress\/ -->\n<title>Monte Rosa Summit Ski Adventure: Experience 4,000 M Peaks - Outdoor Europe<\/title>\n<meta name=\"description\" content=\"Conquer unparalleled heights with the Monte Rosa Summit Ski Adventure. Dive into five days of skiing and stunning 4,000-metre peaks!\" \/>\n<meta name=\"robots\" content=\"index, follow, max-snippet:-1, max-image-preview:large, max-video-preview:-1\" \/>\n<link rel=\"canonical\" href=\"https:\/\/outdooreurope.eu\/fr\/visites\/ski-de-randonnee-en-italie-monte-rosa\/\" \/>\n<meta property=\"og:locale\" content=\"fr_FR\" \/>\n<meta property=\"og:type\" content=\"article\" \/>\n<meta property=\"og:title\" content=\"Monte Rosa High-Alpine Ski Tour\" \/>\n<meta property=\"og:description\" content=\"A 5-day high-alpine ski touring adventure on Monte Rosa starting in Gressoney-La-Trinit\u00e9. Summit classic 4,000 m peaks, traverse vast glaciers, and stay in legendary mountain huts\u2014self-guided or with optional certified mountain guide support.\" \/>\n<meta property=\"og:url\" content=\"https:\/\/outdooreurope.eu\/fr\/visites\/ski-de-randonnee-en-italie-monte-rosa\/\" \/>\n<meta property=\"og:site_name\" content=\"Outdoor Europe\" \/>\n<meta property=\"article:publisher\" content=\"https:\/\/www.facebook.com\/outdooreurope.eu\" \/>\n<meta property=\"article:modified_time\" content=\"2026-02-15T10:04:19+00:00\" \/>\n<meta property=\"og:image\" content=\"https:\/\/outdooreurope.eu\/wp-content\/uploads\/2024\/01\/Capanna-Margherita-720x606-1.jpg\" \/>\n\t<meta property=\"og:image:width\" content=\"720\" \/>\n\t<meta property=\"og:image:height\" content=\"606\" \/>\n\t<meta property=\"og:image:type\" content=\"image\/jpeg\" \/>\n<meta name=\"twitter:card\" content=\"summary_large_image\" \/>\n<meta name=\"twitter:label1\" content=\"Prix\" \/>\n\t<meta name=\"twitter:data1\" content=\"&euro;1,295\" \/>\n\t<meta name=\"twitter:label2\" content=\"Disponibilit\u00e9\" \/>\n\t<meta name=\"twitter:data2\" content=\"En stock\" \/>\n<script type=\"application\/ld+json\" class=\"yoast-schema-graph\">{\"@context\":\"https:\\\/\\\/schema.org\",\"@graph\":[{\"@type\":\"WebPage\",\"@id\":\"https:\\\/\\\/outdooreurope.eu\\\/tours\\\/ski-touring-italy-monte-rosa\\\/\",\"url\":\"https:\\\/\\\/outdooreurope.eu\\\/tours\\\/ski-touring-italy-monte-rosa\\\/\",\"name\":\"Monte Rosa Summit Ski Adventure: Experience 4,000 M Peaks - Outdoor Europe\",\"isPartOf\":{\"@id\":\"https:\\\/\\\/outdooreurope.eu\\\/#website\"},\"primaryImageOfPage\":{\"@id\":\"https:\\\/\\\/outdooreurope.eu\\\/tours\\\/ski-touring-italy-monte-rosa\\\/#primaryimage\"},\"image\":{\"@id\":\"https:\\\/\\\/outdooreurope.eu\\\/tours\\\/ski-touring-italy-monte-rosa\\\/#primaryimage\"},\"thumbnailUrl\":\"https:\\\/\\\/outdooreurope.eu\\\/wp-content\\\/uploads\\\/2024\\\/01\\\/Capanna-Margherita-720x606-1.jpg\",\"datePublished\":\"2024-01-18T06:16:31+00:00\",\"dateModified\":\"2026-02-15T10:04:19+00:00\",\"description\":\"Conquer unparalleled heights with the Monte Rosa Summit Ski Adventure. Dive into five days of skiing and stunning 4,000-metre peaks!\",\"breadcrumb\":{\"@id\":\"https:\\\/\\\/outdooreurope.eu\\\/tours\\\/ski-touring-italy-monte-rosa\\\/#breadcrumb\"},\"inLanguage\":\"fr-FR\",\"potentialAction\":[{\"@type\":\"ReadAction\",\"target\":[\"https:\\\/\\\/outdooreurope.eu\\\/tours\\\/ski-touring-italy-monte-rosa\\\/\"]}]},{\"@type\":\"ImageObject\",\"inLanguage\":\"fr-FR\",\"@id\":\"https:\\\/\\\/outdooreurope.eu\\\/tours\\\/ski-touring-italy-monte-rosa\\\/#primaryimage\",\"url\":\"https:\\\/\\\/outdooreurope.eu\\\/wp-content\\\/uploads\\\/2024\\\/01\\\/Capanna-Margherita-720x606-1.jpg\",\"contentUrl\":\"https:\\\/\\\/outdooreurope.eu\\\/wp-content\\\/uploads\\\/2024\\\/01\\\/Capanna-Margherita-720x606-1.jpg\",\"width\":720,\"height\":606},{\"@type\":\"BreadcrumbList\",\"@id\":\"https:\\\/\\\/outdooreurope.eu\\\/tours\\\/ski-touring-italy-monte-rosa\\\/#breadcrumb\",\"itemListElement\":[{\"@type\":\"ListItem\",\"position\":1,\"name\":\"Hjem\",\"item\":\"https:\\\/\\\/outdooreurope.eu\\\/\"},{\"@type\":\"ListItem\",\"position\":2,\"name\":\"Shop\",\"item\":\"https:\\\/\\\/outdooreurope.eu\\\/shop\\\/\"},{\"@type\":\"ListItem\",\"position\":3,\"name\":\"Monte Rosa High-Alpine Ski Tour\"}]},{\"@type\":\"WebSite\",\"@id\":\"https:\\\/\\\/outdooreurope.eu\\\/#website\",\"url\":\"https:\\\/\\\/outdooreurope.eu\\\/\",\"name\":\"Outdoor Europe\",\"description\":\"Hiking In Europe I Join the trail\",\"potentialAction\":[{\"@type\":\"SearchAction\",\"target\":{\"@type\":\"EntryPoint\",\"urlTemplate\":\"https:\\\/\\\/outdooreurope.eu\\\/?s={search_term_string}\"},\"query-input\":{\"@type\":\"PropertyValueSpecification\",\"valueRequired\":true,\"valueName\":\"search_term_string\"}}],\"inLanguage\":\"fr-FR\"}]}<\/script>\n<meta property=\"product:price:amount\" content=\"1295\" \/>\n<meta property=\"product:price:currency\" content=\"EUR\" \/>\n<meta property=\"og:availability\" content=\"instock\" \/>\n<meta property=\"product:availability\" content=\"instock\" \/>\n<meta property=\"product:retailer_item_id\" content=\"16417\" \/>\n<meta property=\"product:condition\" content=\"new\" \/>\n<!-- \/ Yoast SEO Premium plugin. -->","yoast_head_json":{"title":"Aventure de ski au sommet du Mont Rose\u00a0: D\u00e9couvrez des sommets de plus de 4\u00a0000\u00a0m\u00e8tres - Outdoor Europe","description":"Partez \u00e0 la conqu\u00eate de sommets in\u00e9gal\u00e9s avec l&#039;aventure de ski au sommet du Mont Rose. Plongez dans cinq jours de ski et de magnifiques pics culminant \u00e0 plus de 4\u00a0000 m\u00e8tres\u00a0!","robots":{"index":"index","follow":"follow","max-snippet":"max-snippet:-1","max-image-preview":"max-image-preview:large","max-video-preview":"max-video-preview:-1"},"canonical":"https:\/\/outdooreurope.eu\/fr\/visites\/ski-de-randonnee-en-italie-monte-rosa\/","og_locale":"fr_FR","og_type":"article","og_title":"Monte Rosa High-Alpine Ski Tour","og_description":"A 5-day high-alpine ski touring adventure on Monte Rosa starting in Gressoney-La-Trinit\u00e9. Summit classic 4,000 m peaks, traverse vast glaciers, and stay in legendary mountain huts\u2014self-guided or with optional certified mountain guide support.","og_url":"https:\/\/outdooreurope.eu\/fr\/visites\/ski-de-randonnee-en-italie-monte-rosa\/","og_site_name":"Outdoor Europe","article_publisher":"https:\/\/www.facebook.com\/outdooreurope.eu","article_modified_time":"2026-02-15T10:04:19+00:00","og_image":[{"width":720,"height":606,"url":"https:\/\/outdooreurope.eu\/wp-content\/uploads\/2024\/01\/Capanna-Margherita-720x606-1.jpg","type":"image\/jpeg"}],"twitter_card":"summary_large_image","twitter_misc":{"Prix":"&euro;1,295","Disponibilit\u00e9":"En stock"},"schema":{"@context":"https:\/\/schema.org","@graph":[{"@type":"WebPage","@id":"https:\/\/outdooreurope.eu\/tours\/ski-touring-italy-monte-rosa\/","url":"https:\/\/outdooreurope.eu\/tours\/ski-touring-italy-monte-rosa\/","name":"Aventure de ski au sommet du Mont Rose\u00a0: D\u00e9couvrez des sommets de plus de 4\u00a0000\u00a0m\u00e8tres - Outdoor Europe","isPartOf":{"@id":"https:\/\/outdooreurope.eu\/#website"},"primaryImageOfPage":{"@id":"https:\/\/outdooreurope.eu\/tours\/ski-touring-italy-monte-rosa\/#primaryimage"},"image":{"@id":"https:\/\/outdooreurope.eu\/tours\/ski-touring-italy-monte-rosa\/#primaryimage"},"thumbnailUrl":"https:\/\/outdooreurope.eu\/wp-content\/uploads\/2024\/01\/Capanna-Margherita-720x606-1.jpg","datePublished":"2024-01-18T06:16:31+00:00","dateModified":"2026-02-15T10:04:19+00:00","description":"Partez \u00e0 la conqu\u00eate de sommets in\u00e9gal\u00e9s avec l&#039;aventure de ski au sommet du Mont Rose. Plongez dans cinq jours de ski et de magnifiques pics culminant \u00e0 plus de 4\u00a0000 m\u00e8tres\u00a0!","breadcrumb":{"@id":"https:\/\/outdooreurope.eu\/tours\/ski-touring-italy-monte-rosa\/#breadcrumb"},"inLanguage":"fr-FR","potentialAction":[{"@type":"ReadAction","target":["https:\/\/outdooreurope.eu\/tours\/ski-touring-italy-monte-rosa\/"]}]},{"@type":"ImageObject","inLanguage":"fr-FR","@id":"https:\/\/outdooreurope.eu\/tours\/ski-touring-italy-monte-rosa\/#primaryimage","url":"https:\/\/outdooreurope.eu\/wp-content\/uploads\/2024\/01\/Capanna-Margherita-720x606-1.jpg","contentUrl":"https:\/\/outdooreurope.eu\/wp-content\/uploads\/2024\/01\/Capanna-Margherita-720x606-1.jpg","width":720,"height":606},{"@type":"BreadcrumbList","@id":"https:\/\/outdooreurope.eu\/tours\/ski-touring-italy-monte-rosa\/#breadcrumb","itemListElement":[{"@type":"ListItem","position":1,"name":"Hjem","item":"https:\/\/outdooreurope.eu\/"},{"@type":"ListItem","position":2,"name":"Shop","item":"https:\/\/outdooreurope.eu\/shop\/"},{"@type":"ListItem","position":3,"name":"Monte Rosa High-Alpine Ski Tour"}]},{"@type":"WebSite","@id":"https:\/\/outdooreurope.eu\/#website","url":"https:\/\/outdooreurope.eu\/","name":"L&#039;Europe en plein air","description":"Randonn\u00e9e en Europe Je rejoins le sentier","potentialAction":[{"@type":"SearchAction","target":{"@type":"EntryPoint","urlTemplate":"https:\/\/outdooreurope.eu\/?s={search_term_string}"},"query-input":{"@type":"PropertyValueSpecification","valueRequired":true,"valueName":"search_term_string"}}],"inLanguage":"fr-FR"}]},"product_price_amount":"1295","product_price_currency":"EUR","og_availability":"instock","product_availability":"instock","product_retailer_item_id":"16417","product_condition":"new"},"_links":{"self":[{"href":"https:\/\/outdooreurope.eu\/fr\/wp-json\/wp\/v2\/product\/16417","targetHints":{"allow":["GET"]}}],"collection":[{"href":"https:\/\/outdooreurope.eu\/fr\/wp-json\/wp\/v2\/product"}],"about":[{"href":"https:\/\/outdooreurope.eu\/fr\/wp-json\/wp\/v2\/types\/product"}],"replies":[{"embeddable":true,"href":"https:\/\/outdooreurope.eu\/fr\/wp-json\/wp\/v2\/comments?post=16417"}],"wp:featuredmedia":[{"embeddable":true,"href":"https:\/\/outdooreurope.eu\/fr\/wp-json\/wp\/v2\/media\/16471"}],"wp:attachment":[{"href":"https:\/\/outdooreurope.eu\/fr\/wp-json\/wp\/v2\/media?parent=16417"}],"wp:term":[{"taxonomy":"product_brand","embeddable":true,"href":"https:\/\/outdooreurope.eu\/fr\/wp-json\/wp\/v2\/product_brand?post=16417"},{"taxonomy":"product_cat","embeddable":true,"href":"https:\/\/outdooreurope.eu\/fr\/wp-json\/wp\/v2\/product_cat?post=16417"},{"taxonomy":"product_tag","embeddable":true,"href":"https:\/\/outdooreurope.eu\/fr\/wp-json\/wp\/v2\/product_tag?post=16417"}],"curies":[{"name":"wp","href":"https:\/\/api.w.org\/{rel}","templated":true}]}}