{"id":16470,"date":"2024-01-18T07:57:11","date_gmt":"2024-01-18T06:57:11","guid":{"rendered":"https:\/\/outdooreurope.eu\/?post_type=product&#038;p=16470"},"modified":"2025-02-03T13:09:58","modified_gmt":"2025-02-03T12:09:58","slug":"escalade-alpinisme-italie-mont-rose","status":"publish","type":"product","link":"https:\/\/outdooreurope.eu\/fr\/tours\/mountain-climbing-alpinism-italy-monte-rosa\/","title":{"rendered":"Partez \u00e0 la conqu\u00eate des plus hauts sommets d&#039;Europe : ascension du Mont Rose (4556 m) \u2013 \u00e9dition en petit groupe"},"content":{"rendered":"<p><strong>Partez \u00e0 la conqu\u00eate des plus hauts sommets d&#039;Europe : l&#039;aventure de l&#039;ascension du Mont Rose<\/strong><\/p>\n<p>Embarquez pour une exp\u00e9dition extraordinaire avec Outdoor Italy alors que nous invitons les aventuriers et les grimpeurs d\u00e9butants \u00e0 conqu\u00e9rir le Mont Rose, l&#039;un des sommets embl\u00e9matiques d&#039;Europe de plus de 4 000 m\u00e8tres, et \u00e0 visiter le b\u00e2timent le plus haut du continent, l&#039;impressionnante Capanna Margherita, perch\u00e9e \u00e0 une altitude \u00e9poustouflante de 4 556 m\u00e8tres au-dessus du niveau de la mer.<\/p>\n<p><iframe title=\"L&#039;\u00e9vasion ultime : un p\u00e8lerinage vers l&#039;h\u00f4tel le plus haut d&#039;Europe | FT\" width=\"748\" height=\"421\" src=\"https:\/\/www.youtube.com\/embed\/kT583c2E1Vc?feature=oembed\" frameborder=\"0\" allow=\"accelerometer; autoplay; clipboard-write; encrypted-media; gyroscope; picture-in-picture; web-share\" referrerpolicy=\"strict-origin-when-cross-origin\" allowfullscreen><\/iframe><\/p>\n<p><strong>Points forts de la tourn\u00e9e\u00a0:<\/strong><\/p>\n<ul>\n<li><strong>Acclimatation et exploration :<\/strong> Avant votre grande ascension, profitez de deux jours d&#039;acclimatation dans la fascinante r\u00e9gion alpine entourant le Mont Rose. Explorez les sommets inf\u00e9rieurs, savourez une d\u00e9licieuse cuisine locale et savourez les vues \u00e0 couper le souffle qui rendent ce coin d&#039;Italie si unique.<\/li>\n<li><strong>Base du refuge Gnifetti :<\/strong> Votre aventure en haute montagne se d\u00e9roule lors de votre randonn\u00e9e jusqu&#039;au Rifugio Gnifetti, nich\u00e9 \u00e0 3 647 m\u00e8tres d&#039;altitude. Ce refuge douillet devient votre camp de base pour l&#039;ascension imminente vers la Capanna Margherita.<\/li>\n<li><strong>Jour du sommet :<\/strong> Le jour de votre ascension vers Capanna Margherita, vous vous l\u00e8verez avant l&#039;aube et embarquerez pour un voyage \u00e0 travers les glaciers rempli de moments impressionnants. La randonn\u00e9e m\u00e8ne aux portes du Rifugio Margherita, o\u00f9 vous profiterez d&#039;un d\u00e9jeuner bien m\u00e9rit\u00e9 et admirerez les vues spectaculaires offertes par le plus haut b\u00e2timent d&#039;Europe.<\/li>\n<\/ul>\n<p><strong>Visite avanc\u00e9e, places limit\u00e9es :<\/strong><\/p>\n<p>Cette opportunit\u00e9 unique est limit\u00e9e \u00e0 cinq participants seulement. M\u00eame s&#039;il n&#039;est pas n\u00e9cessaire d&#039;\u00eatre un grimpeur chevronn\u00e9, une excellente condition physique et un profond respect pour les d\u00e9fis du terrain de haute montagne sont essentiels. N&#039;ayez crainte, car votre voyage sera guid\u00e9 de mani\u00e8re experte par un expert local titulaire d&#039;un certificat de guide international qui conna\u00eet intimement le Mont Rose.<\/p>\n<p><strong>Exp\u00e9riences sur mesure :<\/strong><\/p>\n<p>Si la visite programm\u00e9e ne correspond pas \u00e0 vos disponibilit\u00e9s, Outdoor Italy propose cette incroyable aventure aux voyageurs individuels ou aux groupes \u00e0 des dates flexibles. Contactez-nous simplement pour demander une offre personnalis\u00e9e qui correspond \u00e0 vos pr\u00e9f\u00e9rences.<\/p>\n<p><strong>Embarquez pour l&#039;aventure d&#039;une vie :<\/strong><\/p>\n<p>Le Mont Rose, avec ses sommets imposants et la captivante Capanna Margherita, attend avec impatience votre pr\u00e9sence. C&#039;est votre chance de conqu\u00e9rir le plus haut b\u00e2timent d&#039;Europe tout en vous immergeant dans la beaut\u00e9 impressionnante des Alpes italiennes. Enfilez vos chaussures de randonn\u00e9e, pr\u00e9parez-vous pour une ascension inoubliable et pr\u00e9parez-vous \u00e0 gravir le sommet du Mont Rose avec Outdoor Italy. Ne manquez pas cette incroyable opportunit\u00e9 de vivre une aventure alpine m\u00e9morable.<\/p>","protected":false},"excerpt":{"rendered":"<p>Aventure de quatre jours sur le Mont Rose avec ascension \u00e0 Capanna Margherita (4556 m).<\/p>","protected":false},"featured_media":16471,"comment_status":"closed","ping_status":"closed","template":"","meta":{"_acf_changed":false,"content-type":"","inline_featured_image":false},"product_brand":[],"product_cat":[302],"product_tag":[753],"class_list":{"0":"post-16470","1":"product","2":"type-product","3":"status-publish","4":"has-post-thumbnail","6":"tour_country-italy","7":"tour_types-groups-with-guide","8":"tour_types-advanced","9":"product_cat-ukategoriseret","10":"product_tag-monterosa","11":"pa_duration-4-days","12":"tour_category-alpinism","14":"first","15":"instock","16":"downloadable","17":"shipping-taxable","18":"purchasable","19":"product-type-tour"},"acf":[],"yoast_head":"<!-- This site is optimized with the Yoast SEO Premium plugin v27.4 (Yoast SEO v27.4) - https:\/\/yoast.com\/product\/yoast-seo-premium-wordpress\/ -->\n<title>Conquer europe&#039;s highest peaks: climb monte rosa (4556m) - small group edition - Outdoor Europe<\/title>\n<meta name=\"robots\" content=\"index, follow, max-snippet:-1, max-image-preview:large, max-video-preview:-1\" \/>\n<link rel=\"canonical\" href=\"https:\/\/outdooreurope.eu\/fr\/visites\/escalade-alpinisme-italie-mont-rose\/\" \/>\n<meta property=\"og:locale\" content=\"fr_FR\" \/>\n<meta property=\"og:type\" content=\"article\" \/>\n<meta property=\"og:title\" content=\"Conquer europe&#039;s highest peaks: climb monte rosa (4556m) - small group edition\" \/>\n<meta property=\"og:description\" content=\"Four day adventure on Monte Rosa with ascent to Capanna Margherita (4556 m).\" \/>\n<meta property=\"og:url\" content=\"https:\/\/outdooreurope.eu\/fr\/visites\/escalade-alpinisme-italie-mont-rose\/\" \/>\n<meta property=\"og:site_name\" content=\"Outdoor Europe\" \/>\n<meta property=\"article:publisher\" content=\"https:\/\/www.facebook.com\/outdooreurope.eu\" \/>\n<meta property=\"article:modified_time\" content=\"2025-02-03T12:09:58+00:00\" \/>\n<meta property=\"og:image\" content=\"https:\/\/outdooreurope.eu\/wp-content\/uploads\/2024\/01\/Capanna-Margherita-720x606-1.jpg\" \/>\n\t<meta property=\"og:image:width\" content=\"720\" \/>\n\t<meta property=\"og:image:height\" content=\"606\" \/>\n\t<meta property=\"og:image:type\" content=\"image\/jpeg\" \/>\n<meta name=\"twitter:card\" content=\"summary_large_image\" \/>\n<meta name=\"twitter:label1\" content=\"Prix\" \/>\n\t<meta name=\"twitter:data1\" content=\"&euro;1,295\" \/>\n\t<meta name=\"twitter:label2\" content=\"Disponibilit\u00e9\" \/>\n\t<meta name=\"twitter:data2\" content=\"En stock\" \/>\n<script type=\"application\/ld+json\" class=\"yoast-schema-graph\">{\"@context\":\"https:\\\/\\\/schema.org\",\"@graph\":[{\"@type\":\"WebPage\",\"@id\":\"https:\\\/\\\/outdooreurope.eu\\\/tours\\\/mountain-climbing-alpinism-italy-monte-rosa\\\/\",\"url\":\"https:\\\/\\\/outdooreurope.eu\\\/tours\\\/mountain-climbing-alpinism-italy-monte-rosa\\\/\",\"name\":\"Conquer europe's highest peaks: climb monte rosa (4556m) - small group edition - Outdoor Europe\",\"isPartOf\":{\"@id\":\"https:\\\/\\\/outdooreurope.eu\\\/#website\"},\"primaryImageOfPage\":{\"@id\":\"https:\\\/\\\/outdooreurope.eu\\\/tours\\\/mountain-climbing-alpinism-italy-monte-rosa\\\/#primaryimage\"},\"image\":{\"@id\":\"https:\\\/\\\/outdooreurope.eu\\\/tours\\\/mountain-climbing-alpinism-italy-monte-rosa\\\/#primaryimage\"},\"thumbnailUrl\":\"https:\\\/\\\/outdooreurope.eu\\\/wp-content\\\/uploads\\\/2024\\\/01\\\/Capanna-Margherita-720x606-1.jpg\",\"datePublished\":\"2024-01-18T06:57:11+00:00\",\"dateModified\":\"2025-02-03T12:09:58+00:00\",\"breadcrumb\":{\"@id\":\"https:\\\/\\\/outdooreurope.eu\\\/tours\\\/mountain-climbing-alpinism-italy-monte-rosa\\\/#breadcrumb\"},\"inLanguage\":\"fr-FR\",\"potentialAction\":[{\"@type\":\"ReadAction\",\"target\":[\"https:\\\/\\\/outdooreurope.eu\\\/tours\\\/mountain-climbing-alpinism-italy-monte-rosa\\\/\"]}]},{\"@type\":\"ImageObject\",\"inLanguage\":\"fr-FR\",\"@id\":\"https:\\\/\\\/outdooreurope.eu\\\/tours\\\/mountain-climbing-alpinism-italy-monte-rosa\\\/#primaryimage\",\"url\":\"https:\\\/\\\/outdooreurope.eu\\\/wp-content\\\/uploads\\\/2024\\\/01\\\/Capanna-Margherita-720x606-1.jpg\",\"contentUrl\":\"https:\\\/\\\/outdooreurope.eu\\\/wp-content\\\/uploads\\\/2024\\\/01\\\/Capanna-Margherita-720x606-1.jpg\",\"width\":720,\"height\":606},{\"@type\":\"BreadcrumbList\",\"@id\":\"https:\\\/\\\/outdooreurope.eu\\\/tours\\\/mountain-climbing-alpinism-italy-monte-rosa\\\/#breadcrumb\",\"itemListElement\":[{\"@type\":\"ListItem\",\"position\":1,\"name\":\"Hjem\",\"item\":\"https:\\\/\\\/outdooreurope.eu\\\/\"},{\"@type\":\"ListItem\",\"position\":2,\"name\":\"Shop\",\"item\":\"https:\\\/\\\/outdooreurope.eu\\\/shop\\\/\"},{\"@type\":\"ListItem\",\"position\":3,\"name\":\"Conquer europe&#8217;s highest peaks: climb monte rosa (4556m) &#8211; small group edition\"}]},{\"@type\":\"WebSite\",\"@id\":\"https:\\\/\\\/outdooreurope.eu\\\/#website\",\"url\":\"https:\\\/\\\/outdooreurope.eu\\\/\",\"name\":\"Outdoor Europe\",\"description\":\"Hiking In Europe I Join the trail\",\"potentialAction\":[{\"@type\":\"SearchAction\",\"target\":{\"@type\":\"EntryPoint\",\"urlTemplate\":\"https:\\\/\\\/outdooreurope.eu\\\/?s={search_term_string}\"},\"query-input\":{\"@type\":\"PropertyValueSpecification\",\"valueRequired\":true,\"valueName\":\"search_term_string\"}}],\"inLanguage\":\"fr-FR\"}]}<\/script>\n<meta property=\"product:price:amount\" content=\"1295\" \/>\n<meta property=\"product:price:currency\" content=\"EUR\" \/>\n<meta property=\"og:availability\" content=\"instock\" \/>\n<meta property=\"product:availability\" content=\"instock\" \/>\n<meta property=\"product:retailer_item_id\" content=\"16470\" \/>\n<meta property=\"product:condition\" content=\"new\" \/>\n<!-- \/ Yoast SEO Premium plugin. -->","yoast_head_json":{"title":"Partez \u00e0 la conqu\u00eate des plus hauts sommets d&#039;Europe : ascension du Mont Rose (4556 m) - \u00e9dition en petit groupe - Outdoor Europe","robots":{"index":"index","follow":"follow","max-snippet":"max-snippet:-1","max-image-preview":"max-image-preview:large","max-video-preview":"max-video-preview:-1"},"canonical":"https:\/\/outdooreurope.eu\/fr\/visites\/escalade-alpinisme-italie-mont-rose\/","og_locale":"fr_FR","og_type":"article","og_title":"Conquer europe's highest peaks: climb monte rosa (4556m) - small group edition","og_description":"Four day adventure on Monte Rosa with ascent to Capanna Margherita (4556 m).","og_url":"https:\/\/outdooreurope.eu\/fr\/visites\/escalade-alpinisme-italie-mont-rose\/","og_site_name":"Outdoor Europe","article_publisher":"https:\/\/www.facebook.com\/outdooreurope.eu","article_modified_time":"2025-02-03T12:09:58+00:00","og_image":[{"width":720,"height":606,"url":"https:\/\/outdooreurope.eu\/wp-content\/uploads\/2024\/01\/Capanna-Margherita-720x606-1.jpg","type":"image\/jpeg"}],"twitter_card":"summary_large_image","twitter_misc":{"Prix":"&euro;1,295","Disponibilit\u00e9":"En stock"},"schema":{"@context":"https:\/\/schema.org","@graph":[{"@type":"WebPage","@id":"https:\/\/outdooreurope.eu\/tours\/mountain-climbing-alpinism-italy-monte-rosa\/","url":"https:\/\/outdooreurope.eu\/tours\/mountain-climbing-alpinism-italy-monte-rosa\/","name":"Partez \u00e0 la conqu\u00eate des plus hauts sommets d&#039;Europe : ascension du Mont Rose (4556 m) - \u00e9dition en petit groupe - Outdoor Europe","isPartOf":{"@id":"https:\/\/outdooreurope.eu\/#website"},"primaryImageOfPage":{"@id":"https:\/\/outdooreurope.eu\/tours\/mountain-climbing-alpinism-italy-monte-rosa\/#primaryimage"},"image":{"@id":"https:\/\/outdooreurope.eu\/tours\/mountain-climbing-alpinism-italy-monte-rosa\/#primaryimage"},"thumbnailUrl":"https:\/\/outdooreurope.eu\/wp-content\/uploads\/2024\/01\/Capanna-Margherita-720x606-1.jpg","datePublished":"2024-01-18T06:57:11+00:00","dateModified":"2025-02-03T12:09:58+00:00","breadcrumb":{"@id":"https:\/\/outdooreurope.eu\/tours\/mountain-climbing-alpinism-italy-monte-rosa\/#breadcrumb"},"inLanguage":"fr-FR","potentialAction":[{"@type":"ReadAction","target":["https:\/\/outdooreurope.eu\/tours\/mountain-climbing-alpinism-italy-monte-rosa\/"]}]},{"@type":"ImageObject","inLanguage":"fr-FR","@id":"https:\/\/outdooreurope.eu\/tours\/mountain-climbing-alpinism-italy-monte-rosa\/#primaryimage","url":"https:\/\/outdooreurope.eu\/wp-content\/uploads\/2024\/01\/Capanna-Margherita-720x606-1.jpg","contentUrl":"https:\/\/outdooreurope.eu\/wp-content\/uploads\/2024\/01\/Capanna-Margherita-720x606-1.jpg","width":720,"height":606},{"@type":"BreadcrumbList","@id":"https:\/\/outdooreurope.eu\/tours\/mountain-climbing-alpinism-italy-monte-rosa\/#breadcrumb","itemListElement":[{"@type":"ListItem","position":1,"name":"Hjem","item":"https:\/\/outdooreurope.eu\/"},{"@type":"ListItem","position":2,"name":"Shop","item":"https:\/\/outdooreurope.eu\/shop\/"},{"@type":"ListItem","position":3,"name":"Conquer europe&#8217;s highest peaks: climb monte rosa (4556m) &#8211; small group edition"}]},{"@type":"WebSite","@id":"https:\/\/outdooreurope.eu\/#website","url":"https:\/\/outdooreurope.eu\/","name":"L&#039;Europe en plein air","description":"Randonn\u00e9e en Europe Je rejoins le sentier","potentialAction":[{"@type":"SearchAction","target":{"@type":"EntryPoint","urlTemplate":"https:\/\/outdooreurope.eu\/?s={search_term_string}"},"query-input":{"@type":"PropertyValueSpecification","valueRequired":true,"valueName":"search_term_string"}}],"inLanguage":"fr-FR"}]},"product_price_amount":"1295","product_price_currency":"EUR","og_availability":"instock","product_availability":"instock","product_retailer_item_id":"16470","product_condition":"new"},"_links":{"self":[{"href":"https:\/\/outdooreurope.eu\/fr\/wp-json\/wp\/v2\/product\/16470","targetHints":{"allow":["GET"]}}],"collection":[{"href":"https:\/\/outdooreurope.eu\/fr\/wp-json\/wp\/v2\/product"}],"about":[{"href":"https:\/\/outdooreurope.eu\/fr\/wp-json\/wp\/v2\/types\/product"}],"replies":[{"embeddable":true,"href":"https:\/\/outdooreurope.eu\/fr\/wp-json\/wp\/v2\/comments?post=16470"}],"wp:featuredmedia":[{"embeddable":true,"href":"https:\/\/outdooreurope.eu\/fr\/wp-json\/wp\/v2\/media\/16471"}],"wp:attachment":[{"href":"https:\/\/outdooreurope.eu\/fr\/wp-json\/wp\/v2\/media?parent=16470"}],"wp:term":[{"taxonomy":"product_brand","embeddable":true,"href":"https:\/\/outdooreurope.eu\/fr\/wp-json\/wp\/v2\/product_brand?post=16470"},{"taxonomy":"product_cat","embeddable":true,"href":"https:\/\/outdooreurope.eu\/fr\/wp-json\/wp\/v2\/product_cat?post=16470"},{"taxonomy":"product_tag","embeddable":true,"href":"https:\/\/outdooreurope.eu\/fr\/wp-json\/wp\/v2\/product_tag?post=16470"}],"curies":[{"name":"wp","href":"https:\/\/api.w.org\/{rel}","templated":true}]}}