{"id":16529,"date":"2024-01-18T10:11:29","date_gmt":"2024-01-18T09:11:29","guid":{"rendered":"https:\/\/outdooreurope.eu\/?post_type=product&#038;p=16529"},"modified":"2026-02-14T15:38:43","modified_gmt":"2026-02-14T14:38:43","slug":"effectuez-le-tour-du-mont-blanc","status":"publish","type":"product","link":"https:\/\/outdooreurope.eu\/fr\/tours\/run-the-tour-mont-blanc\/","title":{"rendered":"Courez le Tour Mont Blanc : Partez \u00e0 la conqu\u00eate du mythique UTMB en sept jours !"},"content":{"rendered":"<h3>Running tour Mont Blanc : Partez \u00e0 la conqu\u00eate du mythique UTMB en sept jours !<\/h3>\n<p>Pr\u00eat(e) pour une aventure de trail running extraordinaire sur l&#039;un des itin\u00e9raires de randonn\u00e9e les plus embl\u00e9matiques d&#039;Europe\u00a0? Le Tour du Mont Blanc, r\u00e9put\u00e9 pour ses paysages \u00e0 couper le souffle et ses sentiers exigeants, offre un cadre id\u00e9al pour ce p\u00e9riple.<\/p>","protected":false},"excerpt":{"rendered":"<p>Six jours de trail exceptionnel, de nourriture d\u00e9licieuse et de compagnie formidable, tout en faisant le tour du plus haut sommet d&#039;Europe.<\/p>","protected":false},"featured_media":3780,"comment_status":"closed","ping_status":"closed","template":"","meta":{"_acf_changed":false,"content-type":"","inline_featured_image":false},"product_brand":[],"product_cat":[302],"product_tag":[1081,751],"class_list":{"0":"post-16529","1":"product","2":"type-product","3":"status-publish","4":"has-post-thumbnail","6":"tour_country-france","7":"tour_country-italy","8":"tour_country-switzerland","9":"product_cat-ukategoriseret","10":"product_tag-utmb","11":"product_tag-trailrunning","12":"pa_duration-7-days","13":"tour_category-trailrunning-2","15":"first","16":"instock","17":"shipping-taxable","18":"purchasable","19":"product-type-tour"},"acf":[],"yoast_head":"<!-- This site is optimized with the Yoast SEO Premium plugin v27.4 (Yoast SEO v27.4) - https:\/\/yoast.com\/product\/yoast-seo-premium-wordpress\/ -->\n<title>Run the Tour Mont Blanc: Epic Trail Adventure Awaits - Outdoor Europe<\/title>\n<meta name=\"description\" content=\"Embark on the unforgettable Run the Tour Mont Blanc! Experience breathtaking scenery and conquer challenging trails over six exhilarating days.\" \/>\n<meta name=\"robots\" content=\"index, follow, max-snippet:-1, max-image-preview:large, max-video-preview:-1\" \/>\n<link rel=\"canonical\" href=\"https:\/\/outdooreurope.eu\/fr\/visites\/effectuez-le-tour-du-mont-blanc\/\" \/>\n<meta property=\"og:locale\" content=\"fr_FR\" \/>\n<meta property=\"og:type\" content=\"article\" \/>\n<meta property=\"og:title\" content=\"Run the Tour Mont Blanc: Conquer the legendary UTMB in seven days!\" \/>\n<meta property=\"og:description\" content=\"Six days of outstanding trail running, delicious food and great company, while circumnavigating the highest mountain in Europe.\" \/>\n<meta property=\"og:url\" content=\"https:\/\/outdooreurope.eu\/fr\/visites\/effectuez-le-tour-du-mont-blanc\/\" \/>\n<meta property=\"og:site_name\" content=\"Outdoor Europe\" \/>\n<meta property=\"article:publisher\" content=\"https:\/\/www.facebook.com\/outdooreurope.eu\" \/>\n<meta property=\"article:modified_time\" content=\"2026-02-14T14:38:43+00:00\" \/>\n<meta property=\"og:image\" content=\"https:\/\/outdooreurope.eu\/wp-content\/uploads\/2019\/01\/Trail-1.jpg\" \/>\n\t<meta property=\"og:image:width\" content=\"1920\" \/>\n\t<meta property=\"og:image:height\" content=\"1200\" \/>\n\t<meta property=\"og:image:type\" content=\"image\/jpeg\" \/>\n<meta name=\"twitter:card\" content=\"summary_large_image\" \/>\n<meta name=\"twitter:label1\" content=\"Prix\" \/>\n\t<meta name=\"twitter:data1\" content=\"&euro;1,390\" \/>\n\t<meta name=\"twitter:label2\" content=\"Disponibilit\u00e9\" \/>\n\t<meta name=\"twitter:data2\" content=\"En stock\" \/>\n<script type=\"application\/ld+json\" class=\"yoast-schema-graph\">{\"@context\":\"https:\\\/\\\/schema.org\",\"@graph\":[{\"@type\":\"WebPage\",\"@id\":\"https:\\\/\\\/outdooreurope.eu\\\/tours\\\/run-the-tour-mont-blanc\\\/\",\"url\":\"https:\\\/\\\/outdooreurope.eu\\\/tours\\\/run-the-tour-mont-blanc\\\/\",\"name\":\"Run the Tour Mont Blanc: Epic Trail Adventure Awaits - Outdoor Europe\",\"isPartOf\":{\"@id\":\"https:\\\/\\\/outdooreurope.eu\\\/#website\"},\"primaryImageOfPage\":{\"@id\":\"https:\\\/\\\/outdooreurope.eu\\\/tours\\\/run-the-tour-mont-blanc\\\/#primaryimage\"},\"image\":{\"@id\":\"https:\\\/\\\/outdooreurope.eu\\\/tours\\\/run-the-tour-mont-blanc\\\/#primaryimage\"},\"thumbnailUrl\":\"https:\\\/\\\/outdooreurope.eu\\\/wp-content\\\/uploads\\\/2019\\\/01\\\/Trail-1.jpg\",\"datePublished\":\"2024-01-18T09:11:29+00:00\",\"dateModified\":\"2026-02-14T14:38:43+00:00\",\"description\":\"Embark on the unforgettable Run the Tour Mont Blanc! Experience breathtaking scenery and conquer challenging trails over six exhilarating days.\",\"breadcrumb\":{\"@id\":\"https:\\\/\\\/outdooreurope.eu\\\/tours\\\/run-the-tour-mont-blanc\\\/#breadcrumb\"},\"inLanguage\":\"fr-FR\",\"potentialAction\":[{\"@type\":\"ReadAction\",\"target\":[\"https:\\\/\\\/outdooreurope.eu\\\/tours\\\/run-the-tour-mont-blanc\\\/\"]}]},{\"@type\":\"ImageObject\",\"inLanguage\":\"fr-FR\",\"@id\":\"https:\\\/\\\/outdooreurope.eu\\\/tours\\\/run-the-tour-mont-blanc\\\/#primaryimage\",\"url\":\"https:\\\/\\\/outdooreurope.eu\\\/wp-content\\\/uploads\\\/2019\\\/01\\\/Trail-1.jpg\",\"contentUrl\":\"https:\\\/\\\/outdooreurope.eu\\\/wp-content\\\/uploads\\\/2019\\\/01\\\/Trail-1.jpg\",\"width\":1920,\"height\":1200,\"caption\":\"Athlete trail running at Lac De Ch\u00e9serys, with the Mont Blanc in the background.\"},{\"@type\":\"BreadcrumbList\",\"@id\":\"https:\\\/\\\/outdooreurope.eu\\\/tours\\\/run-the-tour-mont-blanc\\\/#breadcrumb\",\"itemListElement\":[{\"@type\":\"ListItem\",\"position\":1,\"name\":\"Hjem\",\"item\":\"https:\\\/\\\/outdooreurope.eu\\\/\"},{\"@type\":\"ListItem\",\"position\":2,\"name\":\"Shop\",\"item\":\"https:\\\/\\\/outdooreurope.eu\\\/shop\\\/\"},{\"@type\":\"ListItem\",\"position\":3,\"name\":\"Run the Tour Mont Blanc: Conquer the legendary UTMB in seven days!\"}]},{\"@type\":\"WebSite\",\"@id\":\"https:\\\/\\\/outdooreurope.eu\\\/#website\",\"url\":\"https:\\\/\\\/outdooreurope.eu\\\/\",\"name\":\"Outdoor Europe\",\"description\":\"Hiking In Europe I Join the trail\",\"potentialAction\":[{\"@type\":\"SearchAction\",\"target\":{\"@type\":\"EntryPoint\",\"urlTemplate\":\"https:\\\/\\\/outdooreurope.eu\\\/?s={search_term_string}\"},\"query-input\":{\"@type\":\"PropertyValueSpecification\",\"valueRequired\":true,\"valueName\":\"search_term_string\"}}],\"inLanguage\":\"fr-FR\"}]}<\/script>\n<meta property=\"product:price:amount\" content=\"1390\" \/>\n<meta property=\"product:price:currency\" content=\"EUR\" \/>\n<meta property=\"og:availability\" content=\"instock\" \/>\n<meta property=\"product:availability\" content=\"instock\" \/>\n<meta property=\"product:retailer_item_id\" content=\"16529\" \/>\n<meta property=\"product:condition\" content=\"new\" \/>\n<!-- \/ Yoast SEO Premium plugin. -->","yoast_head_json":{"title":"Le Tour du Mont Blanc : Une aventure \u00e9pique vous attend - Outdoor Europe","description":"Participez \u00e0 l&#039;inoubliable Run the Tour Mont Blanc ! D\u00e9couvrez des paysages \u00e0 couper le souffle et relevez le d\u00e9fi de sentiers exigeants pendant six jours exaltants.","robots":{"index":"index","follow":"follow","max-snippet":"max-snippet:-1","max-image-preview":"max-image-preview:large","max-video-preview":"max-video-preview:-1"},"canonical":"https:\/\/outdooreurope.eu\/fr\/visites\/effectuez-le-tour-du-mont-blanc\/","og_locale":"fr_FR","og_type":"article","og_title":"Run the Tour Mont Blanc: Conquer the legendary UTMB in seven days!","og_description":"Six days of outstanding trail running, delicious food and great company, while circumnavigating the highest mountain in Europe.","og_url":"https:\/\/outdooreurope.eu\/fr\/visites\/effectuez-le-tour-du-mont-blanc\/","og_site_name":"Outdoor Europe","article_publisher":"https:\/\/www.facebook.com\/outdooreurope.eu","article_modified_time":"2026-02-14T14:38:43+00:00","og_image":[{"width":1920,"height":1200,"url":"https:\/\/outdooreurope.eu\/wp-content\/uploads\/2019\/01\/Trail-1.jpg","type":"image\/jpeg"}],"twitter_card":"summary_large_image","twitter_misc":{"Prix":"&euro;1,390","Disponibilit\u00e9":"En stock"},"schema":{"@context":"https:\/\/schema.org","@graph":[{"@type":"WebPage","@id":"https:\/\/outdooreurope.eu\/tours\/run-the-tour-mont-blanc\/","url":"https:\/\/outdooreurope.eu\/tours\/run-the-tour-mont-blanc\/","name":"Le Tour du Mont Blanc : Une aventure \u00e9pique vous attend - Outdoor Europe","isPartOf":{"@id":"https:\/\/outdooreurope.eu\/#website"},"primaryImageOfPage":{"@id":"https:\/\/outdooreurope.eu\/tours\/run-the-tour-mont-blanc\/#primaryimage"},"image":{"@id":"https:\/\/outdooreurope.eu\/tours\/run-the-tour-mont-blanc\/#primaryimage"},"thumbnailUrl":"https:\/\/outdooreurope.eu\/wp-content\/uploads\/2019\/01\/Trail-1.jpg","datePublished":"2024-01-18T09:11:29+00:00","dateModified":"2026-02-14T14:38:43+00:00","description":"Participez \u00e0 l&#039;inoubliable Run the Tour Mont Blanc ! D\u00e9couvrez des paysages \u00e0 couper le souffle et relevez le d\u00e9fi de sentiers exigeants pendant six jours exaltants.","breadcrumb":{"@id":"https:\/\/outdooreurope.eu\/tours\/run-the-tour-mont-blanc\/#breadcrumb"},"inLanguage":"fr-FR","potentialAction":[{"@type":"ReadAction","target":["https:\/\/outdooreurope.eu\/tours\/run-the-tour-mont-blanc\/"]}]},{"@type":"ImageObject","inLanguage":"fr-FR","@id":"https:\/\/outdooreurope.eu\/tours\/run-the-tour-mont-blanc\/#primaryimage","url":"https:\/\/outdooreurope.eu\/wp-content\/uploads\/2019\/01\/Trail-1.jpg","contentUrl":"https:\/\/outdooreurope.eu\/wp-content\/uploads\/2019\/01\/Trail-1.jpg","width":1920,"height":1200,"caption":"Athlete trail running at Lac De Ch\u00e9serys, with the Mont Blanc in the background."},{"@type":"BreadcrumbList","@id":"https:\/\/outdooreurope.eu\/tours\/run-the-tour-mont-blanc\/#breadcrumb","itemListElement":[{"@type":"ListItem","position":1,"name":"Hjem","item":"https:\/\/outdooreurope.eu\/"},{"@type":"ListItem","position":2,"name":"Shop","item":"https:\/\/outdooreurope.eu\/shop\/"},{"@type":"ListItem","position":3,"name":"Run the Tour Mont Blanc: Conquer the legendary UTMB in seven days!"}]},{"@type":"WebSite","@id":"https:\/\/outdooreurope.eu\/#website","url":"https:\/\/outdooreurope.eu\/","name":"L&#039;Europe en plein air","description":"Randonn\u00e9e en Europe Je rejoins le sentier","potentialAction":[{"@type":"SearchAction","target":{"@type":"EntryPoint","urlTemplate":"https:\/\/outdooreurope.eu\/?s={search_term_string}"},"query-input":{"@type":"PropertyValueSpecification","valueRequired":true,"valueName":"search_term_string"}}],"inLanguage":"fr-FR"}]},"product_price_amount":"1390","product_price_currency":"EUR","og_availability":"instock","product_availability":"instock","product_retailer_item_id":"16529","product_condition":"new"},"_links":{"self":[{"href":"https:\/\/outdooreurope.eu\/fr\/wp-json\/wp\/v2\/product\/16529","targetHints":{"allow":["GET"]}}],"collection":[{"href":"https:\/\/outdooreurope.eu\/fr\/wp-json\/wp\/v2\/product"}],"about":[{"href":"https:\/\/outdooreurope.eu\/fr\/wp-json\/wp\/v2\/types\/product"}],"replies":[{"embeddable":true,"href":"https:\/\/outdooreurope.eu\/fr\/wp-json\/wp\/v2\/comments?post=16529"}],"wp:featuredmedia":[{"embeddable":true,"href":"https:\/\/outdooreurope.eu\/fr\/wp-json\/wp\/v2\/media\/3780"}],"wp:attachment":[{"href":"https:\/\/outdooreurope.eu\/fr\/wp-json\/wp\/v2\/media?parent=16529"}],"wp:term":[{"taxonomy":"product_brand","embeddable":true,"href":"https:\/\/outdooreurope.eu\/fr\/wp-json\/wp\/v2\/product_brand?post=16529"},{"taxonomy":"product_cat","embeddable":true,"href":"https:\/\/outdooreurope.eu\/fr\/wp-json\/wp\/v2\/product_cat?post=16529"},{"taxonomy":"product_tag","embeddable":true,"href":"https:\/\/outdooreurope.eu\/fr\/wp-json\/wp\/v2\/product_tag?post=16529"}],"curies":[{"name":"wp","href":"https:\/\/api.w.org\/{rel}","templated":true}]}}