{"id":16540,"date":"2024-01-18T10:31:26","date_gmt":"2024-01-18T09:31:26","guid":{"rendered":"https:\/\/outdooreurope.eu\/?post_type=product&#038;p=16540"},"modified":"2026-01-18T17:12:56","modified_gmt":"2026-01-18T16:12:56","slug":"trailrunning-italie-tor-des-geants-vallee-daoste-autoguidee","status":"publish","type":"product","link":"https:\/\/outdooreurope.eu\/fr\/tours\/trailrunning-italy-tor-des-geants-aosta-valley-self-guided\/","title":{"rendered":"Courir sur les traces des g\u00e9ants : Sur les sentiers de Tor des G\u00e9ants"},"content":{"rendered":"<p>Courir sur les sentiers du Tor des G\u00e9ants : Vivez l&#039;adr\u00e9naline du trail running, des panoramas \u00e0 couper le souffle et un confort optimal lors du circuit \u201c Tor des G\u00e9ants : Sur les sentiers des G\u00e9ants \u201d dans la splendide Vall\u00e9e d&#039;Aoste. Ce voyage exceptionnel vous emm\u00e8ne sur les traces de la premi\u00e8re \u00e9tape du l\u00e9gendaire Tor des G\u00e9ants, de La Thuile \u00e0 Cogne. Accompagn\u00e9s de guides exp\u00e9riment\u00e9s, vous profiterez de singletracks exceptionnels, explorerez des paysages grandioses et savourerez une cuisine d\u00e9licieuse, tout en partageant des moments conviviaux avec d&#039;autres passionn\u00e9s de course \u00e0 pied.<\/p>\n<p><strong>Points forts de la tourn\u00e9e<\/strong><\/p>\n<p><strong>Paradis du trail running :<\/strong> \u00ab Trails of the Giants \u00bb s&#039;adresse aux coureurs de trail passionn\u00e9s \u00e0 la recherche de l&#039;\u00e9quilibre parfait entre d\u00e9fi et confort. Vous b\u00e9n\u00e9ficierez d&#039;un h\u00e9bergement dans des h\u00f4tels trois et quatre \u00e9toiles situ\u00e9s dans de charmants villages le long du parcours, garantissant que votre repos bien m\u00e9rit\u00e9 compl\u00e8te votre enthousiasme pour le trail.<\/p>\n<p><strong>D\u00e9couvrez le Tor des G\u00e9ants :<\/strong> Votre aventure commence par une prise en charge \u00e0 Courmayeur, suivie d&#039;une route panoramique jusqu&#039;\u00e0 La Thuile, point de d\u00e9part de votre exp\u00e9dition de trail. Enfilez vos chaussures de trail et pr\u00e9parez-vous \u00e0 conqu\u00e9rir plusieurs cols culminant \u00e0 environ 3 000 m\u00e8tres d&#039;altitude, dont le col de la Crosetie (2 838 m), le col Fen\u00eatre (2 840 m) et le col Entrelor (3 002 m). En chemin, vous serez captiv\u00e9 par la vue sur les sommets enneig\u00e9s, les glaciers sereins et les cascades.<\/p>","protected":false},"excerpt":{"rendered":"<p>Une aventure de trail en haute montagne \u00e0 travers la Vall\u00e9e d&#039;Aoste en Italie, sur les premi\u00e8res \u00e9tapes du l\u00e9gendaire Tor des G\u00e9ants. Franchissez des cols, admirez des panoramas \u00e0 couper le souffle et reposez-vous dans des refuges et des h\u00f4tels de montagne confortables, le tout encadr\u00e9 par des coureurs de trail exp\u00e9riment\u00e9s.<\/p>","protected":false},"featured_media":8830,"comment_status":"closed","ping_status":"closed","template":"","meta":{"_acf_changed":false,"content-type":"","inline_featured_image":false},"product_brand":[],"product_cat":[302],"product_tag":[],"class_list":{"0":"post-16540","1":"product","2":"type-product","3":"status-publish","4":"has-post-thumbnail","6":"tour_country-italy","7":"product_cat-ukategoriseret","8":"pa_duration-6-days","9":"tour_category-trailrunning-2","11":"first","12":"instock","13":"shipping-taxable","14":"purchasable","15":"product-type-tour"},"acf":[],"yoast_head":"<!-- This site is optimized with the Yoast SEO Premium plugin v27.4 (Yoast SEO v27.4) - https:\/\/yoast.com\/product\/yoast-seo-premium-wordpress\/ -->\n<title>Run the Giants: On the Trails of Tor des Geants - Outdoor Europe<\/title>\n<meta name=\"robots\" content=\"index, follow, max-snippet:-1, max-image-preview:large, max-video-preview:-1\" \/>\n<link rel=\"canonical\" href=\"https:\/\/outdooreurope.eu\/fr\/visites\/trailrunning-italie-tor-des-geants-vallee-daoste-autoguidee\/\" \/>\n<meta property=\"og:locale\" content=\"fr_FR\" \/>\n<meta property=\"og:type\" content=\"article\" \/>\n<meta property=\"og:title\" content=\"Run the Giants: On the Trails of Tor des Geants\" \/>\n<meta property=\"og:description\" content=\"A high-alpine trail running adventure through Italy\u2019s Aosta Valley, following the opening stages of the legendary Tor des Geants. Conquer mountain passes, enjoy stunning views, and rest in mountains huts and comfortable alpine hotels\u2014all guided by expert trail runners.\" \/>\n<meta property=\"og:url\" content=\"https:\/\/outdooreurope.eu\/fr\/visites\/trailrunning-italie-tor-des-geants-vallee-daoste-autoguidee\/\" \/>\n<meta property=\"og:site_name\" content=\"Outdoor Europe\" \/>\n<meta property=\"article:publisher\" content=\"https:\/\/www.facebook.com\/outdooreurope.eu\" \/>\n<meta property=\"article:modified_time\" content=\"2026-01-18T16:12:56+00:00\" \/>\n<meta property=\"og:image\" content=\"https:\/\/outdooreurope.eu\/wp-content\/uploads\/2017\/12\/IMG_0189-1-2.jpg\" \/>\n\t<meta property=\"og:image:width\" content=\"1280\" \/>\n\t<meta property=\"og:image:height\" content=\"960\" \/>\n\t<meta property=\"og:image:type\" content=\"image\/jpeg\" \/>\n<meta name=\"twitter:card\" content=\"summary_large_image\" \/>\n<meta name=\"twitter:label1\" content=\"Prix\" \/>\n\t<meta name=\"twitter:data1\" content=\"&euro;1,350\" \/>\n\t<meta name=\"twitter:label2\" content=\"Disponibilit\u00e9\" \/>\n\t<meta name=\"twitter:data2\" content=\"En stock\" \/>\n<script type=\"application\/ld+json\" class=\"yoast-schema-graph\">{\"@context\":\"https:\\\/\\\/schema.org\",\"@graph\":[{\"@type\":\"WebPage\",\"@id\":\"https:\\\/\\\/outdooreurope.eu\\\/tours\\\/trailrunning-italy-tor-des-geants-aosta-valley-self-guided\\\/\",\"url\":\"https:\\\/\\\/outdooreurope.eu\\\/tours\\\/trailrunning-italy-tor-des-geants-aosta-valley-self-guided\\\/\",\"name\":\"Run the Giants: On the Trails of Tor des Geants - Outdoor Europe\",\"isPartOf\":{\"@id\":\"https:\\\/\\\/outdooreurope.eu\\\/#website\"},\"primaryImageOfPage\":{\"@id\":\"https:\\\/\\\/outdooreurope.eu\\\/tours\\\/trailrunning-italy-tor-des-geants-aosta-valley-self-guided\\\/#primaryimage\"},\"image\":{\"@id\":\"https:\\\/\\\/outdooreurope.eu\\\/tours\\\/trailrunning-italy-tor-des-geants-aosta-valley-self-guided\\\/#primaryimage\"},\"thumbnailUrl\":\"https:\\\/\\\/outdooreurope.eu\\\/wp-content\\\/uploads\\\/2017\\\/12\\\/IMG_0189-1-2.jpg\",\"datePublished\":\"2024-01-18T09:31:26+00:00\",\"dateModified\":\"2026-01-18T16:12:56+00:00\",\"breadcrumb\":{\"@id\":\"https:\\\/\\\/outdooreurope.eu\\\/tours\\\/trailrunning-italy-tor-des-geants-aosta-valley-self-guided\\\/#breadcrumb\"},\"inLanguage\":\"fr-FR\",\"potentialAction\":[{\"@type\":\"ReadAction\",\"target\":[\"https:\\\/\\\/outdooreurope.eu\\\/tours\\\/trailrunning-italy-tor-des-geants-aosta-valley-self-guided\\\/\"]}]},{\"@type\":\"ImageObject\",\"inLanguage\":\"fr-FR\",\"@id\":\"https:\\\/\\\/outdooreurope.eu\\\/tours\\\/trailrunning-italy-tor-des-geants-aosta-valley-self-guided\\\/#primaryimage\",\"url\":\"https:\\\/\\\/outdooreurope.eu\\\/wp-content\\\/uploads\\\/2017\\\/12\\\/IMG_0189-1-2.jpg\",\"contentUrl\":\"https:\\\/\\\/outdooreurope.eu\\\/wp-content\\\/uploads\\\/2017\\\/12\\\/IMG_0189-1-2.jpg\",\"width\":1280,\"height\":960},{\"@type\":\"BreadcrumbList\",\"@id\":\"https:\\\/\\\/outdooreurope.eu\\\/tours\\\/trailrunning-italy-tor-des-geants-aosta-valley-self-guided\\\/#breadcrumb\",\"itemListElement\":[{\"@type\":\"ListItem\",\"position\":1,\"name\":\"Hjem\",\"item\":\"https:\\\/\\\/outdooreurope.eu\\\/\"},{\"@type\":\"ListItem\",\"position\":2,\"name\":\"Shop\",\"item\":\"https:\\\/\\\/outdooreurope.eu\\\/shop\\\/\"},{\"@type\":\"ListItem\",\"position\":3,\"name\":\"Run the Giants: On the Trails of Tor des Geants\"}]},{\"@type\":\"WebSite\",\"@id\":\"https:\\\/\\\/outdooreurope.eu\\\/#website\",\"url\":\"https:\\\/\\\/outdooreurope.eu\\\/\",\"name\":\"Outdoor Europe\",\"description\":\"Hiking In Europe I Join the trail\",\"potentialAction\":[{\"@type\":\"SearchAction\",\"target\":{\"@type\":\"EntryPoint\",\"urlTemplate\":\"https:\\\/\\\/outdooreurope.eu\\\/?s={search_term_string}\"},\"query-input\":{\"@type\":\"PropertyValueSpecification\",\"valueRequired\":true,\"valueName\":\"search_term_string\"}}],\"inLanguage\":\"fr-FR\"}]}<\/script>\n<meta property=\"product:price:amount\" content=\"1350\" \/>\n<meta property=\"product:price:currency\" content=\"EUR\" \/>\n<meta property=\"og:availability\" content=\"instock\" \/>\n<meta property=\"product:availability\" content=\"instock\" \/>\n<meta property=\"product:retailer_item_id\" content=\"16540\" \/>\n<meta property=\"product:condition\" content=\"new\" \/>\n<!-- \/ Yoast SEO Premium plugin. -->","yoast_head_json":{"title":"Courir sur les sentiers du Tor des G\u00e9ants - Outdoor Europe","robots":{"index":"index","follow":"follow","max-snippet":"max-snippet:-1","max-image-preview":"max-image-preview:large","max-video-preview":"max-video-preview:-1"},"canonical":"https:\/\/outdooreurope.eu\/fr\/visites\/trailrunning-italie-tor-des-geants-vallee-daoste-autoguidee\/","og_locale":"fr_FR","og_type":"article","og_title":"Run the Giants: On the Trails of Tor des Geants","og_description":"A high-alpine trail running adventure through Italy\u2019s Aosta Valley, following the opening stages of the legendary Tor des Geants. Conquer mountain passes, enjoy stunning views, and rest in mountains huts and comfortable alpine hotels\u2014all guided by expert trail runners.","og_url":"https:\/\/outdooreurope.eu\/fr\/visites\/trailrunning-italie-tor-des-geants-vallee-daoste-autoguidee\/","og_site_name":"Outdoor Europe","article_publisher":"https:\/\/www.facebook.com\/outdooreurope.eu","article_modified_time":"2026-01-18T16:12:56+00:00","og_image":[{"width":1280,"height":960,"url":"https:\/\/outdooreurope.eu\/wp-content\/uploads\/2017\/12\/IMG_0189-1-2.jpg","type":"image\/jpeg"}],"twitter_card":"summary_large_image","twitter_misc":{"Prix":"&euro;1,350","Disponibilit\u00e9":"En stock"},"schema":{"@context":"https:\/\/schema.org","@graph":[{"@type":"WebPage","@id":"https:\/\/outdooreurope.eu\/tours\/trailrunning-italy-tor-des-geants-aosta-valley-self-guided\/","url":"https:\/\/outdooreurope.eu\/tours\/trailrunning-italy-tor-des-geants-aosta-valley-self-guided\/","name":"Courir sur les sentiers du Tor des G\u00e9ants - Outdoor Europe","isPartOf":{"@id":"https:\/\/outdooreurope.eu\/#website"},"primaryImageOfPage":{"@id":"https:\/\/outdooreurope.eu\/tours\/trailrunning-italy-tor-des-geants-aosta-valley-self-guided\/#primaryimage"},"image":{"@id":"https:\/\/outdooreurope.eu\/tours\/trailrunning-italy-tor-des-geants-aosta-valley-self-guided\/#primaryimage"},"thumbnailUrl":"https:\/\/outdooreurope.eu\/wp-content\/uploads\/2017\/12\/IMG_0189-1-2.jpg","datePublished":"2024-01-18T09:31:26+00:00","dateModified":"2026-01-18T16:12:56+00:00","breadcrumb":{"@id":"https:\/\/outdooreurope.eu\/tours\/trailrunning-italy-tor-des-geants-aosta-valley-self-guided\/#breadcrumb"},"inLanguage":"fr-FR","potentialAction":[{"@type":"ReadAction","target":["https:\/\/outdooreurope.eu\/tours\/trailrunning-italy-tor-des-geants-aosta-valley-self-guided\/"]}]},{"@type":"ImageObject","inLanguage":"fr-FR","@id":"https:\/\/outdooreurope.eu\/tours\/trailrunning-italy-tor-des-geants-aosta-valley-self-guided\/#primaryimage","url":"https:\/\/outdooreurope.eu\/wp-content\/uploads\/2017\/12\/IMG_0189-1-2.jpg","contentUrl":"https:\/\/outdooreurope.eu\/wp-content\/uploads\/2017\/12\/IMG_0189-1-2.jpg","width":1280,"height":960},{"@type":"BreadcrumbList","@id":"https:\/\/outdooreurope.eu\/tours\/trailrunning-italy-tor-des-geants-aosta-valley-self-guided\/#breadcrumb","itemListElement":[{"@type":"ListItem","position":1,"name":"Hjem","item":"https:\/\/outdooreurope.eu\/"},{"@type":"ListItem","position":2,"name":"Shop","item":"https:\/\/outdooreurope.eu\/shop\/"},{"@type":"ListItem","position":3,"name":"Run the Giants: On the Trails of Tor des Geants"}]},{"@type":"WebSite","@id":"https:\/\/outdooreurope.eu\/#website","url":"https:\/\/outdooreurope.eu\/","name":"L&#039;Europe en plein air","description":"Randonn\u00e9e en Europe Je rejoins le sentier","potentialAction":[{"@type":"SearchAction","target":{"@type":"EntryPoint","urlTemplate":"https:\/\/outdooreurope.eu\/?s={search_term_string}"},"query-input":{"@type":"PropertyValueSpecification","valueRequired":true,"valueName":"search_term_string"}}],"inLanguage":"fr-FR"}]},"product_price_amount":"1350","product_price_currency":"EUR","og_availability":"instock","product_availability":"instock","product_retailer_item_id":"16540","product_condition":"new"},"_links":{"self":[{"href":"https:\/\/outdooreurope.eu\/fr\/wp-json\/wp\/v2\/product\/16540","targetHints":{"allow":["GET"]}}],"collection":[{"href":"https:\/\/outdooreurope.eu\/fr\/wp-json\/wp\/v2\/product"}],"about":[{"href":"https:\/\/outdooreurope.eu\/fr\/wp-json\/wp\/v2\/types\/product"}],"replies":[{"embeddable":true,"href":"https:\/\/outdooreurope.eu\/fr\/wp-json\/wp\/v2\/comments?post=16540"}],"wp:featuredmedia":[{"embeddable":true,"href":"https:\/\/outdooreurope.eu\/fr\/wp-json\/wp\/v2\/media\/8830"}],"wp:attachment":[{"href":"https:\/\/outdooreurope.eu\/fr\/wp-json\/wp\/v2\/media?parent=16540"}],"wp:term":[{"taxonomy":"product_brand","embeddable":true,"href":"https:\/\/outdooreurope.eu\/fr\/wp-json\/wp\/v2\/product_brand?post=16540"},{"taxonomy":"product_cat","embeddable":true,"href":"https:\/\/outdooreurope.eu\/fr\/wp-json\/wp\/v2\/product_cat?post=16540"},{"taxonomy":"product_tag","embeddable":true,"href":"https:\/\/outdooreurope.eu\/fr\/wp-json\/wp\/v2\/product_tag?post=16540"}],"curies":[{"name":"wp","href":"https:\/\/api.w.org\/{rel}","templated":true}]}}