{"id":16619,"date":"2024-01-18T11:46:14","date_gmt":"2024-01-18T10:46:14","guid":{"rendered":"https:\/\/outdooreurope.eu\/?post_type=product&#038;p=16619"},"modified":"2026-02-14T18:45:53","modified_gmt":"2026-02-14T17:45:53","slug":"ski-de-randonnee-autriche-silvretta-cabane-a-cabane","status":"publish","type":"product","link":"https:\/\/outdooreurope.eu\/fr\/tours\/ski-touring-austria-silvretta-hut-to-hut\/","title":{"rendered":"Travers\u00e9e \u00e0 ski de Silvretta : une aventure de ski de randonn\u00e9e de 8 jours en Autriche, de refuge en refuge."},"content":{"rendered":"<h3>Travers\u00e9e \u00e0 ski de Silvretta : une aventure de ski de randonn\u00e9e de 8 jours en Autriche, de refuge en refuge.<\/h3>\n<p>Plongez au c\u0153ur des Alpes autrichiennes \u00e0 Silvretta, un lieu exceptionnel pour des aventures en ski de randonn\u00e9e. Notre programme classique de ski de randonn\u00e9e de refuge en refuge offre une exp\u00e9rience alpine inoubliable marqu\u00e9e par des paysages \u00e9poustouflants, le d\u00e9veloppement des comp\u00e9tences et la camaraderie, le tout sous la direction experte de guides certifi\u00e9s internationalement.<\/p>\n<ul>\n<li><strong>Exp\u00e9rience compl\u00e8te de ski de randonn\u00e9e :<\/strong> Cette aventure classique de ski de randonn\u00e9e en refuge \u00e0 Silvretta, en Autriche, est con\u00e7ue pour offrir une exp\u00e9rience compl\u00e8te.<\/li>\n<li><strong>Charmantes cabanes alpines :<\/strong> Tout au long du circuit, vous s\u00e9journerez dans des refuges alpins proposant diff\u00e9rents types d&#039;h\u00e9bergement, notamment des chambres de 2 \u00e0 4 lits et des dortoirs plus spacieux.<\/li>\n<\/ul>","protected":false},"excerpt":{"rendered":"<p>Une aventure de ski de randonn\u00e9e de 8 jours, de refuge en refuge, dans le <span class=\"hover:entity-accent entity-underline inline cursor-pointer align-baseline\"><span class=\"whitespace-normal\">Alpes de Silvretta<\/span><\/span>, reliant des refuges alpins classiques \u00e0 travers de vastes glaciers et de hauts cols. En six jours de randonn\u00e9e, vous atteindrez des sommets comme <span class=\"hover:entity-accent entity-underline inline cursor-pointer align-baseline\"><span class=\"whitespace-normal\">Piz Buin<\/span><\/span> et profitez de longues descentes panoramiques.<\/p>","protected":false},"featured_media":16620,"comment_status":"open","ping_status":"closed","template":"","meta":{"_acf_changed":false,"content-type":"","inline_featured_image":false},"product_brand":[],"product_cat":[302],"product_tag":[923],"class_list":{"0":"post-16619","1":"product","2":"type-product","3":"status-publish","4":"has-post-thumbnail","6":"tour_country-austria","7":"tour_types-hut-to-hut","8":"tour_types-self-guided","9":"tour_types-groups-with-guide","10":"tour_types-private-groups","11":"product_cat-ukategoriseret","12":"product_tag-skitouring","13":"pa_duration-8-days","14":"tour_category-sking","16":"first","17":"instock","18":"downloadable","19":"shipping-taxable","20":"purchasable","21":"product-type-tour"},"acf":[],"yoast_head":"<!-- This site is optimized with the Yoast SEO Premium plugin v27.4 (Yoast SEO v27.4) - https:\/\/yoast.com\/product\/yoast-seo-premium-wordpress\/ -->\n<title>Silvretta Ski Traverse: Your Ultimate Ski Touring Experience<\/title>\n<meta name=\"description\" content=\"Experience unforgettable ski touring in the Austrian Alps with our Silvretta Ski Traverse. Join us for stunning views and expert guidance!\" \/>\n<meta name=\"robots\" content=\"index, follow, max-snippet:-1, max-image-preview:large, max-video-preview:-1\" \/>\n<link rel=\"canonical\" href=\"https:\/\/outdooreurope.eu\/fr\/visites\/ski-de-randonnee-autriche-silvretta-cabane-a-cabane\/\" \/>\n<meta property=\"og:locale\" content=\"fr_FR\" \/>\n<meta property=\"og:type\" content=\"article\" \/>\n<meta property=\"og:title\" content=\"Silvretta Ski Traverse: 8-Day Hut-to-Hut Ski Touring Adventure in Austria\" \/>\n<meta property=\"og:description\" content=\"An 8-day hut-to-hut ski touring adventure in the Silvretta Alps, linking classic alpine huts across wide glaciers and high passes. Over six touring days, you summit peaks like Piz Buin and enjoy long panoramic descents.\" \/>\n<meta property=\"og:url\" content=\"https:\/\/outdooreurope.eu\/fr\/visites\/ski-de-randonnee-autriche-silvretta-cabane-a-cabane\/\" \/>\n<meta property=\"og:site_name\" content=\"Outdoor Europe\" \/>\n<meta property=\"article:publisher\" content=\"https:\/\/www.facebook.com\/outdooreurope.eu\" \/>\n<meta property=\"article:modified_time\" content=\"2026-02-14T17:45:53+00:00\" \/>\n<meta property=\"og:image\" content=\"https:\/\/outdooreurope.eu\/wp-content\/uploads\/2024\/01\/shutterstock_526889230-scaled-720x606-1.jpg\" \/>\n\t<meta property=\"og:image:width\" content=\"720\" \/>\n\t<meta property=\"og:image:height\" content=\"606\" \/>\n\t<meta property=\"og:image:type\" content=\"image\/jpeg\" \/>\n<meta name=\"twitter:card\" content=\"summary_large_image\" \/>\n<meta name=\"twitter:label1\" content=\"Prix\" \/>\n\t<meta name=\"twitter:data1\" content=\"&euro;1,450\" \/>\n\t<meta name=\"twitter:label2\" content=\"Disponibilit\u00e9\" \/>\n\t<meta name=\"twitter:data2\" content=\"En stock\" \/>\n<script type=\"application\/ld+json\" class=\"yoast-schema-graph\">{\"@context\":\"https:\\\/\\\/schema.org\",\"@graph\":[{\"@type\":\"WebPage\",\"@id\":\"https:\\\/\\\/outdooreurope.eu\\\/tours\\\/ski-touring-austria-silvretta-hut-to-hut\\\/\",\"url\":\"https:\\\/\\\/outdooreurope.eu\\\/tours\\\/ski-touring-austria-silvretta-hut-to-hut\\\/\",\"name\":\"Silvretta Ski Traverse: Your Ultimate Ski Touring Experience\",\"isPartOf\":{\"@id\":\"https:\\\/\\\/outdooreurope.eu\\\/#website\"},\"primaryImageOfPage\":{\"@id\":\"https:\\\/\\\/outdooreurope.eu\\\/tours\\\/ski-touring-austria-silvretta-hut-to-hut\\\/#primaryimage\"},\"image\":{\"@id\":\"https:\\\/\\\/outdooreurope.eu\\\/tours\\\/ski-touring-austria-silvretta-hut-to-hut\\\/#primaryimage\"},\"thumbnailUrl\":\"https:\\\/\\\/outdooreurope.eu\\\/wp-content\\\/uploads\\\/2024\\\/01\\\/shutterstock_526889230-scaled-720x606-1.jpg\",\"datePublished\":\"2024-01-18T10:46:14+00:00\",\"dateModified\":\"2026-02-14T17:45:53+00:00\",\"description\":\"Experience unforgettable ski touring in the Austrian Alps with our Silvretta Ski Traverse. Join us for stunning views and expert guidance!\",\"breadcrumb\":{\"@id\":\"https:\\\/\\\/outdooreurope.eu\\\/tours\\\/ski-touring-austria-silvretta-hut-to-hut\\\/#breadcrumb\"},\"inLanguage\":\"fr-FR\",\"potentialAction\":[{\"@type\":\"ReadAction\",\"target\":[\"https:\\\/\\\/outdooreurope.eu\\\/tours\\\/ski-touring-austria-silvretta-hut-to-hut\\\/\"]}]},{\"@type\":\"ImageObject\",\"inLanguage\":\"fr-FR\",\"@id\":\"https:\\\/\\\/outdooreurope.eu\\\/tours\\\/ski-touring-austria-silvretta-hut-to-hut\\\/#primaryimage\",\"url\":\"https:\\\/\\\/outdooreurope.eu\\\/wp-content\\\/uploads\\\/2024\\\/01\\\/shutterstock_526889230-scaled-720x606-1.jpg\",\"contentUrl\":\"https:\\\/\\\/outdooreurope.eu\\\/wp-content\\\/uploads\\\/2024\\\/01\\\/shutterstock_526889230-scaled-720x606-1.jpg\",\"width\":720,\"height\":606},{\"@type\":\"BreadcrumbList\",\"@id\":\"https:\\\/\\\/outdooreurope.eu\\\/tours\\\/ski-touring-austria-silvretta-hut-to-hut\\\/#breadcrumb\",\"itemListElement\":[{\"@type\":\"ListItem\",\"position\":1,\"name\":\"Hjem\",\"item\":\"https:\\\/\\\/outdooreurope.eu\\\/\"},{\"@type\":\"ListItem\",\"position\":2,\"name\":\"Shop\",\"item\":\"https:\\\/\\\/outdooreurope.eu\\\/shop\\\/\"},{\"@type\":\"ListItem\",\"position\":3,\"name\":\"Silvretta Ski Traverse: 8-Day Hut-to-Hut Ski Touring Adventure in Austria\"}]},{\"@type\":\"WebSite\",\"@id\":\"https:\\\/\\\/outdooreurope.eu\\\/#website\",\"url\":\"https:\\\/\\\/outdooreurope.eu\\\/\",\"name\":\"Outdoor Europe\",\"description\":\"Hiking In Europe I Join the trail\",\"potentialAction\":[{\"@type\":\"SearchAction\",\"target\":{\"@type\":\"EntryPoint\",\"urlTemplate\":\"https:\\\/\\\/outdooreurope.eu\\\/?s={search_term_string}\"},\"query-input\":{\"@type\":\"PropertyValueSpecification\",\"valueRequired\":true,\"valueName\":\"search_term_string\"}}],\"inLanguage\":\"fr-FR\"}]}<\/script>\n<meta property=\"product:price:amount\" content=\"1450\" \/>\n<meta property=\"product:price:currency\" content=\"EUR\" \/>\n<meta property=\"og:availability\" content=\"instock\" \/>\n<meta property=\"product:availability\" content=\"instock\" \/>\n<meta property=\"product:retailer_item_id\" content=\"16619\" \/>\n<meta property=\"product:condition\" content=\"new\" \/>\n<!-- \/ Yoast SEO Premium plugin. -->","yoast_head_json":{"title":"Travers\u00e9e \u00e0 ski de Silvretta : Votre exp\u00e9rience de ski de randonn\u00e9e ultime","description":"Vivez une exp\u00e9rience de ski de randonn\u00e9e inoubliable dans les Alpes autrichiennes avec notre travers\u00e9e de la Silvretta. Rejoignez-nous pour des panoramas \u00e0 couper le souffle et un encadrement expert\u00a0!","robots":{"index":"index","follow":"follow","max-snippet":"max-snippet:-1","max-image-preview":"max-image-preview:large","max-video-preview":"max-video-preview:-1"},"canonical":"https:\/\/outdooreurope.eu\/fr\/visites\/ski-de-randonnee-autriche-silvretta-cabane-a-cabane\/","og_locale":"fr_FR","og_type":"article","og_title":"Silvretta Ski Traverse: 8-Day Hut-to-Hut Ski Touring Adventure in Austria","og_description":"An 8-day hut-to-hut ski touring adventure in the Silvretta Alps, linking classic alpine huts across wide glaciers and high passes. Over six touring days, you summit peaks like Piz Buin and enjoy long panoramic descents.","og_url":"https:\/\/outdooreurope.eu\/fr\/visites\/ski-de-randonnee-autriche-silvretta-cabane-a-cabane\/","og_site_name":"Outdoor Europe","article_publisher":"https:\/\/www.facebook.com\/outdooreurope.eu","article_modified_time":"2026-02-14T17:45:53+00:00","og_image":[{"width":720,"height":606,"url":"https:\/\/outdooreurope.eu\/wp-content\/uploads\/2024\/01\/shutterstock_526889230-scaled-720x606-1.jpg","type":"image\/jpeg"}],"twitter_card":"summary_large_image","twitter_misc":{"Prix":"&euro;1,450","Disponibilit\u00e9":"En stock"},"schema":{"@context":"https:\/\/schema.org","@graph":[{"@type":"WebPage","@id":"https:\/\/outdooreurope.eu\/tours\/ski-touring-austria-silvretta-hut-to-hut\/","url":"https:\/\/outdooreurope.eu\/tours\/ski-touring-austria-silvretta-hut-to-hut\/","name":"Travers\u00e9e \u00e0 ski de Silvretta : Votre exp\u00e9rience de ski de randonn\u00e9e ultime","isPartOf":{"@id":"https:\/\/outdooreurope.eu\/#website"},"primaryImageOfPage":{"@id":"https:\/\/outdooreurope.eu\/tours\/ski-touring-austria-silvretta-hut-to-hut\/#primaryimage"},"image":{"@id":"https:\/\/outdooreurope.eu\/tours\/ski-touring-austria-silvretta-hut-to-hut\/#primaryimage"},"thumbnailUrl":"https:\/\/outdooreurope.eu\/wp-content\/uploads\/2024\/01\/shutterstock_526889230-scaled-720x606-1.jpg","datePublished":"2024-01-18T10:46:14+00:00","dateModified":"2026-02-14T17:45:53+00:00","description":"Vivez une exp\u00e9rience de ski de randonn\u00e9e inoubliable dans les Alpes autrichiennes avec notre travers\u00e9e de la Silvretta. Rejoignez-nous pour des panoramas \u00e0 couper le souffle et un encadrement expert\u00a0!","breadcrumb":{"@id":"https:\/\/outdooreurope.eu\/tours\/ski-touring-austria-silvretta-hut-to-hut\/#breadcrumb"},"inLanguage":"fr-FR","potentialAction":[{"@type":"ReadAction","target":["https:\/\/outdooreurope.eu\/tours\/ski-touring-austria-silvretta-hut-to-hut\/"]}]},{"@type":"ImageObject","inLanguage":"fr-FR","@id":"https:\/\/outdooreurope.eu\/tours\/ski-touring-austria-silvretta-hut-to-hut\/#primaryimage","url":"https:\/\/outdooreurope.eu\/wp-content\/uploads\/2024\/01\/shutterstock_526889230-scaled-720x606-1.jpg","contentUrl":"https:\/\/outdooreurope.eu\/wp-content\/uploads\/2024\/01\/shutterstock_526889230-scaled-720x606-1.jpg","width":720,"height":606},{"@type":"BreadcrumbList","@id":"https:\/\/outdooreurope.eu\/tours\/ski-touring-austria-silvretta-hut-to-hut\/#breadcrumb","itemListElement":[{"@type":"ListItem","position":1,"name":"Hjem","item":"https:\/\/outdooreurope.eu\/"},{"@type":"ListItem","position":2,"name":"Shop","item":"https:\/\/outdooreurope.eu\/shop\/"},{"@type":"ListItem","position":3,"name":"Silvretta Ski Traverse: 8-Day Hut-to-Hut Ski Touring Adventure in Austria"}]},{"@type":"WebSite","@id":"https:\/\/outdooreurope.eu\/#website","url":"https:\/\/outdooreurope.eu\/","name":"L&#039;Europe en plein air","description":"Randonn\u00e9e en Europe Je rejoins le sentier","potentialAction":[{"@type":"SearchAction","target":{"@type":"EntryPoint","urlTemplate":"https:\/\/outdooreurope.eu\/?s={search_term_string}"},"query-input":{"@type":"PropertyValueSpecification","valueRequired":true,"valueName":"search_term_string"}}],"inLanguage":"fr-FR"}]},"product_price_amount":"1450","product_price_currency":"EUR","og_availability":"instock","product_availability":"instock","product_retailer_item_id":"16619","product_condition":"new"},"_links":{"self":[{"href":"https:\/\/outdooreurope.eu\/fr\/wp-json\/wp\/v2\/product\/16619","targetHints":{"allow":["GET"]}}],"collection":[{"href":"https:\/\/outdooreurope.eu\/fr\/wp-json\/wp\/v2\/product"}],"about":[{"href":"https:\/\/outdooreurope.eu\/fr\/wp-json\/wp\/v2\/types\/product"}],"replies":[{"embeddable":true,"href":"https:\/\/outdooreurope.eu\/fr\/wp-json\/wp\/v2\/comments?post=16619"}],"wp:featuredmedia":[{"embeddable":true,"href":"https:\/\/outdooreurope.eu\/fr\/wp-json\/wp\/v2\/media\/16620"}],"wp:attachment":[{"href":"https:\/\/outdooreurope.eu\/fr\/wp-json\/wp\/v2\/media?parent=16619"}],"wp:term":[{"taxonomy":"product_brand","embeddable":true,"href":"https:\/\/outdooreurope.eu\/fr\/wp-json\/wp\/v2\/product_brand?post=16619"},{"taxonomy":"product_cat","embeddable":true,"href":"https:\/\/outdooreurope.eu\/fr\/wp-json\/wp\/v2\/product_cat?post=16619"},{"taxonomy":"product_tag","embeddable":true,"href":"https:\/\/outdooreurope.eu\/fr\/wp-json\/wp\/v2\/product_tag?post=16619"}],"curies":[{"name":"wp","href":"https:\/\/api.w.org\/{rel}","templated":true}]}}