{"id":18126,"date":"2025-06-09T17:37:04","date_gmt":"2025-06-09T15:37:04","guid":{"rendered":"https:\/\/outdooreurope.eu\/?post_type=product&#038;p=18126"},"modified":"2025-06-19T12:02:51","modified_gmt":"2025-06-19T10:02:51","slug":"randonnee-sur-le-sentier-daltitude-des-schladminger-tauern-de-refuge-en-refuge","status":"publish","type":"product","link":"https:\/\/outdooreurope.eu\/fr\/tours\/hike-schladminger-tauern-high-trail-from-hut-to-hut\/","title":{"rendered":"Sentier d&#039;altitude du Schladminger Tauern, de refuge en refuge, au-dessus de Schladming"},"content":{"rendered":"<p>Parcourez le sentier des Schladminger Tauern, au-dessus de Schladming, lors de cette aventure alpine autoguid\u00e9e \u00e0 travers la \u00ab\u00a0Vall\u00e9e aux 1\u00a0000 sources\u00a0\u00bb d&#039;Autriche. Cet itin\u00e9raire spectaculaire vous m\u00e8ne le long de cr\u00eates panoramiques, au-dessus de lacs creus\u00e9s par les glaciers et \u00e0 travers des vall\u00e9es paisibles parsem\u00e9es de refuges alpins traditionnels. D\u00e9couvrez l&#039;un des sentiers d&#039;altitude les plus \u00e9poustouflants d&#039;Autriche, avec confort, flexibilit\u00e9 et hospitalit\u00e9 authentique.<\/p>\n<ul>\n<li>Randonn\u00e9es sur des sentiers pittoresques de haute altitude dans les Alpes centrales orientales<\/li>\n<li>Exp\u00e9riences douces en pleine nature dans des vall\u00e9es verdoyantes et sur des lacs tranquilles<\/li>\n<li>Merveille naturelle \u00ab Paysage de lac glaciaire au Klafferkessel \u00bb<\/li>\n<li>Le long de l&#039;excellent sentier th\u00e9matique \u00ab Wild Waters \u00bb<\/li>\n<li>Nuit\u00e9e dans des cabanes rustiques dans un endroit magnifique<\/li>\n<\/ul>","protected":false},"excerpt":{"rendered":"<p class=\"ai-optimize-52\" data-pm-slice=\"1 1 []\">Partez \u00e0 la randonn\u00e9e dans la \u00ab\u00a0Vall\u00e9e aux 1\u00a0000 sources\u00a0\u00bb d&#039;Autriche lors de cette aventure spectaculaire de refuge en refuge. Lacs alpins, cr\u00eates panoramiques et refuges traditionnels vous attendent sur l&#039;un des sentiers d&#039;altitude les plus \u00e9poustouflants du pays.<\/p>\n<p class=\"ai-optimize-48\">","protected":false},"featured_media":18131,"comment_status":"open","ping_status":"closed","template":"","meta":{"_acf_changed":false,"content-type":"","inline_featured_image":false},"product_brand":[],"product_cat":[928],"product_tag":[760],"class_list":{"0":"post-18126","1":"product","2":"type-product","3":"status-publish","4":"has-post-thumbnail","6":"tour_country-austria","7":"tour_types-self-guided","8":"product_cat-test-tourcat","9":"product_tag-hiking","10":"pa_duration-6-nights","11":"tour_category-hiking-in-europe","13":"first","14":"instock","15":"virtual","16":"purchasable","17":"product-type-tour"},"acf":[],"yoast_head":"<!-- This site is optimized with the Yoast SEO Premium plugin v27.6 (Yoast SEO v27.6) - https:\/\/yoast.com\/product\/yoast-seo-premium-wordpress\/ -->\n<title>Hike Schladminger Tauern Trail High \u2013 Self-Guided Alpine Tour<\/title>\n<meta name=\"description\" content=\"Hike the Schladminger Tauern trail on a self-guided hut-to-hut tour. Alpine lakes, panoramic views, and traditional Austrian huts await on this iconic trek.\" \/>\n<meta name=\"robots\" content=\"index, follow, max-snippet:-1, max-image-preview:large, max-video-preview:-1\" \/>\n<link rel=\"canonical\" href=\"https:\/\/outdooreurope.eu\/fr\/visites\/randonnee-sur-le-sentier-daltitude-des-schladminger-tauern-de-refuge-en-refuge\/\" \/>\n<meta property=\"og:locale\" content=\"fr_FR\" \/>\n<meta property=\"og:type\" content=\"article\" \/>\n<meta property=\"og:title\" content=\"Schladminger Tauern high trail from hut to hut, high above Schladming\" \/>\n<meta property=\"og:description\" content=\"Hike across Austria&#039;s &quot;Valley of 1,000 Springs&quot; on this spectacular hut-to-hut adventure. Alpine lakes, panoramic ridges, and traditional huts await on one of the country\u2019s most breathtaking high trails.\" \/>\n<meta property=\"og:url\" content=\"https:\/\/outdooreurope.eu\/fr\/visites\/randonnee-sur-le-sentier-daltitude-des-schladminger-tauern-de-refuge-en-refuge\/\" \/>\n<meta property=\"og:site_name\" content=\"Outdoor Europe\" \/>\n<meta property=\"article:publisher\" content=\"https:\/\/www.facebook.com\/outdooreurope.eu\" \/>\n<meta property=\"article:modified_time\" content=\"2025-06-19T10:02:51+00:00\" \/>\n<meta property=\"og:image\" content=\"https:\/\/outdooreurope.eu\/wp-content\/uploads\/2025\/04\/Giglachsee-\u00a9-Peter-Burgstaller.jpeg\" \/>\n\t<meta property=\"og:image:width\" content=\"2000\" \/>\n\t<meta property=\"og:image:height\" content=\"1106\" \/>\n\t<meta property=\"og:image:type\" content=\"image\/jpeg\" \/>\n<meta name=\"twitter:card\" content=\"summary_large_image\" \/>\n<meta name=\"twitter:label1\" content=\"Prix\" \/>\n\t<meta name=\"twitter:data1\" content=\"&euro;630\" \/>\n\t<meta name=\"twitter:label2\" content=\"Disponibilit\u00e9\" \/>\n\t<meta name=\"twitter:data2\" content=\"En stock\" \/>\n<script type=\"application\/ld+json\" class=\"yoast-schema-graph\">{\"@context\":\"https:\\\/\\\/schema.org\",\"@graph\":[{\"@type\":\"WebPage\",\"@id\":\"https:\\\/\\\/outdooreurope.eu\\\/tours\\\/hike-schladminger-tauern-high-trail-from-hut-to-hut\\\/\",\"url\":\"https:\\\/\\\/outdooreurope.eu\\\/tours\\\/hike-schladminger-tauern-high-trail-from-hut-to-hut\\\/\",\"name\":\"Hike Schladminger Tauern Trail High \u2013 Self-Guided Alpine Tour\",\"isPartOf\":{\"@id\":\"https:\\\/\\\/outdooreurope.eu\\\/#website\"},\"primaryImageOfPage\":{\"@id\":\"https:\\\/\\\/outdooreurope.eu\\\/tours\\\/hike-schladminger-tauern-high-trail-from-hut-to-hut\\\/#primaryimage\"},\"image\":{\"@id\":\"https:\\\/\\\/outdooreurope.eu\\\/tours\\\/hike-schladminger-tauern-high-trail-from-hut-to-hut\\\/#primaryimage\"},\"thumbnailUrl\":\"https:\\\/\\\/outdooreurope.eu\\\/wp-content\\\/uploads\\\/2025\\\/04\\\/Giglachsee-\u00a9-Peter-Burgstaller.jpeg\",\"datePublished\":\"2025-06-09T15:37:04+00:00\",\"dateModified\":\"2025-06-19T10:02:51+00:00\",\"description\":\"Hike the Schladminger Tauern trail on a self-guided hut-to-hut tour. Alpine lakes, panoramic views, and traditional Austrian huts await on this iconic trek.\",\"breadcrumb\":{\"@id\":\"https:\\\/\\\/outdooreurope.eu\\\/tours\\\/hike-schladminger-tauern-high-trail-from-hut-to-hut\\\/#breadcrumb\"},\"inLanguage\":\"fr-FR\",\"potentialAction\":[{\"@type\":\"ReadAction\",\"target\":[\"https:\\\/\\\/outdooreurope.eu\\\/tours\\\/hike-schladminger-tauern-high-trail-from-hut-to-hut\\\/\"]}]},{\"@type\":\"ImageObject\",\"inLanguage\":\"fr-FR\",\"@id\":\"https:\\\/\\\/outdooreurope.eu\\\/tours\\\/hike-schladminger-tauern-high-trail-from-hut-to-hut\\\/#primaryimage\",\"url\":\"https:\\\/\\\/outdooreurope.eu\\\/wp-content\\\/uploads\\\/2025\\\/04\\\/Giglachsee-\u00a9-Peter-Burgstaller.jpeg\",\"contentUrl\":\"https:\\\/\\\/outdooreurope.eu\\\/wp-content\\\/uploads\\\/2025\\\/04\\\/Giglachsee-\u00a9-Peter-Burgstaller.jpeg\",\"width\":2000,\"height\":1106},{\"@type\":\"BreadcrumbList\",\"@id\":\"https:\\\/\\\/outdooreurope.eu\\\/tours\\\/hike-schladminger-tauern-high-trail-from-hut-to-hut\\\/#breadcrumb\",\"itemListElement\":[{\"@type\":\"ListItem\",\"position\":1,\"name\":\"Hjem\",\"item\":\"https:\\\/\\\/outdooreurope.eu\\\/\"},{\"@type\":\"ListItem\",\"position\":2,\"name\":\"Shop\",\"item\":\"https:\\\/\\\/outdooreurope.eu\\\/shop\\\/\"},{\"@type\":\"ListItem\",\"position\":3,\"name\":\"Schladminger Tauern high trail from hut to hut, high above Schladming\"}]},{\"@type\":\"WebSite\",\"@id\":\"https:\\\/\\\/outdooreurope.eu\\\/#website\",\"url\":\"https:\\\/\\\/outdooreurope.eu\\\/\",\"name\":\"Outdoor Europe\",\"description\":\"Hiking In Europe I Join the trail\",\"potentialAction\":[{\"@type\":\"SearchAction\",\"target\":{\"@type\":\"EntryPoint\",\"urlTemplate\":\"https:\\\/\\\/outdooreurope.eu\\\/?s={search_term_string}\"},\"query-input\":{\"@type\":\"PropertyValueSpecification\",\"valueRequired\":true,\"valueName\":\"search_term_string\"}}],\"inLanguage\":\"fr-FR\"}]}<\/script>\n<meta property=\"product:price:amount\" content=\"630\" \/>\n<meta property=\"product:price:currency\" content=\"EUR\" \/>\n<meta property=\"og:availability\" content=\"instock\" \/>\n<meta property=\"product:availability\" content=\"instock\" \/>\n<meta property=\"product:retailer_item_id\" content=\"18126\" \/>\n<meta property=\"product:condition\" content=\"new\" \/>\n<!-- \/ Yoast SEO Premium plugin. -->","yoast_head_json":{"title":"Randonn\u00e9e sur le sentier Schladminger Tauern \u2013 Circuit alpin autoguid\u00e9","description":"Parcourez le sentier des Schladminger Tauern lors d&#039;une randonn\u00e9e autoguid\u00e9e de refuge en refuge. Lacs alpins, panoramas et refuges autrichiens traditionnels vous attendent lors de cette randonn\u00e9e embl\u00e9matique.","robots":{"index":"index","follow":"follow","max-snippet":"max-snippet:-1","max-image-preview":"max-image-preview:large","max-video-preview":"max-video-preview:-1"},"canonical":"https:\/\/outdooreurope.eu\/fr\/visites\/randonnee-sur-le-sentier-daltitude-des-schladminger-tauern-de-refuge-en-refuge\/","og_locale":"fr_FR","og_type":"article","og_title":"Schladminger Tauern high trail from hut to hut, high above Schladming","og_description":"Hike across Austria's \"Valley of 1,000 Springs\" on this spectacular hut-to-hut adventure. Alpine lakes, panoramic ridges, and traditional huts await on one of the country\u2019s most breathtaking high trails.","og_url":"https:\/\/outdooreurope.eu\/fr\/visites\/randonnee-sur-le-sentier-daltitude-des-schladminger-tauern-de-refuge-en-refuge\/","og_site_name":"Outdoor Europe","article_publisher":"https:\/\/www.facebook.com\/outdooreurope.eu","article_modified_time":"2025-06-19T10:02:51+00:00","og_image":[{"width":2000,"height":1106,"url":"https:\/\/outdooreurope.eu\/wp-content\/uploads\/2025\/04\/Giglachsee-\u00a9-Peter-Burgstaller.jpeg","type":"image\/jpeg"}],"twitter_card":"summary_large_image","twitter_misc":{"Prix":"&euro;630","Disponibilit\u00e9":"En stock"},"schema":{"@context":"https:\/\/schema.org","@graph":[{"@type":"WebPage","@id":"https:\/\/outdooreurope.eu\/tours\/hike-schladminger-tauern-high-trail-from-hut-to-hut\/","url":"https:\/\/outdooreurope.eu\/tours\/hike-schladminger-tauern-high-trail-from-hut-to-hut\/","name":"Randonn\u00e9e sur le sentier Schladminger Tauern \u2013 Circuit alpin autoguid\u00e9","isPartOf":{"@id":"https:\/\/outdooreurope.eu\/#website"},"primaryImageOfPage":{"@id":"https:\/\/outdooreurope.eu\/tours\/hike-schladminger-tauern-high-trail-from-hut-to-hut\/#primaryimage"},"image":{"@id":"https:\/\/outdooreurope.eu\/tours\/hike-schladminger-tauern-high-trail-from-hut-to-hut\/#primaryimage"},"thumbnailUrl":"https:\/\/outdooreurope.eu\/wp-content\/uploads\/2025\/04\/Giglachsee-\u00a9-Peter-Burgstaller.jpeg","datePublished":"2025-06-09T15:37:04+00:00","dateModified":"2025-06-19T10:02:51+00:00","description":"Parcourez le sentier des Schladminger Tauern lors d&#039;une randonn\u00e9e autoguid\u00e9e de refuge en refuge. Lacs alpins, panoramas et refuges autrichiens traditionnels vous attendent lors de cette randonn\u00e9e embl\u00e9matique.","breadcrumb":{"@id":"https:\/\/outdooreurope.eu\/tours\/hike-schladminger-tauern-high-trail-from-hut-to-hut\/#breadcrumb"},"inLanguage":"fr-FR","potentialAction":[{"@type":"ReadAction","target":["https:\/\/outdooreurope.eu\/tours\/hike-schladminger-tauern-high-trail-from-hut-to-hut\/"]}]},{"@type":"ImageObject","inLanguage":"fr-FR","@id":"https:\/\/outdooreurope.eu\/tours\/hike-schladminger-tauern-high-trail-from-hut-to-hut\/#primaryimage","url":"https:\/\/outdooreurope.eu\/wp-content\/uploads\/2025\/04\/Giglachsee-\u00a9-Peter-Burgstaller.jpeg","contentUrl":"https:\/\/outdooreurope.eu\/wp-content\/uploads\/2025\/04\/Giglachsee-\u00a9-Peter-Burgstaller.jpeg","width":2000,"height":1106},{"@type":"BreadcrumbList","@id":"https:\/\/outdooreurope.eu\/tours\/hike-schladminger-tauern-high-trail-from-hut-to-hut\/#breadcrumb","itemListElement":[{"@type":"ListItem","position":1,"name":"Hjem","item":"https:\/\/outdooreurope.eu\/"},{"@type":"ListItem","position":2,"name":"Shop","item":"https:\/\/outdooreurope.eu\/shop\/"},{"@type":"ListItem","position":3,"name":"Schladminger Tauern high trail from hut to hut, high above Schladming"}]},{"@type":"WebSite","@id":"https:\/\/outdooreurope.eu\/#website","url":"https:\/\/outdooreurope.eu\/","name":"L&#039;Europe en plein air","description":"Randonn\u00e9e en Europe Je rejoins le sentier","potentialAction":[{"@type":"SearchAction","target":{"@type":"EntryPoint","urlTemplate":"https:\/\/outdooreurope.eu\/?s={search_term_string}"},"query-input":{"@type":"PropertyValueSpecification","valueRequired":true,"valueName":"search_term_string"}}],"inLanguage":"fr-FR"}]},"product_price_amount":"630","product_price_currency":"EUR","og_availability":"instock","product_availability":"instock","product_retailer_item_id":"18126","product_condition":"new"},"_links":{"self":[{"href":"https:\/\/outdooreurope.eu\/fr\/wp-json\/wp\/v2\/product\/18126","targetHints":{"allow":["GET"]}}],"collection":[{"href":"https:\/\/outdooreurope.eu\/fr\/wp-json\/wp\/v2\/product"}],"about":[{"href":"https:\/\/outdooreurope.eu\/fr\/wp-json\/wp\/v2\/types\/product"}],"replies":[{"embeddable":true,"href":"https:\/\/outdooreurope.eu\/fr\/wp-json\/wp\/v2\/comments?post=18126"}],"wp:featuredmedia":[{"embeddable":true,"href":"https:\/\/outdooreurope.eu\/fr\/wp-json\/wp\/v2\/media\/18131"}],"wp:attachment":[{"href":"https:\/\/outdooreurope.eu\/fr\/wp-json\/wp\/v2\/media?parent=18126"}],"wp:term":[{"taxonomy":"product_brand","embeddable":true,"href":"https:\/\/outdooreurope.eu\/fr\/wp-json\/wp\/v2\/product_brand?post=18126"},{"taxonomy":"product_cat","embeddable":true,"href":"https:\/\/outdooreurope.eu\/fr\/wp-json\/wp\/v2\/product_cat?post=18126"},{"taxonomy":"product_tag","embeddable":true,"href":"https:\/\/outdooreurope.eu\/fr\/wp-json\/wp\/v2\/product_tag?post=18126"}],"curies":[{"name":"wp","href":"https:\/\/api.w.org\/{rel}","templated":true}]}}