{"id":12249,"date":"2022-08-12T08:07:39","date_gmt":"2022-08-12T06:07:39","guid":{"rendered":"http:\/\/workdemomaster.com\/outdooreurope\/?page_id=12249"},"modified":"2025-01-21T21:36:32","modified_gmt":"2025-01-21T20:36:32","slug":"trova-il-tuo-livello","status":"publish","type":"page","link":"https:\/\/outdooreurope.eu\/it\/find-your-level\/","title":{"rendered":"Trova il tuo livello"},"content":{"rendered":"<div class=\"wpb-content-wrapper\"><div class=\"vc_row wpb_row vc_row-fluid pb-100 lavel-page\"><div class=\"wpb_column vc_column_container vc_col-sm-12\"><div class=\"vc_column-inner\"><div class=\"wpb_wrapper\"><h2 style=\"text-align: center\" class=\"vc_custom_heading vc_do_custom_heading\">Siamo tutti diversi<\/h2><div style=\"text-align: center\" class=\"vc_custom_heading vc_do_custom_heading your-level-heading\">Utilizza questa guida per trovare il tuo tour<\/div><div class=\"vc_row wpb_row vc_inner vc_row-fluid defferent-card vc_row-o-equal-height vc_row-flex\"><div class=\"wpb_column vc_column_container vc_col-sm-6\"><div class=\"vc_column-inner\"><div class=\"wpb_wrapper\">\n\t<div  class=\"wpb_single_image wpb_content_element vc_align_left wpb_content_element\">\n\t\t\n\t\t<figure class=\"wpb_wrapper vc_figure\">\n\t\t\t<div class=\"vc_single_image-wrapper   vc_box_border_grey\"><img decoding=\"async\" width=\"228\" height=\"41\" src=\"https:\/\/outdooreurope.eu\/wp-content\/uploads\/2024\/12\/Easy.svg\" class=\"vc_single_image-img attachment-full\" alt=\"\" title=\"Facile\" \/><\/div>\n\t\t<\/figure>\n\t<\/div>\n\n\t<div class=\"wpb_text_column wpb_content_element\">\n\t\t<div class=\"wpb_wrapper\">\n\t\t\t<p>Percorsi facili, distanze pi\u00f9 brevi e adatti a persone senza precedenti esperienze di montagna. La fisicit\u00e0 non \u00e8 molto impegnativa, anche se i partecipanti dovrebbero comunque essere in grado di percorrere 10-15 km senza problemi su strada pianeggiante. Adatto a bambini di et\u00e0 superiore agli 8 anni.<\/p>\n\n\t\t<\/div>\n\t<\/div>\n\n\t<div class=\"wpb_text_column wpb_content_element color-box\">\n\t\t<div class=\"wpb_wrapper\">\n\t\t\t<p><img decoding=\"async\" class=\"size-medium wp-image-14768\" src=\"https:\/\/outdooreurope.eu\/wp-content\/uploads\/2025\/01\/distance.svg\" alt=\"\" width=\"30\" height=\"30\" \/> Fino a 15 km di distanza e<\/p>\n<p><img decoding=\"async\" class=\"size-medium wp-image-14768\" src=\"https:\/\/outdooreurope.eu\/wp-content\/uploads\/2024\/12\/alpinism.svg\" alt=\"\" width=\"30\" height=\"30\" \/> 600 metri di guadagno\/perdita verticale al giorno<\/p>\n\n\t\t<\/div>\n\t<\/div>\n<\/div><\/div><\/div><div class=\"wpb_column vc_column_container vc_col-sm-6\"><div class=\"vc_column-inner\"><div class=\"wpb_wrapper\">\n\t<div  class=\"wpb_single_image wpb_content_element vc_align_left wpb_content_element\">\n\t\t\n\t\t<figure class=\"wpb_wrapper vc_figure\">\n\t\t\t<div class=\"vc_single_image-wrapper   vc_box_border_grey\"><img decoding=\"async\" width=\"228\" height=\"40\" src=\"https:\/\/outdooreurope.eu\/wp-content\/uploads\/2025\/01\/Moderate.svg\" class=\"vc_single_image-img attachment-full\" alt=\"\" title=\"Moderare\" \/><\/div>\n\t\t<\/figure>\n\t<\/div>\n\n\t<div class=\"wpb_text_column wpb_content_element\">\n\t\t<div class=\"wpb_wrapper\">\n\t\t\t<p>Sentieri ben tenuti e abbastanza larghi, ma con alcuni tratti impegnativi come salite ripide e alcuni tratti tecnici, rocciosi. \u00c8 necessaria una forma abbastanza buona. I partecipanti dovrebbero essere in grado di percorrere 15-20 km su una strada pianeggiante con poca difficolt\u00e0. Adatto a bambini dai 12 anni di et\u00e0.<\/p>\n\n\t\t<\/div>\n\t<\/div>\n\n\t<div class=\"wpb_text_column wpb_content_element color-box\">\n\t\t<div class=\"wpb_wrapper\">\n\t\t\t<p><img decoding=\"async\" class=\"size-medium wp-image-14768\" src=\"https:\/\/outdooreurope.eu\/wp-content\/uploads\/2025\/01\/distance.svg\" alt=\"\" width=\"30\" height=\"30\" \/> Fino a 20 km di distanza e<\/p>\n<p><img decoding=\"async\" class=\"size-medium wp-image-14768\" src=\"https:\/\/outdooreurope.eu\/wp-content\/uploads\/2024\/12\/alpinism.svg\" alt=\"\" width=\"30\" height=\"30\" \/> 1300 metri di dislivello positivo\/perdente al giorno<\/p>\n\n\t\t<\/div>\n\t<\/div>\n<\/div><\/div><\/div><\/div><div class=\"vc_row wpb_row vc_inner vc_row-fluid defferent-card vc_row-o-equal-height vc_row-flex\"><div class=\"wpb_column vc_column_container vc_col-sm-6\"><div class=\"vc_column-inner\"><div class=\"wpb_wrapper\">\n\t<div  class=\"wpb_single_image wpb_content_element vc_align_left wpb_content_element\">\n\t\t\n\t\t<figure class=\"wpb_wrapper vc_figure\">\n\t\t\t<div class=\"vc_single_image-wrapper   vc_box_border_grey\"><img decoding=\"async\" width=\"228\" height=\"41\" src=\"https:\/\/outdooreurope.eu\/wp-content\/uploads\/2024\/12\/Experienced.svg\" class=\"vc_single_image-img attachment-full\" alt=\"\" title=\"Esperto\" \/><\/div>\n\t\t<\/figure>\n\t<\/div>\n\n\t<div class=\"wpb_text_column wpb_content_element\">\n\t\t<div class=\"wpb_wrapper\">\n\t\t\t<p>Percorsi con pagine tecniche pi\u00f9 lunghe ea volte segnalati solo con parsimonia. I partecipanti hanno camminato pi\u00f9 volte nelle Alpi o in ambienti simili e avranno familiarit\u00e0 con la lettura delle mappe, i gps e le condizioni meteorologiche variabili. Non adatto ai bambini.<\/p>\n\n\t\t<\/div>\n\t<\/div>\n\n\t<div class=\"wpb_text_column wpb_content_element color-box\">\n\t\t<div class=\"wpb_wrapper\">\n\t\t\t<p><img decoding=\"async\" class=\"size-medium wp-image-14768\" src=\"https:\/\/outdooreurope.eu\/wp-content\/uploads\/2025\/01\/distance.svg\" alt=\"\" width=\"30\" height=\"30\" \/> Fino a 25 km di distanza e<\/p>\n<p><img decoding=\"async\" class=\"size-medium wp-image-14768\" src=\"https:\/\/outdooreurope.eu\/wp-content\/uploads\/2024\/12\/alpinism.svg\" alt=\"\" width=\"30\" height=\"30\" \/> 1800 metri di dislivello positivo\/perdente al giorno<\/p>\n\n\t\t<\/div>\n\t<\/div>\n<\/div><\/div><\/div><div class=\"wpb_column vc_column_container vc_col-sm-6\"><div class=\"vc_column-inner\"><div class=\"wpb_wrapper\">\n\t<div  class=\"wpb_single_image wpb_content_element vc_align_left wpb_content_element\">\n\t\t\n\t\t<figure class=\"wpb_wrapper vc_figure\">\n\t\t\t<div class=\"vc_single_image-wrapper   vc_box_border_grey\"><img decoding=\"async\" width=\"228\" height=\"40\" src=\"https:\/\/outdooreurope.eu\/wp-content\/uploads\/2024\/12\/Advanced.svg\" class=\"vc_single_image-img attachment-full\" alt=\"\" title=\"Avanzate\" \/><\/div>\n\t\t<\/figure>\n\t<\/div>\n\n\t<div class=\"wpb_text_column wpb_content_element\">\n\t\t<div class=\"wpb_wrapper\">\n\t\t\t<p>Solo per atleti molto esperti con una solida esperienza nell&#039;attivit\u00e0 scelta, sia che si tratti di escursionismo, corsa, arrampicata o sci. La forma \u00e8 ottimale ei partecipanti dovrebbero essere in grado di correre una mezza maratona senza troppe difficolt\u00e0.<\/p>\n\n\t\t<\/div>\n\t<\/div>\n<\/div><\/div><\/div><\/div><\/div><\/div><\/div><\/div><div data-vc-full-width=\"true\" data-vc-full-width-temp=\"true\" data-vc-full-width-init=\"false\" class=\"vc_row wpb_row vc_row-fluid vc_custom_1696339208689 vc_row-has-fill\"><div class=\"wpb_column vc_column_container vc_col-sm-12\"><div class=\"vc_column-inner\"><div class=\"wpb_wrapper\"><div class=\"templatera_shortcode\"><div data-vc-full-width=\"true\" data-vc-full-width-temp=\"true\" data-vc-full-width-init=\"false\" class=\"vc_row wpb_row vc_row-fluid footer-cta pt-100 pb-100 vc_row-o-content-middle vc_row-flex\"><div class=\"wpb_column vc_column_container vc_col-sm-6\"><div class=\"vc_column-inner vc_custom_1696340752653\"><div class=\"wpb_wrapper\"><h3 style=\"text-align: left\" class=\"vc_custom_heading vc_do_custom_heading pb-3\">Crea il tuo tour di gruppo privato<\/h3>\n\t<div class=\"wpb_text_column wpb_content_element\">\n\t\t<div class=\"wpb_wrapper\">\n\t\t\t<p>Che siate una famiglia numerosa, un team di lavoro o un club sportivo, vi aiuteremo a creare un&#039;avventura di gruppo perfetta.<\/p>\n\n\t\t<\/div>\n\t<\/div>\n<div class=\"vc_btn3-container  theme-btn pt-3 vc_btn3-inline vc_do_btn\"><a class=\"vc_general vc_btn3 vc_btn3-size-md vc_btn3-shape-rounded vc_btn3-style-modern vc_btn3-color-grey\" href=\"\/it\/tour-privato\/\" title=\"Tour privati\">Gruppo privato<\/a><\/div><\/div><\/div><\/div><div class=\"wpb_column vc_column_container vc_col-sm-6\"><div class=\"vc_column-inner\"><div class=\"wpb_wrapper\">\n\t<div  class=\"wpb_single_image wpb_content_element vc_align_left wpb_content_element\">\n\t\t\n\t\t<figure class=\"wpb_wrapper vc_figure\">\n\t\t\t<div class=\"vc_single_image-wrapper   vc_box_border_grey\"><img decoding=\"async\" width=\"746\" height=\"559\" src=\"https:\/\/outdooreurope.eu\/wp-content\/uploads\/2024\/01\/outdoor-community-new.png\" class=\"vc_single_image-img attachment-full\" alt=\"\" title=\"outdoor-community-nuovo\" srcset=\"https:\/\/outdooreurope.eu\/wp-content\/uploads\/2024\/01\/outdoor-community-new.png 746w, https:\/\/outdooreurope.eu\/wp-content\/uploads\/2024\/01\/outdoor-community-new-300x225.png 300w, https:\/\/outdooreurope.eu\/wp-content\/uploads\/2024\/01\/outdoor-community-new-16x12.png 16w, https:\/\/outdooreurope.eu\/wp-content\/uploads\/2024\/01\/outdoor-community-new-610x457.png 610w, https:\/\/outdooreurope.eu\/wp-content\/uploads\/2024\/01\/outdoor-community-new-600x450.png 600w\" sizes=\"(max-width: 746px) 100vw, 746px\" \/><\/div>\n\t\t<\/figure>\n\t<\/div>\n<\/div><\/div><\/div><\/div><div class=\"vc_row-full-width vc_clearfix\"><\/div><\/div><\/div><\/div><\/div><\/div><div class=\"vc_row-full-width vc_clearfix\"><\/div>\n<\/div>","protected":false},"excerpt":{"rendered":"Siamo tutti diversi. Usa questa guida per trovare il tuo tour. Percorsi facili, distanze brevi e adatti a persone senza esperienza in montagna. Il livello fisico non \u00e8 molto impegnativo, anche se i partecipanti dovrebbero essere in grado di percorrere 10-15 km senza problemi su strada pianeggiante. Adatto a bambini dagli 8 anni in su. Fino a 15 anni.<div class=\"padding-top text-center\"><a href=\"https:\/\/outdooreurope.eu\/it\/find-your-level\/\" class=\"atbtn atbtn--medium atbtn--rounded atbtn--transparent\">Leggi di pi\u00f9<i class=\"atbtn__icon atbtn__icon--right fa fa-long-arrow-right\"><\/i><\/a><\/div>","protected":false},"author":1,"featured_media":0,"parent":0,"menu_order":0,"comment_status":"closed","ping_status":"closed","template":"","meta":{"_acf_changed":false,"content-type":"","inline_featured_image":false,"footnotes":""},"class_list":["post-12249","page","type-page","status-publish","hentry"],"acf":[],"yoast_head":"<!-- This site is optimized with the Yoast SEO Premium plugin v27.3 (Yoast SEO v27.3) - https:\/\/yoast.com\/product\/yoast-seo-premium-wordpress\/ -->\n<title>Find Your Level - Outdoor Europe<\/title>\n<meta name=\"robots\" content=\"index, follow, max-snippet:-1, max-image-preview:large, max-video-preview:-1\" \/>\n<link rel=\"canonical\" href=\"https:\/\/outdooreurope.eu\/it\/trova-il-tuo-livello\/\" \/>\n<meta property=\"og:locale\" content=\"it_IT\" \/>\n<meta property=\"og:type\" content=\"article\" \/>\n<meta property=\"og:title\" content=\"Find Your Level\" \/>\n<meta property=\"og:url\" content=\"https:\/\/outdooreurope.eu\/it\/trova-il-tuo-livello\/\" \/>\n<meta property=\"og:site_name\" content=\"Outdoor Europe\" \/>\n<meta property=\"article:publisher\" content=\"https:\/\/www.facebook.com\/outdooreurope.eu\" \/>\n<meta property=\"article:modified_time\" content=\"2025-01-21T20:36:32+00:00\" \/>\n<meta property=\"og:image\" content=\"https:\/\/outdooreurope.eu\/wp-content\/uploads\/2025\/01\/distance.svg\" \/>\n<meta name=\"twitter:card\" content=\"summary_large_image\" \/>\n<meta name=\"twitter:label1\" content=\"Tempo di lettura stimato\" \/>\n\t<meta name=\"twitter:data1\" content=\"5 minuti\" \/>\n<script type=\"application\/ld+json\" class=\"yoast-schema-graph\">{\"@context\":\"https:\\\/\\\/schema.org\",\"@graph\":[{\"@type\":\"WebPage\",\"@id\":\"https:\\\/\\\/outdooreurope.eu\\\/find-your-level\\\/\",\"url\":\"https:\\\/\\\/outdooreurope.eu\\\/find-your-level\\\/\",\"name\":\"Find Your Level - Outdoor Europe\",\"isPartOf\":{\"@id\":\"https:\\\/\\\/outdooreurope.eu\\\/#website\"},\"primaryImageOfPage\":{\"@id\":\"https:\\\/\\\/outdooreurope.eu\\\/find-your-level\\\/#primaryimage\"},\"image\":{\"@id\":\"https:\\\/\\\/outdooreurope.eu\\\/find-your-level\\\/#primaryimage\"},\"thumbnailUrl\":\"https:\\\/\\\/outdooreurope.eu\\\/wp-content\\\/uploads\\\/2025\\\/01\\\/distance.svg\",\"datePublished\":\"2022-08-12T06:07:39+00:00\",\"dateModified\":\"2025-01-21T20:36:32+00:00\",\"breadcrumb\":{\"@id\":\"https:\\\/\\\/outdooreurope.eu\\\/find-your-level\\\/#breadcrumb\"},\"inLanguage\":\"it-IT\",\"potentialAction\":[{\"@type\":\"ReadAction\",\"target\":[\"https:\\\/\\\/outdooreurope.eu\\\/find-your-level\\\/\"]}]},{\"@type\":\"ImageObject\",\"inLanguage\":\"it-IT\",\"@id\":\"https:\\\/\\\/outdooreurope.eu\\\/find-your-level\\\/#primaryimage\",\"url\":\"https:\\\/\\\/outdooreurope.eu\\\/wp-content\\\/uploads\\\/2025\\\/01\\\/distance.svg\",\"contentUrl\":\"https:\\\/\\\/outdooreurope.eu\\\/wp-content\\\/uploads\\\/2025\\\/01\\\/distance.svg\"},{\"@type\":\"BreadcrumbList\",\"@id\":\"https:\\\/\\\/outdooreurope.eu\\\/find-your-level\\\/#breadcrumb\",\"itemListElement\":[{\"@type\":\"ListItem\",\"position\":1,\"name\":\"Hjem\",\"item\":\"https:\\\/\\\/outdooreurope.eu\\\/\"},{\"@type\":\"ListItem\",\"position\":2,\"name\":\"Find Your Level\"}]},{\"@type\":\"WebSite\",\"@id\":\"https:\\\/\\\/outdooreurope.eu\\\/#website\",\"url\":\"https:\\\/\\\/outdooreurope.eu\\\/\",\"name\":\"Outdoor Europe\",\"description\":\"Hiking In Europe I Join the trail\",\"potentialAction\":[{\"@type\":\"SearchAction\",\"target\":{\"@type\":\"EntryPoint\",\"urlTemplate\":\"https:\\\/\\\/outdooreurope.eu\\\/?s={search_term_string}\"},\"query-input\":{\"@type\":\"PropertyValueSpecification\",\"valueRequired\":true,\"valueName\":\"search_term_string\"}}],\"inLanguage\":\"it-IT\"}]}<\/script>\n<!-- \/ Yoast SEO Premium plugin. -->","yoast_head_json":{"title":"Trova il tuo livello - Outdoor Europe","robots":{"index":"index","follow":"follow","max-snippet":"max-snippet:-1","max-image-preview":"max-image-preview:large","max-video-preview":"max-video-preview:-1"},"canonical":"https:\/\/outdooreurope.eu\/it\/trova-il-tuo-livello\/","og_locale":"it_IT","og_type":"article","og_title":"Find Your Level","og_url":"https:\/\/outdooreurope.eu\/it\/trova-il-tuo-livello\/","og_site_name":"Outdoor Europe","article_publisher":"https:\/\/www.facebook.com\/outdooreurope.eu","article_modified_time":"2025-01-21T20:36:32+00:00","og_image":[{"url":"https:\/\/outdooreurope.eu\/wp-content\/uploads\/2025\/01\/distance.svg","type":"","width":"","height":""}],"twitter_card":"summary_large_image","twitter_misc":{"Tempo di lettura stimato":"5 minuti"},"schema":{"@context":"https:\/\/schema.org","@graph":[{"@type":"WebPage","@id":"https:\/\/outdooreurope.eu\/find-your-level\/","url":"https:\/\/outdooreurope.eu\/find-your-level\/","name":"Trova il tuo livello - Outdoor Europe","isPartOf":{"@id":"https:\/\/outdooreurope.eu\/#website"},"primaryImageOfPage":{"@id":"https:\/\/outdooreurope.eu\/find-your-level\/#primaryimage"},"image":{"@id":"https:\/\/outdooreurope.eu\/find-your-level\/#primaryimage"},"thumbnailUrl":"https:\/\/outdooreurope.eu\/wp-content\/uploads\/2025\/01\/distance.svg","datePublished":"2022-08-12T06:07:39+00:00","dateModified":"2025-01-21T20:36:32+00:00","breadcrumb":{"@id":"https:\/\/outdooreurope.eu\/find-your-level\/#breadcrumb"},"inLanguage":"it-IT","potentialAction":[{"@type":"ReadAction","target":["https:\/\/outdooreurope.eu\/find-your-level\/"]}]},{"@type":"ImageObject","inLanguage":"it-IT","@id":"https:\/\/outdooreurope.eu\/find-your-level\/#primaryimage","url":"https:\/\/outdooreurope.eu\/wp-content\/uploads\/2025\/01\/distance.svg","contentUrl":"https:\/\/outdooreurope.eu\/wp-content\/uploads\/2025\/01\/distance.svg"},{"@type":"BreadcrumbList","@id":"https:\/\/outdooreurope.eu\/find-your-level\/#breadcrumb","itemListElement":[{"@type":"ListItem","position":1,"name":"Hjem","item":"https:\/\/outdooreurope.eu\/"},{"@type":"ListItem","position":2,"name":"Find Your Level"}]},{"@type":"WebSite","@id":"https:\/\/outdooreurope.eu\/#website","url":"https:\/\/outdooreurope.eu\/","name":"Europa all&#039;aperto","description":"Escursionismo in Europa Mi unisco al sentiero","potentialAction":[{"@type":"SearchAction","target":{"@type":"EntryPoint","urlTemplate":"https:\/\/outdooreurope.eu\/?s={search_term_string}"},"query-input":{"@type":"PropertyValueSpecification","valueRequired":true,"valueName":"search_term_string"}}],"inLanguage":"it-IT"}]}},"_links":{"self":[{"href":"https:\/\/outdooreurope.eu\/it\/wp-json\/wp\/v2\/pages\/12249","targetHints":{"allow":["GET"]}}],"collection":[{"href":"https:\/\/outdooreurope.eu\/it\/wp-json\/wp\/v2\/pages"}],"about":[{"href":"https:\/\/outdooreurope.eu\/it\/wp-json\/wp\/v2\/types\/page"}],"author":[{"embeddable":true,"href":"https:\/\/outdooreurope.eu\/it\/wp-json\/wp\/v2\/users\/1"}],"replies":[{"embeddable":true,"href":"https:\/\/outdooreurope.eu\/it\/wp-json\/wp\/v2\/comments?post=12249"}],"version-history":[{"count":23,"href":"https:\/\/outdooreurope.eu\/it\/wp-json\/wp\/v2\/pages\/12249\/revisions"}],"predecessor-version":[{"id":17738,"href":"https:\/\/outdooreurope.eu\/it\/wp-json\/wp\/v2\/pages\/12249\/revisions\/17738"}],"wp:attachment":[{"href":"https:\/\/outdooreurope.eu\/it\/wp-json\/wp\/v2\/media?parent=12249"}],"curies":[{"name":"parola chiave","href":"https:\/\/api.w.org\/{rel}","templated":true}]}}