{"id":15070,"date":"2023-10-04T07:30:42","date_gmt":"2023-10-04T05:30:42","guid":{"rendered":"http:\/\/workdemomaster.com\/outdooreurope\/?page_id=15070"},"modified":"2023-10-04T07:31:43","modified_gmt":"2023-10-04T05:31:43","slug":"arrivarci","status":"publish","type":"page","link":"https:\/\/outdooreurope.eu\/it\/getting-there\/","title":{"rendered":"ARRIVARCI"},"content":{"rendered":"<div class=\"wpb-content-wrapper\"><div class=\"vc_row wpb_row vc_row-fluid inner-page-spacing\"><div class=\"wpb_column vc_column_container vc_col-sm-12\"><div class=\"vc_column-inner\"><div class=\"wpb_wrapper\">\n\t<div class=\"wpb_text_column wpb_content_element vc_custom_1696397428010\">\n\t\t<div class=\"wpb_wrapper\">\n\t\t\t<p><strong>Arrivare all&#039;inizio del tuo tour italiano<\/strong><\/p>\n<p>Mentre lavoriamo sodo per pianificare e organizzare avventure all&#039;aria aperta nelle Alpi italiane, non organizziamo il viaggio verso il luogo di partenza. Ma non c&#039;\u00e8 motivo di preoccuparsi, poich\u00e9 siamo qui per consigliarti sui modi migliori, pi\u00f9 sicuri e pi\u00f9 veloci per raggiungere la prima localit\u00e0 del tuo tour.<\/p>\n<p>L&#039;Italia \u00e8 un paese molto ben collegato, quindi raramente dista pi\u00f9 di due ore di macchina da un aeroporto o da una stazione ferroviaria importante. Mentre molte destinazioni alpine sono remote, spesso \u00e8 possibile raggiungere alcune delle nostre destinazioni in autobus o in treno.<\/p>\n<p><strong>Dolomiti<\/strong><\/p>\n<p>Aeroporto pi\u00f9 vicino: Venezia<\/p>\n<p>Stazione ferroviaria pi\u00f9 vicina: Calalzo di Cadore<\/p>\n<p>Navetta: https:\/\/www.cortinaexpress.it\/en\/<\/p>\n<p><strong>Valle del Lys e Valle d&#039;Ayas<\/strong><\/p>\n<p>Aeroporto pi\u00f9 vicino: Milano Malpensa o Torino<\/p>\n<p>Stazione ferroviaria pi\u00f9 vicina: Aosta<\/p>\n<p>Bus: https:\/\/aosta.arriva.it\/it\/aeroporto-aosta-malpensa. Scendi a Pont Saint Martin e prendi un taxi da l\u00ec.<\/p>\n<p><strong>Liguria<\/strong><\/p>\n<p>Aeroporto pi\u00f9 vicino: Nizza (Francia)<\/p>\n<p>Stazioni ferroviarie pi\u00f9 vicine: Sanremo e autobus per Ceriana<\/p>\n<p><strong>Valle Maira<\/strong><\/p>\n<p>Aeroporto pi\u00f9 vicino: Torino o Milano Malpensa<\/p>\n<p>Stazione ferroviaria pi\u00f9 vicina: Cuneo<\/p>\n<p>Per il noleggio auto, di solito consigliamo fornitori leader come Auto Europe o Rental Car.<\/p>\n<p><strong>Viaggi sostenibili<\/strong><\/p>\n<p>Outdoor Italy supporta i viaggi a basse emissioni e consiglier\u00e0 sempre i modi pi\u00f9 sostenibili per raggiungere le nostre destinazioni. Nella maggior parte dei casi, ci\u00f2 avverr\u00e0 con i mezzi pubblici o in auto. Se voli, utilizza l&#039;opzione di compensazione delle emissioni di carbonio offerta dalla maggior parte delle compagnie aeree.<\/p>\n<p>Si prega di notare che le informazioni di cui sopra sono solo una raccomandazione. Outdoor Italy si assume la responsabilit\u00e0 solo dall&#039;inizio del tour.<\/p>\n\n\t\t<\/div>\n\t<\/div>\n<\/div><\/div><\/div><\/div>\n<\/div>","protected":false},"excerpt":{"rendered":"Arrivare all&#039;inizio del tuo tour italiano Mentre lavoriamo sodo per pianificare e organizzare avventure all&#039;aria aperta nelle Alpi italiane, non organizziamo il viaggio verso il luogo di partenza. Ma non c&#039;\u00e8 motivo di preoccuparsi, poich\u00e9 siamo qui per consigliarti i modi migliori, pi\u00f9 sicuri e pi\u00f9 veloci per raggiungere la prima destinazione<div class=\"padding-top text-center\"><a href=\"https:\/\/outdooreurope.eu\/it\/getting-there\/\" class=\"atbtn atbtn--medium atbtn--rounded atbtn--transparent\">Leggi di pi\u00f9<i class=\"atbtn__icon atbtn__icon--right fa fa-long-arrow-right\"><\/i><\/a><\/div>","protected":false},"author":129,"featured_media":0,"parent":0,"menu_order":0,"comment_status":"closed","ping_status":"closed","template":"","meta":{"_acf_changed":false,"content-type":"","inline_featured_image":false,"footnotes":""},"class_list":["post-15070","page","type-page","status-publish","hentry"],"acf":[],"yoast_head":"<!-- This site is optimized with the Yoast SEO Premium plugin v27.5 (Yoast SEO v27.5) - https:\/\/yoast.com\/product\/yoast-seo-premium-wordpress\/ -->\n<title>GETTING THERE - Outdoor Europe<\/title>\n<meta name=\"robots\" content=\"index, follow, max-snippet:-1, max-image-preview:large, max-video-preview:-1\" \/>\n<link rel=\"canonical\" href=\"https:\/\/outdooreurope.eu\/it\/arrivarci\/\" \/>\n<meta property=\"og:locale\" content=\"it_IT\" \/>\n<meta property=\"og:type\" content=\"article\" \/>\n<meta property=\"og:title\" content=\"GETTING THERE\" \/>\n<meta property=\"og:url\" content=\"https:\/\/outdooreurope.eu\/it\/arrivarci\/\" \/>\n<meta property=\"og:site_name\" content=\"Outdoor Europe\" \/>\n<meta property=\"article:publisher\" content=\"https:\/\/www.facebook.com\/outdooreurope.eu\" \/>\n<meta property=\"article:modified_time\" content=\"2023-10-04T05:31:43+00:00\" \/>\n<meta property=\"og:image\" content=\"https:\/\/outdooreurope.eu\/wp-content\/uploads\/2024\/01\/Dirk-Elsje.jpg\" \/>\n\t<meta property=\"og:image:width\" content=\"1286\" \/>\n\t<meta property=\"og:image:height\" content=\"1286\" \/>\n\t<meta property=\"og:image:type\" content=\"image\/jpeg\" \/>\n<meta name=\"twitter:card\" content=\"summary_large_image\" \/>\n<meta name=\"twitter:label1\" content=\"Tempo di lettura stimato\" \/>\n\t<meta name=\"twitter:data1\" content=\"2 minuti\" \/>\n<script type=\"application\/ld+json\" class=\"yoast-schema-graph\">{\"@context\":\"https:\\\/\\\/schema.org\",\"@graph\":[{\"@type\":\"WebPage\",\"@id\":\"https:\\\/\\\/outdooreurope.eu\\\/getting-there\\\/\",\"url\":\"https:\\\/\\\/outdooreurope.eu\\\/getting-there\\\/\",\"name\":\"GETTING THERE - Outdoor Europe\",\"isPartOf\":{\"@id\":\"https:\\\/\\\/outdooreurope.eu\\\/#website\"},\"datePublished\":\"2023-10-04T05:30:42+00:00\",\"dateModified\":\"2023-10-04T05:31:43+00:00\",\"breadcrumb\":{\"@id\":\"https:\\\/\\\/outdooreurope.eu\\\/getting-there\\\/#breadcrumb\"},\"inLanguage\":\"it-IT\",\"potentialAction\":[{\"@type\":\"ReadAction\",\"target\":[\"https:\\\/\\\/outdooreurope.eu\\\/getting-there\\\/\"]}]},{\"@type\":\"BreadcrumbList\",\"@id\":\"https:\\\/\\\/outdooreurope.eu\\\/getting-there\\\/#breadcrumb\",\"itemListElement\":[{\"@type\":\"ListItem\",\"position\":1,\"name\":\"Hjem\",\"item\":\"https:\\\/\\\/outdooreurope.eu\\\/\"},{\"@type\":\"ListItem\",\"position\":2,\"name\":\"GETTING THERE\"}]},{\"@type\":\"WebSite\",\"@id\":\"https:\\\/\\\/outdooreurope.eu\\\/#website\",\"url\":\"https:\\\/\\\/outdooreurope.eu\\\/\",\"name\":\"Outdoor Europe\",\"description\":\"Hiking In Europe I Join the trail\",\"potentialAction\":[{\"@type\":\"SearchAction\",\"target\":{\"@type\":\"EntryPoint\",\"urlTemplate\":\"https:\\\/\\\/outdooreurope.eu\\\/?s={search_term_string}\"},\"query-input\":{\"@type\":\"PropertyValueSpecification\",\"valueRequired\":true,\"valueName\":\"search_term_string\"}}],\"inLanguage\":\"it-IT\"}]}<\/script>\n<!-- \/ Yoast SEO Premium plugin. -->","yoast_head_json":{"title":"COME ARRIVARE - Outdoor Europe","robots":{"index":"index","follow":"follow","max-snippet":"max-snippet:-1","max-image-preview":"max-image-preview:large","max-video-preview":"max-video-preview:-1"},"canonical":"https:\/\/outdooreurope.eu\/it\/arrivarci\/","og_locale":"it_IT","og_type":"article","og_title":"GETTING THERE","og_url":"https:\/\/outdooreurope.eu\/it\/arrivarci\/","og_site_name":"Outdoor Europe","article_publisher":"https:\/\/www.facebook.com\/outdooreurope.eu","article_modified_time":"2023-10-04T05:31:43+00:00","og_image":[{"width":1286,"height":1286,"url":"https:\/\/outdooreurope.eu\/wp-content\/uploads\/2024\/01\/Dirk-Elsje.jpg","type":"image\/jpeg"}],"twitter_card":"summary_large_image","twitter_misc":{"Tempo di lettura stimato":"2 minuti"},"schema":{"@context":"https:\/\/schema.org","@graph":[{"@type":"WebPage","@id":"https:\/\/outdooreurope.eu\/getting-there\/","url":"https:\/\/outdooreurope.eu\/getting-there\/","name":"COME ARRIVARE - Outdoor Europe","isPartOf":{"@id":"https:\/\/outdooreurope.eu\/#website"},"datePublished":"2023-10-04T05:30:42+00:00","dateModified":"2023-10-04T05:31:43+00:00","breadcrumb":{"@id":"https:\/\/outdooreurope.eu\/getting-there\/#breadcrumb"},"inLanguage":"it-IT","potentialAction":[{"@type":"ReadAction","target":["https:\/\/outdooreurope.eu\/getting-there\/"]}]},{"@type":"BreadcrumbList","@id":"https:\/\/outdooreurope.eu\/getting-there\/#breadcrumb","itemListElement":[{"@type":"ListItem","position":1,"name":"Hjem","item":"https:\/\/outdooreurope.eu\/"},{"@type":"ListItem","position":2,"name":"GETTING THERE"}]},{"@type":"WebSite","@id":"https:\/\/outdooreurope.eu\/#website","url":"https:\/\/outdooreurope.eu\/","name":"Europa all&#039;aperto","description":"Escursionismo in Europa Mi unisco al sentiero","potentialAction":[{"@type":"SearchAction","target":{"@type":"EntryPoint","urlTemplate":"https:\/\/outdooreurope.eu\/?s={search_term_string}"},"query-input":{"@type":"PropertyValueSpecification","valueRequired":true,"valueName":"search_term_string"}}],"inLanguage":"it-IT"}]}},"_links":{"self":[{"href":"https:\/\/outdooreurope.eu\/it\/wp-json\/wp\/v2\/pages\/15070","targetHints":{"allow":["GET"]}}],"collection":[{"href":"https:\/\/outdooreurope.eu\/it\/wp-json\/wp\/v2\/pages"}],"about":[{"href":"https:\/\/outdooreurope.eu\/it\/wp-json\/wp\/v2\/types\/page"}],"author":[{"embeddable":true,"href":"https:\/\/outdooreurope.eu\/it\/wp-json\/wp\/v2\/users\/129"}],"replies":[{"embeddable":true,"href":"https:\/\/outdooreurope.eu\/it\/wp-json\/wp\/v2\/comments?post=15070"}],"version-history":[{"count":0,"href":"https:\/\/outdooreurope.eu\/it\/wp-json\/wp\/v2\/pages\/15070\/revisions"}],"wp:attachment":[{"href":"https:\/\/outdooreurope.eu\/it\/wp-json\/wp\/v2\/media?parent=15070"}],"curies":[{"name":"parola chiave","href":"https:\/\/api.w.org\/{rel}","templated":true}]}}