{"id":15678,"date":"2024-01-16T08:00:21","date_gmt":"2024-01-16T07:00:21","guid":{"rendered":"https:\/\/outdooreurope.eu\/?post_type=product&#038;p=15678"},"modified":"2026-01-17T20:17:19","modified_gmt":"2026-01-17T19:17:19","slug":"escursionismo-francia-corsica-gr20-sud-trekking-autoguidato","status":"publish","type":"product","link":"https:\/\/outdooreurope.eu\/it\/tours\/hiking-france-corsica-gr20-south-self-guided-trekking\/","title":{"rendered":"Escursione sul GR20 sud: scopri il meglio del trekking corso"},"content":{"rendered":"<p>Percorrete il GR20 in direzione sud. Uno dei vantaggi pi\u00f9 significativi di questa avventura \u00e8 che ci occupiamo noi della logistica. Prenotiamo per voi l&#039;alloggio, che comprende una variet\u00e0 di campi, rifugi, g\u00eete e capanne di pastori situati in luoghi di eccezionale bellezza. Partendo da Ajaccio e salendo verso Bavella, scoprirete l&#039;Alta Rocca e le sue vette mitiche. Bavella, nota per il suo passo di alta montagna e le sue cime suggestive, far\u00e0 da cornice al vostro viaggio.<\/p>","protected":false},"excerpt":{"rendered":"<p>Scopri la met\u00e0 meridionale del leggendario sentiero GR20 della Corsica: aspro, remoto e gratificante. Questo trekking autoguidato combina spettacolari creste granitiche, sentieri forestali e altipiani, con il trasporto dei bagagli nelle tappe principali per un maggiore comfort. Un&#039;introduzione perfetta a uno dei sentieri escursionistici pi\u00f9 impegnativi d&#039;Europa.<\/p>","protected":false},"featured_media":15679,"comment_status":"open","ping_status":"closed","template":"","meta":{"_acf_changed":false,"content-type":"","inline_featured_image":false},"product_brand":[],"product_cat":[302],"product_tag":[760],"class_list":{"0":"post-15678","1":"product","2":"type-product","3":"status-publish","4":"has-post-thumbnail","6":"tour_country-france","7":"tour_types-dog-friendly","8":"product_cat-ukategoriseret","9":"product_tag-hiking","10":"pa_duration-7-days","11":"tour_category-hiking-in-europe","13":"first","14":"instock","15":"virtual","16":"purchasable","17":"product-type-tour"},"acf":[],"yoast_head":"<!-- This site is optimized with the Yoast SEO Premium plugin v27.4 (Yoast SEO v27.4) - https:\/\/yoast.com\/product\/yoast-seo-premium-wordpress\/ -->\n<title>Hike the GR20 south: discover the best of corsican trekking - Outdoor Europe<\/title>\n<meta name=\"description\" content=\"The Southern section of the GR20 is a perfect introduction to this legendary trail, offering you the chance to explore Corsica&#039;s stunning landscapes.\" \/>\n<meta name=\"robots\" content=\"index, follow, max-snippet:-1, max-image-preview:large, max-video-preview:-1\" \/>\n<link rel=\"canonical\" href=\"https:\/\/outdooreurope.eu\/it\/tour\/escursionismo-francia-corsica-gr20-sud-trekking-autoguidato\/\" \/>\n<meta property=\"og:locale\" content=\"it_IT\" \/>\n<meta property=\"og:type\" content=\"article\" \/>\n<meta property=\"og:title\" content=\"Hike the GR20 south: discover the best of corsican trekking\" \/>\n<meta property=\"og:description\" content=\"Experience the southern half of Corsica\u2019s legendary GR20 trail\u2014rugged, remote, and rewarding. This self-guided trek combines dramatic granite ridgelines, forest paths, and high plateaus, with luggage transfer on key stages for added comfort. A perfect intro to one of Europe\u2019s toughest hikes.\" \/>\n<meta property=\"og:url\" content=\"https:\/\/outdooreurope.eu\/it\/tour\/escursionismo-francia-corsica-gr20-sud-trekking-autoguidato\/\" \/>\n<meta property=\"og:site_name\" content=\"Outdoor Europe\" \/>\n<meta property=\"article:publisher\" content=\"https:\/\/www.facebook.com\/outdooreurope.eu\" \/>\n<meta property=\"article:modified_time\" content=\"2026-01-17T19:17:19+00:00\" \/>\n<meta property=\"og:image\" content=\"https:\/\/outdooreurope.eu\/wp-content\/uploads\/2024\/01\/shutterstock_683931964-scaled-720x606-1.jpg\" \/>\n\t<meta property=\"og:image:width\" content=\"720\" \/>\n\t<meta property=\"og:image:height\" content=\"606\" \/>\n\t<meta property=\"og:image:type\" content=\"image\/jpeg\" \/>\n<meta name=\"twitter:card\" content=\"summary_large_image\" \/>\n<meta name=\"twitter:label1\" content=\"Prezzo\" \/>\n\t<meta name=\"twitter:data1\" content=\"&euro;970\" \/>\n\t<meta name=\"twitter:label2\" content=\"Disponibilit\u00e0\" \/>\n\t<meta name=\"twitter:data2\" content=\"In stock\" \/>\n<script type=\"application\/ld+json\" class=\"yoast-schema-graph\">{\"@context\":\"https:\\\/\\\/schema.org\",\"@graph\":[{\"@type\":\"WebPage\",\"@id\":\"https:\\\/\\\/outdooreurope.eu\\\/tours\\\/hiking-france-corsica-gr20-south-self-guided-trekking\\\/\",\"url\":\"https:\\\/\\\/outdooreurope.eu\\\/tours\\\/hiking-france-corsica-gr20-south-self-guided-trekking\\\/\",\"name\":\"Hike the GR20 south: discover the best of corsican trekking - Outdoor Europe\",\"isPartOf\":{\"@id\":\"https:\\\/\\\/outdooreurope.eu\\\/#website\"},\"primaryImageOfPage\":{\"@id\":\"https:\\\/\\\/outdooreurope.eu\\\/tours\\\/hiking-france-corsica-gr20-south-self-guided-trekking\\\/#primaryimage\"},\"image\":{\"@id\":\"https:\\\/\\\/outdooreurope.eu\\\/tours\\\/hiking-france-corsica-gr20-south-self-guided-trekking\\\/#primaryimage\"},\"thumbnailUrl\":\"https:\\\/\\\/outdooreurope.eu\\\/wp-content\\\/uploads\\\/2024\\\/01\\\/shutterstock_683931964-scaled-720x606-1.jpg\",\"datePublished\":\"2024-01-16T07:00:21+00:00\",\"dateModified\":\"2026-01-17T19:17:19+00:00\",\"description\":\"The Southern section of the GR20 is a perfect introduction to this legendary trail, offering you the chance to explore Corsica's stunning landscapes.\",\"breadcrumb\":{\"@id\":\"https:\\\/\\\/outdooreurope.eu\\\/tours\\\/hiking-france-corsica-gr20-south-self-guided-trekking\\\/#breadcrumb\"},\"inLanguage\":\"it-IT\",\"potentialAction\":[{\"@type\":\"ReadAction\",\"target\":[\"https:\\\/\\\/outdooreurope.eu\\\/tours\\\/hiking-france-corsica-gr20-south-self-guided-trekking\\\/\"]}]},{\"@type\":\"ImageObject\",\"inLanguage\":\"it-IT\",\"@id\":\"https:\\\/\\\/outdooreurope.eu\\\/tours\\\/hiking-france-corsica-gr20-south-self-guided-trekking\\\/#primaryimage\",\"url\":\"https:\\\/\\\/outdooreurope.eu\\\/wp-content\\\/uploads\\\/2024\\\/01\\\/shutterstock_683931964-scaled-720x606-1.jpg\",\"contentUrl\":\"https:\\\/\\\/outdooreurope.eu\\\/wp-content\\\/uploads\\\/2024\\\/01\\\/shutterstock_683931964-scaled-720x606-1.jpg\",\"width\":720,\"height\":606},{\"@type\":\"BreadcrumbList\",\"@id\":\"https:\\\/\\\/outdooreurope.eu\\\/tours\\\/hiking-france-corsica-gr20-south-self-guided-trekking\\\/#breadcrumb\",\"itemListElement\":[{\"@type\":\"ListItem\",\"position\":1,\"name\":\"Hjem\",\"item\":\"https:\\\/\\\/outdooreurope.eu\\\/\"},{\"@type\":\"ListItem\",\"position\":2,\"name\":\"Shop\",\"item\":\"https:\\\/\\\/outdooreurope.eu\\\/shop\\\/\"},{\"@type\":\"ListItem\",\"position\":3,\"name\":\"Hike the GR20 south: discover the best of corsican trekking\"}]},{\"@type\":\"WebSite\",\"@id\":\"https:\\\/\\\/outdooreurope.eu\\\/#website\",\"url\":\"https:\\\/\\\/outdooreurope.eu\\\/\",\"name\":\"Outdoor Europe\",\"description\":\"Hiking In Europe I Join the trail\",\"potentialAction\":[{\"@type\":\"SearchAction\",\"target\":{\"@type\":\"EntryPoint\",\"urlTemplate\":\"https:\\\/\\\/outdooreurope.eu\\\/?s={search_term_string}\"},\"query-input\":{\"@type\":\"PropertyValueSpecification\",\"valueRequired\":true,\"valueName\":\"search_term_string\"}}],\"inLanguage\":\"it-IT\"}]}<\/script>\n<meta property=\"product:price:amount\" content=\"970\" \/>\n<meta property=\"product:price:currency\" content=\"EUR\" \/>\n<meta property=\"og:availability\" content=\"instock\" \/>\n<meta property=\"product:availability\" content=\"instock\" \/>\n<meta property=\"product:retailer_item_id\" content=\"15678\" \/>\n<meta property=\"product:condition\" content=\"new\" \/>\n<!-- \/ Yoast SEO Premium plugin. -->","yoast_head_json":{"title":"Escursione sul GR20 sud: scopri il meglio del trekking corso - Outdoor Europe","description":"Il tratto meridionale del GR20 \u00e8 un&#039;introduzione perfetta a questo leggendario sentiero e vi offre l&#039;opportunit\u00e0 di esplorare gli splendidi paesaggi della Corsica.","robots":{"index":"index","follow":"follow","max-snippet":"max-snippet:-1","max-image-preview":"max-image-preview:large","max-video-preview":"max-video-preview:-1"},"canonical":"https:\/\/outdooreurope.eu\/it\/tour\/escursionismo-francia-corsica-gr20-sud-trekking-autoguidato\/","og_locale":"it_IT","og_type":"article","og_title":"Hike the GR20 south: discover the best of corsican trekking","og_description":"Experience the southern half of Corsica\u2019s legendary GR20 trail\u2014rugged, remote, and rewarding. This self-guided trek combines dramatic granite ridgelines, forest paths, and high plateaus, with luggage transfer on key stages for added comfort. A perfect intro to one of Europe\u2019s toughest hikes.","og_url":"https:\/\/outdooreurope.eu\/it\/tour\/escursionismo-francia-corsica-gr20-sud-trekking-autoguidato\/","og_site_name":"Outdoor Europe","article_publisher":"https:\/\/www.facebook.com\/outdooreurope.eu","article_modified_time":"2026-01-17T19:17:19+00:00","og_image":[{"width":720,"height":606,"url":"https:\/\/outdooreurope.eu\/wp-content\/uploads\/2024\/01\/shutterstock_683931964-scaled-720x606-1.jpg","type":"image\/jpeg"}],"twitter_card":"summary_large_image","twitter_misc":{"Prezzo":"&euro;970","Disponibilit\u00e0":"In stock"},"schema":{"@context":"https:\/\/schema.org","@graph":[{"@type":"WebPage","@id":"https:\/\/outdooreurope.eu\/tours\/hiking-france-corsica-gr20-south-self-guided-trekking\/","url":"https:\/\/outdooreurope.eu\/tours\/hiking-france-corsica-gr20-south-self-guided-trekking\/","name":"Escursione sul GR20 sud: scopri il meglio del trekking corso - Outdoor Europe","isPartOf":{"@id":"https:\/\/outdooreurope.eu\/#website"},"primaryImageOfPage":{"@id":"https:\/\/outdooreurope.eu\/tours\/hiking-france-corsica-gr20-south-self-guided-trekking\/#primaryimage"},"image":{"@id":"https:\/\/outdooreurope.eu\/tours\/hiking-france-corsica-gr20-south-self-guided-trekking\/#primaryimage"},"thumbnailUrl":"https:\/\/outdooreurope.eu\/wp-content\/uploads\/2024\/01\/shutterstock_683931964-scaled-720x606-1.jpg","datePublished":"2024-01-16T07:00:21+00:00","dateModified":"2026-01-17T19:17:19+00:00","description":"Il tratto meridionale del GR20 \u00e8 un&#039;introduzione perfetta a questo leggendario sentiero e vi offre l&#039;opportunit\u00e0 di esplorare gli splendidi paesaggi della Corsica.","breadcrumb":{"@id":"https:\/\/outdooreurope.eu\/tours\/hiking-france-corsica-gr20-south-self-guided-trekking\/#breadcrumb"},"inLanguage":"it-IT","potentialAction":[{"@type":"ReadAction","target":["https:\/\/outdooreurope.eu\/tours\/hiking-france-corsica-gr20-south-self-guided-trekking\/"]}]},{"@type":"ImageObject","inLanguage":"it-IT","@id":"https:\/\/outdooreurope.eu\/tours\/hiking-france-corsica-gr20-south-self-guided-trekking\/#primaryimage","url":"https:\/\/outdooreurope.eu\/wp-content\/uploads\/2024\/01\/shutterstock_683931964-scaled-720x606-1.jpg","contentUrl":"https:\/\/outdooreurope.eu\/wp-content\/uploads\/2024\/01\/shutterstock_683931964-scaled-720x606-1.jpg","width":720,"height":606},{"@type":"BreadcrumbList","@id":"https:\/\/outdooreurope.eu\/tours\/hiking-france-corsica-gr20-south-self-guided-trekking\/#breadcrumb","itemListElement":[{"@type":"ListItem","position":1,"name":"Hjem","item":"https:\/\/outdooreurope.eu\/"},{"@type":"ListItem","position":2,"name":"Shop","item":"https:\/\/outdooreurope.eu\/shop\/"},{"@type":"ListItem","position":3,"name":"Hike the GR20 south: discover the best of corsican trekking"}]},{"@type":"WebSite","@id":"https:\/\/outdooreurope.eu\/#website","url":"https:\/\/outdooreurope.eu\/","name":"Europa all&#039;aperto","description":"Escursionismo in Europa Mi unisco al sentiero","potentialAction":[{"@type":"SearchAction","target":{"@type":"EntryPoint","urlTemplate":"https:\/\/outdooreurope.eu\/?s={search_term_string}"},"query-input":{"@type":"PropertyValueSpecification","valueRequired":true,"valueName":"search_term_string"}}],"inLanguage":"it-IT"}]},"product_price_amount":"970","product_price_currency":"EUR","og_availability":"instock","product_availability":"instock","product_retailer_item_id":"15678","product_condition":"new"},"_links":{"self":[{"href":"https:\/\/outdooreurope.eu\/it\/wp-json\/wp\/v2\/product\/15678","targetHints":{"allow":["GET"]}}],"collection":[{"href":"https:\/\/outdooreurope.eu\/it\/wp-json\/wp\/v2\/product"}],"about":[{"href":"https:\/\/outdooreurope.eu\/it\/wp-json\/wp\/v2\/types\/product"}],"replies":[{"embeddable":true,"href":"https:\/\/outdooreurope.eu\/it\/wp-json\/wp\/v2\/comments?post=15678"}],"wp:featuredmedia":[{"embeddable":true,"href":"https:\/\/outdooreurope.eu\/it\/wp-json\/wp\/v2\/media\/15679"}],"wp:attachment":[{"href":"https:\/\/outdooreurope.eu\/it\/wp-json\/wp\/v2\/media?parent=15678"}],"wp:term":[{"taxonomy":"product_brand","embeddable":true,"href":"https:\/\/outdooreurope.eu\/it\/wp-json\/wp\/v2\/product_brand?post=15678"},{"taxonomy":"product_cat","embeddable":true,"href":"https:\/\/outdooreurope.eu\/it\/wp-json\/wp\/v2\/product_cat?post=15678"},{"taxonomy":"product_tag","embeddable":true,"href":"https:\/\/outdooreurope.eu\/it\/wp-json\/wp\/v2\/product_tag?post=15678"}],"curies":[{"name":"parola chiave","href":"https:\/\/api.w.org\/{rel}","templated":true}]}}