{"id":15968,"date":"2024-01-17T05:59:19","date_gmt":"2024-01-17T04:59:19","guid":{"rendered":"https:\/\/outdooreurope.eu\/?post_type=product&#038;p=15968"},"modified":"2025-06-19T10:56:25","modified_gmt":"2025-06-19T08:56:25","slug":"escursionismo-spagna-cammino-passeggiata-sarria-santiago-autoguidato","status":"publish","type":"product","link":"https:\/\/outdooreurope.eu\/it\/tours\/hiking-spain-camino-walk-sarria-santiago-self-guided\/","title":{"rendered":"Trekking sul Camino Franc\u00e9s: da Sarria a Santiago"},"content":{"rendered":"<p><strong>Percorri il Cammino Francese. <\/strong>Il Cammino Francese, in particolare il tratto da Sarria a Santiago, rappresenta un&#039;esperienza di pellegrinaggio senza pari. Si snoda attraverso gli incantevoli paesaggi della Spagna settentrionale, offrendo un&#039;affascinante combinazione di incontaminata bellezza naturale e profondo patrimonio culturale.<\/p>\n<p><strong>Punti salienti del tour:<\/strong><\/p>\n<ul>\n<li><strong>Itinerario storico di pellegrinaggio:<\/strong> Percorri lo storico Camino Franc\u00e9s, ripercorrendo le orme di innumerevoli pellegrini nel corso dei secoli.<\/li>\n<li><strong>Immersione culturale:<\/strong> Immergiti nel ricco arazzo della cultura spagnola. Attraversa incantevoli villaggi e citt\u00e0 storiche lungo il percorso, scopri l&#039;architettura locale e assapora la deliziosa cucina.<\/li>\n<li><strong>Avventura accessibile:<\/strong> Il pellegrinaggio da Sarria a Santiago \u00e8 rinomato per il suo territorio dolce e accessibile, che lo rende adatto sia ai pellegrini alle prime armi sia ai viaggiatori esperti.<\/li>\n<\/ul>","protected":false},"excerpt":{"rendered":"<p>Percorri il Cammino Francese. Il Cammino Francese, in particolare il tratto da Sarria a Santiago, rappresenta un&#039;esperienza di pellegrinaggio senza pari. Si snoda attraverso gli incantevoli paesaggi della Spagna settentrionale, offrendo un&#039;affascinante combinazione di incontaminata bellezza naturale e profondo patrimonio culturale. Punti salienti del tour: Itinerario storico di pellegrinaggio: percorri lo storico Cammino Francese, ripercorrendo<\/p>\n<div class=\"padding-top text-center\"><a href=\"https:\/\/outdooreurope.eu\/it\/tours\/hiking-spain-camino-walk-sarria-santiago-self-guided\/\" class=\"atbtn atbtn--medium atbtn--rounded atbtn--transparent\">Leggi di pi\u00f9<i class=\"atbtn__icon atbtn__icon--right fa fa-long-arrow-right\"><\/i><\/a><\/div>","protected":false},"featured_media":15969,"comment_status":"open","ping_status":"closed","template":"","meta":{"_acf_changed":false,"content-type":"","inline_featured_image":false},"product_brand":[],"product_cat":[302,1181],"product_tag":[],"class_list":{"0":"post-15968","1":"product","2":"type-product","3":"status-publish","4":"has-post-thumbnail","6":"tour_country-spain","7":"tour_types-hut-to-hut","8":"tour_types-self-guided","9":"tour_types-family","10":"product_cat-ukategoriseret","11":"product_cat-lastminutesummer","12":"pa_duration-6-nights","13":"tour_category-hiking-in-europe","15":"first","16":"instock","17":"shipping-taxable","18":"purchasable","19":"product-type-tour"},"acf":[],"yoast_head":"<!-- This site is optimized with the Yoast SEO Premium plugin v27.4 (Yoast SEO v27.4) - https:\/\/yoast.com\/product\/yoast-seo-premium-wordpress\/ -->\n<title>Hike the Camino Franc\u00e9s<\/title>\n<meta name=\"description\" content=\"Discover the beauty of Spain while you hike the Camino from Sarria to Santiago. Join this magical pilgrimage and connect with fellow travelers!\" \/>\n<meta name=\"robots\" content=\"index, follow, max-snippet:-1, max-image-preview:large, max-video-preview:-1\" \/>\n<link rel=\"canonical\" href=\"https:\/\/outdooreurope.eu\/it\/tour\/escursionismo-spagna-cammino-passeggiata-sarria-santiago-autoguidato\/\" \/>\n<meta property=\"og:locale\" content=\"it_IT\" \/>\n<meta property=\"og:type\" content=\"article\" \/>\n<meta property=\"og:title\" content=\"Hike the Camino Franc\u00e9s: from Sarria to Santiago\" \/>\n<meta property=\"og:description\" content=\"Hike the Camino Franc\u00e9s. The Camino Franc\u00e9s, particularly the stretch from Sarria to Santiago, stands as an unparalleled pilgrimage experience. It threads\" \/>\n<meta property=\"og:url\" content=\"https:\/\/outdooreurope.eu\/it\/tour\/escursionismo-spagna-cammino-passeggiata-sarria-santiago-autoguidato\/\" \/>\n<meta property=\"og:site_name\" content=\"Outdoor Europe\" \/>\n<meta property=\"article:publisher\" content=\"https:\/\/www.facebook.com\/outdooreurope.eu\" \/>\n<meta property=\"article:modified_time\" content=\"2025-06-19T08:56:25+00:00\" \/>\n<meta property=\"og:image\" content=\"https:\/\/outdooreurope.eu\/wp-content\/uploads\/2024\/01\/observing-the-sunset-2021-10-21-22-34-38-utc-scaled-720x606-1.jpg\" \/>\n\t<meta property=\"og:image:width\" content=\"720\" \/>\n\t<meta property=\"og:image:height\" content=\"606\" \/>\n\t<meta property=\"og:image:type\" content=\"image\/jpeg\" \/>\n<meta name=\"twitter:card\" content=\"summary_large_image\" \/>\n<meta name=\"twitter:label1\" content=\"Prezzo\" \/>\n\t<meta name=\"twitter:data1\" content=\"&euro;895\" \/>\n\t<meta name=\"twitter:label2\" content=\"Disponibilit\u00e0\" \/>\n\t<meta name=\"twitter:data2\" content=\"In stock\" \/>\n<script type=\"application\/ld+json\" class=\"yoast-schema-graph\">{\"@context\":\"https:\\\/\\\/schema.org\",\"@graph\":[{\"@type\":\"WebPage\",\"@id\":\"https:\\\/\\\/outdooreurope.eu\\\/tours\\\/hiking-spain-camino-walk-sarria-santiago-self-guided\\\/\",\"url\":\"https:\\\/\\\/outdooreurope.eu\\\/tours\\\/hiking-spain-camino-walk-sarria-santiago-self-guided\\\/\",\"name\":\"Hike the Camino Franc\u00e9s\",\"isPartOf\":{\"@id\":\"https:\\\/\\\/outdooreurope.eu\\\/#website\"},\"primaryImageOfPage\":{\"@id\":\"https:\\\/\\\/outdooreurope.eu\\\/tours\\\/hiking-spain-camino-walk-sarria-santiago-self-guided\\\/#primaryimage\"},\"image\":{\"@id\":\"https:\\\/\\\/outdooreurope.eu\\\/tours\\\/hiking-spain-camino-walk-sarria-santiago-self-guided\\\/#primaryimage\"},\"thumbnailUrl\":\"https:\\\/\\\/outdooreurope.eu\\\/wp-content\\\/uploads\\\/2024\\\/01\\\/observing-the-sunset-2021-10-21-22-34-38-utc-scaled-720x606-1.jpg\",\"datePublished\":\"2024-01-17T04:59:19+00:00\",\"dateModified\":\"2025-06-19T08:56:25+00:00\",\"description\":\"Discover the beauty of Spain while you hike the Camino from Sarria to Santiago. Join this magical pilgrimage and connect with fellow travelers!\",\"breadcrumb\":{\"@id\":\"https:\\\/\\\/outdooreurope.eu\\\/tours\\\/hiking-spain-camino-walk-sarria-santiago-self-guided\\\/#breadcrumb\"},\"inLanguage\":\"it-IT\",\"potentialAction\":[{\"@type\":\"ReadAction\",\"target\":[\"https:\\\/\\\/outdooreurope.eu\\\/tours\\\/hiking-spain-camino-walk-sarria-santiago-self-guided\\\/\"]}]},{\"@type\":\"ImageObject\",\"inLanguage\":\"it-IT\",\"@id\":\"https:\\\/\\\/outdooreurope.eu\\\/tours\\\/hiking-spain-camino-walk-sarria-santiago-self-guided\\\/#primaryimage\",\"url\":\"https:\\\/\\\/outdooreurope.eu\\\/wp-content\\\/uploads\\\/2024\\\/01\\\/observing-the-sunset-2021-10-21-22-34-38-utc-scaled-720x606-1.jpg\",\"contentUrl\":\"https:\\\/\\\/outdooreurope.eu\\\/wp-content\\\/uploads\\\/2024\\\/01\\\/observing-the-sunset-2021-10-21-22-34-38-utc-scaled-720x606-1.jpg\",\"width\":720,\"height\":606},{\"@type\":\"BreadcrumbList\",\"@id\":\"https:\\\/\\\/outdooreurope.eu\\\/tours\\\/hiking-spain-camino-walk-sarria-santiago-self-guided\\\/#breadcrumb\",\"itemListElement\":[{\"@type\":\"ListItem\",\"position\":1,\"name\":\"Hjem\",\"item\":\"https:\\\/\\\/outdooreurope.eu\\\/\"},{\"@type\":\"ListItem\",\"position\":2,\"name\":\"Shop\",\"item\":\"https:\\\/\\\/outdooreurope.eu\\\/shop\\\/\"},{\"@type\":\"ListItem\",\"position\":3,\"name\":\"Hike the Camino Franc\u00e9s: from Sarria to Santiago\"}]},{\"@type\":\"WebSite\",\"@id\":\"https:\\\/\\\/outdooreurope.eu\\\/#website\",\"url\":\"https:\\\/\\\/outdooreurope.eu\\\/\",\"name\":\"Outdoor Europe\",\"description\":\"Hiking In Europe I Join the trail\",\"potentialAction\":[{\"@type\":\"SearchAction\",\"target\":{\"@type\":\"EntryPoint\",\"urlTemplate\":\"https:\\\/\\\/outdooreurope.eu\\\/?s={search_term_string}\"},\"query-input\":{\"@type\":\"PropertyValueSpecification\",\"valueRequired\":true,\"valueName\":\"search_term_string\"}}],\"inLanguage\":\"it-IT\"}]}<\/script>\n<meta property=\"product:price:amount\" content=\"895\" \/>\n<meta property=\"product:price:currency\" content=\"EUR\" \/>\n<meta property=\"og:availability\" content=\"instock\" \/>\n<meta property=\"product:availability\" content=\"instock\" \/>\n<meta property=\"product:retailer_item_id\" content=\"15968\" \/>\n<meta property=\"product:condition\" content=\"new\" \/>\n<!-- \/ Yoast SEO Premium plugin. -->","yoast_head_json":{"title":"Percorrere il Cammino Francese","description":"Scopri la bellezza della Spagna mentre percorri il Cammino da Sarria a Santiago. Unisciti a questo magico pellegrinaggio e unisciti ad altri viaggiatori!","robots":{"index":"index","follow":"follow","max-snippet":"max-snippet:-1","max-image-preview":"max-image-preview:large","max-video-preview":"max-video-preview:-1"},"canonical":"https:\/\/outdooreurope.eu\/it\/tour\/escursionismo-spagna-cammino-passeggiata-sarria-santiago-autoguidato\/","og_locale":"it_IT","og_type":"article","og_title":"Hike the Camino Franc\u00e9s: from Sarria to Santiago","og_description":"Hike the Camino Franc\u00e9s. The Camino Franc\u00e9s, particularly the stretch from Sarria to Santiago, stands as an unparalleled pilgrimage experience. It threads","og_url":"https:\/\/outdooreurope.eu\/it\/tour\/escursionismo-spagna-cammino-passeggiata-sarria-santiago-autoguidato\/","og_site_name":"Outdoor Europe","article_publisher":"https:\/\/www.facebook.com\/outdooreurope.eu","article_modified_time":"2025-06-19T08:56:25+00:00","og_image":[{"width":720,"height":606,"url":"https:\/\/outdooreurope.eu\/wp-content\/uploads\/2024\/01\/observing-the-sunset-2021-10-21-22-34-38-utc-scaled-720x606-1.jpg","type":"image\/jpeg"}],"twitter_card":"summary_large_image","twitter_misc":{"Prezzo":"&euro;895","Disponibilit\u00e0":"In stock"},"schema":{"@context":"https:\/\/schema.org","@graph":[{"@type":"WebPage","@id":"https:\/\/outdooreurope.eu\/tours\/hiking-spain-camino-walk-sarria-santiago-self-guided\/","url":"https:\/\/outdooreurope.eu\/tours\/hiking-spain-camino-walk-sarria-santiago-self-guided\/","name":"Percorrere il Cammino Francese","isPartOf":{"@id":"https:\/\/outdooreurope.eu\/#website"},"primaryImageOfPage":{"@id":"https:\/\/outdooreurope.eu\/tours\/hiking-spain-camino-walk-sarria-santiago-self-guided\/#primaryimage"},"image":{"@id":"https:\/\/outdooreurope.eu\/tours\/hiking-spain-camino-walk-sarria-santiago-self-guided\/#primaryimage"},"thumbnailUrl":"https:\/\/outdooreurope.eu\/wp-content\/uploads\/2024\/01\/observing-the-sunset-2021-10-21-22-34-38-utc-scaled-720x606-1.jpg","datePublished":"2024-01-17T04:59:19+00:00","dateModified":"2025-06-19T08:56:25+00:00","description":"Scopri la bellezza della Spagna mentre percorri il Cammino da Sarria a Santiago. Unisciti a questo magico pellegrinaggio e unisciti ad altri viaggiatori!","breadcrumb":{"@id":"https:\/\/outdooreurope.eu\/tours\/hiking-spain-camino-walk-sarria-santiago-self-guided\/#breadcrumb"},"inLanguage":"it-IT","potentialAction":[{"@type":"ReadAction","target":["https:\/\/outdooreurope.eu\/tours\/hiking-spain-camino-walk-sarria-santiago-self-guided\/"]}]},{"@type":"ImageObject","inLanguage":"it-IT","@id":"https:\/\/outdooreurope.eu\/tours\/hiking-spain-camino-walk-sarria-santiago-self-guided\/#primaryimage","url":"https:\/\/outdooreurope.eu\/wp-content\/uploads\/2024\/01\/observing-the-sunset-2021-10-21-22-34-38-utc-scaled-720x606-1.jpg","contentUrl":"https:\/\/outdooreurope.eu\/wp-content\/uploads\/2024\/01\/observing-the-sunset-2021-10-21-22-34-38-utc-scaled-720x606-1.jpg","width":720,"height":606},{"@type":"BreadcrumbList","@id":"https:\/\/outdooreurope.eu\/tours\/hiking-spain-camino-walk-sarria-santiago-self-guided\/#breadcrumb","itemListElement":[{"@type":"ListItem","position":1,"name":"Hjem","item":"https:\/\/outdooreurope.eu\/"},{"@type":"ListItem","position":2,"name":"Shop","item":"https:\/\/outdooreurope.eu\/shop\/"},{"@type":"ListItem","position":3,"name":"Hike the Camino Franc\u00e9s: from Sarria to Santiago"}]},{"@type":"WebSite","@id":"https:\/\/outdooreurope.eu\/#website","url":"https:\/\/outdooreurope.eu\/","name":"Europa all&#039;aperto","description":"Escursionismo in Europa Mi unisco al sentiero","potentialAction":[{"@type":"SearchAction","target":{"@type":"EntryPoint","urlTemplate":"https:\/\/outdooreurope.eu\/?s={search_term_string}"},"query-input":{"@type":"PropertyValueSpecification","valueRequired":true,"valueName":"search_term_string"}}],"inLanguage":"it-IT"}]},"product_price_amount":"895","product_price_currency":"EUR","og_availability":"instock","product_availability":"instock","product_retailer_item_id":"15968","product_condition":"new"},"_links":{"self":[{"href":"https:\/\/outdooreurope.eu\/it\/wp-json\/wp\/v2\/product\/15968","targetHints":{"allow":["GET"]}}],"collection":[{"href":"https:\/\/outdooreurope.eu\/it\/wp-json\/wp\/v2\/product"}],"about":[{"href":"https:\/\/outdooreurope.eu\/it\/wp-json\/wp\/v2\/types\/product"}],"replies":[{"embeddable":true,"href":"https:\/\/outdooreurope.eu\/it\/wp-json\/wp\/v2\/comments?post=15968"}],"wp:featuredmedia":[{"embeddable":true,"href":"https:\/\/outdooreurope.eu\/it\/wp-json\/wp\/v2\/media\/15969"}],"wp:attachment":[{"href":"https:\/\/outdooreurope.eu\/it\/wp-json\/wp\/v2\/media?parent=15968"}],"wp:term":[{"taxonomy":"product_brand","embeddable":true,"href":"https:\/\/outdooreurope.eu\/it\/wp-json\/wp\/v2\/product_brand?post=15968"},{"taxonomy":"product_cat","embeddable":true,"href":"https:\/\/outdooreurope.eu\/it\/wp-json\/wp\/v2\/product_cat?post=15968"},{"taxonomy":"product_tag","embeddable":true,"href":"https:\/\/outdooreurope.eu\/it\/wp-json\/wp\/v2\/product_tag?post=15968"}],"curies":[{"name":"parola chiave","href":"https:\/\/api.w.org\/{rel}","templated":true}]}}