{"id":16018,"date":"2024-01-17T07:12:02","date_gmt":"2024-01-17T06:12:02","guid":{"rendered":"https:\/\/outdooreurope.eu\/?post_type=product&#038;p=16018"},"modified":"2025-03-27T08:20:57","modified_gmt":"2025-03-27T07:20:57","slug":"trailrunning-svizzera-via-grischuna-grigioni-autoguidato","status":"publish","type":"product","link":"https:\/\/outdooreurope.eu\/it\/tours\/trailrunning-switzerland-via-grischuna-grisons-self-guided\/","title":{"rendered":"Corri sulla Via Grischuna: un&#039;odissea di trail running da rifugio a rifugio"},"content":{"rendered":"<p>Percorri la Via Grischuna<\/p>\n<p>La Via Grischuna offre un&#039;avventura che tocca il cielo, raggiungendo circa 9.000 metri di altitudine. I Grigioni, con le loro montagne colossali e i paesaggi mozzafiato, non hanno bisogno di presentazioni. Le sue ampie valli, il terreno roccioso, i laghi incontaminati e i ghiacciai scintillanti creano un capolavoro naturale.<\/p>\n<p><strong>Punti salienti principali:<\/strong><\/p>\n<ul>\n<li><strong>La sfida del trail runner:<\/strong> La Via Grischuna \u00e8 il sogno di ogni trail runner e una vera prova di resistenza. Con ciascuna delle sette tappe che richiede oltre 1.000 metri di dislivello, questo percorso metter\u00e0 alla prova i vostri limiti.<\/li>\n<li><strong>Bellezza naturale immersiva:<\/strong> Attraversate paesaggi selvaggi e romantici che vi lasceranno a bocca aperta. Il mondo montano dei Grigioni \u00e8 una testimonianza di bellezza incontaminata, con ampie valli, pareti rocciose, laghi cristallini e maestosi ghiacciai.<\/li>\n<li><strong>Un pellegrinaggio nella natura:<\/strong> La Via Grischuna non \u00e8 solo una corsa trail; \u00e8 un pellegrinaggio attraverso alcuni dei paesaggi pi\u00f9 spettacolari del mondo. Le salite mozzafiato e le discese emozionanti sono bilanciate dalla bellezza incontaminata dei Grigioni.<\/li>\n<\/ul>\n<p>&nbsp;<\/p>","protected":false},"excerpt":{"rendered":"<p>Via Grischuna<\/p>\n<p>Nelle sette tappe da Davos a St. Moritz la Via Grischuna sale a circa 9.000 metri di dislivello. Il paesaggio selvaggio e romantico attraversato dalla Via Grischuna toglie il fiato anche ai migliori trail runner.<\/p>","protected":false},"featured_media":16019,"comment_status":"open","ping_status":"closed","template":"","meta":{"_acf_changed":false,"content-type":"","inline_featured_image":false},"product_brand":[],"product_cat":[302],"product_tag":[751,950,955,961],"class_list":{"0":"post-16018","1":"product","2":"type-product","3":"status-publish","4":"has-post-thumbnail","6":"tour_country-switzerland","7":"tour_types-hut-to-hut","8":"tour_types-self-guided","9":"product_cat-ukategoriseret","10":"product_tag-trailrunning","11":"product_tag-trail","12":"product_tag-switzerland","13":"product_tag-alpine","14":"pa_duration-7-nights","15":"tour_category-trailrunning-2","17":"first","18":"instock","19":"virtual","20":"purchasable","21":"product-type-tour"},"acf":[],"yoast_head":"<!-- This site is optimized with the Yoast SEO Premium plugin v27.4 (Yoast SEO v27.4) - https:\/\/yoast.com\/product\/yoast-seo-premium-wordpress\/ -->\n<title>Run the Via Grischuna: An alpine hut-to-hut trail running odyssey - Outdoor Europe<\/title>\n<meta name=\"description\" content=\"Embark on an unforgettable journey with Run the Via Grischuna! Explore breathtaking landscapes and tackle seven exhilarating stages today.\" \/>\n<meta name=\"robots\" content=\"index, follow, max-snippet:-1, max-image-preview:large, max-video-preview:-1\" \/>\n<link rel=\"canonical\" href=\"https:\/\/outdooreurope.eu\/it\/tour\/trailrunning-svizzera-via-grischuna-grigioni-autoguidato\/\" \/>\n<meta property=\"og:locale\" content=\"it_IT\" \/>\n<meta property=\"og:type\" content=\"article\" \/>\n<meta property=\"og:title\" content=\"Run the Via Grischuna: An alpine hut-to-hut trail running odyssey\" \/>\n<meta property=\"og:description\" content=\"Via Grischuna  The Via Grischuna climbs about 9,000 metres in altitude on the seven stages from Davos to St. Moritz. The wild and romantic landscape, that the Via Grischuna leads through, takes the breath away of even the best trail runners.\" \/>\n<meta property=\"og:url\" content=\"https:\/\/outdooreurope.eu\/it\/tour\/trailrunning-svizzera-via-grischuna-grigioni-autoguidato\/\" \/>\n<meta property=\"og:site_name\" content=\"Outdoor Europe\" \/>\n<meta property=\"article:publisher\" content=\"https:\/\/www.facebook.com\/outdooreurope.eu\" \/>\n<meta property=\"article:modified_time\" content=\"2025-03-27T07:20:57+00:00\" \/>\n<meta property=\"og:image\" content=\"https:\/\/outdooreurope.eu\/wp-content\/uploads\/2024\/01\/the-via-grischuna-trail-running-tour-graubnden-switzerland_52487817591_o-scaled-720x606-1.jpg\" \/>\n\t<meta property=\"og:image:width\" content=\"720\" \/>\n\t<meta property=\"og:image:height\" content=\"606\" \/>\n\t<meta property=\"og:image:type\" content=\"image\/jpeg\" \/>\n<meta name=\"twitter:card\" content=\"summary_large_image\" \/>\n<meta name=\"twitter:label1\" content=\"Prezzo\" \/>\n\t<meta name=\"twitter:data1\" content=\"&euro;1,495\" \/>\n\t<meta name=\"twitter:label2\" content=\"Disponibilit\u00e0\" \/>\n\t<meta name=\"twitter:data2\" content=\"In stock\" \/>\n<script type=\"application\/ld+json\" class=\"yoast-schema-graph\">{\"@context\":\"https:\\\/\\\/schema.org\",\"@graph\":[{\"@type\":\"WebPage\",\"@id\":\"https:\\\/\\\/outdooreurope.eu\\\/tours\\\/trailrunning-switzerland-via-grischuna-grisons-self-guided\\\/\",\"url\":\"https:\\\/\\\/outdooreurope.eu\\\/tours\\\/trailrunning-switzerland-via-grischuna-grisons-self-guided\\\/\",\"name\":\"Run the Via Grischuna: An alpine hut-to-hut trail running odyssey - Outdoor Europe\",\"isPartOf\":{\"@id\":\"https:\\\/\\\/outdooreurope.eu\\\/#website\"},\"primaryImageOfPage\":{\"@id\":\"https:\\\/\\\/outdooreurope.eu\\\/tours\\\/trailrunning-switzerland-via-grischuna-grisons-self-guided\\\/#primaryimage\"},\"image\":{\"@id\":\"https:\\\/\\\/outdooreurope.eu\\\/tours\\\/trailrunning-switzerland-via-grischuna-grisons-self-guided\\\/#primaryimage\"},\"thumbnailUrl\":\"https:\\\/\\\/outdooreurope.eu\\\/wp-content\\\/uploads\\\/2024\\\/01\\\/the-via-grischuna-trail-running-tour-graubnden-switzerland_52487817591_o-scaled-720x606-1.jpg\",\"datePublished\":\"2024-01-17T06:12:02+00:00\",\"dateModified\":\"2025-03-27T07:20:57+00:00\",\"description\":\"Embark on an unforgettable journey with Run the Via Grischuna! Explore breathtaking landscapes and tackle seven exhilarating stages today.\",\"breadcrumb\":{\"@id\":\"https:\\\/\\\/outdooreurope.eu\\\/tours\\\/trailrunning-switzerland-via-grischuna-grisons-self-guided\\\/#breadcrumb\"},\"inLanguage\":\"it-IT\",\"potentialAction\":[{\"@type\":\"ReadAction\",\"target\":[\"https:\\\/\\\/outdooreurope.eu\\\/tours\\\/trailrunning-switzerland-via-grischuna-grisons-self-guided\\\/\"]}]},{\"@type\":\"ImageObject\",\"inLanguage\":\"it-IT\",\"@id\":\"https:\\\/\\\/outdooreurope.eu\\\/tours\\\/trailrunning-switzerland-via-grischuna-grisons-self-guided\\\/#primaryimage\",\"url\":\"https:\\\/\\\/outdooreurope.eu\\\/wp-content\\\/uploads\\\/2024\\\/01\\\/the-via-grischuna-trail-running-tour-graubnden-switzerland_52487817591_o-scaled-720x606-1.jpg\",\"contentUrl\":\"https:\\\/\\\/outdooreurope.eu\\\/wp-content\\\/uploads\\\/2024\\\/01\\\/the-via-grischuna-trail-running-tour-graubnden-switzerland_52487817591_o-scaled-720x606-1.jpg\",\"width\":720,\"height\":606},{\"@type\":\"BreadcrumbList\",\"@id\":\"https:\\\/\\\/outdooreurope.eu\\\/tours\\\/trailrunning-switzerland-via-grischuna-grisons-self-guided\\\/#breadcrumb\",\"itemListElement\":[{\"@type\":\"ListItem\",\"position\":1,\"name\":\"Hjem\",\"item\":\"https:\\\/\\\/outdooreurope.eu\\\/\"},{\"@type\":\"ListItem\",\"position\":2,\"name\":\"Shop\",\"item\":\"https:\\\/\\\/outdooreurope.eu\\\/shop\\\/\"},{\"@type\":\"ListItem\",\"position\":3,\"name\":\"Run the Via Grischuna: An alpine hut-to-hut trail running odyssey\"}]},{\"@type\":\"WebSite\",\"@id\":\"https:\\\/\\\/outdooreurope.eu\\\/#website\",\"url\":\"https:\\\/\\\/outdooreurope.eu\\\/\",\"name\":\"Outdoor Europe\",\"description\":\"Hiking In Europe I Join the trail\",\"potentialAction\":[{\"@type\":\"SearchAction\",\"target\":{\"@type\":\"EntryPoint\",\"urlTemplate\":\"https:\\\/\\\/outdooreurope.eu\\\/?s={search_term_string}\"},\"query-input\":{\"@type\":\"PropertyValueSpecification\",\"valueRequired\":true,\"valueName\":\"search_term_string\"}}],\"inLanguage\":\"it-IT\"}]}<\/script>\n<meta property=\"product:price:amount\" content=\"1495\" \/>\n<meta property=\"product:price:currency\" content=\"EUR\" \/>\n<meta property=\"og:availability\" content=\"instock\" \/>\n<meta property=\"product:availability\" content=\"instock\" \/>\n<meta property=\"product:retailer_item_id\" content=\"16018\" \/>\n<meta property=\"product:condition\" content=\"new\" \/>\n<!-- \/ Yoast SEO Premium plugin. -->","yoast_head_json":{"title":"Corri sulla Via Grischuna: un&#039;odissea di trail running da rifugio a rifugio - Outdoor Europe","description":"Parti per un viaggio indimenticabile con Run the Via Grischuna! Esplora paesaggi mozzafiato e affronta sette tappe entusiasmanti oggi stesso.","robots":{"index":"index","follow":"follow","max-snippet":"max-snippet:-1","max-image-preview":"max-image-preview:large","max-video-preview":"max-video-preview:-1"},"canonical":"https:\/\/outdooreurope.eu\/it\/tour\/trailrunning-svizzera-via-grischuna-grigioni-autoguidato\/","og_locale":"it_IT","og_type":"article","og_title":"Run the Via Grischuna: An alpine hut-to-hut trail running odyssey","og_description":"Via Grischuna  The Via Grischuna climbs about 9,000 metres in altitude on the seven stages from Davos to St. Moritz. The wild and romantic landscape, that the Via Grischuna leads through, takes the breath away of even the best trail runners.","og_url":"https:\/\/outdooreurope.eu\/it\/tour\/trailrunning-svizzera-via-grischuna-grigioni-autoguidato\/","og_site_name":"Outdoor Europe","article_publisher":"https:\/\/www.facebook.com\/outdooreurope.eu","article_modified_time":"2025-03-27T07:20:57+00:00","og_image":[{"width":720,"height":606,"url":"https:\/\/outdooreurope.eu\/wp-content\/uploads\/2024\/01\/the-via-grischuna-trail-running-tour-graubnden-switzerland_52487817591_o-scaled-720x606-1.jpg","type":"image\/jpeg"}],"twitter_card":"summary_large_image","twitter_misc":{"Prezzo":"&euro;1,495","Disponibilit\u00e0":"In stock"},"schema":{"@context":"https:\/\/schema.org","@graph":[{"@type":"WebPage","@id":"https:\/\/outdooreurope.eu\/tours\/trailrunning-switzerland-via-grischuna-grisons-self-guided\/","url":"https:\/\/outdooreurope.eu\/tours\/trailrunning-switzerland-via-grischuna-grisons-self-guided\/","name":"Corri sulla Via Grischuna: un&#039;odissea di trail running da rifugio a rifugio - Outdoor Europe","isPartOf":{"@id":"https:\/\/outdooreurope.eu\/#website"},"primaryImageOfPage":{"@id":"https:\/\/outdooreurope.eu\/tours\/trailrunning-switzerland-via-grischuna-grisons-self-guided\/#primaryimage"},"image":{"@id":"https:\/\/outdooreurope.eu\/tours\/trailrunning-switzerland-via-grischuna-grisons-self-guided\/#primaryimage"},"thumbnailUrl":"https:\/\/outdooreurope.eu\/wp-content\/uploads\/2024\/01\/the-via-grischuna-trail-running-tour-graubnden-switzerland_52487817591_o-scaled-720x606-1.jpg","datePublished":"2024-01-17T06:12:02+00:00","dateModified":"2025-03-27T07:20:57+00:00","description":"Parti per un viaggio indimenticabile con Run the Via Grischuna! Esplora paesaggi mozzafiato e affronta sette tappe entusiasmanti oggi stesso.","breadcrumb":{"@id":"https:\/\/outdooreurope.eu\/tours\/trailrunning-switzerland-via-grischuna-grisons-self-guided\/#breadcrumb"},"inLanguage":"it-IT","potentialAction":[{"@type":"ReadAction","target":["https:\/\/outdooreurope.eu\/tours\/trailrunning-switzerland-via-grischuna-grisons-self-guided\/"]}]},{"@type":"ImageObject","inLanguage":"it-IT","@id":"https:\/\/outdooreurope.eu\/tours\/trailrunning-switzerland-via-grischuna-grisons-self-guided\/#primaryimage","url":"https:\/\/outdooreurope.eu\/wp-content\/uploads\/2024\/01\/the-via-grischuna-trail-running-tour-graubnden-switzerland_52487817591_o-scaled-720x606-1.jpg","contentUrl":"https:\/\/outdooreurope.eu\/wp-content\/uploads\/2024\/01\/the-via-grischuna-trail-running-tour-graubnden-switzerland_52487817591_o-scaled-720x606-1.jpg","width":720,"height":606},{"@type":"BreadcrumbList","@id":"https:\/\/outdooreurope.eu\/tours\/trailrunning-switzerland-via-grischuna-grisons-self-guided\/#breadcrumb","itemListElement":[{"@type":"ListItem","position":1,"name":"Hjem","item":"https:\/\/outdooreurope.eu\/"},{"@type":"ListItem","position":2,"name":"Shop","item":"https:\/\/outdooreurope.eu\/shop\/"},{"@type":"ListItem","position":3,"name":"Run the Via Grischuna: An alpine hut-to-hut trail running odyssey"}]},{"@type":"WebSite","@id":"https:\/\/outdooreurope.eu\/#website","url":"https:\/\/outdooreurope.eu\/","name":"Europa all&#039;aperto","description":"Escursionismo in Europa Mi unisco al sentiero","potentialAction":[{"@type":"SearchAction","target":{"@type":"EntryPoint","urlTemplate":"https:\/\/outdooreurope.eu\/?s={search_term_string}"},"query-input":{"@type":"PropertyValueSpecification","valueRequired":true,"valueName":"search_term_string"}}],"inLanguage":"it-IT"}]},"product_price_amount":"1495","product_price_currency":"EUR","og_availability":"instock","product_availability":"instock","product_retailer_item_id":"16018","product_condition":"new"},"_links":{"self":[{"href":"https:\/\/outdooreurope.eu\/it\/wp-json\/wp\/v2\/product\/16018","targetHints":{"allow":["GET"]}}],"collection":[{"href":"https:\/\/outdooreurope.eu\/it\/wp-json\/wp\/v2\/product"}],"about":[{"href":"https:\/\/outdooreurope.eu\/it\/wp-json\/wp\/v2\/types\/product"}],"replies":[{"embeddable":true,"href":"https:\/\/outdooreurope.eu\/it\/wp-json\/wp\/v2\/comments?post=16018"}],"wp:featuredmedia":[{"embeddable":true,"href":"https:\/\/outdooreurope.eu\/it\/wp-json\/wp\/v2\/media\/16019"}],"wp:attachment":[{"href":"https:\/\/outdooreurope.eu\/it\/wp-json\/wp\/v2\/media?parent=16018"}],"wp:term":[{"taxonomy":"product_brand","embeddable":true,"href":"https:\/\/outdooreurope.eu\/it\/wp-json\/wp\/v2\/product_brand?post=16018"},{"taxonomy":"product_cat","embeddable":true,"href":"https:\/\/outdooreurope.eu\/it\/wp-json\/wp\/v2\/product_cat?post=16018"},{"taxonomy":"product_tag","embeddable":true,"href":"https:\/\/outdooreurope.eu\/it\/wp-json\/wp\/v2\/product_tag?post=16018"}],"curies":[{"name":"parola chiave","href":"https:\/\/api.w.org\/{rel}","templated":true}]}}