{"id":16047,"date":"2024-01-17T07:53:47","date_gmt":"2024-01-17T06:53:47","guid":{"rendered":"https:\/\/outdooreurope.eu\/?post_type=product&#038;p=16047"},"modified":"2025-03-27T08:17:01","modified_gmt":"2025-03-27T07:17:01","slug":"escursionismo-svizzera-vallese-grigioni-trekking","status":"publish","type":"product","link":"https:\/\/outdooreurope.eu\/it\/tours\/hiking-switzerland-valais-graubunden-trekking\/","title":{"rendered":"Escursione sui passi alpini del Vallese e dei Grigioni: un viaggio in alta quota"},"content":{"rendered":"<p><strong>Attraversa i maestosi passi alpini in 8 giorni<\/strong><\/p>\n<p>Il Sentiero dei passi alpini \u00e8 un&#039;odissea straordinaria che intreccia le valli pi\u00f9 belle del Vallese e dei Grigioni. La vostra avventura inizia nella Binntal, una valle da sogno e un santuario della natura. L&#039;incantevole paesaggio si apre, offrendo il primo assaggio della grandezza alpina.<\/p>\n<p><strong>Punti salienti principali:<\/strong><\/p>\n<ul>\n<li><strong>Voglia di viaggiare ad alta quota:<\/strong> Sali fino a quasi 3.000 metri mentre attraversi il Salfischpass, dove ti accolgono viste maestose delle cime innevate del Vallese. La fine del viaggio \u00e8 un terreno aspro e roccioso dove sono nate le storie di audaci alpinisti, nelle valli Mattertal e Val d&#039;Anniviers.<\/li>\n<li><strong>Magia pass-to-pass:<\/strong> Il Sentiero dei passi alpini collega i passi pi\u00f9 belli delle Alpi grigionesi e vallesane attraverso 43 incredibili tappe. Dall&#039;idilliaco altopiano della Greina agli affascinanti passi e laghi alla base dei Dents du Midi, ogni passo racchiude una nuova rivelazione.<\/li>\n<li><strong>Scopri nuovi mondi:<\/strong> L&#039;escursione sui passi \u00e8 un&#039;attivit\u00e0 unica, alimentata dalla curiosit\u00e0. Non si tratta di conquistare vette; si tratta di scoprire i segreti che ogni passo nasconde dall&#039;altra parte. Ad ogni valle attraversata, lasci un mondo alle spalle e ne abbracci uno nuovo.<\/li>\n<\/ul>\n<p>&nbsp;<\/p>","protected":false},"excerpt":{"rendered":"<p>Attraversa i maestosi passi alpini in 8 giorni. Il Sentiero dei passi alpini \u00e8 un&#039;odissea straordinaria che unisce le valli pi\u00f9 belle del Vallese e dei Grigioni. La tua avventura inizia nella Valle di Binn, una valle da sogno e un santuario della natura. L&#039;incantevole paesaggio si dispiega, offrendoti il primo assaggio della grandiosit\u00e0 alpina. Punti salienti: Voglia di escursioni in alta quota:<\/p>\n<div class=\"padding-top text-center\"><a href=\"https:\/\/outdooreurope.eu\/it\/tours\/hiking-switzerland-valais-graubunden-trekking\/\" class=\"atbtn atbtn--medium atbtn--rounded atbtn--transparent\">Leggi di pi\u00f9<i class=\"atbtn__icon atbtn__icon--right fa fa-long-arrow-right\"><\/i><\/a><\/div>","protected":false},"featured_media":16048,"comment_status":"open","ping_status":"closed","template":"","meta":{"_acf_changed":false,"content-type":"","inline_featured_image":false},"product_brand":[],"product_cat":[302],"product_tag":[950,955,961,760],"class_list":{"0":"post-16047","1":"product","2":"type-product","3":"status-publish","4":"has-post-thumbnail","6":"tour_country-switzerland","7":"tour_types-hut-to-hut","8":"tour_types-self-guided","9":"product_cat-ukategoriseret","10":"product_tag-trail","11":"product_tag-switzerland","12":"product_tag-alpine","13":"product_tag-hiking","14":"pa_duration-5-nights","15":"tour_category-hiking-in-europe","16":"tour_category-alpinism","18":"first","19":"instock","20":"virtual","21":"purchasable","22":"product-type-tour"},"acf":[],"yoast_head":"<!-- This site is optimized with the Yoast SEO Premium plugin v27.4 (Yoast SEO v27.4) - https:\/\/yoast.com\/product\/yoast-seo-premium-wordpress\/ -->\n<title>Hike the Alpine Passes of Valais and Graubunden Adventure - Outdoor Europe<\/title>\n<meta name=\"description\" content=\"Challenge yourself with an exhilarating trek as you hike the Alpine Passes of Valais and Graubunden. Make memories amidst stunning landscapes! \ud83c\udf04\" \/>\n<meta name=\"robots\" content=\"index, follow, max-snippet:-1, max-image-preview:large, max-video-preview:-1\" \/>\n<link rel=\"canonical\" href=\"https:\/\/outdooreurope.eu\/it\/tour\/escursionismo-svizzera-vallese-grigioni-trekking\/\" \/>\n<meta property=\"og:locale\" content=\"it_IT\" \/>\n<meta property=\"og:type\" content=\"article\" \/>\n<meta property=\"og:title\" content=\"Hike the alpine passes of Valais and Graubunden: a high alpine journey\" \/>\n<meta property=\"og:description\" content=\"Traverse the Majestic Alpine Passes in 8 Days The Alpine Passes Trail is a remarkable odyssey that weaves together the most stunning valleys of Valais and\" \/>\n<meta property=\"og:url\" content=\"https:\/\/outdooreurope.eu\/it\/tour\/escursionismo-svizzera-vallese-grigioni-trekking\/\" \/>\n<meta property=\"og:site_name\" content=\"Outdoor Europe\" \/>\n<meta property=\"article:publisher\" content=\"https:\/\/www.facebook.com\/outdooreurope.eu\" \/>\n<meta property=\"article:modified_time\" content=\"2025-03-27T07:17:01+00:00\" \/>\n<meta property=\"og:image\" content=\"https:\/\/outdooreurope.eu\/wp-content\/uploads\/2024\/01\/saas-balen-wanderer_52342816355_o-scaled-720x606-1.jpg\" \/>\n\t<meta property=\"og:image:width\" content=\"720\" \/>\n\t<meta property=\"og:image:height\" content=\"606\" \/>\n\t<meta property=\"og:image:type\" content=\"image\/jpeg\" \/>\n<meta name=\"twitter:card\" content=\"summary_large_image\" \/>\n<meta name=\"twitter:label1\" content=\"Prezzo\" \/>\n\t<meta name=\"twitter:data1\" content=\"&euro;1,525\" \/>\n\t<meta name=\"twitter:label2\" content=\"Disponibilit\u00e0\" \/>\n\t<meta name=\"twitter:data2\" content=\"In stock\" \/>\n<script type=\"application\/ld+json\" class=\"yoast-schema-graph\">{\"@context\":\"https:\\\/\\\/schema.org\",\"@graph\":[{\"@type\":\"WebPage\",\"@id\":\"https:\\\/\\\/outdooreurope.eu\\\/tours\\\/hiking-switzerland-valais-graubunden-trekking\\\/\",\"url\":\"https:\\\/\\\/outdooreurope.eu\\\/tours\\\/hiking-switzerland-valais-graubunden-trekking\\\/\",\"name\":\"Hike the Alpine Passes of Valais and Graubunden Adventure - Outdoor Europe\",\"isPartOf\":{\"@id\":\"https:\\\/\\\/outdooreurope.eu\\\/#website\"},\"primaryImageOfPage\":{\"@id\":\"https:\\\/\\\/outdooreurope.eu\\\/tours\\\/hiking-switzerland-valais-graubunden-trekking\\\/#primaryimage\"},\"image\":{\"@id\":\"https:\\\/\\\/outdooreurope.eu\\\/tours\\\/hiking-switzerland-valais-graubunden-trekking\\\/#primaryimage\"},\"thumbnailUrl\":\"https:\\\/\\\/outdooreurope.eu\\\/wp-content\\\/uploads\\\/2024\\\/01\\\/saas-balen-wanderer_52342816355_o-scaled-720x606-1.jpg\",\"datePublished\":\"2024-01-17T06:53:47+00:00\",\"dateModified\":\"2025-03-27T07:17:01+00:00\",\"description\":\"Challenge yourself with an exhilarating trek as you hike the Alpine Passes of Valais and Graubunden. Make memories amidst stunning landscapes! \ud83c\udf04\",\"breadcrumb\":{\"@id\":\"https:\\\/\\\/outdooreurope.eu\\\/tours\\\/hiking-switzerland-valais-graubunden-trekking\\\/#breadcrumb\"},\"inLanguage\":\"it-IT\",\"potentialAction\":[{\"@type\":\"ReadAction\",\"target\":[\"https:\\\/\\\/outdooreurope.eu\\\/tours\\\/hiking-switzerland-valais-graubunden-trekking\\\/\"]}]},{\"@type\":\"ImageObject\",\"inLanguage\":\"it-IT\",\"@id\":\"https:\\\/\\\/outdooreurope.eu\\\/tours\\\/hiking-switzerland-valais-graubunden-trekking\\\/#primaryimage\",\"url\":\"https:\\\/\\\/outdooreurope.eu\\\/wp-content\\\/uploads\\\/2024\\\/01\\\/saas-balen-wanderer_52342816355_o-scaled-720x606-1.jpg\",\"contentUrl\":\"https:\\\/\\\/outdooreurope.eu\\\/wp-content\\\/uploads\\\/2024\\\/01\\\/saas-balen-wanderer_52342816355_o-scaled-720x606-1.jpg\",\"width\":720,\"height\":606},{\"@type\":\"BreadcrumbList\",\"@id\":\"https:\\\/\\\/outdooreurope.eu\\\/tours\\\/hiking-switzerland-valais-graubunden-trekking\\\/#breadcrumb\",\"itemListElement\":[{\"@type\":\"ListItem\",\"position\":1,\"name\":\"Hjem\",\"item\":\"https:\\\/\\\/outdooreurope.eu\\\/\"},{\"@type\":\"ListItem\",\"position\":2,\"name\":\"Shop\",\"item\":\"https:\\\/\\\/outdooreurope.eu\\\/shop\\\/\"},{\"@type\":\"ListItem\",\"position\":3,\"name\":\"Hike the alpine passes of Valais and Graubunden: a high alpine journey\"}]},{\"@type\":\"WebSite\",\"@id\":\"https:\\\/\\\/outdooreurope.eu\\\/#website\",\"url\":\"https:\\\/\\\/outdooreurope.eu\\\/\",\"name\":\"Outdoor Europe\",\"description\":\"Hiking In Europe I Join the trail\",\"potentialAction\":[{\"@type\":\"SearchAction\",\"target\":{\"@type\":\"EntryPoint\",\"urlTemplate\":\"https:\\\/\\\/outdooreurope.eu\\\/?s={search_term_string}\"},\"query-input\":{\"@type\":\"PropertyValueSpecification\",\"valueRequired\":true,\"valueName\":\"search_term_string\"}}],\"inLanguage\":\"it-IT\"}]}<\/script>\n<meta property=\"product:price:amount\" content=\"1525\" \/>\n<meta property=\"product:price:currency\" content=\"EUR\" \/>\n<meta property=\"og:availability\" content=\"instock\" \/>\n<meta property=\"product:availability\" content=\"instock\" \/>\n<meta property=\"product:retailer_item_id\" content=\"16047\" \/>\n<meta property=\"product:condition\" content=\"new\" \/>\n<!-- \/ Yoast SEO Premium plugin. -->","yoast_head_json":{"title":"Escursione sui passi alpini del Vallese e dei Grigioni Avventura - Outdoor Europe","description":"Mettiti alla prova con un&#039;entusiasmante escursione sui passi alpini del Vallese e dei Grigioni. Crea ricordi in mezzo a paesaggi mozzafiato! \ud83c\udf04","robots":{"index":"index","follow":"follow","max-snippet":"max-snippet:-1","max-image-preview":"max-image-preview:large","max-video-preview":"max-video-preview:-1"},"canonical":"https:\/\/outdooreurope.eu\/it\/tour\/escursionismo-svizzera-vallese-grigioni-trekking\/","og_locale":"it_IT","og_type":"article","og_title":"Hike the alpine passes of Valais and Graubunden: a high alpine journey","og_description":"Traverse the Majestic Alpine Passes in 8 Days The Alpine Passes Trail is a remarkable odyssey that weaves together the most stunning valleys of Valais and","og_url":"https:\/\/outdooreurope.eu\/it\/tour\/escursionismo-svizzera-vallese-grigioni-trekking\/","og_site_name":"Outdoor Europe","article_publisher":"https:\/\/www.facebook.com\/outdooreurope.eu","article_modified_time":"2025-03-27T07:17:01+00:00","og_image":[{"width":720,"height":606,"url":"https:\/\/outdooreurope.eu\/wp-content\/uploads\/2024\/01\/saas-balen-wanderer_52342816355_o-scaled-720x606-1.jpg","type":"image\/jpeg"}],"twitter_card":"summary_large_image","twitter_misc":{"Prezzo":"&euro;1,525","Disponibilit\u00e0":"In stock"},"schema":{"@context":"https:\/\/schema.org","@graph":[{"@type":"WebPage","@id":"https:\/\/outdooreurope.eu\/tours\/hiking-switzerland-valais-graubunden-trekking\/","url":"https:\/\/outdooreurope.eu\/tours\/hiking-switzerland-valais-graubunden-trekking\/","name":"Escursione sui passi alpini del Vallese e dei Grigioni Avventura - Outdoor Europe","isPartOf":{"@id":"https:\/\/outdooreurope.eu\/#website"},"primaryImageOfPage":{"@id":"https:\/\/outdooreurope.eu\/tours\/hiking-switzerland-valais-graubunden-trekking\/#primaryimage"},"image":{"@id":"https:\/\/outdooreurope.eu\/tours\/hiking-switzerland-valais-graubunden-trekking\/#primaryimage"},"thumbnailUrl":"https:\/\/outdooreurope.eu\/wp-content\/uploads\/2024\/01\/saas-balen-wanderer_52342816355_o-scaled-720x606-1.jpg","datePublished":"2024-01-17T06:53:47+00:00","dateModified":"2025-03-27T07:17:01+00:00","description":"Mettiti alla prova con un&#039;entusiasmante escursione sui passi alpini del Vallese e dei Grigioni. Crea ricordi in mezzo a paesaggi mozzafiato! \ud83c\udf04","breadcrumb":{"@id":"https:\/\/outdooreurope.eu\/tours\/hiking-switzerland-valais-graubunden-trekking\/#breadcrumb"},"inLanguage":"it-IT","potentialAction":[{"@type":"ReadAction","target":["https:\/\/outdooreurope.eu\/tours\/hiking-switzerland-valais-graubunden-trekking\/"]}]},{"@type":"ImageObject","inLanguage":"it-IT","@id":"https:\/\/outdooreurope.eu\/tours\/hiking-switzerland-valais-graubunden-trekking\/#primaryimage","url":"https:\/\/outdooreurope.eu\/wp-content\/uploads\/2024\/01\/saas-balen-wanderer_52342816355_o-scaled-720x606-1.jpg","contentUrl":"https:\/\/outdooreurope.eu\/wp-content\/uploads\/2024\/01\/saas-balen-wanderer_52342816355_o-scaled-720x606-1.jpg","width":720,"height":606},{"@type":"BreadcrumbList","@id":"https:\/\/outdooreurope.eu\/tours\/hiking-switzerland-valais-graubunden-trekking\/#breadcrumb","itemListElement":[{"@type":"ListItem","position":1,"name":"Hjem","item":"https:\/\/outdooreurope.eu\/"},{"@type":"ListItem","position":2,"name":"Shop","item":"https:\/\/outdooreurope.eu\/shop\/"},{"@type":"ListItem","position":3,"name":"Hike the alpine passes of Valais and Graubunden: a high alpine journey"}]},{"@type":"WebSite","@id":"https:\/\/outdooreurope.eu\/#website","url":"https:\/\/outdooreurope.eu\/","name":"Europa all&#039;aperto","description":"Escursionismo in Europa Mi unisco al sentiero","potentialAction":[{"@type":"SearchAction","target":{"@type":"EntryPoint","urlTemplate":"https:\/\/outdooreurope.eu\/?s={search_term_string}"},"query-input":{"@type":"PropertyValueSpecification","valueRequired":true,"valueName":"search_term_string"}}],"inLanguage":"it-IT"}]},"product_price_amount":"1525","product_price_currency":"EUR","og_availability":"instock","product_availability":"instock","product_retailer_item_id":"16047","product_condition":"new"},"_links":{"self":[{"href":"https:\/\/outdooreurope.eu\/it\/wp-json\/wp\/v2\/product\/16047","targetHints":{"allow":["GET"]}}],"collection":[{"href":"https:\/\/outdooreurope.eu\/it\/wp-json\/wp\/v2\/product"}],"about":[{"href":"https:\/\/outdooreurope.eu\/it\/wp-json\/wp\/v2\/types\/product"}],"replies":[{"embeddable":true,"href":"https:\/\/outdooreurope.eu\/it\/wp-json\/wp\/v2\/comments?post=16047"}],"wp:featuredmedia":[{"embeddable":true,"href":"https:\/\/outdooreurope.eu\/it\/wp-json\/wp\/v2\/media\/16048"}],"wp:attachment":[{"href":"https:\/\/outdooreurope.eu\/it\/wp-json\/wp\/v2\/media?parent=16047"}],"wp:term":[{"taxonomy":"product_brand","embeddable":true,"href":"https:\/\/outdooreurope.eu\/it\/wp-json\/wp\/v2\/product_brand?post=16047"},{"taxonomy":"product_cat","embeddable":true,"href":"https:\/\/outdooreurope.eu\/it\/wp-json\/wp\/v2\/product_cat?post=16047"},{"taxonomy":"product_tag","embeddable":true,"href":"https:\/\/outdooreurope.eu\/it\/wp-json\/wp\/v2\/product_tag?post=16047"}],"curies":[{"name":"parola chiave","href":"https:\/\/api.w.org\/{rel}","templated":true}]}}