{"id":16149,"date":"2024-01-17T11:51:34","date_gmt":"2024-01-17T10:51:34","guid":{"rendered":"https:\/\/outdooreurope.eu\/?post_type=product&#038;p=16149"},"modified":"2025-03-27T08:05:11","modified_gmt":"2025-03-27T07:05:11","slug":"escursionismo-italia-sardegna-parco-naturale-orosei-autoguidato","status":"publish","type":"product","link":"https:\/\/outdooreurope.eu\/it\/tours\/hiking-italy-sardinia-orosei-nature-park-self-guided\/","title":{"rendered":"Escursione lungo la costa orientale della Sardegna: mozzafiato e selvaggia!"},"content":{"rendered":"<h3>Escursione sulla costa orientale della Sardegna: trekking nel parco naturale di Orosei.<\/h3>\n<p>Cosa associ alla Sardegna? Sicuramente spiagge sabbiose da sogno, mare turchese e miti serate estive mangiando pasta fresca. Ma c&#039;\u00e8 di pi\u00f9 in Sardegna: \u00e8 diventata una destinazione popolare per le vacanze escursionistiche. L&#039;escursione attraverso la Sardegna orientale \u00e8 allo stesso tempo selvaggia e rilassante. Selvaggio, perch\u00e9 il paesaggio \u00e8 caratterizzato da aspre rocce. E rilassante, perch\u00e9 i sardi hanno perfezionato \u201cla dolce far niente\u201d, il dolce far niente. Lasciati contagiare dagli italiani e vivi la tua vacanza escursionistica in Sardegna in modo rilassato!<\/p>\n<h4>I punti salienti della costa orientale della Sardegna in breve:<\/h4>\n<ul>\n<li><strong>Impressionanti passeggiate lungo la costa:<\/strong> L&#039;est della Sardegna \u00e8 selvaggio e ha un paesaggio estremamente suggestivo: i percorsi si snodano principalmente lungo la costa, garantendo magnifiche viste sul mare.<\/li>\n<li><strong>Parco Naturale di Orosei:<\/strong> Il pi\u00f9 grande parco naturale della Sardegna, il Golfo di Orosei, \u00e8 un gioiello paesaggistico dell&#039;isola italiana. Il possente calcare si erge quasi verticalmente dal mare e forma suggestivi punti di riferimento nelle acque turchesi.<\/li>\n<li><strong>Macchia incantevole:<\/strong> Uno splendore profumato e fiorito vi aspetta nei mesi primaverili nella macchia mediterranea della Sardegna. Tra le fioriture primaverili e autunnali, i boschi di machia emanano l&#039;aroma del rosmarino, dell&#039;alloro e di altre erbe mediterranee.<\/li>\n<li><strong>Grotta del Bue Marino:<\/strong> Questa grotta di stalattiti si trova ai piedi del Supramonte nel Golfo di Orosei. Deve il suo nome alla foca monaca che cercava rifugio in quota e fu battezzata Bue Marino. Godetevi l&#039;atmosfera mistica!<\/li>\n<\/ul>\n<p>&nbsp;<\/p>","protected":false},"excerpt":{"rendered":"<p>Cosa associ alla Sardegna? Sicuramente spiagge sabbiose da sogno, mare turchese e miti serate estive mangiando pasta fresca. Ma c&#039;\u00e8 di pi\u00f9 in Sardegna: \u00e8 diventata una destinazione popolare per le vacanze escursionistiche.<\/p>","protected":false},"featured_media":16150,"comment_status":"open","ping_status":"closed","template":"","meta":{"_acf_changed":false,"content-type":"","inline_featured_image":false},"product_brand":[],"product_cat":[302],"product_tag":[760,952,953,965,980,981],"class_list":{"0":"post-16149","1":"product","2":"type-product","3":"status-publish","4":"has-post-thumbnail","6":"tour_country-italy","7":"tour_types-hut-to-hut","8":"tour_types-self-guided","9":"tour_types-family","10":"product_cat-ukategoriseret","11":"product_tag-hiking","12":"product_tag-italy","13":"product_tag-walking","14":"product_tag-ligurian-sea","15":"product_tag-sardinia","16":"product_tag-orosei","17":"pa_duration-7-nights","18":"tour_category-hiking-in-europe","20":"first","21":"instock","22":"downloadable","23":"shipping-taxable","24":"purchasable","25":"product-type-tour"},"acf":[],"yoast_head":"<!-- This site is optimized with the Yoast SEO Premium plugin v27.4 (Yoast SEO v27.4) - https:\/\/yoast.com\/product\/yoast-seo-premium-wordpress\/ -->\n<title>Hike Sardinia&#039;s east coast: breathtaking and wild! - Outdoor Europe<\/title>\n<meta name=\"description\" content=\"Experience stunning coastal hikes as you explore Sardinia&#039;s East Coast. Discover breathtaking views and relax in nature&#039;s beauty. \ud83c\udf0a\" \/>\n<meta name=\"robots\" content=\"index, follow, max-snippet:-1, max-image-preview:large, max-video-preview:-1\" \/>\n<link rel=\"canonical\" href=\"https:\/\/outdooreurope.eu\/it\/tour\/escursionismo-italia-sardegna-parco-naturale-orosei-autoguidato\/\" \/>\n<meta property=\"og:locale\" content=\"it_IT\" \/>\n<meta property=\"og:type\" content=\"article\" \/>\n<meta property=\"og:title\" content=\"Hike Sardinia&#039;s east coast: breathtaking and wild!\" \/>\n<meta property=\"og:description\" content=\"What do you associate with Sardinia? Certainly dreamy sandy beaches, the turquoise blue sea and balmy summer evenings eating fresh pasta. But there\u2019s more to Sardinia \u2013 it has become a popular destination for hiking holidays.\" \/>\n<meta property=\"og:url\" content=\"https:\/\/outdooreurope.eu\/it\/tour\/escursionismo-italia-sardegna-parco-naturale-orosei-autoguidato\/\" \/>\n<meta property=\"og:site_name\" content=\"Outdoor Europe\" \/>\n<meta property=\"article:publisher\" content=\"https:\/\/www.facebook.com\/outdooreurope.eu\" \/>\n<meta property=\"article:modified_time\" content=\"2025-03-27T07:05:11+00:00\" \/>\n<meta property=\"og:image\" content=\"https:\/\/outdooreurope.eu\/wp-content\/uploads\/2024\/01\/Untitled-design-28-720x606-1.jpg\" \/>\n\t<meta property=\"og:image:width\" content=\"720\" \/>\n\t<meta property=\"og:image:height\" content=\"606\" \/>\n\t<meta property=\"og:image:type\" content=\"image\/jpeg\" \/>\n<meta name=\"twitter:card\" content=\"summary_large_image\" \/>\n<meta name=\"twitter:label1\" content=\"Prezzo\" \/>\n\t<meta name=\"twitter:data1\" content=\"&euro;879\" \/>\n\t<meta name=\"twitter:label2\" content=\"Disponibilit\u00e0\" \/>\n\t<meta name=\"twitter:data2\" content=\"In stock\" \/>\n<script type=\"application\/ld+json\" class=\"yoast-schema-graph\">{\"@context\":\"https:\\\/\\\/schema.org\",\"@graph\":[{\"@type\":\"WebPage\",\"@id\":\"https:\\\/\\\/outdooreurope.eu\\\/tours\\\/hiking-italy-sardinia-orosei-nature-park-self-guided\\\/\",\"url\":\"https:\\\/\\\/outdooreurope.eu\\\/tours\\\/hiking-italy-sardinia-orosei-nature-park-self-guided\\\/\",\"name\":\"Hike Sardinia's east coast: breathtaking and wild! - Outdoor Europe\",\"isPartOf\":{\"@id\":\"https:\\\/\\\/outdooreurope.eu\\\/#website\"},\"primaryImageOfPage\":{\"@id\":\"https:\\\/\\\/outdooreurope.eu\\\/tours\\\/hiking-italy-sardinia-orosei-nature-park-self-guided\\\/#primaryimage\"},\"image\":{\"@id\":\"https:\\\/\\\/outdooreurope.eu\\\/tours\\\/hiking-italy-sardinia-orosei-nature-park-self-guided\\\/#primaryimage\"},\"thumbnailUrl\":\"https:\\\/\\\/outdooreurope.eu\\\/wp-content\\\/uploads\\\/2024\\\/01\\\/Untitled-design-28-720x606-1.jpg\",\"datePublished\":\"2024-01-17T10:51:34+00:00\",\"dateModified\":\"2025-03-27T07:05:11+00:00\",\"description\":\"Experience stunning coastal hikes as you explore Sardinia's East Coast. Discover breathtaking views and relax in nature's beauty. \ud83c\udf0a\",\"breadcrumb\":{\"@id\":\"https:\\\/\\\/outdooreurope.eu\\\/tours\\\/hiking-italy-sardinia-orosei-nature-park-self-guided\\\/#breadcrumb\"},\"inLanguage\":\"it-IT\",\"potentialAction\":[{\"@type\":\"ReadAction\",\"target\":[\"https:\\\/\\\/outdooreurope.eu\\\/tours\\\/hiking-italy-sardinia-orosei-nature-park-self-guided\\\/\"]}]},{\"@type\":\"ImageObject\",\"inLanguage\":\"it-IT\",\"@id\":\"https:\\\/\\\/outdooreurope.eu\\\/tours\\\/hiking-italy-sardinia-orosei-nature-park-self-guided\\\/#primaryimage\",\"url\":\"https:\\\/\\\/outdooreurope.eu\\\/wp-content\\\/uploads\\\/2024\\\/01\\\/Untitled-design-28-720x606-1.jpg\",\"contentUrl\":\"https:\\\/\\\/outdooreurope.eu\\\/wp-content\\\/uploads\\\/2024\\\/01\\\/Untitled-design-28-720x606-1.jpg\",\"width\":720,\"height\":606},{\"@type\":\"BreadcrumbList\",\"@id\":\"https:\\\/\\\/outdooreurope.eu\\\/tours\\\/hiking-italy-sardinia-orosei-nature-park-self-guided\\\/#breadcrumb\",\"itemListElement\":[{\"@type\":\"ListItem\",\"position\":1,\"name\":\"Hjem\",\"item\":\"https:\\\/\\\/outdooreurope.eu\\\/\"},{\"@type\":\"ListItem\",\"position\":2,\"name\":\"Shop\",\"item\":\"https:\\\/\\\/outdooreurope.eu\\\/shop\\\/\"},{\"@type\":\"ListItem\",\"position\":3,\"name\":\"Hike Sardinia&#8217;s east coast: breathtaking and wild!\"}]},{\"@type\":\"WebSite\",\"@id\":\"https:\\\/\\\/outdooreurope.eu\\\/#website\",\"url\":\"https:\\\/\\\/outdooreurope.eu\\\/\",\"name\":\"Outdoor Europe\",\"description\":\"Hiking In Europe I Join the trail\",\"potentialAction\":[{\"@type\":\"SearchAction\",\"target\":{\"@type\":\"EntryPoint\",\"urlTemplate\":\"https:\\\/\\\/outdooreurope.eu\\\/?s={search_term_string}\"},\"query-input\":{\"@type\":\"PropertyValueSpecification\",\"valueRequired\":true,\"valueName\":\"search_term_string\"}}],\"inLanguage\":\"it-IT\"}]}<\/script>\n<meta property=\"product:price:amount\" content=\"879\" \/>\n<meta property=\"product:price:currency\" content=\"EUR\" \/>\n<meta property=\"og:availability\" content=\"instock\" \/>\n<meta property=\"product:availability\" content=\"instock\" \/>\n<meta property=\"product:retailer_item_id\" content=\"16149\" \/>\n<meta property=\"product:condition\" content=\"new\" \/>\n<!-- \/ Yoast SEO Premium plugin. -->","yoast_head_json":{"title":"Escursione sulla costa orientale della Sardegna: mozzafiato e selvaggia! - Outdoor Europe","description":"Vivi escursioni costiere mozzafiato mentre esplori la costa orientale della Sardegna. Scopri viste mozzafiato e rilassati nella bellezza della natura. \ud83c\udf0a","robots":{"index":"index","follow":"follow","max-snippet":"max-snippet:-1","max-image-preview":"max-image-preview:large","max-video-preview":"max-video-preview:-1"},"canonical":"https:\/\/outdooreurope.eu\/it\/tour\/escursionismo-italia-sardegna-parco-naturale-orosei-autoguidato\/","og_locale":"it_IT","og_type":"article","og_title":"Hike Sardinia's east coast: breathtaking and wild!","og_description":"What do you associate with Sardinia? Certainly dreamy sandy beaches, the turquoise blue sea and balmy summer evenings eating fresh pasta. But there\u2019s more to Sardinia \u2013 it has become a popular destination for hiking holidays.","og_url":"https:\/\/outdooreurope.eu\/it\/tour\/escursionismo-italia-sardegna-parco-naturale-orosei-autoguidato\/","og_site_name":"Outdoor Europe","article_publisher":"https:\/\/www.facebook.com\/outdooreurope.eu","article_modified_time":"2025-03-27T07:05:11+00:00","og_image":[{"width":720,"height":606,"url":"https:\/\/outdooreurope.eu\/wp-content\/uploads\/2024\/01\/Untitled-design-28-720x606-1.jpg","type":"image\/jpeg"}],"twitter_card":"summary_large_image","twitter_misc":{"Prezzo":"&euro;879","Disponibilit\u00e0":"In stock"},"schema":{"@context":"https:\/\/schema.org","@graph":[{"@type":"WebPage","@id":"https:\/\/outdooreurope.eu\/tours\/hiking-italy-sardinia-orosei-nature-park-self-guided\/","url":"https:\/\/outdooreurope.eu\/tours\/hiking-italy-sardinia-orosei-nature-park-self-guided\/","name":"Escursione sulla costa orientale della Sardegna: mozzafiato e selvaggia! - Outdoor Europe","isPartOf":{"@id":"https:\/\/outdooreurope.eu\/#website"},"primaryImageOfPage":{"@id":"https:\/\/outdooreurope.eu\/tours\/hiking-italy-sardinia-orosei-nature-park-self-guided\/#primaryimage"},"image":{"@id":"https:\/\/outdooreurope.eu\/tours\/hiking-italy-sardinia-orosei-nature-park-self-guided\/#primaryimage"},"thumbnailUrl":"https:\/\/outdooreurope.eu\/wp-content\/uploads\/2024\/01\/Untitled-design-28-720x606-1.jpg","datePublished":"2024-01-17T10:51:34+00:00","dateModified":"2025-03-27T07:05:11+00:00","description":"Vivi escursioni costiere mozzafiato mentre esplori la costa orientale della Sardegna. Scopri viste mozzafiato e rilassati nella bellezza della natura. \ud83c\udf0a","breadcrumb":{"@id":"https:\/\/outdooreurope.eu\/tours\/hiking-italy-sardinia-orosei-nature-park-self-guided\/#breadcrumb"},"inLanguage":"it-IT","potentialAction":[{"@type":"ReadAction","target":["https:\/\/outdooreurope.eu\/tours\/hiking-italy-sardinia-orosei-nature-park-self-guided\/"]}]},{"@type":"ImageObject","inLanguage":"it-IT","@id":"https:\/\/outdooreurope.eu\/tours\/hiking-italy-sardinia-orosei-nature-park-self-guided\/#primaryimage","url":"https:\/\/outdooreurope.eu\/wp-content\/uploads\/2024\/01\/Untitled-design-28-720x606-1.jpg","contentUrl":"https:\/\/outdooreurope.eu\/wp-content\/uploads\/2024\/01\/Untitled-design-28-720x606-1.jpg","width":720,"height":606},{"@type":"BreadcrumbList","@id":"https:\/\/outdooreurope.eu\/tours\/hiking-italy-sardinia-orosei-nature-park-self-guided\/#breadcrumb","itemListElement":[{"@type":"ListItem","position":1,"name":"Hjem","item":"https:\/\/outdooreurope.eu\/"},{"@type":"ListItem","position":2,"name":"Shop","item":"https:\/\/outdooreurope.eu\/shop\/"},{"@type":"ListItem","position":3,"name":"Hike Sardinia&#8217;s east coast: breathtaking and wild!"}]},{"@type":"WebSite","@id":"https:\/\/outdooreurope.eu\/#website","url":"https:\/\/outdooreurope.eu\/","name":"Europa all&#039;aperto","description":"Escursionismo in Europa Mi unisco al sentiero","potentialAction":[{"@type":"SearchAction","target":{"@type":"EntryPoint","urlTemplate":"https:\/\/outdooreurope.eu\/?s={search_term_string}"},"query-input":{"@type":"PropertyValueSpecification","valueRequired":true,"valueName":"search_term_string"}}],"inLanguage":"it-IT"}]},"product_price_amount":"879","product_price_currency":"EUR","og_availability":"instock","product_availability":"instock","product_retailer_item_id":"16149","product_condition":"new"},"_links":{"self":[{"href":"https:\/\/outdooreurope.eu\/it\/wp-json\/wp\/v2\/product\/16149","targetHints":{"allow":["GET"]}}],"collection":[{"href":"https:\/\/outdooreurope.eu\/it\/wp-json\/wp\/v2\/product"}],"about":[{"href":"https:\/\/outdooreurope.eu\/it\/wp-json\/wp\/v2\/types\/product"}],"replies":[{"embeddable":true,"href":"https:\/\/outdooreurope.eu\/it\/wp-json\/wp\/v2\/comments?post=16149"}],"wp:featuredmedia":[{"embeddable":true,"href":"https:\/\/outdooreurope.eu\/it\/wp-json\/wp\/v2\/media\/16150"}],"wp:attachment":[{"href":"https:\/\/outdooreurope.eu\/it\/wp-json\/wp\/v2\/media?parent=16149"}],"wp:term":[{"taxonomy":"product_brand","embeddable":true,"href":"https:\/\/outdooreurope.eu\/it\/wp-json\/wp\/v2\/product_brand?post=16149"},{"taxonomy":"product_cat","embeddable":true,"href":"https:\/\/outdooreurope.eu\/it\/wp-json\/wp\/v2\/product_cat?post=16149"},{"taxonomy":"product_tag","embeddable":true,"href":"https:\/\/outdooreurope.eu\/it\/wp-json\/wp\/v2\/product_tag?post=16149"}],"curies":[{"name":"parola chiave","href":"https:\/\/api.w.org\/{rel}","templated":true}]}}