{"id":16177,"date":"2024-01-17T12:13:28","date_gmt":"2024-01-17T11:13:28","guid":{"rendered":"https:\/\/outdooreurope.eu\/?post_type=product&#038;p=16177"},"modified":"2025-03-27T08:02:52","modified_gmt":"2025-03-27T07:02:52","slug":"percorrere-lalpe-adria-trail","status":"publish","type":"product","link":"https:\/\/outdooreurope.eu\/it\/tours\/hike-the-alpe-adria-trail\/","title":{"rendered":"Percorri l&#039;Alpe Adria Trail: ti aspetta un&#039;avventura europea"},"content":{"rendered":"<p><strong>Percorri l&#039;Alpe Adria Trail: ti aspetta un&#039;avventura europea<\/strong><\/p>\n<p>L&#039;Alpe Adria Trail rappresenta una delle esperienze escursionistiche pi\u00f9 spettacolari d&#039;Europa, estendendosi per circa 750 km attraverso gli incantevoli paesaggi del Friuli-Venezia, della Slovenia e della Carinzia. Il nostro percorso circolare inizia e termina nella pittoresca cittadina di Tarvisio, offrendo un&#039;avventura davvero internazionale attraverso Austria, Italia e Slovenia.<\/p>\n<p><strong>Punti salienti principali:<\/strong><\/p>\n<ul>\n<li><strong>Paesaggi diversi:<\/strong> Questa vacanza escursionistica alpina \u00e8 un viaggio accattivante pieno di una variet\u00e0 di paesaggi, monumenti e attivit\u00e0. Che tu stia cercando la bellezza delle escursioni austriache o esplorando i sentieri italiani, questo gigantesco sentiero si rivolge a tutti gli escursionisti. Da Tarvisio all&#039;incantevole insediamento di Valbruna, e di nuovo a Tarvisio, incontrerai paesaggi meravigliosi, tra cui montagne, pascoli e prati.<\/li>\n<li><strong>Accessibile a tutti:<\/strong> L&#039;Alpe Adria Trail \u00e8 perfetto per escursionisti di ogni livello, rendendolo un percorso accogliente per chi cerca l&#039;avventura. Offre non solo panorami mozzafiato ma anche una ricca esperienza culturale e patrimoniale.<\/li>\n<li><strong>Fusione culturale:<\/strong> Tarvisio, incastonato tra le Alpi Carniche e le Caravanche, \u00e8 un pittoresco villaggio con una miscela unica di influenze germaniche e slave. Precedentemente parte dell&#039;Austria, ora incarna un distinto fascino germanico in un ambiente italiano. L&#039;architettura, le attivit\u00e0 e l&#039;atmosfera della regione riflettono questa ricca fusione culturale.<\/li>\n<\/ul>\n<div><\/div>","protected":false},"excerpt":{"rendered":"<p>Escursione lungo un tratto pittoresco dell&#039;Alpe Adria Trail. Potrai assaggiare le cucine locali, godere di panorami mozzafiato e immergerti nella cultura italiana e austriaca.<\/p>","protected":false},"featured_media":16973,"comment_status":"open","ping_status":"closed","template":"","meta":{"_acf_changed":false,"content-type":"","inline_featured_image":false},"product_brand":[],"product_cat":[302],"product_tag":[953,971,972,973,974,975,976,977,760],"class_list":{"0":"post-16177","1":"product","2":"type-product","3":"status-publish","4":"has-post-thumbnail","6":"tour_country-austria","7":"tour_country-italy","8":"tour_country-slovenia","9":"tour_types-hut-to-hut","10":"tour_types-self-guided","11":"tour_types-family","12":"product_cat-ukategoriseret","13":"product_tag-walking","14":"product_tag-alpine-hiking","15":"product_tag-italian-alps","16":"product_tag-austria","17":"product_tag-slovenia","18":"product_tag-villach","19":"product_tag-tarvisio","20":"product_tag-zacchi","21":"product_tag-hiking","22":"pa_duration-7-nights","23":"tour_category-hiking-in-europe","25":"first","26":"instock","27":"shipping-taxable","28":"purchasable","29":"product-type-tour"},"acf":[],"yoast_head":"<!-- This site is optimized with the Yoast SEO Premium plugin v27.4 (Yoast SEO v27.4) - https:\/\/yoast.com\/product\/yoast-seo-premium-wordpress\/ -->\n<title>Hike the Alpe Adria trail: A European adventure awaits - Outdoor Europe<\/title>\n<meta name=\"description\" content=\"Embrace an unforgettable adventure when you Hike the Alpe Adria Trail! Experience diverse landscapes, stunning scenery, and captivating journeys.\" \/>\n<meta name=\"robots\" content=\"index, follow, max-snippet:-1, max-image-preview:large, max-video-preview:-1\" \/>\n<link rel=\"canonical\" href=\"https:\/\/outdooreurope.eu\/it\/tour\/percorrere-lalpe-adria-trail\/\" \/>\n<meta property=\"og:locale\" content=\"it_IT\" \/>\n<meta property=\"og:type\" content=\"article\" \/>\n<meta property=\"og:title\" content=\"Hike the Alpe Adria trail: A European adventure awaits\" \/>\n<meta property=\"og:description\" content=\"Hike along a picturesque section of the Alpe Adria Trail. You&#039;ll get to sample local cuisines, enjoy amazing views and immerse yourself in both Italian and Austrian culture.\" \/>\n<meta property=\"og:url\" content=\"https:\/\/outdooreurope.eu\/it\/tour\/percorrere-lalpe-adria-trail\/\" \/>\n<meta property=\"og:site_name\" content=\"Outdoor Europe\" \/>\n<meta property=\"article:publisher\" content=\"https:\/\/www.facebook.com\/outdooreurope.eu\" \/>\n<meta property=\"article:modified_time\" content=\"2025-03-27T07:02:52+00:00\" \/>\n<meta property=\"og:image\" content=\"https:\/\/outdooreurope.eu\/wp-content\/uploads\/2024\/01\/shutterstock_1648121689.jpg\" \/>\n\t<meta property=\"og:image:width\" content=\"1280\" \/>\n\t<meta property=\"og:image:height\" content=\"854\" \/>\n\t<meta property=\"og:image:type\" content=\"image\/jpeg\" \/>\n<meta name=\"twitter:card\" content=\"summary_large_image\" \/>\n<meta name=\"twitter:label1\" content=\"Prezzo\" \/>\n\t<meta name=\"twitter:data1\" content=\"&euro;950\" \/>\n\t<meta name=\"twitter:label2\" content=\"Disponibilit\u00e0\" \/>\n\t<meta name=\"twitter:data2\" content=\"In stock\" \/>\n<script type=\"application\/ld+json\" class=\"yoast-schema-graph\">{\"@context\":\"https:\\\/\\\/schema.org\",\"@graph\":[{\"@type\":\"WebPage\",\"@id\":\"https:\\\/\\\/outdooreurope.eu\\\/tours\\\/hike-the-alpe-adria-trail\\\/\",\"url\":\"https:\\\/\\\/outdooreurope.eu\\\/tours\\\/hike-the-alpe-adria-trail\\\/\",\"name\":\"Hike the Alpe Adria trail: A European adventure awaits - Outdoor Europe\",\"isPartOf\":{\"@id\":\"https:\\\/\\\/outdooreurope.eu\\\/#website\"},\"primaryImageOfPage\":{\"@id\":\"https:\\\/\\\/outdooreurope.eu\\\/tours\\\/hike-the-alpe-adria-trail\\\/#primaryimage\"},\"image\":{\"@id\":\"https:\\\/\\\/outdooreurope.eu\\\/tours\\\/hike-the-alpe-adria-trail\\\/#primaryimage\"},\"thumbnailUrl\":\"https:\\\/\\\/outdooreurope.eu\\\/wp-content\\\/uploads\\\/2024\\\/01\\\/shutterstock_1648121689.jpg\",\"datePublished\":\"2024-01-17T11:13:28+00:00\",\"dateModified\":\"2025-03-27T07:02:52+00:00\",\"description\":\"Embrace an unforgettable adventure when you Hike the Alpe Adria Trail! Experience diverse landscapes, stunning scenery, and captivating journeys.\",\"breadcrumb\":{\"@id\":\"https:\\\/\\\/outdooreurope.eu\\\/tours\\\/hike-the-alpe-adria-trail\\\/#breadcrumb\"},\"inLanguage\":\"it-IT\",\"potentialAction\":[{\"@type\":\"ReadAction\",\"target\":[\"https:\\\/\\\/outdooreurope.eu\\\/tours\\\/hike-the-alpe-adria-trail\\\/\"]}]},{\"@type\":\"ImageObject\",\"inLanguage\":\"it-IT\",\"@id\":\"https:\\\/\\\/outdooreurope.eu\\\/tours\\\/hike-the-alpe-adria-trail\\\/#primaryimage\",\"url\":\"https:\\\/\\\/outdooreurope.eu\\\/wp-content\\\/uploads\\\/2024\\\/01\\\/shutterstock_1648121689.jpg\",\"contentUrl\":\"https:\\\/\\\/outdooreurope.eu\\\/wp-content\\\/uploads\\\/2024\\\/01\\\/shutterstock_1648121689.jpg\",\"width\":1280,\"height\":854,\"caption\":\"The sanctuary of Monte Lussari situated at the top of a mountain near Tarvisio in Friuli Venezia Giulia\"},{\"@type\":\"BreadcrumbList\",\"@id\":\"https:\\\/\\\/outdooreurope.eu\\\/tours\\\/hike-the-alpe-adria-trail\\\/#breadcrumb\",\"itemListElement\":[{\"@type\":\"ListItem\",\"position\":1,\"name\":\"Hjem\",\"item\":\"https:\\\/\\\/outdooreurope.eu\\\/\"},{\"@type\":\"ListItem\",\"position\":2,\"name\":\"Shop\",\"item\":\"https:\\\/\\\/outdooreurope.eu\\\/shop\\\/\"},{\"@type\":\"ListItem\",\"position\":3,\"name\":\"Hike the Alpe Adria trail: A European adventure awaits\"}]},{\"@type\":\"WebSite\",\"@id\":\"https:\\\/\\\/outdooreurope.eu\\\/#website\",\"url\":\"https:\\\/\\\/outdooreurope.eu\\\/\",\"name\":\"Outdoor Europe\",\"description\":\"Hiking In Europe I Join the trail\",\"potentialAction\":[{\"@type\":\"SearchAction\",\"target\":{\"@type\":\"EntryPoint\",\"urlTemplate\":\"https:\\\/\\\/outdooreurope.eu\\\/?s={search_term_string}\"},\"query-input\":{\"@type\":\"PropertyValueSpecification\",\"valueRequired\":true,\"valueName\":\"search_term_string\"}}],\"inLanguage\":\"it-IT\"}]}<\/script>\n<meta property=\"product:price:amount\" content=\"950\" \/>\n<meta property=\"product:price:currency\" content=\"EUR\" \/>\n<meta property=\"og:availability\" content=\"instock\" \/>\n<meta property=\"product:availability\" content=\"instock\" \/>\n<meta property=\"product:retailer_item_id\" content=\"16177\" \/>\n<meta property=\"product:condition\" content=\"new\" \/>\n<!-- \/ Yoast SEO Premium plugin. -->","yoast_head_json":{"title":"Percorri l&#039;Alpe Adria Trail: ti aspetta un&#039;avventura europea - Outdoor Europe","description":"Vivi un&#039;avventura indimenticabile percorrendo l&#039;Alpe Adria Trail! Scopri paesaggi diversi, scenari mozzafiato e viaggi accattivanti.","robots":{"index":"index","follow":"follow","max-snippet":"max-snippet:-1","max-image-preview":"max-image-preview:large","max-video-preview":"max-video-preview:-1"},"canonical":"https:\/\/outdooreurope.eu\/it\/tour\/percorrere-lalpe-adria-trail\/","og_locale":"it_IT","og_type":"article","og_title":"Hike the Alpe Adria trail: A European adventure awaits","og_description":"Hike along a picturesque section of the Alpe Adria Trail. You'll get to sample local cuisines, enjoy amazing views and immerse yourself in both Italian and Austrian culture.","og_url":"https:\/\/outdooreurope.eu\/it\/tour\/percorrere-lalpe-adria-trail\/","og_site_name":"Outdoor Europe","article_publisher":"https:\/\/www.facebook.com\/outdooreurope.eu","article_modified_time":"2025-03-27T07:02:52+00:00","og_image":[{"width":1280,"height":854,"url":"https:\/\/outdooreurope.eu\/wp-content\/uploads\/2024\/01\/shutterstock_1648121689.jpg","type":"image\/jpeg"}],"twitter_card":"summary_large_image","twitter_misc":{"Prezzo":"&euro;950","Disponibilit\u00e0":"In stock"},"schema":{"@context":"https:\/\/schema.org","@graph":[{"@type":"WebPage","@id":"https:\/\/outdooreurope.eu\/tours\/hike-the-alpe-adria-trail\/","url":"https:\/\/outdooreurope.eu\/tours\/hike-the-alpe-adria-trail\/","name":"Percorri l&#039;Alpe Adria Trail: ti aspetta un&#039;avventura europea - Outdoor Europe","isPartOf":{"@id":"https:\/\/outdooreurope.eu\/#website"},"primaryImageOfPage":{"@id":"https:\/\/outdooreurope.eu\/tours\/hike-the-alpe-adria-trail\/#primaryimage"},"image":{"@id":"https:\/\/outdooreurope.eu\/tours\/hike-the-alpe-adria-trail\/#primaryimage"},"thumbnailUrl":"https:\/\/outdooreurope.eu\/wp-content\/uploads\/2024\/01\/shutterstock_1648121689.jpg","datePublished":"2024-01-17T11:13:28+00:00","dateModified":"2025-03-27T07:02:52+00:00","description":"Vivi un&#039;avventura indimenticabile percorrendo l&#039;Alpe Adria Trail! Scopri paesaggi diversi, scenari mozzafiato e viaggi accattivanti.","breadcrumb":{"@id":"https:\/\/outdooreurope.eu\/tours\/hike-the-alpe-adria-trail\/#breadcrumb"},"inLanguage":"it-IT","potentialAction":[{"@type":"ReadAction","target":["https:\/\/outdooreurope.eu\/tours\/hike-the-alpe-adria-trail\/"]}]},{"@type":"ImageObject","inLanguage":"it-IT","@id":"https:\/\/outdooreurope.eu\/tours\/hike-the-alpe-adria-trail\/#primaryimage","url":"https:\/\/outdooreurope.eu\/wp-content\/uploads\/2024\/01\/shutterstock_1648121689.jpg","contentUrl":"https:\/\/outdooreurope.eu\/wp-content\/uploads\/2024\/01\/shutterstock_1648121689.jpg","width":1280,"height":854,"caption":"The sanctuary of Monte Lussari situated at the top of a mountain near Tarvisio in Friuli Venezia Giulia"},{"@type":"BreadcrumbList","@id":"https:\/\/outdooreurope.eu\/tours\/hike-the-alpe-adria-trail\/#breadcrumb","itemListElement":[{"@type":"ListItem","position":1,"name":"Hjem","item":"https:\/\/outdooreurope.eu\/"},{"@type":"ListItem","position":2,"name":"Shop","item":"https:\/\/outdooreurope.eu\/shop\/"},{"@type":"ListItem","position":3,"name":"Hike the Alpe Adria trail: A European adventure awaits"}]},{"@type":"WebSite","@id":"https:\/\/outdooreurope.eu\/#website","url":"https:\/\/outdooreurope.eu\/","name":"Europa all&#039;aperto","description":"Escursionismo in Europa Mi unisco al sentiero","potentialAction":[{"@type":"SearchAction","target":{"@type":"EntryPoint","urlTemplate":"https:\/\/outdooreurope.eu\/?s={search_term_string}"},"query-input":{"@type":"PropertyValueSpecification","valueRequired":true,"valueName":"search_term_string"}}],"inLanguage":"it-IT"}]},"product_price_amount":"950","product_price_currency":"EUR","og_availability":"instock","product_availability":"instock","product_retailer_item_id":"16177","product_condition":"new"},"_links":{"self":[{"href":"https:\/\/outdooreurope.eu\/it\/wp-json\/wp\/v2\/product\/16177","targetHints":{"allow":["GET"]}}],"collection":[{"href":"https:\/\/outdooreurope.eu\/it\/wp-json\/wp\/v2\/product"}],"about":[{"href":"https:\/\/outdooreurope.eu\/it\/wp-json\/wp\/v2\/types\/product"}],"replies":[{"embeddable":true,"href":"https:\/\/outdooreurope.eu\/it\/wp-json\/wp\/v2\/comments?post=16177"}],"wp:featuredmedia":[{"embeddable":true,"href":"https:\/\/outdooreurope.eu\/it\/wp-json\/wp\/v2\/media\/16973"}],"wp:attachment":[{"href":"https:\/\/outdooreurope.eu\/it\/wp-json\/wp\/v2\/media?parent=16177"}],"wp:term":[{"taxonomy":"product_brand","embeddable":true,"href":"https:\/\/outdooreurope.eu\/it\/wp-json\/wp\/v2\/product_brand?post=16177"},{"taxonomy":"product_cat","embeddable":true,"href":"https:\/\/outdooreurope.eu\/it\/wp-json\/wp\/v2\/product_cat?post=16177"},{"taxonomy":"product_tag","embeddable":true,"href":"https:\/\/outdooreurope.eu\/it\/wp-json\/wp\/v2\/product_tag?post=16177"}],"curies":[{"name":"parola chiave","href":"https:\/\/api.w.org\/{rel}","templated":true}]}}