{"id":16269,"date":"2024-01-17T14:06:05","date_gmt":"2024-01-17T13:06:05","guid":{"rendered":"https:\/\/outdooreurope.eu\/?post_type=product&#038;p=16269"},"modified":"2025-03-27T07:54:49","modified_gmt":"2025-03-27T06:54:49","slug":"escursionismo-italia-spluga-adatto-alle-famiglie-trekking-autoguidato","status":"publish","type":"product","link":"https:\/\/outdooreurope.eu\/it\/tours\/hiking-italy-spluga-family-friendly-trekking-self-guided\/","title":{"rendered":"Trekking Via Spluga: scopri la bellezza delle Alpi in un&#039;escursione adatta a tutta la famiglia!"},"content":{"rendered":"<h3><strong>Impressionante avventura Via Spluga<\/strong><\/h3>\n<p>Trekking sulla Via Spluga. Immagina di intraprendere un&#039;indimenticabile avventura in famiglia tra i maestosi paesaggi delle Alpi svizzere e italiane. La Via Spluga offre un&#039;opportunit\u00e0 unica per stringere legami, esplorare e creare ricordi indelebili, godendosi le meraviglie naturali e i pittoreschi villaggi della regione.<\/p>\n<p><iframe title=\"ViaSpluga: Trekking senza confini\" width=\"748\" height=\"421\" src=\"https:\/\/www.youtube.com\/embed\/Qif6yKqI7ag?feature=oembed\" frameborder=\"0\" allow=\"accelerometer; autoplay; clipboard-write; encrypted-media; gyroscope; picture-in-picture; web-share\" referrerpolicy=\"strict-origin-when-cross-origin\" allowfullscreen><\/iframe><\/p>\n<p><strong>Punti salienti del tour<\/strong>:<\/p>\n<ul>\n<li><strong>Via Gole della Mala<\/strong>: Esplora uno dei sentieri escursionistici pi\u00f9 mozzafiato delle Alpi, che offre panorami impareggiabili e un profondo legame con la natura.<\/li>\n<li><strong>Borghi storici<\/strong>: Immergiti nel fascino dei villaggi alpini come Spl\u00fcgen, Isola e Chiavenna, ognuno dei quali vanta una miscela unica di storia, cultura e paesaggi pittoreschi.<\/li>\n<li><strong>Attrazioni tutto l&#039;anno<\/strong>: Scopri la versatilit\u00e0 della regione, con lo sci invernale seguito dalle escursioni primaverili in una delle localit\u00e0 pi\u00f9 belle del mondo. Il villaggio sul passo di Spl\u00fcgen \u00e8 la tappa perfetta per rigenerarsi durante le vostre vacanze escursionistiche alpine, con la sua architettura e i suoi palazzi europei ben conservati.<\/li>\n<\/ul>","protected":false},"excerpt":{"rendered":"<p>&nbsp;<\/p>\n<p>Percorri la ViaSpluga dalla Svizzera all&#039;Italia. Ci prenderemo cura dei tuoi bagagli mentre esplori tutto ci\u00f2 che questa bellissima regione alpina ha da offrire.<\/p>","protected":false},"featured_media":16270,"comment_status":"open","ping_status":"closed","template":"","meta":{"_acf_changed":false,"content-type":"","inline_featured_image":false},"product_brand":[],"product_cat":[302],"product_tag":[954,955,956,957,958,959,760,960,952,953],"class_list":{"0":"post-16269","1":"product","2":"type-product","3":"status-publish","4":"has-post-thumbnail","6":"tour_country-italy","7":"tour_country-switzerland","8":"tour_types-dog-friendly","9":"tour_types-hut-to-hut","10":"tour_types-self-guided","11":"tour_types-family","12":"product_cat-ukategoriseret","13":"product_tag-viaspluga","14":"product_tag-switzerland","15":"product_tag-andeer","16":"product_tag-chiavenna","17":"product_tag-lombardy","18":"product_tag-isola","19":"product_tag-hiking","20":"product_tag-thusis","21":"product_tag-italy","22":"product_tag-walking","23":"pa_duration-4-days","24":"tour_category-hiking-in-europe","26":"first","27":"instock","28":"shipping-taxable","29":"purchasable","30":"product-type-tour"},"acf":[],"yoast_head":"<!-- This site is optimized with the Yoast SEO Premium plugin v27.4 (Yoast SEO v27.4) - https:\/\/yoast.com\/product\/yoast-seo-premium-wordpress\/ -->\n<title>Trekking Via Spluga: Unforgettable Family Adventure<\/title>\n<meta name=\"description\" content=\"Discover breathtaking views and historic villages with Trekking Via Spluga. Create cherished family memories while exploring the Swiss Alps! \ud83c\udf04\" \/>\n<meta name=\"robots\" content=\"index, follow, max-snippet:-1, max-image-preview:large, max-video-preview:-1\" \/>\n<link rel=\"canonical\" href=\"https:\/\/outdooreurope.eu\/it\/tour\/escursionismo-italia-spluga-adatto-alle-famiglie-trekking-autoguidato\/\" \/>\n<meta property=\"og:locale\" content=\"it_IT\" \/>\n<meta property=\"og:type\" content=\"article\" \/>\n<meta property=\"og:title\" content=\"Trekking Via Spluga: Experience the beauty of the Alps on a family-friendly hike!\" \/>\n<meta property=\"og:description\" content=\"&nbsp;  Hike the ViaSpluga from Switzerland to Italy. We will take care of your luggage while you explore everything this beautiful Alpine region has to offer.\" \/>\n<meta property=\"og:url\" content=\"https:\/\/outdooreurope.eu\/it\/tour\/escursionismo-italia-spluga-adatto-alle-famiglie-trekking-autoguidato\/\" \/>\n<meta property=\"og:site_name\" content=\"Outdoor Europe\" \/>\n<meta property=\"article:publisher\" content=\"https:\/\/www.facebook.com\/outdooreurope.eu\" \/>\n<meta property=\"article:modified_time\" content=\"2025-03-27T06:54:49+00:00\" \/>\n<meta property=\"og:image\" content=\"https:\/\/outdooreurope.eu\/wp-content\/uploads\/2024\/01\/Montespluga-1900m-scaled-720x606-1.jpg\" \/>\n\t<meta property=\"og:image:width\" content=\"720\" \/>\n\t<meta property=\"og:image:height\" content=\"606\" \/>\n\t<meta property=\"og:image:type\" content=\"image\/jpeg\" \/>\n<meta name=\"twitter:card\" content=\"summary_large_image\" \/>\n<meta name=\"twitter:label1\" content=\"Prezzo\" \/>\n\t<meta name=\"twitter:data1\" content=\"&euro;750\" \/>\n\t<meta name=\"twitter:label2\" content=\"Disponibilit\u00e0\" \/>\n\t<meta name=\"twitter:data2\" content=\"In stock\" \/>\n<script type=\"application\/ld+json\" class=\"yoast-schema-graph\">{\"@context\":\"https:\\\/\\\/schema.org\",\"@graph\":[{\"@type\":\"WebPage\",\"@id\":\"https:\\\/\\\/outdooreurope.eu\\\/tours\\\/hiking-italy-spluga-family-friendly-trekking-self-guided\\\/\",\"url\":\"https:\\\/\\\/outdooreurope.eu\\\/tours\\\/hiking-italy-spluga-family-friendly-trekking-self-guided\\\/\",\"name\":\"Trekking Via Spluga: Unforgettable Family Adventure\",\"isPartOf\":{\"@id\":\"https:\\\/\\\/outdooreurope.eu\\\/#website\"},\"primaryImageOfPage\":{\"@id\":\"https:\\\/\\\/outdooreurope.eu\\\/tours\\\/hiking-italy-spluga-family-friendly-trekking-self-guided\\\/#primaryimage\"},\"image\":{\"@id\":\"https:\\\/\\\/outdooreurope.eu\\\/tours\\\/hiking-italy-spluga-family-friendly-trekking-self-guided\\\/#primaryimage\"},\"thumbnailUrl\":\"https:\\\/\\\/outdooreurope.eu\\\/wp-content\\\/uploads\\\/2024\\\/01\\\/Montespluga-1900m-scaled-720x606-1.jpg\",\"datePublished\":\"2024-01-17T13:06:05+00:00\",\"dateModified\":\"2025-03-27T06:54:49+00:00\",\"description\":\"Discover breathtaking views and historic villages with Trekking Via Spluga. Create cherished family memories while exploring the Swiss Alps! \ud83c\udf04\",\"breadcrumb\":{\"@id\":\"https:\\\/\\\/outdooreurope.eu\\\/tours\\\/hiking-italy-spluga-family-friendly-trekking-self-guided\\\/#breadcrumb\"},\"inLanguage\":\"it-IT\",\"potentialAction\":[{\"@type\":\"ReadAction\",\"target\":[\"https:\\\/\\\/outdooreurope.eu\\\/tours\\\/hiking-italy-spluga-family-friendly-trekking-self-guided\\\/\"]}]},{\"@type\":\"ImageObject\",\"inLanguage\":\"it-IT\",\"@id\":\"https:\\\/\\\/outdooreurope.eu\\\/tours\\\/hiking-italy-spluga-family-friendly-trekking-self-guided\\\/#primaryimage\",\"url\":\"https:\\\/\\\/outdooreurope.eu\\\/wp-content\\\/uploads\\\/2024\\\/01\\\/Montespluga-1900m-scaled-720x606-1.jpg\",\"contentUrl\":\"https:\\\/\\\/outdooreurope.eu\\\/wp-content\\\/uploads\\\/2024\\\/01\\\/Montespluga-1900m-scaled-720x606-1.jpg\",\"width\":720,\"height\":606},{\"@type\":\"BreadcrumbList\",\"@id\":\"https:\\\/\\\/outdooreurope.eu\\\/tours\\\/hiking-italy-spluga-family-friendly-trekking-self-guided\\\/#breadcrumb\",\"itemListElement\":[{\"@type\":\"ListItem\",\"position\":1,\"name\":\"Hjem\",\"item\":\"https:\\\/\\\/outdooreurope.eu\\\/\"},{\"@type\":\"ListItem\",\"position\":2,\"name\":\"Shop\",\"item\":\"https:\\\/\\\/outdooreurope.eu\\\/shop\\\/\"},{\"@type\":\"ListItem\",\"position\":3,\"name\":\"Trekking Via Spluga: Experience the beauty of the Alps on a family-friendly hike!\"}]},{\"@type\":\"WebSite\",\"@id\":\"https:\\\/\\\/outdooreurope.eu\\\/#website\",\"url\":\"https:\\\/\\\/outdooreurope.eu\\\/\",\"name\":\"Outdoor Europe\",\"description\":\"Hiking In Europe I Join the trail\",\"potentialAction\":[{\"@type\":\"SearchAction\",\"target\":{\"@type\":\"EntryPoint\",\"urlTemplate\":\"https:\\\/\\\/outdooreurope.eu\\\/?s={search_term_string}\"},\"query-input\":{\"@type\":\"PropertyValueSpecification\",\"valueRequired\":true,\"valueName\":\"search_term_string\"}}],\"inLanguage\":\"it-IT\"}]}<\/script>\n<meta property=\"product:price:amount\" content=\"750\" \/>\n<meta property=\"product:price:currency\" content=\"EUR\" \/>\n<meta property=\"og:availability\" content=\"instock\" \/>\n<meta property=\"product:availability\" content=\"instock\" \/>\n<meta property=\"product:retailer_item_id\" content=\"16269\" \/>\n<meta property=\"product:condition\" content=\"new\" \/>\n<!-- \/ Yoast SEO Premium plugin. -->","yoast_head_json":{"title":"Trekking Via Spluga: Avventura indimenticabile per famiglie","description":"Scopri viste mozzafiato e villaggi storici con Trekking Via Spluga. Crea preziosi ricordi di famiglia mentre esplori le Alpi svizzere! \ud83c\udf04","robots":{"index":"index","follow":"follow","max-snippet":"max-snippet:-1","max-image-preview":"max-image-preview:large","max-video-preview":"max-video-preview:-1"},"canonical":"https:\/\/outdooreurope.eu\/it\/tour\/escursionismo-italia-spluga-adatto-alle-famiglie-trekking-autoguidato\/","og_locale":"it_IT","og_type":"article","og_title":"Trekking Via Spluga: Experience the beauty of the Alps on a family-friendly hike!","og_description":"&nbsp;  Hike the ViaSpluga from Switzerland to Italy. We will take care of your luggage while you explore everything this beautiful Alpine region has to offer.","og_url":"https:\/\/outdooreurope.eu\/it\/tour\/escursionismo-italia-spluga-adatto-alle-famiglie-trekking-autoguidato\/","og_site_name":"Outdoor Europe","article_publisher":"https:\/\/www.facebook.com\/outdooreurope.eu","article_modified_time":"2025-03-27T06:54:49+00:00","og_image":[{"width":720,"height":606,"url":"https:\/\/outdooreurope.eu\/wp-content\/uploads\/2024\/01\/Montespluga-1900m-scaled-720x606-1.jpg","type":"image\/jpeg"}],"twitter_card":"summary_large_image","twitter_misc":{"Prezzo":"&euro;750","Disponibilit\u00e0":"In stock"},"schema":{"@context":"https:\/\/schema.org","@graph":[{"@type":"WebPage","@id":"https:\/\/outdooreurope.eu\/tours\/hiking-italy-spluga-family-friendly-trekking-self-guided\/","url":"https:\/\/outdooreurope.eu\/tours\/hiking-italy-spluga-family-friendly-trekking-self-guided\/","name":"Trekking Via Spluga: Avventura indimenticabile per famiglie","isPartOf":{"@id":"https:\/\/outdooreurope.eu\/#website"},"primaryImageOfPage":{"@id":"https:\/\/outdooreurope.eu\/tours\/hiking-italy-spluga-family-friendly-trekking-self-guided\/#primaryimage"},"image":{"@id":"https:\/\/outdooreurope.eu\/tours\/hiking-italy-spluga-family-friendly-trekking-self-guided\/#primaryimage"},"thumbnailUrl":"https:\/\/outdooreurope.eu\/wp-content\/uploads\/2024\/01\/Montespluga-1900m-scaled-720x606-1.jpg","datePublished":"2024-01-17T13:06:05+00:00","dateModified":"2025-03-27T06:54:49+00:00","description":"Scopri viste mozzafiato e villaggi storici con Trekking Via Spluga. Crea preziosi ricordi di famiglia mentre esplori le Alpi svizzere! \ud83c\udf04","breadcrumb":{"@id":"https:\/\/outdooreurope.eu\/tours\/hiking-italy-spluga-family-friendly-trekking-self-guided\/#breadcrumb"},"inLanguage":"it-IT","potentialAction":[{"@type":"ReadAction","target":["https:\/\/outdooreurope.eu\/tours\/hiking-italy-spluga-family-friendly-trekking-self-guided\/"]}]},{"@type":"ImageObject","inLanguage":"it-IT","@id":"https:\/\/outdooreurope.eu\/tours\/hiking-italy-spluga-family-friendly-trekking-self-guided\/#primaryimage","url":"https:\/\/outdooreurope.eu\/wp-content\/uploads\/2024\/01\/Montespluga-1900m-scaled-720x606-1.jpg","contentUrl":"https:\/\/outdooreurope.eu\/wp-content\/uploads\/2024\/01\/Montespluga-1900m-scaled-720x606-1.jpg","width":720,"height":606},{"@type":"BreadcrumbList","@id":"https:\/\/outdooreurope.eu\/tours\/hiking-italy-spluga-family-friendly-trekking-self-guided\/#breadcrumb","itemListElement":[{"@type":"ListItem","position":1,"name":"Hjem","item":"https:\/\/outdooreurope.eu\/"},{"@type":"ListItem","position":2,"name":"Shop","item":"https:\/\/outdooreurope.eu\/shop\/"},{"@type":"ListItem","position":3,"name":"Trekking Via Spluga: Experience the beauty of the Alps on a family-friendly hike!"}]},{"@type":"WebSite","@id":"https:\/\/outdooreurope.eu\/#website","url":"https:\/\/outdooreurope.eu\/","name":"Europa all&#039;aperto","description":"Escursionismo in Europa Mi unisco al sentiero","potentialAction":[{"@type":"SearchAction","target":{"@type":"EntryPoint","urlTemplate":"https:\/\/outdooreurope.eu\/?s={search_term_string}"},"query-input":{"@type":"PropertyValueSpecification","valueRequired":true,"valueName":"search_term_string"}}],"inLanguage":"it-IT"}]},"product_price_amount":"750","product_price_currency":"EUR","og_availability":"instock","product_availability":"instock","product_retailer_item_id":"16269","product_condition":"new"},"_links":{"self":[{"href":"https:\/\/outdooreurope.eu\/it\/wp-json\/wp\/v2\/product\/16269","targetHints":{"allow":["GET"]}}],"collection":[{"href":"https:\/\/outdooreurope.eu\/it\/wp-json\/wp\/v2\/product"}],"about":[{"href":"https:\/\/outdooreurope.eu\/it\/wp-json\/wp\/v2\/types\/product"}],"replies":[{"embeddable":true,"href":"https:\/\/outdooreurope.eu\/it\/wp-json\/wp\/v2\/comments?post=16269"}],"wp:featuredmedia":[{"embeddable":true,"href":"https:\/\/outdooreurope.eu\/it\/wp-json\/wp\/v2\/media\/16270"}],"wp:attachment":[{"href":"https:\/\/outdooreurope.eu\/it\/wp-json\/wp\/v2\/media?parent=16269"}],"wp:term":[{"taxonomy":"product_brand","embeddable":true,"href":"https:\/\/outdooreurope.eu\/it\/wp-json\/wp\/v2\/product_brand?post=16269"},{"taxonomy":"product_cat","embeddable":true,"href":"https:\/\/outdooreurope.eu\/it\/wp-json\/wp\/v2\/product_cat?post=16269"},{"taxonomy":"product_tag","embeddable":true,"href":"https:\/\/outdooreurope.eu\/it\/wp-json\/wp\/v2\/product_tag?post=16269"}],"curies":[{"name":"parola chiave","href":"https:\/\/api.w.org\/{rel}","templated":true}]}}