{"id":16439,"date":"2024-01-18T07:31:14","date_gmt":"2024-01-18T06:31:14","guid":{"rendered":"https:\/\/outdooreurope.eu\/?post_type=product&#038;p=16439"},"modified":"2026-02-15T14:44:38","modified_gmt":"2026-02-15T13:44:38","slug":"trailrunning-italia-monte-rosa-trail-trekking-autoguidato","status":"publish","type":"product","link":"https:\/\/outdooreurope.eu\/it\/tours\/trailrunning-italy-monte-rosa-trail-self-guided-trekking\/","title":{"rendered":"Corri sui sentieri del Monte Rosa: un&#039;avventura di trail running da rifugio a rifugio"},"content":{"rendered":"<p>Parti per un&#039;incredibile avventura di trail running nel paesaggio mozzafiato del Monte Rosa. Non solo assaporerai lo splendido scenario alpino, ma potrai anche deliziarti della calorosa ospitalit\u00e0 e assaporare la deliziosa cucina locale mentre gestiamo la logistica, trasportando i tuoi bagagli da un accogliente rifugio all&#039;altro.<\/p>\n<ul>\n<li><strong>Percorri i sentieri:<\/strong> Allaccia le tue scarpe da running e parti per i sentieri del Monte Rosa, da solo o con un gruppo di amici. I percorsi hanno una distanza media di circa 10 chilometri con un dislivello di circa 1500 metri, fornendo la giusta dose di sfida per gli appassionati di trail runner.<\/li>\n<li><strong>Rifugi di charme:<\/strong> Durante la vostra vacanza di corsa, soggiornerete in piccoli e graziosi rifugi, dove i nostri attenti gestori vi faranno sentire come a casa. Al calar della sera, riunitevi con amici o altri ospiti per condividere le vostre avventure gustando deliziosi piatti e vini locali. Questa \u00e8 pi\u00f9 di una vacanza: \u00e8 un&#039;autentica esperienza alpina.<\/li>\n<\/ul>","protected":false},"excerpt":{"rendered":"<p>Cinque giorni di corsa nella Valle del Lys sul Monte Rosa. Trasporteremo i vostri bagagli da rifugio a rifugio.<\/p>","protected":false},"featured_media":18322,"comment_status":"open","ping_status":"closed","template":"","meta":{"_acf_changed":false,"content-type":"","inline_featured_image":false},"product_brand":[],"product_cat":[302],"product_tag":[751],"class_list":{"0":"post-16439","1":"product","2":"type-product","3":"status-publish","4":"has-post-thumbnail","6":"tour_country-italy","7":"tour_types-dog-friendly","8":"tour_types-hut-to-hut","9":"tour_types-self-guided","10":"tour_types-bestsellers","11":"product_cat-ukategoriseret","12":"product_tag-trailrunning","13":"pa_duration-5-nights","14":"tour_category-trailrunning-2","16":"first","17":"instock","18":"virtual","19":"purchasable","20":"product-type-tour"},"acf":[],"yoast_head":"<!-- This site is optimized with the Yoast SEO Premium plugin v27.5 (Yoast SEO v27.5) - https:\/\/yoast.com\/product\/yoast-seo-premium-wordpress\/ -->\n<title>Run the Trails of Monte Rosa: Alpine Running Adventure - Outdoor Europe<\/title>\n<meta name=\"description\" content=\"Discover the beauty of Monte Rosa with our thrilling adventure to run the trails of Monte Rosa. Experience stunning scenery and cozy rifugios!\" \/>\n<meta name=\"robots\" content=\"index, follow, max-snippet:-1, max-image-preview:large, max-video-preview:-1\" \/>\n<link rel=\"canonical\" href=\"https:\/\/outdooreurope.eu\/it\/tour\/trailrunning-italia-monte-rosa-trail-trekking-autoguidato\/\" \/>\n<meta property=\"og:locale\" content=\"it_IT\" \/>\n<meta property=\"og:type\" content=\"article\" \/>\n<meta property=\"og:title\" content=\"Run the trails of Monte Rosa: a hut-to-hut trail running adventure\" \/>\n<meta property=\"og:description\" content=\"Five days of running in the Lys Valley by Monte Rosa. We will carry your luggage from hut to hut.\" \/>\n<meta property=\"og:url\" content=\"https:\/\/outdooreurope.eu\/it\/tour\/trailrunning-italia-monte-rosa-trail-trekking-autoguidato\/\" \/>\n<meta property=\"og:site_name\" content=\"Outdoor Europe\" \/>\n<meta property=\"article:publisher\" content=\"https:\/\/www.facebook.com\/outdooreurope.eu\" \/>\n<meta property=\"article:modified_time\" content=\"2026-02-15T13:44:38+00:00\" \/>\n<meta property=\"og:image\" content=\"https:\/\/outdooreurope.eu\/wp-content\/uploads\/2024\/01\/IMG_8565-e1771163049244.jpg\" \/>\n\t<meta property=\"og:image:width\" content=\"1536\" \/>\n\t<meta property=\"og:image:height\" content=\"906\" \/>\n\t<meta property=\"og:image:type\" content=\"image\/jpeg\" \/>\n<meta name=\"twitter:card\" content=\"summary_large_image\" \/>\n<meta name=\"twitter:label1\" content=\"Prezzo\" \/>\n\t<meta name=\"twitter:data1\" content=\"&euro;995\" \/>\n\t<meta name=\"twitter:label2\" content=\"Disponibilit\u00e0\" \/>\n\t<meta name=\"twitter:data2\" content=\"In stock\" \/>\n<script type=\"application\/ld+json\" class=\"yoast-schema-graph\">{\"@context\":\"https:\\\/\\\/schema.org\",\"@graph\":[{\"@type\":\"WebPage\",\"@id\":\"https:\\\/\\\/outdooreurope.eu\\\/tours\\\/trailrunning-italy-monte-rosa-trail-self-guided-trekking\\\/\",\"url\":\"https:\\\/\\\/outdooreurope.eu\\\/tours\\\/trailrunning-italy-monte-rosa-trail-self-guided-trekking\\\/\",\"name\":\"Run the Trails of Monte Rosa: Alpine Running Adventure - Outdoor Europe\",\"isPartOf\":{\"@id\":\"https:\\\/\\\/outdooreurope.eu\\\/#website\"},\"primaryImageOfPage\":{\"@id\":\"https:\\\/\\\/outdooreurope.eu\\\/tours\\\/trailrunning-italy-monte-rosa-trail-self-guided-trekking\\\/#primaryimage\"},\"image\":{\"@id\":\"https:\\\/\\\/outdooreurope.eu\\\/tours\\\/trailrunning-italy-monte-rosa-trail-self-guided-trekking\\\/#primaryimage\"},\"thumbnailUrl\":\"https:\\\/\\\/outdooreurope.eu\\\/wp-content\\\/uploads\\\/2024\\\/01\\\/IMG_8565-e1771163049244.jpg\",\"datePublished\":\"2024-01-18T06:31:14+00:00\",\"dateModified\":\"2026-02-15T13:44:38+00:00\",\"description\":\"Discover the beauty of Monte Rosa with our thrilling adventure to run the trails of Monte Rosa. Experience stunning scenery and cozy rifugios!\",\"breadcrumb\":{\"@id\":\"https:\\\/\\\/outdooreurope.eu\\\/tours\\\/trailrunning-italy-monte-rosa-trail-self-guided-trekking\\\/#breadcrumb\"},\"inLanguage\":\"it-IT\",\"potentialAction\":[{\"@type\":\"ReadAction\",\"target\":[\"https:\\\/\\\/outdooreurope.eu\\\/tours\\\/trailrunning-italy-monte-rosa-trail-self-guided-trekking\\\/\"]}]},{\"@type\":\"ImageObject\",\"inLanguage\":\"it-IT\",\"@id\":\"https:\\\/\\\/outdooreurope.eu\\\/tours\\\/trailrunning-italy-monte-rosa-trail-self-guided-trekking\\\/#primaryimage\",\"url\":\"https:\\\/\\\/outdooreurope.eu\\\/wp-content\\\/uploads\\\/2024\\\/01\\\/IMG_8565-e1771163049244.jpg\",\"contentUrl\":\"https:\\\/\\\/outdooreurope.eu\\\/wp-content\\\/uploads\\\/2024\\\/01\\\/IMG_8565-e1771163049244.jpg\",\"width\":1536,\"height\":906},{\"@type\":\"BreadcrumbList\",\"@id\":\"https:\\\/\\\/outdooreurope.eu\\\/tours\\\/trailrunning-italy-monte-rosa-trail-self-guided-trekking\\\/#breadcrumb\",\"itemListElement\":[{\"@type\":\"ListItem\",\"position\":1,\"name\":\"Hjem\",\"item\":\"https:\\\/\\\/outdooreurope.eu\\\/\"},{\"@type\":\"ListItem\",\"position\":2,\"name\":\"Shop\",\"item\":\"https:\\\/\\\/outdooreurope.eu\\\/shop\\\/\"},{\"@type\":\"ListItem\",\"position\":3,\"name\":\"Run the trails of Monte Rosa: a hut-to-hut trail running adventure\"}]},{\"@type\":\"WebSite\",\"@id\":\"https:\\\/\\\/outdooreurope.eu\\\/#website\",\"url\":\"https:\\\/\\\/outdooreurope.eu\\\/\",\"name\":\"Outdoor Europe\",\"description\":\"Hiking In Europe I Join the trail\",\"potentialAction\":[{\"@type\":\"SearchAction\",\"target\":{\"@type\":\"EntryPoint\",\"urlTemplate\":\"https:\\\/\\\/outdooreurope.eu\\\/?s={search_term_string}\"},\"query-input\":{\"@type\":\"PropertyValueSpecification\",\"valueRequired\":true,\"valueName\":\"search_term_string\"}}],\"inLanguage\":\"it-IT\"}]}<\/script>\n<meta property=\"product:price:amount\" content=\"995\" \/>\n<meta property=\"product:price:currency\" content=\"EUR\" \/>\n<meta property=\"og:availability\" content=\"instock\" \/>\n<meta property=\"product:availability\" content=\"instock\" \/>\n<meta property=\"product:retailer_item_id\" content=\"16439\" \/>\n<meta property=\"product:condition\" content=\"new\" \/>\n<!-- \/ Yoast SEO Premium plugin. -->","yoast_head_json":{"title":"Corri sui sentieri del Monte Rosa: avventura di corsa alpina - Outdoor Europe","description":"Scopri la bellezza del Monte Rosa con la nostra emozionante avventura sui sentieri del Monte Rosa. Vivi paesaggi mozzafiato e rifugi accoglienti!","robots":{"index":"index","follow":"follow","max-snippet":"max-snippet:-1","max-image-preview":"max-image-preview:large","max-video-preview":"max-video-preview:-1"},"canonical":"https:\/\/outdooreurope.eu\/it\/tour\/trailrunning-italia-monte-rosa-trail-trekking-autoguidato\/","og_locale":"it_IT","og_type":"article","og_title":"Run the trails of Monte Rosa: a hut-to-hut trail running adventure","og_description":"Five days of running in the Lys Valley by Monte Rosa. We will carry your luggage from hut to hut.","og_url":"https:\/\/outdooreurope.eu\/it\/tour\/trailrunning-italia-monte-rosa-trail-trekking-autoguidato\/","og_site_name":"Outdoor Europe","article_publisher":"https:\/\/www.facebook.com\/outdooreurope.eu","article_modified_time":"2026-02-15T13:44:38+00:00","og_image":[{"width":1536,"height":906,"url":"https:\/\/outdooreurope.eu\/wp-content\/uploads\/2024\/01\/IMG_8565-e1771163049244.jpg","type":"image\/jpeg"}],"twitter_card":"summary_large_image","twitter_misc":{"Prezzo":"&euro;995","Disponibilit\u00e0":"In stock"},"schema":{"@context":"https:\/\/schema.org","@graph":[{"@type":"WebPage","@id":"https:\/\/outdooreurope.eu\/tours\/trailrunning-italy-monte-rosa-trail-self-guided-trekking\/","url":"https:\/\/outdooreurope.eu\/tours\/trailrunning-italy-monte-rosa-trail-self-guided-trekking\/","name":"Corri sui sentieri del Monte Rosa: avventura di corsa alpina - Outdoor Europe","isPartOf":{"@id":"https:\/\/outdooreurope.eu\/#website"},"primaryImageOfPage":{"@id":"https:\/\/outdooreurope.eu\/tours\/trailrunning-italy-monte-rosa-trail-self-guided-trekking\/#primaryimage"},"image":{"@id":"https:\/\/outdooreurope.eu\/tours\/trailrunning-italy-monte-rosa-trail-self-guided-trekking\/#primaryimage"},"thumbnailUrl":"https:\/\/outdooreurope.eu\/wp-content\/uploads\/2024\/01\/IMG_8565-e1771163049244.jpg","datePublished":"2024-01-18T06:31:14+00:00","dateModified":"2026-02-15T13:44:38+00:00","description":"Scopri la bellezza del Monte Rosa con la nostra emozionante avventura sui sentieri del Monte Rosa. Vivi paesaggi mozzafiato e rifugi accoglienti!","breadcrumb":{"@id":"https:\/\/outdooreurope.eu\/tours\/trailrunning-italy-monte-rosa-trail-self-guided-trekking\/#breadcrumb"},"inLanguage":"it-IT","potentialAction":[{"@type":"ReadAction","target":["https:\/\/outdooreurope.eu\/tours\/trailrunning-italy-monte-rosa-trail-self-guided-trekking\/"]}]},{"@type":"ImageObject","inLanguage":"it-IT","@id":"https:\/\/outdooreurope.eu\/tours\/trailrunning-italy-monte-rosa-trail-self-guided-trekking\/#primaryimage","url":"https:\/\/outdooreurope.eu\/wp-content\/uploads\/2024\/01\/IMG_8565-e1771163049244.jpg","contentUrl":"https:\/\/outdooreurope.eu\/wp-content\/uploads\/2024\/01\/IMG_8565-e1771163049244.jpg","width":1536,"height":906},{"@type":"BreadcrumbList","@id":"https:\/\/outdooreurope.eu\/tours\/trailrunning-italy-monte-rosa-trail-self-guided-trekking\/#breadcrumb","itemListElement":[{"@type":"ListItem","position":1,"name":"Hjem","item":"https:\/\/outdooreurope.eu\/"},{"@type":"ListItem","position":2,"name":"Shop","item":"https:\/\/outdooreurope.eu\/shop\/"},{"@type":"ListItem","position":3,"name":"Run the trails of Monte Rosa: a hut-to-hut trail running adventure"}]},{"@type":"WebSite","@id":"https:\/\/outdooreurope.eu\/#website","url":"https:\/\/outdooreurope.eu\/","name":"Europa all&#039;aperto","description":"Escursionismo in Europa Mi unisco al sentiero","potentialAction":[{"@type":"SearchAction","target":{"@type":"EntryPoint","urlTemplate":"https:\/\/outdooreurope.eu\/?s={search_term_string}"},"query-input":{"@type":"PropertyValueSpecification","valueRequired":true,"valueName":"search_term_string"}}],"inLanguage":"it-IT"}]},"product_price_amount":"995","product_price_currency":"EUR","og_availability":"instock","product_availability":"instock","product_retailer_item_id":"16439","product_condition":"new"},"_links":{"self":[{"href":"https:\/\/outdooreurope.eu\/it\/wp-json\/wp\/v2\/product\/16439","targetHints":{"allow":["GET"]}}],"collection":[{"href":"https:\/\/outdooreurope.eu\/it\/wp-json\/wp\/v2\/product"}],"about":[{"href":"https:\/\/outdooreurope.eu\/it\/wp-json\/wp\/v2\/types\/product"}],"replies":[{"embeddable":true,"href":"https:\/\/outdooreurope.eu\/it\/wp-json\/wp\/v2\/comments?post=16439"}],"wp:featuredmedia":[{"embeddable":true,"href":"https:\/\/outdooreurope.eu\/it\/wp-json\/wp\/v2\/media\/18322"}],"wp:attachment":[{"href":"https:\/\/outdooreurope.eu\/it\/wp-json\/wp\/v2\/media?parent=16439"}],"wp:term":[{"taxonomy":"product_brand","embeddable":true,"href":"https:\/\/outdooreurope.eu\/it\/wp-json\/wp\/v2\/product_brand?post=16439"},{"taxonomy":"product_cat","embeddable":true,"href":"https:\/\/outdooreurope.eu\/it\/wp-json\/wp\/v2\/product_cat?post=16439"},{"taxonomy":"product_tag","embeddable":true,"href":"https:\/\/outdooreurope.eu\/it\/wp-json\/wp\/v2\/product_tag?post=16439"}],"curies":[{"name":"parola chiave","href":"https:\/\/api.w.org\/{rel}","templated":true}]}}