{"id":16470,"date":"2024-01-18T07:57:11","date_gmt":"2024-01-18T06:57:11","guid":{"rendered":"https:\/\/outdooreurope.eu\/?post_type=product&#038;p=16470"},"modified":"2025-02-03T13:09:58","modified_gmt":"2025-02-03T12:09:58","slug":"alpinismo-alpinismo-italia-monte-rosa","status":"publish","type":"product","link":"https:\/\/outdooreurope.eu\/it\/tours\/mountain-climbing-alpinism-italy-monte-rosa\/","title":{"rendered":"Conquista le vette pi\u00f9 alte d&#039;Europa: scala il Monte Rosa (4556 m) - edizione per piccoli gruppi"},"content":{"rendered":"<p><strong>Conquista le vette pi\u00f9 alte d&#039;Europa: l&#039;avventura della scalata del Monte Rosa<\/strong><\/p>\n<p>Parti per una spedizione straordinaria con Outdoor Italy mentre invitiamo avventurieri e scalatori alle prime armi a conquistare il Monte Rosa, una delle vette iconiche di oltre 4.000 metri d&#039;Europa, e a visitare l&#039;edificio pi\u00f9 alto del continente, la maestosa Capanna Margherita, arroccata a 4.556 metri mozzafiato sul livello del mare.<\/p>\n<p><iframe title=\"La fuga definitiva: un pellegrinaggio all&#039;hotel pi\u00f9 alto d&#039;Europa | FT\" width=\"748\" height=\"421\" src=\"https:\/\/www.youtube.com\/embed\/kT583c2E1Vc?feature=oembed\" frameborder=\"0\" allow=\"accelerometer; autoplay; clipboard-write; encrypted-media; gyroscope; picture-in-picture; web-share\" referrerpolicy=\"strict-origin-when-cross-origin\" allowfullscreen><\/iframe><\/p>\n<p><strong>Punti salienti del tour:<\/strong><\/p>\n<ul>\n<li><strong>Acclimatazione ed esplorazione:<\/strong> Prima della tua grande ascesa, goditi due giorni di acclimatazione nell&#039;affascinante regione alpina che circonda il Monte Rosa. Esplora le vette pi\u00f9 basse, concediti la deliziosa cucina locale e assapora i panorami mozzafiato che rendono questo angolo d&#039;Italia cos\u00ec unico.<\/li>\n<li><strong>Base del Rifugio Gnifetti:<\/strong> La tua avventura in alta montagna si svolge mentre cammini verso il Rifugio Gnifetti, situato a 3.647 metri sopra il livello del mare. Questo accogliente rifugio diventa il vostro campo base per l&#039;imminente salita alla Capanna Margherita.<\/li>\n<li><strong>Giorno del vertice:<\/strong> Il giorno della tua ascesa alla Capanna Margherita, ti alzerai prima dell&#039;alba e intraprenderai un viaggio ricoperto di ghiacciai pieno di momenti maestosi. Il trekking conduce alle porte del Rifugio Margherita, dove potrai goderti un meritato pranzo e ammirare le viste spettacolari offerte dall&#039;edificio pi\u00f9 alto d&#039;Europa.<\/li>\n<\/ul>\n<p><strong>Tour avanzato, posti limitati:<\/strong><\/p>\n<p>Questa opportunit\u00e0 irripetibile \u00e8 limitata a soli cinque partecipanti. Anche se non \u00e8 necessario essere un alpinista esperto, sono essenziali un&#039;eccellente condizione fisica e un profondo rispetto per le sfide del terreno d&#039;alta montagna. Non temere, poich\u00e9 il tuo viaggio sar\u00e0 sapientemente guidato da un esperto locale con certificato di guida internazionale che conosce intimamente il Monte Rosa.<\/p>\n<p><strong>Esperienze su misura:<\/strong><\/p>\n<p>Se il tour programmato non \u00e8 in linea con la tua disponibilit\u00e0, Outdoor Italy offre questa incredibile avventura per viaggiatori individuali o gruppi in date flessibili. Ti baster\u00e0 contattarci per richiedere un&#039;offerta personalizzata in linea con le tue preferenze.<\/p>\n<p><strong>Parti per l&#039;avventura della tua vita:<\/strong><\/p>\n<p>Il Monte Rosa, con le sue vette imponenti e l&#039;affascinante Capanna Margherita, attende con impazienza la vostra presenza. Questa \u00e8 la tua occasione per conquistare l&#039;edificio pi\u00f9 alto d&#039;Europa mentre ti immergi nella maestosa bellezza delle Alpi italiane. Allaccia le tue scarpe da trekking, preparati per un&#039;ascesa indimenticabile e preparati a scalare il Monte Rosa con Outdoor Italy. Non perdere questa incredibile opportunit\u00e0 per un&#039;avventura alpina memorabile.<\/p>","protected":false},"excerpt":{"rendered":"<p>Quattro giorni di avventura sul Monte Rosa con salita alla Capanna Margherita (4556 m).<\/p>","protected":false},"featured_media":16471,"comment_status":"closed","ping_status":"closed","template":"","meta":{"_acf_changed":false,"content-type":"","inline_featured_image":false},"product_brand":[],"product_cat":[302],"product_tag":[753],"class_list":{"0":"post-16470","1":"product","2":"type-product","3":"status-publish","4":"has-post-thumbnail","6":"tour_country-italy","7":"tour_types-groups-with-guide","8":"tour_types-advanced","9":"product_cat-ukategoriseret","10":"product_tag-monterosa","11":"pa_duration-4-days","12":"tour_category-alpinism","14":"first","15":"instock","16":"downloadable","17":"shipping-taxable","18":"purchasable","19":"product-type-tour"},"acf":[],"yoast_head":"<!-- This site is optimized with the Yoast SEO Premium plugin v27.4 (Yoast SEO v27.4) - https:\/\/yoast.com\/product\/yoast-seo-premium-wordpress\/ -->\n<title>Conquer europe&#039;s highest peaks: climb monte rosa (4556m) - small group edition - Outdoor Europe<\/title>\n<meta name=\"robots\" content=\"index, follow, max-snippet:-1, max-image-preview:large, max-video-preview:-1\" \/>\n<link rel=\"canonical\" href=\"https:\/\/outdooreurope.eu\/it\/tour\/alpinismo-alpinismo-italia-monte-rosa\/\" \/>\n<meta property=\"og:locale\" content=\"it_IT\" \/>\n<meta property=\"og:type\" content=\"article\" \/>\n<meta property=\"og:title\" content=\"Conquer europe&#039;s highest peaks: climb monte rosa (4556m) - small group edition\" \/>\n<meta property=\"og:description\" content=\"Four day adventure on Monte Rosa with ascent to Capanna Margherita (4556 m).\" \/>\n<meta property=\"og:url\" content=\"https:\/\/outdooreurope.eu\/it\/tour\/alpinismo-alpinismo-italia-monte-rosa\/\" \/>\n<meta property=\"og:site_name\" content=\"Outdoor Europe\" \/>\n<meta property=\"article:publisher\" content=\"https:\/\/www.facebook.com\/outdooreurope.eu\" \/>\n<meta property=\"article:modified_time\" content=\"2025-02-03T12:09:58+00:00\" \/>\n<meta property=\"og:image\" content=\"https:\/\/outdooreurope.eu\/wp-content\/uploads\/2024\/01\/Capanna-Margherita-720x606-1.jpg\" \/>\n\t<meta property=\"og:image:width\" content=\"720\" \/>\n\t<meta property=\"og:image:height\" content=\"606\" \/>\n\t<meta property=\"og:image:type\" content=\"image\/jpeg\" \/>\n<meta name=\"twitter:card\" content=\"summary_large_image\" \/>\n<meta name=\"twitter:label1\" content=\"Prezzo\" \/>\n\t<meta name=\"twitter:data1\" content=\"&euro;1,295\" \/>\n\t<meta name=\"twitter:label2\" content=\"Disponibilit\u00e0\" \/>\n\t<meta name=\"twitter:data2\" content=\"In stock\" \/>\n<script type=\"application\/ld+json\" class=\"yoast-schema-graph\">{\"@context\":\"https:\\\/\\\/schema.org\",\"@graph\":[{\"@type\":\"WebPage\",\"@id\":\"https:\\\/\\\/outdooreurope.eu\\\/tours\\\/mountain-climbing-alpinism-italy-monte-rosa\\\/\",\"url\":\"https:\\\/\\\/outdooreurope.eu\\\/tours\\\/mountain-climbing-alpinism-italy-monte-rosa\\\/\",\"name\":\"Conquer europe's highest peaks: climb monte rosa (4556m) - small group edition - Outdoor Europe\",\"isPartOf\":{\"@id\":\"https:\\\/\\\/outdooreurope.eu\\\/#website\"},\"primaryImageOfPage\":{\"@id\":\"https:\\\/\\\/outdooreurope.eu\\\/tours\\\/mountain-climbing-alpinism-italy-monte-rosa\\\/#primaryimage\"},\"image\":{\"@id\":\"https:\\\/\\\/outdooreurope.eu\\\/tours\\\/mountain-climbing-alpinism-italy-monte-rosa\\\/#primaryimage\"},\"thumbnailUrl\":\"https:\\\/\\\/outdooreurope.eu\\\/wp-content\\\/uploads\\\/2024\\\/01\\\/Capanna-Margherita-720x606-1.jpg\",\"datePublished\":\"2024-01-18T06:57:11+00:00\",\"dateModified\":\"2025-02-03T12:09:58+00:00\",\"breadcrumb\":{\"@id\":\"https:\\\/\\\/outdooreurope.eu\\\/tours\\\/mountain-climbing-alpinism-italy-monte-rosa\\\/#breadcrumb\"},\"inLanguage\":\"it-IT\",\"potentialAction\":[{\"@type\":\"ReadAction\",\"target\":[\"https:\\\/\\\/outdooreurope.eu\\\/tours\\\/mountain-climbing-alpinism-italy-monte-rosa\\\/\"]}]},{\"@type\":\"ImageObject\",\"inLanguage\":\"it-IT\",\"@id\":\"https:\\\/\\\/outdooreurope.eu\\\/tours\\\/mountain-climbing-alpinism-italy-monte-rosa\\\/#primaryimage\",\"url\":\"https:\\\/\\\/outdooreurope.eu\\\/wp-content\\\/uploads\\\/2024\\\/01\\\/Capanna-Margherita-720x606-1.jpg\",\"contentUrl\":\"https:\\\/\\\/outdooreurope.eu\\\/wp-content\\\/uploads\\\/2024\\\/01\\\/Capanna-Margherita-720x606-1.jpg\",\"width\":720,\"height\":606},{\"@type\":\"BreadcrumbList\",\"@id\":\"https:\\\/\\\/outdooreurope.eu\\\/tours\\\/mountain-climbing-alpinism-italy-monte-rosa\\\/#breadcrumb\",\"itemListElement\":[{\"@type\":\"ListItem\",\"position\":1,\"name\":\"Hjem\",\"item\":\"https:\\\/\\\/outdooreurope.eu\\\/\"},{\"@type\":\"ListItem\",\"position\":2,\"name\":\"Shop\",\"item\":\"https:\\\/\\\/outdooreurope.eu\\\/shop\\\/\"},{\"@type\":\"ListItem\",\"position\":3,\"name\":\"Conquer europe&#8217;s highest peaks: climb monte rosa (4556m) &#8211; small group edition\"}]},{\"@type\":\"WebSite\",\"@id\":\"https:\\\/\\\/outdooreurope.eu\\\/#website\",\"url\":\"https:\\\/\\\/outdooreurope.eu\\\/\",\"name\":\"Outdoor Europe\",\"description\":\"Hiking In Europe I Join the trail\",\"potentialAction\":[{\"@type\":\"SearchAction\",\"target\":{\"@type\":\"EntryPoint\",\"urlTemplate\":\"https:\\\/\\\/outdooreurope.eu\\\/?s={search_term_string}\"},\"query-input\":{\"@type\":\"PropertyValueSpecification\",\"valueRequired\":true,\"valueName\":\"search_term_string\"}}],\"inLanguage\":\"it-IT\"}]}<\/script>\n<meta property=\"product:price:amount\" content=\"1295\" \/>\n<meta property=\"product:price:currency\" content=\"EUR\" \/>\n<meta property=\"og:availability\" content=\"instock\" \/>\n<meta property=\"product:availability\" content=\"instock\" \/>\n<meta property=\"product:retailer_item_id\" content=\"16470\" \/>\n<meta property=\"product:condition\" content=\"new\" \/>\n<!-- \/ Yoast SEO Premium plugin. -->","yoast_head_json":{"title":"Conquista le vette pi\u00f9 alte d&#039;Europa: scala il Monte Rosa (4556 m) - edizione per piccoli gruppi - Outdoor Europe","robots":{"index":"index","follow":"follow","max-snippet":"max-snippet:-1","max-image-preview":"max-image-preview:large","max-video-preview":"max-video-preview:-1"},"canonical":"https:\/\/outdooreurope.eu\/it\/tour\/alpinismo-alpinismo-italia-monte-rosa\/","og_locale":"it_IT","og_type":"article","og_title":"Conquer europe's highest peaks: climb monte rosa (4556m) - small group edition","og_description":"Four day adventure on Monte Rosa with ascent to Capanna Margherita (4556 m).","og_url":"https:\/\/outdooreurope.eu\/it\/tour\/alpinismo-alpinismo-italia-monte-rosa\/","og_site_name":"Outdoor Europe","article_publisher":"https:\/\/www.facebook.com\/outdooreurope.eu","article_modified_time":"2025-02-03T12:09:58+00:00","og_image":[{"width":720,"height":606,"url":"https:\/\/outdooreurope.eu\/wp-content\/uploads\/2024\/01\/Capanna-Margherita-720x606-1.jpg","type":"image\/jpeg"}],"twitter_card":"summary_large_image","twitter_misc":{"Prezzo":"&euro;1,295","Disponibilit\u00e0":"In stock"},"schema":{"@context":"https:\/\/schema.org","@graph":[{"@type":"WebPage","@id":"https:\/\/outdooreurope.eu\/tours\/mountain-climbing-alpinism-italy-monte-rosa\/","url":"https:\/\/outdooreurope.eu\/tours\/mountain-climbing-alpinism-italy-monte-rosa\/","name":"Conquista le vette pi\u00f9 alte d&#039;Europa: scala il Monte Rosa (4556 m) - edizione per piccoli gruppi - Outdoor Europe","isPartOf":{"@id":"https:\/\/outdooreurope.eu\/#website"},"primaryImageOfPage":{"@id":"https:\/\/outdooreurope.eu\/tours\/mountain-climbing-alpinism-italy-monte-rosa\/#primaryimage"},"image":{"@id":"https:\/\/outdooreurope.eu\/tours\/mountain-climbing-alpinism-italy-monte-rosa\/#primaryimage"},"thumbnailUrl":"https:\/\/outdooreurope.eu\/wp-content\/uploads\/2024\/01\/Capanna-Margherita-720x606-1.jpg","datePublished":"2024-01-18T06:57:11+00:00","dateModified":"2025-02-03T12:09:58+00:00","breadcrumb":{"@id":"https:\/\/outdooreurope.eu\/tours\/mountain-climbing-alpinism-italy-monte-rosa\/#breadcrumb"},"inLanguage":"it-IT","potentialAction":[{"@type":"ReadAction","target":["https:\/\/outdooreurope.eu\/tours\/mountain-climbing-alpinism-italy-monte-rosa\/"]}]},{"@type":"ImageObject","inLanguage":"it-IT","@id":"https:\/\/outdooreurope.eu\/tours\/mountain-climbing-alpinism-italy-monte-rosa\/#primaryimage","url":"https:\/\/outdooreurope.eu\/wp-content\/uploads\/2024\/01\/Capanna-Margherita-720x606-1.jpg","contentUrl":"https:\/\/outdooreurope.eu\/wp-content\/uploads\/2024\/01\/Capanna-Margherita-720x606-1.jpg","width":720,"height":606},{"@type":"BreadcrumbList","@id":"https:\/\/outdooreurope.eu\/tours\/mountain-climbing-alpinism-italy-monte-rosa\/#breadcrumb","itemListElement":[{"@type":"ListItem","position":1,"name":"Hjem","item":"https:\/\/outdooreurope.eu\/"},{"@type":"ListItem","position":2,"name":"Shop","item":"https:\/\/outdooreurope.eu\/shop\/"},{"@type":"ListItem","position":3,"name":"Conquer europe&#8217;s highest peaks: climb monte rosa (4556m) &#8211; small group edition"}]},{"@type":"WebSite","@id":"https:\/\/outdooreurope.eu\/#website","url":"https:\/\/outdooreurope.eu\/","name":"Europa all&#039;aperto","description":"Escursionismo in Europa Mi unisco al sentiero","potentialAction":[{"@type":"SearchAction","target":{"@type":"EntryPoint","urlTemplate":"https:\/\/outdooreurope.eu\/?s={search_term_string}"},"query-input":{"@type":"PropertyValueSpecification","valueRequired":true,"valueName":"search_term_string"}}],"inLanguage":"it-IT"}]},"product_price_amount":"1295","product_price_currency":"EUR","og_availability":"instock","product_availability":"instock","product_retailer_item_id":"16470","product_condition":"new"},"_links":{"self":[{"href":"https:\/\/outdooreurope.eu\/it\/wp-json\/wp\/v2\/product\/16470","targetHints":{"allow":["GET"]}}],"collection":[{"href":"https:\/\/outdooreurope.eu\/it\/wp-json\/wp\/v2\/product"}],"about":[{"href":"https:\/\/outdooreurope.eu\/it\/wp-json\/wp\/v2\/types\/product"}],"replies":[{"embeddable":true,"href":"https:\/\/outdooreurope.eu\/it\/wp-json\/wp\/v2\/comments?post=16470"}],"wp:featuredmedia":[{"embeddable":true,"href":"https:\/\/outdooreurope.eu\/it\/wp-json\/wp\/v2\/media\/16471"}],"wp:attachment":[{"href":"https:\/\/outdooreurope.eu\/it\/wp-json\/wp\/v2\/media?parent=16470"}],"wp:term":[{"taxonomy":"product_brand","embeddable":true,"href":"https:\/\/outdooreurope.eu\/it\/wp-json\/wp\/v2\/product_brand?post=16470"},{"taxonomy":"product_cat","embeddable":true,"href":"https:\/\/outdooreurope.eu\/it\/wp-json\/wp\/v2\/product_cat?post=16470"},{"taxonomy":"product_tag","embeddable":true,"href":"https:\/\/outdooreurope.eu\/it\/wp-json\/wp\/v2\/product_tag?post=16470"}],"curies":[{"name":"parola chiave","href":"https:\/\/api.w.org\/{rel}","templated":true}]}}