{"id":17114,"date":"2024-05-05T10:48:41","date_gmt":"2024-05-05T08:48:41","guid":{"rendered":"https:\/\/outdooreurope.eu\/?post_type=product&#038;p=17114"},"modified":"2025-06-16T11:47:31","modified_gmt":"2025-06-16T09:47:31","slug":"trailrunning-austria-sentiero-re-dachstein-autoguidato","status":"publish","type":"product","link":"https:\/\/outdooreurope.eu\/it\/tours\/trailrunning-austria-king-dachstein-trail-self-guided\/","title":{"rendered":"Corri sul sentiero King Dachstein: un&#039;avventura di corsa da rifugio a rifugio"},"content":{"rendered":"<p>Paesaggi aspri e rocciosi, verdi pascoli alpini, bizzarre e frastagliate pareti rocciose, torri e imponenti pareti rocciose, ghiacciai, cime calcaree, isolati altopiani, foreste vergini e vette panoramiche, misteriose sorgenti carsiche e specchi d&#039;acqua: queste sono le immagini che caratterizzano il nostro Sentiero del Re Dachstein sul Dachstein e nei suoi dintorni. Trattandosi di un sentiero d&#039;alta quota, sono richiesti un&#039;attrezzatura da trail running adeguata, buona condizione fisica, resistenza e passo sicuro.<\/p>\n<p>Il fascino del Dachstein diventa tangibile. L&#039;intero Sentiero del Re Dachstein segue sentieri e salite gi\u00e0 esistenti. Affrontiamo il nostro giro del Dachstein in senso orario, utilizzando la prima tappa come una sorta di riscaldamento, prima che il sentiero diventi sempre pi\u00f9 alpino.<\/p>\n<p><strong>Punti salienti del tour<\/strong><br \/>\n\u2022 Visita al sito Patrimonio dell&#039;Umanit\u00e0: Hallstatt-Dachstein\/Salzkammergut<br \/>\n\u2022 Scopri l&#039;ospitalit\u00e0 e la gastronomia austriaca<br \/>\n\u2022 Trasporto bagagli incluso<\/p>\n<p>Il vostro itinerario verr\u00e0 registrato per i posteri quando inserirete il vostro nome in ogni registro dei rifugi sui Monti del Dachstein. I percorsi sono ben segnalati, sebbene i cartelli potrebbero essere parzialmente coperti dalla neve. Pertanto, \u00e8 fondamentale portare con s\u00e9 il proprio itinerario. Una guida esperta \u00e8 disponibile per accompagnarvi su richiesta. Anche in piena estate potrebbero esserci cali di temperatura, quindi assicuratevi di portare con voi indumenti caldi, inclusi guanti e berretto.<\/p>\n<p>Il King Dachstein Trail deve essere sulla lista delle cose da fare di ogni appassionato di trail running: prenota subito la tua sfida.<\/p>","protected":false},"excerpt":{"rendered":"<p>Paesaggi aspri e rocciosi, verdi pascoli alpini, bizzarre e frastagliate rocce, torri e imponenti pareti rocciose, ghiacciai, cime calcaree, altipiani isolati, foreste vergini e vette panoramiche, misteriose sorgenti carsiche e specchi d&#039;acqua: queste sono le immagini che caratterizzano il nostro Sentiero del Re Dachstein sul Dachstein e nei suoi dintorni. Trattandosi di un sentiero alpino d&#039;alta quota, \u00e8 consigliabile un trail running adeguato.<\/p>\n<div class=\"padding-top text-center\"><a href=\"https:\/\/outdooreurope.eu\/it\/tours\/trailrunning-austria-king-dachstein-trail-self-guided\/\" class=\"atbtn atbtn--medium atbtn--rounded atbtn--transparent\">Leggi di pi\u00f9<i class=\"atbtn__icon atbtn__icon--right fa fa-long-arrow-right\"><\/i><\/a><\/div>","protected":false},"featured_media":17116,"comment_status":"open","ping_status":"closed","template":"","meta":{"_acf_changed":false,"content-type":"","inline_featured_image":false},"product_brand":[],"product_cat":[302],"product_tag":[751,973],"class_list":{"0":"post-17114","1":"product","2":"type-product","3":"status-publish","4":"has-post-thumbnail","6":"tour_country-austria","7":"tour_destinations-dachstein-salzkammergut","8":"tour_types-hut-to-hut","9":"tour_types-self-guided","10":"product_cat-ukategoriseret","11":"product_tag-trailrunning","12":"product_tag-austria","13":"pa_duration-5-nights","14":"tour_category-trailrunning-2","16":"first","17":"instock","18":"virtual","19":"purchasable","20":"product-type-tour"},"acf":[],"yoast_head":"<!-- This site is optimized with the Yoast SEO Premium plugin v27.4 (Yoast SEO v27.4) - https:\/\/yoast.com\/product\/yoast-seo-premium-wordpress\/ -->\n<title>Run the King Dachstein Trail<\/title>\n<meta name=\"description\" content=\"Experience the breathtaking beauty of the Dachstein Trail! Encounter rugged peaks and picturesque landscapes while enjoying local hospitality. \ud83c\udf04\" \/>\n<meta name=\"robots\" content=\"index, follow, max-snippet:-1, max-image-preview:large, max-video-preview:-1\" \/>\n<link rel=\"canonical\" href=\"https:\/\/outdooreurope.eu\/it\/tour\/trailrunning-austria-sentiero-re-dachstein-autoguidato\/\" \/>\n<meta property=\"og:locale\" content=\"it_IT\" \/>\n<meta property=\"og:type\" content=\"article\" \/>\n<meta property=\"og:title\" content=\"Run the King Dachstein trail: A hut-to-hut trail running adventure\" \/>\n<meta property=\"og:description\" content=\"Rugged, rocky landscapes, green alpine pastures, bizarre, jagged crags, towers and mighty cliff faces, glacial ice, limestone peaks, isolated high\" \/>\n<meta property=\"og:url\" content=\"https:\/\/outdooreurope.eu\/it\/tour\/trailrunning-austria-sentiero-re-dachstein-autoguidato\/\" \/>\n<meta property=\"og:site_name\" content=\"Outdoor Europe\" \/>\n<meta property=\"article:publisher\" content=\"https:\/\/www.facebook.com\/outdooreurope.eu\" \/>\n<meta property=\"article:modified_time\" content=\"2025-06-16T09:47:31+00:00\" \/>\n<meta property=\"og:image\" content=\"https:\/\/outdooreurope.eu\/wp-content\/uploads\/2024\/05\/KDT_June23_c-the.adventure.bakery-180-scaled.jpg\" \/>\n\t<meta property=\"og:image:width\" content=\"2048\" \/>\n\t<meta property=\"og:image:height\" content=\"1365\" \/>\n\t<meta property=\"og:image:type\" content=\"image\/jpeg\" \/>\n<meta name=\"twitter:card\" content=\"summary_large_image\" \/>\n<meta name=\"twitter:label1\" content=\"Prezzo\" \/>\n\t<meta name=\"twitter:data1\" content=\"&euro;1,150\" \/>\n\t<meta name=\"twitter:label2\" content=\"Disponibilit\u00e0\" \/>\n\t<meta name=\"twitter:data2\" content=\"In stock\" \/>\n<script type=\"application\/ld+json\" class=\"yoast-schema-graph\">{\"@context\":\"https:\\\/\\\/schema.org\",\"@graph\":[{\"@type\":\"WebPage\",\"@id\":\"https:\\\/\\\/outdooreurope.eu\\\/tours\\\/trailrunning-austria-king-dachstein-trail-self-guided\\\/\",\"url\":\"https:\\\/\\\/outdooreurope.eu\\\/tours\\\/trailrunning-austria-king-dachstein-trail-self-guided\\\/\",\"name\":\"Run the King Dachstein Trail\",\"isPartOf\":{\"@id\":\"https:\\\/\\\/outdooreurope.eu\\\/#website\"},\"primaryImageOfPage\":{\"@id\":\"https:\\\/\\\/outdooreurope.eu\\\/tours\\\/trailrunning-austria-king-dachstein-trail-self-guided\\\/#primaryimage\"},\"image\":{\"@id\":\"https:\\\/\\\/outdooreurope.eu\\\/tours\\\/trailrunning-austria-king-dachstein-trail-self-guided\\\/#primaryimage\"},\"thumbnailUrl\":\"https:\\\/\\\/outdooreurope.eu\\\/wp-content\\\/uploads\\\/2024\\\/05\\\/KDT_June23_c-the.adventure.bakery-180-scaled.jpg\",\"datePublished\":\"2024-05-05T08:48:41+00:00\",\"dateModified\":\"2025-06-16T09:47:31+00:00\",\"description\":\"Experience the breathtaking beauty of the Dachstein Trail! Encounter rugged peaks and picturesque landscapes while enjoying local hospitality. \ud83c\udf04\",\"breadcrumb\":{\"@id\":\"https:\\\/\\\/outdooreurope.eu\\\/tours\\\/trailrunning-austria-king-dachstein-trail-self-guided\\\/#breadcrumb\"},\"inLanguage\":\"it-IT\",\"potentialAction\":[{\"@type\":\"ReadAction\",\"target\":[\"https:\\\/\\\/outdooreurope.eu\\\/tours\\\/trailrunning-austria-king-dachstein-trail-self-guided\\\/\"]}]},{\"@type\":\"ImageObject\",\"inLanguage\":\"it-IT\",\"@id\":\"https:\\\/\\\/outdooreurope.eu\\\/tours\\\/trailrunning-austria-king-dachstein-trail-self-guided\\\/#primaryimage\",\"url\":\"https:\\\/\\\/outdooreurope.eu\\\/wp-content\\\/uploads\\\/2024\\\/05\\\/KDT_June23_c-the.adventure.bakery-180-scaled.jpg\",\"contentUrl\":\"https:\\\/\\\/outdooreurope.eu\\\/wp-content\\\/uploads\\\/2024\\\/05\\\/KDT_June23_c-the.adventure.bakery-180-scaled.jpg\",\"width\":2048,\"height\":1365},{\"@type\":\"BreadcrumbList\",\"@id\":\"https:\\\/\\\/outdooreurope.eu\\\/tours\\\/trailrunning-austria-king-dachstein-trail-self-guided\\\/#breadcrumb\",\"itemListElement\":[{\"@type\":\"ListItem\",\"position\":1,\"name\":\"Hjem\",\"item\":\"https:\\\/\\\/outdooreurope.eu\\\/\"},{\"@type\":\"ListItem\",\"position\":2,\"name\":\"Shop\",\"item\":\"https:\\\/\\\/outdooreurope.eu\\\/shop\\\/\"},{\"@type\":\"ListItem\",\"position\":3,\"name\":\"Run the King Dachstein trail: A hut-to-hut trail running adventure\"}]},{\"@type\":\"WebSite\",\"@id\":\"https:\\\/\\\/outdooreurope.eu\\\/#website\",\"url\":\"https:\\\/\\\/outdooreurope.eu\\\/\",\"name\":\"Outdoor Europe\",\"description\":\"Hiking In Europe I Join the trail\",\"potentialAction\":[{\"@type\":\"SearchAction\",\"target\":{\"@type\":\"EntryPoint\",\"urlTemplate\":\"https:\\\/\\\/outdooreurope.eu\\\/?s={search_term_string}\"},\"query-input\":{\"@type\":\"PropertyValueSpecification\",\"valueRequired\":true,\"valueName\":\"search_term_string\"}}],\"inLanguage\":\"it-IT\"}]}<\/script>\n<meta property=\"product:price:amount\" content=\"1150\" \/>\n<meta property=\"product:price:currency\" content=\"EUR\" \/>\n<meta property=\"og:availability\" content=\"instock\" \/>\n<meta property=\"product:availability\" content=\"instock\" \/>\n<meta property=\"product:retailer_item_id\" content=\"17114\" \/>\n<meta property=\"product:condition\" content=\"new\" \/>\n<!-- \/ Yoast SEO Premium plugin. -->","yoast_head_json":{"title":"Percorri il King Dachstein Trail","description":"Scopri la bellezza mozzafiato del Dachstein Trail! Incontra vette aspre e paesaggi pittoreschi mentre ti godi l&#039;ospitalit\u00e0 locale. \ud83c\udf04","robots":{"index":"index","follow":"follow","max-snippet":"max-snippet:-1","max-image-preview":"max-image-preview:large","max-video-preview":"max-video-preview:-1"},"canonical":"https:\/\/outdooreurope.eu\/it\/tour\/trailrunning-austria-sentiero-re-dachstein-autoguidato\/","og_locale":"it_IT","og_type":"article","og_title":"Run the King Dachstein trail: A hut-to-hut trail running adventure","og_description":"Rugged, rocky landscapes, green alpine pastures, bizarre, jagged crags, towers and mighty cliff faces, glacial ice, limestone peaks, isolated high","og_url":"https:\/\/outdooreurope.eu\/it\/tour\/trailrunning-austria-sentiero-re-dachstein-autoguidato\/","og_site_name":"Outdoor Europe","article_publisher":"https:\/\/www.facebook.com\/outdooreurope.eu","article_modified_time":"2025-06-16T09:47:31+00:00","og_image":[{"width":2048,"height":1365,"url":"https:\/\/outdooreurope.eu\/wp-content\/uploads\/2024\/05\/KDT_June23_c-the.adventure.bakery-180-scaled.jpg","type":"image\/jpeg"}],"twitter_card":"summary_large_image","twitter_misc":{"Prezzo":"&euro;1,150","Disponibilit\u00e0":"In stock"},"schema":{"@context":"https:\/\/schema.org","@graph":[{"@type":"WebPage","@id":"https:\/\/outdooreurope.eu\/tours\/trailrunning-austria-king-dachstein-trail-self-guided\/","url":"https:\/\/outdooreurope.eu\/tours\/trailrunning-austria-king-dachstein-trail-self-guided\/","name":"Percorri il King Dachstein Trail","isPartOf":{"@id":"https:\/\/outdooreurope.eu\/#website"},"primaryImageOfPage":{"@id":"https:\/\/outdooreurope.eu\/tours\/trailrunning-austria-king-dachstein-trail-self-guided\/#primaryimage"},"image":{"@id":"https:\/\/outdooreurope.eu\/tours\/trailrunning-austria-king-dachstein-trail-self-guided\/#primaryimage"},"thumbnailUrl":"https:\/\/outdooreurope.eu\/wp-content\/uploads\/2024\/05\/KDT_June23_c-the.adventure.bakery-180-scaled.jpg","datePublished":"2024-05-05T08:48:41+00:00","dateModified":"2025-06-16T09:47:31+00:00","description":"Scopri la bellezza mozzafiato del Dachstein Trail! Incontra vette aspre e paesaggi pittoreschi mentre ti godi l&#039;ospitalit\u00e0 locale. \ud83c\udf04","breadcrumb":{"@id":"https:\/\/outdooreurope.eu\/tours\/trailrunning-austria-king-dachstein-trail-self-guided\/#breadcrumb"},"inLanguage":"it-IT","potentialAction":[{"@type":"ReadAction","target":["https:\/\/outdooreurope.eu\/tours\/trailrunning-austria-king-dachstein-trail-self-guided\/"]}]},{"@type":"ImageObject","inLanguage":"it-IT","@id":"https:\/\/outdooreurope.eu\/tours\/trailrunning-austria-king-dachstein-trail-self-guided\/#primaryimage","url":"https:\/\/outdooreurope.eu\/wp-content\/uploads\/2024\/05\/KDT_June23_c-the.adventure.bakery-180-scaled.jpg","contentUrl":"https:\/\/outdooreurope.eu\/wp-content\/uploads\/2024\/05\/KDT_June23_c-the.adventure.bakery-180-scaled.jpg","width":2048,"height":1365},{"@type":"BreadcrumbList","@id":"https:\/\/outdooreurope.eu\/tours\/trailrunning-austria-king-dachstein-trail-self-guided\/#breadcrumb","itemListElement":[{"@type":"ListItem","position":1,"name":"Hjem","item":"https:\/\/outdooreurope.eu\/"},{"@type":"ListItem","position":2,"name":"Shop","item":"https:\/\/outdooreurope.eu\/shop\/"},{"@type":"ListItem","position":3,"name":"Run the King Dachstein trail: A hut-to-hut trail running adventure"}]},{"@type":"WebSite","@id":"https:\/\/outdooreurope.eu\/#website","url":"https:\/\/outdooreurope.eu\/","name":"Europa all&#039;aperto","description":"Escursionismo in Europa Mi unisco al sentiero","potentialAction":[{"@type":"SearchAction","target":{"@type":"EntryPoint","urlTemplate":"https:\/\/outdooreurope.eu\/?s={search_term_string}"},"query-input":{"@type":"PropertyValueSpecification","valueRequired":true,"valueName":"search_term_string"}}],"inLanguage":"it-IT"}]},"product_price_amount":"1150","product_price_currency":"EUR","og_availability":"instock","product_availability":"instock","product_retailer_item_id":"17114","product_condition":"new"},"_links":{"self":[{"href":"https:\/\/outdooreurope.eu\/it\/wp-json\/wp\/v2\/product\/17114","targetHints":{"allow":["GET"]}}],"collection":[{"href":"https:\/\/outdooreurope.eu\/it\/wp-json\/wp\/v2\/product"}],"about":[{"href":"https:\/\/outdooreurope.eu\/it\/wp-json\/wp\/v2\/types\/product"}],"replies":[{"embeddable":true,"href":"https:\/\/outdooreurope.eu\/it\/wp-json\/wp\/v2\/comments?post=17114"}],"wp:featuredmedia":[{"embeddable":true,"href":"https:\/\/outdooreurope.eu\/it\/wp-json\/wp\/v2\/media\/17116"}],"wp:attachment":[{"href":"https:\/\/outdooreurope.eu\/it\/wp-json\/wp\/v2\/media?parent=17114"}],"wp:term":[{"taxonomy":"product_brand","embeddable":true,"href":"https:\/\/outdooreurope.eu\/it\/wp-json\/wp\/v2\/product_brand?post=17114"},{"taxonomy":"product_cat","embeddable":true,"href":"https:\/\/outdooreurope.eu\/it\/wp-json\/wp\/v2\/product_cat?post=17114"},{"taxonomy":"product_tag","embeddable":true,"href":"https:\/\/outdooreurope.eu\/it\/wp-json\/wp\/v2\/product_tag?post=17114"}],"curies":[{"name":"parola chiave","href":"https:\/\/api.w.org\/{rel}","templated":true}]}}