{"id":17241,"date":"2024-10-22T15:51:41","date_gmt":"2024-10-22T13:51:41","guid":{"rendered":"https:\/\/outdooreurope.eu\/?post_type=product&#038;p=17241"},"modified":"2026-02-15T10:57:00","modified_gmt":"2026-02-15T09:57:00","slug":"avventura-di-scialpinismo-in-val-formazza","status":"publish","type":"product","link":"https:\/\/outdooreurope.eu\/it\/tours\/ski-touring-adventure-in-val-formazza\/","title":{"rendered":"Traversata di Sci Alpinismo della Val Formazza \u2013 7 giorni da rifugio a rifugio"},"content":{"rendered":"<p>Parti per un&#039;entusiasmante settimana di sci alpinismo nella selvaggia e incontaminata Val Formazza, nelle Dolomiti del nord del Piemonte. Questo viaggio immersivo ti porter\u00e0 tra valli innevate, cime impegnative e una notte nella vicina Val Bedretto, in Svizzera. \u00c8 perfetto sia per sciatori esperti che principianti, con opzioni su misura per diversi livelli di abilit\u00e0.<\/p>\n<ol>\n<li><strong>La bellezza ineguagliabile della Val Formazza<\/strong>: Scopri paesaggi innevati incontaminati, valli ad alta quota e viste panoramiche e serene, perfette per l&#039;esplorazione.<\/li>\n<li><strong>Raggiungere la vetta del Blinnenhorn<\/strong>: Raggiungete la vetta del Corno Cieco \u2013 Blinnenhorn (3373 m), che offre una vista panoramica mozzafiato sulle vette dell\u2019Oberland Bernese che superano i 4000 m.<\/li>\n<li><strong>Avventura in due paesi<\/strong>: Pernottate nel rifugio Corno-Gries in Svizzera, godetevi le discese sui ghiacciai svizzeri e tornate in Italia con una salita finale al passo del Nefelgiu.<\/li>\n<\/ol>","protected":false},"excerpt":{"rendered":"<p>Un&#039;avventura di sci alpinismo di 7 giorni da rifugio a rifugio in <span class=\"hover:entity-accent entity-underline inline cursor-pointer align-baseline\"><span class=\"whitespace-normal\">Val Formazza<\/span><\/span> Cinque giorni gratificanti sulla neve. Attraversate ghiacciai, raggiungete vette classiche e soggiornate in un autentico rifugio alpino. Autoguidati o con una guida alpina facoltativa.<\/p>","protected":false},"featured_media":16658,"comment_status":"open","ping_status":"closed","template":"","meta":{"_acf_changed":false,"content-type":"","inline_featured_image":false},"product_brand":[],"product_cat":[302],"product_tag":[1183,1184,923],"class_list":{"0":"post-17241","1":"product","2":"type-product","3":"status-publish","4":"has-post-thumbnail","6":"tour_country-italy","7":"tour_destinations-dolomites","8":"tour_types-hut-to-hut","9":"tour_types-self-guided","10":"tour_types-groups-with-guide","11":"product_cat-ukategoriseret","12":"product_tag-backcountry","13":"product_tag-skimountaineering","14":"product_tag-skitouring","15":"pa_duration-7-days","16":"tour_category-sking","18":"first","19":"instock","20":"downloadable","21":"shipping-taxable","22":"purchasable","23":"product-type-tour"},"acf":[],"yoast_head":"<!-- This site is optimized with the Yoast SEO Premium plugin v27.4 (Yoast SEO v27.4) - https:\/\/yoast.com\/product\/yoast-seo-premium-wordpress\/ -->\n<title>Val Formazza Ski Touring Traverse: Adventure Awaits - Outdoor Europe<\/title>\n<meta name=\"description\" content=\"Experience the beauty of the Dolomites with the Val Formazza Ski Touring Traverse. Perfect for beginners and experts alike, start your adventure today!\" \/>\n<meta name=\"robots\" content=\"index, follow, max-snippet:-1, max-image-preview:large, max-video-preview:-1\" \/>\n<link rel=\"canonical\" href=\"https:\/\/outdooreurope.eu\/it\/tour\/avventura-di-scialpinismo-in-val-formazza\/\" \/>\n<meta property=\"og:locale\" content=\"it_IT\" \/>\n<meta property=\"og:type\" content=\"article\" \/>\n<meta property=\"og:title\" content=\"Val Formazza Ski Touring Traverse \u2013 7 Days Hut to Hut\" \/>\n<meta property=\"og:description\" content=\"A 7-day hut-to-hut ski touring adventure in Val Formazza with five rewarding days on snow. Traverse glaciers, summit classic peaks, and stay in authentic alpine hut. Self-guided or with an optional mountain guide.\" \/>\n<meta property=\"og:url\" content=\"https:\/\/outdooreurope.eu\/it\/tour\/avventura-di-scialpinismo-in-val-formazza\/\" \/>\n<meta property=\"og:site_name\" content=\"Outdoor Europe\" \/>\n<meta property=\"article:publisher\" content=\"https:\/\/www.facebook.com\/outdooreurope.eu\" \/>\n<meta property=\"article:modified_time\" content=\"2026-02-15T09:57:00+00:00\" \/>\n<meta property=\"og:image\" content=\"https:\/\/outdooreurope.eu\/wp-content\/uploads\/2024\/01\/Skitouren-01.jpg\" \/>\n\t<meta property=\"og:image:width\" content=\"2000\" \/>\n\t<meta property=\"og:image:height\" content=\"1093\" \/>\n\t<meta property=\"og:image:type\" content=\"image\/jpeg\" \/>\n<meta name=\"twitter:card\" content=\"summary_large_image\" \/>\n<meta name=\"twitter:label1\" content=\"Prezzo\" \/>\n\t<meta name=\"twitter:data1\" content=\"&euro;1,450\" \/>\n\t<meta name=\"twitter:label2\" content=\"Disponibilit\u00e0\" \/>\n\t<meta name=\"twitter:data2\" content=\"In stock\" \/>\n<script type=\"application\/ld+json\" class=\"yoast-schema-graph\">{\"@context\":\"https:\\\/\\\/schema.org\",\"@graph\":[{\"@type\":\"WebPage\",\"@id\":\"https:\\\/\\\/outdooreurope.eu\\\/tours\\\/ski-touring-adventure-in-val-formazza\\\/\",\"url\":\"https:\\\/\\\/outdooreurope.eu\\\/tours\\\/ski-touring-adventure-in-val-formazza\\\/\",\"name\":\"Val Formazza Ski Touring Traverse: Adventure Awaits - Outdoor Europe\",\"isPartOf\":{\"@id\":\"https:\\\/\\\/outdooreurope.eu\\\/#website\"},\"primaryImageOfPage\":{\"@id\":\"https:\\\/\\\/outdooreurope.eu\\\/tours\\\/ski-touring-adventure-in-val-formazza\\\/#primaryimage\"},\"image\":{\"@id\":\"https:\\\/\\\/outdooreurope.eu\\\/tours\\\/ski-touring-adventure-in-val-formazza\\\/#primaryimage\"},\"thumbnailUrl\":\"https:\\\/\\\/outdooreurope.eu\\\/wp-content\\\/uploads\\\/2024\\\/01\\\/Skitouren-01.jpg\",\"datePublished\":\"2024-10-22T13:51:41+00:00\",\"dateModified\":\"2026-02-15T09:57:00+00:00\",\"description\":\"Experience the beauty of the Dolomites with the Val Formazza Ski Touring Traverse. Perfect for beginners and experts alike, start your adventure today!\",\"breadcrumb\":{\"@id\":\"https:\\\/\\\/outdooreurope.eu\\\/tours\\\/ski-touring-adventure-in-val-formazza\\\/#breadcrumb\"},\"inLanguage\":\"it-IT\",\"potentialAction\":[{\"@type\":\"ReadAction\",\"target\":[\"https:\\\/\\\/outdooreurope.eu\\\/tours\\\/ski-touring-adventure-in-val-formazza\\\/\"]}]},{\"@type\":\"ImageObject\",\"inLanguage\":\"it-IT\",\"@id\":\"https:\\\/\\\/outdooreurope.eu\\\/tours\\\/ski-touring-adventure-in-val-formazza\\\/#primaryimage\",\"url\":\"https:\\\/\\\/outdooreurope.eu\\\/wp-content\\\/uploads\\\/2024\\\/01\\\/Skitouren-01.jpg\",\"contentUrl\":\"https:\\\/\\\/outdooreurope.eu\\\/wp-content\\\/uploads\\\/2024\\\/01\\\/Skitouren-01.jpg\",\"width\":2000,\"height\":1093},{\"@type\":\"BreadcrumbList\",\"@id\":\"https:\\\/\\\/outdooreurope.eu\\\/tours\\\/ski-touring-adventure-in-val-formazza\\\/#breadcrumb\",\"itemListElement\":[{\"@type\":\"ListItem\",\"position\":1,\"name\":\"Hjem\",\"item\":\"https:\\\/\\\/outdooreurope.eu\\\/\"},{\"@type\":\"ListItem\",\"position\":2,\"name\":\"Shop\",\"item\":\"https:\\\/\\\/outdooreurope.eu\\\/shop\\\/\"},{\"@type\":\"ListItem\",\"position\":3,\"name\":\"Val Formazza Ski Touring Traverse \u2013 7 Days Hut to Hut\"}]},{\"@type\":\"WebSite\",\"@id\":\"https:\\\/\\\/outdooreurope.eu\\\/#website\",\"url\":\"https:\\\/\\\/outdooreurope.eu\\\/\",\"name\":\"Outdoor Europe\",\"description\":\"Hiking In Europe I Join the trail\",\"potentialAction\":[{\"@type\":\"SearchAction\",\"target\":{\"@type\":\"EntryPoint\",\"urlTemplate\":\"https:\\\/\\\/outdooreurope.eu\\\/?s={search_term_string}\"},\"query-input\":{\"@type\":\"PropertyValueSpecification\",\"valueRequired\":true,\"valueName\":\"search_term_string\"}}],\"inLanguage\":\"it-IT\"}]}<\/script>\n<meta property=\"product:price:amount\" content=\"1450\" \/>\n<meta property=\"product:price:currency\" content=\"EUR\" \/>\n<meta property=\"og:availability\" content=\"instock\" \/>\n<meta property=\"product:availability\" content=\"instock\" \/>\n<meta property=\"product:retailer_item_id\" content=\"17241\" \/>\n<meta property=\"product:condition\" content=\"new\" \/>\n<!-- \/ Yoast SEO Premium plugin. -->","yoast_head_json":{"title":"Traversata della Val Formazza con gli sci alpinisti: l&#039;avventura ti aspetta - Outdoor Europe","description":"Vivi la bellezza delle Dolomiti con la traversata scialpinistica della Val Formazza. Perfetta per principianti ed esperti, inizia la tua avventura oggi stesso!","robots":{"index":"index","follow":"follow","max-snippet":"max-snippet:-1","max-image-preview":"max-image-preview:large","max-video-preview":"max-video-preview:-1"},"canonical":"https:\/\/outdooreurope.eu\/it\/tour\/avventura-di-scialpinismo-in-val-formazza\/","og_locale":"it_IT","og_type":"article","og_title":"Val Formazza Ski Touring Traverse \u2013 7 Days Hut to Hut","og_description":"A 7-day hut-to-hut ski touring adventure in Val Formazza with five rewarding days on snow. Traverse glaciers, summit classic peaks, and stay in authentic alpine hut. Self-guided or with an optional mountain guide.","og_url":"https:\/\/outdooreurope.eu\/it\/tour\/avventura-di-scialpinismo-in-val-formazza\/","og_site_name":"Outdoor Europe","article_publisher":"https:\/\/www.facebook.com\/outdooreurope.eu","article_modified_time":"2026-02-15T09:57:00+00:00","og_image":[{"width":2000,"height":1093,"url":"https:\/\/outdooreurope.eu\/wp-content\/uploads\/2024\/01\/Skitouren-01.jpg","type":"image\/jpeg"}],"twitter_card":"summary_large_image","twitter_misc":{"Prezzo":"&euro;1,450","Disponibilit\u00e0":"In stock"},"schema":{"@context":"https:\/\/schema.org","@graph":[{"@type":"WebPage","@id":"https:\/\/outdooreurope.eu\/tours\/ski-touring-adventure-in-val-formazza\/","url":"https:\/\/outdooreurope.eu\/tours\/ski-touring-adventure-in-val-formazza\/","name":"Traversata della Val Formazza con gli sci alpinisti: l&#039;avventura ti aspetta - Outdoor Europe","isPartOf":{"@id":"https:\/\/outdooreurope.eu\/#website"},"primaryImageOfPage":{"@id":"https:\/\/outdooreurope.eu\/tours\/ski-touring-adventure-in-val-formazza\/#primaryimage"},"image":{"@id":"https:\/\/outdooreurope.eu\/tours\/ski-touring-adventure-in-val-formazza\/#primaryimage"},"thumbnailUrl":"https:\/\/outdooreurope.eu\/wp-content\/uploads\/2024\/01\/Skitouren-01.jpg","datePublished":"2024-10-22T13:51:41+00:00","dateModified":"2026-02-15T09:57:00+00:00","description":"Vivi la bellezza delle Dolomiti con la traversata scialpinistica della Val Formazza. Perfetta per principianti ed esperti, inizia la tua avventura oggi stesso!","breadcrumb":{"@id":"https:\/\/outdooreurope.eu\/tours\/ski-touring-adventure-in-val-formazza\/#breadcrumb"},"inLanguage":"it-IT","potentialAction":[{"@type":"ReadAction","target":["https:\/\/outdooreurope.eu\/tours\/ski-touring-adventure-in-val-formazza\/"]}]},{"@type":"ImageObject","inLanguage":"it-IT","@id":"https:\/\/outdooreurope.eu\/tours\/ski-touring-adventure-in-val-formazza\/#primaryimage","url":"https:\/\/outdooreurope.eu\/wp-content\/uploads\/2024\/01\/Skitouren-01.jpg","contentUrl":"https:\/\/outdooreurope.eu\/wp-content\/uploads\/2024\/01\/Skitouren-01.jpg","width":2000,"height":1093},{"@type":"BreadcrumbList","@id":"https:\/\/outdooreurope.eu\/tours\/ski-touring-adventure-in-val-formazza\/#breadcrumb","itemListElement":[{"@type":"ListItem","position":1,"name":"Hjem","item":"https:\/\/outdooreurope.eu\/"},{"@type":"ListItem","position":2,"name":"Shop","item":"https:\/\/outdooreurope.eu\/shop\/"},{"@type":"ListItem","position":3,"name":"Val Formazza Ski Touring Traverse \u2013 7 Days Hut to Hut"}]},{"@type":"WebSite","@id":"https:\/\/outdooreurope.eu\/#website","url":"https:\/\/outdooreurope.eu\/","name":"Europa all&#039;aperto","description":"Escursionismo in Europa Mi unisco al sentiero","potentialAction":[{"@type":"SearchAction","target":{"@type":"EntryPoint","urlTemplate":"https:\/\/outdooreurope.eu\/?s={search_term_string}"},"query-input":{"@type":"PropertyValueSpecification","valueRequired":true,"valueName":"search_term_string"}}],"inLanguage":"it-IT"}]},"product_price_amount":"1450","product_price_currency":"EUR","og_availability":"instock","product_availability":"instock","product_retailer_item_id":"17241","product_condition":"new"},"_links":{"self":[{"href":"https:\/\/outdooreurope.eu\/it\/wp-json\/wp\/v2\/product\/17241","targetHints":{"allow":["GET"]}}],"collection":[{"href":"https:\/\/outdooreurope.eu\/it\/wp-json\/wp\/v2\/product"}],"about":[{"href":"https:\/\/outdooreurope.eu\/it\/wp-json\/wp\/v2\/types\/product"}],"replies":[{"embeddable":true,"href":"https:\/\/outdooreurope.eu\/it\/wp-json\/wp\/v2\/comments?post=17241"}],"wp:featuredmedia":[{"embeddable":true,"href":"https:\/\/outdooreurope.eu\/it\/wp-json\/wp\/v2\/media\/16658"}],"wp:attachment":[{"href":"https:\/\/outdooreurope.eu\/it\/wp-json\/wp\/v2\/media?parent=17241"}],"wp:term":[{"taxonomy":"product_brand","embeddable":true,"href":"https:\/\/outdooreurope.eu\/it\/wp-json\/wp\/v2\/product_brand?post=17241"},{"taxonomy":"product_cat","embeddable":true,"href":"https:\/\/outdooreurope.eu\/it\/wp-json\/wp\/v2\/product_cat?post=17241"},{"taxonomy":"product_tag","embeddable":true,"href":"https:\/\/outdooreurope.eu\/it\/wp-json\/wp\/v2\/product_tag?post=17241"}],"curies":[{"name":"parola chiave","href":"https:\/\/api.w.org\/{rel}","templated":true}]}}