{"id":15968,"date":"2024-01-17T05:59:19","date_gmt":"2024-01-17T04:59:19","guid":{"rendered":"https:\/\/outdooreurope.eu\/?post_type=product&#038;p=15968"},"modified":"2025-06-19T10:56:25","modified_gmt":"2025-06-19T08:56:25","slug":"%e3%83%8f%e3%82%a4%e3%82%ad%e3%83%b3%e3%82%b0-%e3%82%b9%e3%83%9a%e3%82%a4%e3%83%b3-%e3%82%ab%e3%83%9f%e3%83%bc%e3%83%8e-%e3%82%a6%e3%82%a9%e3%83%bc%e3%82%af-%e3%82%b5%e3%83%aa%e3%82%a2-%e3%82%b5","status":"publish","type":"product","link":"https:\/\/outdooreurope.eu\/ja\/tours\/hiking-spain-camino-walk-sarria-santiago-self-guided\/","title":{"rendered":"\u30ab\u30df\u30fc\u30ce\u30fb\u30d5\u30e9\u30f3\u30bb\u30b9\u3092\u30cf\u30a4\u30ad\u30f3\u30b0\uff1a\u30b5\u30ea\u30a2\u304b\u3089\u30b5\u30f3\u30c6\u30a3\u30a2\u30b4\u307e\u3067"},"content":{"rendered":"<p><strong>\u30ab\u30df\u30fc\u30ce\u30fb\u30d5\u30e9\u30f3\u30bb\u30b9\u3092\u30cf\u30a4\u30ad\u30f3\u30b0\u3057\u307e\u3057\u3087\u3046\u3002 <\/strong>\u30ab\u30df\u30fc\u30ce\u30fb\u30d5\u30e9\u30f3\u30bb\u30b9\u3001\u7279\u306b\u30b5\u30ea\u30a2\u304b\u3089\u30b5\u30f3\u30c6\u30a3\u30a2\u30b4\u307e\u3067\u306e\u533a\u9593\u306f\u3001\u6bd4\u985e\u306e\u306a\u3044\u5de1\u793c\u4f53\u9a13\u3092\u63d0\u4f9b\u3057\u307e\u3059\u3002\u5317\u30b9\u30da\u30a4\u30f3\u306e\u9b45\u60d1\u7684\u306a\u98a8\u666f\u306e\u4e2d\u3092\u7e2b\u3046\u3088\u3046\u306b\u9032\u307f\u3001\u624b\u3064\u304b\u305a\u306e\u81ea\u7136\u7f8e\u3068\u6df1\u304f\u6839\u4ed8\u3044\u305f\u6587\u5316\u907a\u7523\u304c\u898b\u4e8b\u306b\u878d\u5408\u3057\u3066\u3044\u307e\u3059\u3002<\/p>\n<p><strong>\u30c4\u30a2\u30fc\u306e\u30cf\u30a4\u30e9\u30a4\u30c8:<\/strong><\/p>\n<ul>\n<li><strong>\u6b74\u53f2\u7684\u306a\u5de1\u793c\u8def\uff1a<\/strong> \u6b74\u53f2\u7684\u306a\u30ab\u30df\u30ce\u30fb\u30d5\u30e9\u30f3\u30bb\u30b9\u3092\u6563\u7b56\u3057\u3001\u6642\u4ee3\u3092\u8d85\u3048\u3066\u7121\u6570\u306e\u5de1\u793c\u8005\u306e\u8db3\u8de1\u3092\u8fbf\u308a\u307e\u3057\u3087\u3046\u3002<\/li>\n<li><strong>\u6587\u5316\u4f53\u9a13\uff1a<\/strong> \u30b9\u30da\u30a4\u30f3\u6587\u5316\u306e\u8c4a\u304b\u306a\u7e54\u7269\u306b\u6d78\u308a\u307e\u3057\u3087\u3046\u3002\u30eb\u30fc\u30c8\u6cbf\u3044\u306e\u9b45\u529b\u7684\u306a\u6751\u3084\u6b74\u53f2\u3042\u308b\u8857\u3092\u5de1\u308a\u3001\u5730\u5143\u306e\u5efa\u7bc9\u3092\u6df1\u304f\u7406\u89e3\u3057\u3001\u7f8e\u5473\u3057\u3044\u6599\u7406\u3092\u582a\u80fd\u3057\u307e\u3057\u3087\u3046\u3002<\/li>\n<li><strong>\u30a2\u30af\u30bb\u30b9\u53ef\u80fd\u306a\u30a2\u30c9\u30d9\u30f3\u30c1\u30e3\u30fc\uff1a<\/strong> \u30b5\u30ea\u30a2\u304b\u3089\u30b5\u30f3\u30c6\u30a3\u30a2\u30b4\u3078\u306e\u5de1\u793c\u306f\u3001\u7a4f\u3084\u304b\u3067\u30a2\u30af\u30bb\u30b9\u3057\u3084\u3059\u3044\u5730\u5f62\u3067\u77e5\u3089\u308c\u3066\u304a\u308a\u3001\u521d\u3081\u3066\u306e\u5de1\u793c\u8005\u306b\u3082\u30d9\u30c6\u30e9\u30f3\u306e\u65c5\u884c\u8005\u306b\u3082\u9069\u3057\u3066\u3044\u307e\u3059\u3002<\/li>\n<\/ul>","protected":false},"excerpt":{"rendered":"<p>\u30ab\u30df\u30fc\u30ce\u30fb\u30d5\u30e9\u30f3\u30bb\u30b9\u3092\u30cf\u30a4\u30ad\u30f3\u30b0\u3057\u307e\u3057\u3087\u3046\u3002\u30ab\u30df\u30fc\u30ce\u30fb\u30d5\u30e9\u30f3\u30bb\u30b9\u3001\u7279\u306b\u30b5\u30ea\u30a2\u304b\u3089\u30b5\u30f3\u30c6\u30a3\u30a2\u30b4\u307e\u3067\u306e\u533a\u9593\u306f\u3001\u6bd4\u985e\u306e\u306a\u3044\u5de1\u793c\u4f53\u9a13\u3092\u63d0\u4f9b\u3057\u307e\u3059\u3002\u5317\u30b9\u30da\u30a4\u30f3\u306e\u9b45\u60d1\u7684\u306a\u98a8\u666f\u306e\u4e2d\u3092\u7e2b\u3046\u3088\u3046\u306b\u9032\u307f\u3001\u624b\u3064\u304b\u305a\u306e\u81ea\u7136\u7f8e\u3068\u6df1\u304f\u6839\u4ed8\u3044\u305f\u6587\u5316\u907a\u7523\u304c\u898b\u4e8b\u306b\u878d\u5408\u3057\u3066\u3044\u307e\u3059\u3002\u30c4\u30a2\u30fc\u306e\u30cf\u30a4\u30e9\u30a4\u30c8\uff1a\u6b74\u53f2\u7684\u306a\u5de1\u793c\u8def\uff1a\u6b74\u53f2\u3042\u308b\u30ab\u30df\u30fc\u30ce\u30fb\u30d5\u30e9\u30f3\u30bb\u30b9\u3092\u6b69\u304d\u3001\u304b\u3064\u3066\u306e\u5de1\u793c\u306e\u9053\u3092\u8fbf\u308a\u307e\u3057\u3087\u3046\u3002<\/p>\n<div class=\"padding-top text-center\"><a href=\"https:\/\/outdooreurope.eu\/ja\/tours\/hiking-spain-camino-walk-sarria-santiago-self-guided\/\" class=\"atbtn atbtn--medium atbtn--rounded atbtn--transparent\">\u7d9a\u304d\u3092\u8aad\u3080<i class=\"atbtn__icon atbtn__icon--right fa fa-long-arrow-right\"><\/i><\/a><\/div>","protected":false},"featured_media":15969,"comment_status":"open","ping_status":"closed","template":"","meta":{"_acf_changed":false,"content-type":"","inline_featured_image":false},"product_brand":[],"product_cat":[302,1181],"product_tag":[],"class_list":{"0":"post-15968","1":"product","2":"type-product","3":"status-publish","4":"has-post-thumbnail","6":"tour_country-spain","7":"tour_types-hut-to-hut","8":"tour_types-self-guided","9":"tour_types-family","10":"product_cat-ukategoriseret","11":"product_cat-lastminutesummer","12":"pa_duration-6-nights","13":"tour_category-hiking-in-europe","15":"first","16":"instock","17":"shipping-taxable","18":"purchasable","19":"product-type-tour"},"acf":[],"yoast_head":"<!-- This site is optimized with the Yoast SEO Premium plugin v27.4 (Yoast SEO v27.4) - https:\/\/yoast.com\/product\/yoast-seo-premium-wordpress\/ -->\n<title>Hike the Camino Franc\u00e9s<\/title>\n<meta name=\"description\" content=\"Discover the beauty of Spain while you hike the Camino from Sarria to Santiago. Join this magical pilgrimage and connect with fellow travelers!\" \/>\n<meta name=\"robots\" content=\"index, follow, max-snippet:-1, max-image-preview:large, max-video-preview:-1\" \/>\n<link rel=\"canonical\" href=\"https:\/\/outdooreurope.eu\/ja\/\u30c4\u30a2\u30fc\/\u30cf\u30a4\u30ad\u30f3\u30b0-\u30b9\u30da\u30a4\u30f3-\u30ab\u30df\u30fc\u30ce-\u30a6\u30a9\u30fc\u30af-\u30b5\u30ea\u30a2-\u30b5\/\" \/>\n<meta property=\"og:locale\" content=\"ja_JP\" \/>\n<meta property=\"og:type\" content=\"article\" \/>\n<meta property=\"og:title\" content=\"Hike the Camino Franc\u00e9s: from Sarria to Santiago\" \/>\n<meta property=\"og:description\" content=\"Hike the Camino Franc\u00e9s. The Camino Franc\u00e9s, particularly the stretch from\" \/>\n<meta property=\"og:url\" content=\"https:\/\/outdooreurope.eu\/ja\/\u30c4\u30a2\u30fc\/\u30cf\u30a4\u30ad\u30f3\u30b0-\u30b9\u30da\u30a4\u30f3-\u30ab\u30df\u30fc\u30ce-\u30a6\u30a9\u30fc\u30af-\u30b5\u30ea\u30a2-\u30b5\/\" \/>\n<meta property=\"og:site_name\" content=\"Outdoor Europe\" \/>\n<meta property=\"article:publisher\" content=\"https:\/\/www.facebook.com\/outdooreurope.eu\" \/>\n<meta property=\"article:modified_time\" content=\"2025-06-19T08:56:25+00:00\" \/>\n<meta property=\"og:image\" content=\"https:\/\/outdooreurope.eu\/wp-content\/uploads\/2024\/01\/observing-the-sunset-2021-10-21-22-34-38-utc-scaled-720x606-1.jpg\" \/>\n\t<meta property=\"og:image:width\" content=\"720\" \/>\n\t<meta property=\"og:image:height\" content=\"606\" \/>\n\t<meta property=\"og:image:type\" content=\"image\/jpeg\" \/>\n<meta name=\"twitter:card\" content=\"summary_large_image\" \/>\n<meta name=\"twitter:label1\" content=\"\u4fa1\u683c\" \/>\n\t<meta name=\"twitter:data1\" content=\"&euro;895\" \/>\n\t<meta name=\"twitter:label2\" content=\"\u5728\u5eab\" \/>\n\t<meta name=\"twitter:data2\" content=\"\u5728\u5eab\u3042\u308a\" \/>\n<script type=\"application\/ld+json\" class=\"yoast-schema-graph\">{\"@context\":\"https:\\\/\\\/schema.org\",\"@graph\":[{\"@type\":\"WebPage\",\"@id\":\"https:\\\/\\\/outdooreurope.eu\\\/tours\\\/hiking-spain-camino-walk-sarria-santiago-self-guided\\\/\",\"url\":\"https:\\\/\\\/outdooreurope.eu\\\/tours\\\/hiking-spain-camino-walk-sarria-santiago-self-guided\\\/\",\"name\":\"Hike the Camino Franc\u00e9s\",\"isPartOf\":{\"@id\":\"https:\\\/\\\/outdooreurope.eu\\\/#website\"},\"primaryImageOfPage\":{\"@id\":\"https:\\\/\\\/outdooreurope.eu\\\/tours\\\/hiking-spain-camino-walk-sarria-santiago-self-guided\\\/#primaryimage\"},\"image\":{\"@id\":\"https:\\\/\\\/outdooreurope.eu\\\/tours\\\/hiking-spain-camino-walk-sarria-santiago-self-guided\\\/#primaryimage\"},\"thumbnailUrl\":\"https:\\\/\\\/outdooreurope.eu\\\/wp-content\\\/uploads\\\/2024\\\/01\\\/observing-the-sunset-2021-10-21-22-34-38-utc-scaled-720x606-1.jpg\",\"datePublished\":\"2024-01-17T04:59:19+00:00\",\"dateModified\":\"2025-06-19T08:56:25+00:00\",\"description\":\"Discover the beauty of Spain while you hike the Camino from Sarria to Santiago. Join this magical pilgrimage and connect with fellow travelers!\",\"breadcrumb\":{\"@id\":\"https:\\\/\\\/outdooreurope.eu\\\/tours\\\/hiking-spain-camino-walk-sarria-santiago-self-guided\\\/#breadcrumb\"},\"inLanguage\":\"ja\",\"potentialAction\":[{\"@type\":\"ReadAction\",\"target\":[\"https:\\\/\\\/outdooreurope.eu\\\/tours\\\/hiking-spain-camino-walk-sarria-santiago-self-guided\\\/\"]}]},{\"@type\":\"ImageObject\",\"inLanguage\":\"ja\",\"@id\":\"https:\\\/\\\/outdooreurope.eu\\\/tours\\\/hiking-spain-camino-walk-sarria-santiago-self-guided\\\/#primaryimage\",\"url\":\"https:\\\/\\\/outdooreurope.eu\\\/wp-content\\\/uploads\\\/2024\\\/01\\\/observing-the-sunset-2021-10-21-22-34-38-utc-scaled-720x606-1.jpg\",\"contentUrl\":\"https:\\\/\\\/outdooreurope.eu\\\/wp-content\\\/uploads\\\/2024\\\/01\\\/observing-the-sunset-2021-10-21-22-34-38-utc-scaled-720x606-1.jpg\",\"width\":720,\"height\":606},{\"@type\":\"BreadcrumbList\",\"@id\":\"https:\\\/\\\/outdooreurope.eu\\\/tours\\\/hiking-spain-camino-walk-sarria-santiago-self-guided\\\/#breadcrumb\",\"itemListElement\":[{\"@type\":\"ListItem\",\"position\":1,\"name\":\"Hjem\",\"item\":\"https:\\\/\\\/outdooreurope.eu\\\/\"},{\"@type\":\"ListItem\",\"position\":2,\"name\":\"Shop\",\"item\":\"https:\\\/\\\/outdooreurope.eu\\\/shop\\\/\"},{\"@type\":\"ListItem\",\"position\":3,\"name\":\"Hike the Camino Franc\u00e9s: from Sarria to Santiago\"}]},{\"@type\":\"WebSite\",\"@id\":\"https:\\\/\\\/outdooreurope.eu\\\/#website\",\"url\":\"https:\\\/\\\/outdooreurope.eu\\\/\",\"name\":\"Outdoor Europe\",\"description\":\"Hiking In Europe I Join the trail\",\"potentialAction\":[{\"@type\":\"SearchAction\",\"target\":{\"@type\":\"EntryPoint\",\"urlTemplate\":\"https:\\\/\\\/outdooreurope.eu\\\/?s={search_term_string}\"},\"query-input\":{\"@type\":\"PropertyValueSpecification\",\"valueRequired\":true,\"valueName\":\"search_term_string\"}}],\"inLanguage\":\"ja\"}]}<\/script>\n<meta property=\"product:price:amount\" content=\"895\" \/>\n<meta property=\"product:price:currency\" content=\"EUR\" \/>\n<meta property=\"og:availability\" content=\"instock\" \/>\n<meta property=\"product:availability\" content=\"instock\" \/>\n<meta property=\"product:retailer_item_id\" content=\"15968\" \/>\n<meta property=\"product:condition\" content=\"new\" \/>\n<!-- \/ Yoast SEO Premium plugin. -->","yoast_head_json":{"title":"\u30ab\u30df\u30fc\u30ce\u30fb\u30d5\u30e9\u30f3\u30bb\u30b9\u3092\u30cf\u30a4\u30ad\u30f3\u30b0","description":"\u30b5\u30ea\u30a2\u304b\u3089\u30b5\u30f3\u30c6\u30a3\u30a2\u30b4\u307e\u3067\u306e\u30ab\u30df\u30fc\u30ce\u3092\u30cf\u30a4\u30ad\u30f3\u30b0\u3057\u306a\u304c\u3089\u3001\u30b9\u30da\u30a4\u30f3\u306e\u7f8e\u3057\u3055\u3092\u767a\u898b\u3057\u3066\u304f\u3060\u3055\u3044\u3002\u3053\u306e\u9b45\u60d1\u7684\u306a\u5de1\u793c\u306b\u53c2\u52a0\u3057\u3066\u3001\u4ed6\u306e\u65c5\u884c\u8005\u3068\u4ea4\u6d41\u3057\u307e\u3057\u3087\u3046\u3002","robots":{"index":"index","follow":"follow","max-snippet":"max-snippet:-1","max-image-preview":"max-image-preview:large","max-video-preview":"max-video-preview:-1"},"canonical":"https:\/\/outdooreurope.eu\/ja\/\u30c4\u30a2\u30fc\/\u30cf\u30a4\u30ad\u30f3\u30b0-\u30b9\u30da\u30a4\u30f3-\u30ab\u30df\u30fc\u30ce-\u30a6\u30a9\u30fc\u30af-\u30b5\u30ea\u30a2-\u30b5\/","og_locale":"ja_JP","og_type":"article","og_title":"Hike the Camino Franc\u00e9s: from Sarria to Santiago","og_description":"Hike the Camino Franc\u00e9s. The Camino Franc\u00e9s, particularly the stretch from","og_url":"https:\/\/outdooreurope.eu\/ja\/\u30c4\u30a2\u30fc\/\u30cf\u30a4\u30ad\u30f3\u30b0-\u30b9\u30da\u30a4\u30f3-\u30ab\u30df\u30fc\u30ce-\u30a6\u30a9\u30fc\u30af-\u30b5\u30ea\u30a2-\u30b5\/","og_site_name":"Outdoor Europe","article_publisher":"https:\/\/www.facebook.com\/outdooreurope.eu","article_modified_time":"2025-06-19T08:56:25+00:00","og_image":[{"width":720,"height":606,"url":"https:\/\/outdooreurope.eu\/wp-content\/uploads\/2024\/01\/observing-the-sunset-2021-10-21-22-34-38-utc-scaled-720x606-1.jpg","type":"image\/jpeg"}],"twitter_card":"summary_large_image","twitter_misc":{"\u4fa1\u683c":"&euro;895","\u5728\u5eab":"\u5728\u5eab\u3042\u308a"},"schema":{"@context":"https:\/\/schema.org","@graph":[{"@type":"WebPage","@id":"https:\/\/outdooreurope.eu\/tours\/hiking-spain-camino-walk-sarria-santiago-self-guided\/","url":"https:\/\/outdooreurope.eu\/tours\/hiking-spain-camino-walk-sarria-santiago-self-guided\/","name":"\u30ab\u30df\u30fc\u30ce\u30fb\u30d5\u30e9\u30f3\u30bb\u30b9\u3092\u30cf\u30a4\u30ad\u30f3\u30b0","isPartOf":{"@id":"https:\/\/outdooreurope.eu\/#website"},"primaryImageOfPage":{"@id":"https:\/\/outdooreurope.eu\/tours\/hiking-spain-camino-walk-sarria-santiago-self-guided\/#primaryimage"},"image":{"@id":"https:\/\/outdooreurope.eu\/tours\/hiking-spain-camino-walk-sarria-santiago-self-guided\/#primaryimage"},"thumbnailUrl":"https:\/\/outdooreurope.eu\/wp-content\/uploads\/2024\/01\/observing-the-sunset-2021-10-21-22-34-38-utc-scaled-720x606-1.jpg","datePublished":"2024-01-17T04:59:19+00:00","dateModified":"2025-06-19T08:56:25+00:00","description":"\u30b5\u30ea\u30a2\u304b\u3089\u30b5\u30f3\u30c6\u30a3\u30a2\u30b4\u307e\u3067\u306e\u30ab\u30df\u30fc\u30ce\u3092\u30cf\u30a4\u30ad\u30f3\u30b0\u3057\u306a\u304c\u3089\u3001\u30b9\u30da\u30a4\u30f3\u306e\u7f8e\u3057\u3055\u3092\u767a\u898b\u3057\u3066\u304f\u3060\u3055\u3044\u3002\u3053\u306e\u9b45\u60d1\u7684\u306a\u5de1\u793c\u306b\u53c2\u52a0\u3057\u3066\u3001\u4ed6\u306e\u65c5\u884c\u8005\u3068\u4ea4\u6d41\u3057\u307e\u3057\u3087\u3046\u3002","breadcrumb":{"@id":"https:\/\/outdooreurope.eu\/tours\/hiking-spain-camino-walk-sarria-santiago-self-guided\/#breadcrumb"},"inLanguage":"ja","potentialAction":[{"@type":"ReadAction","target":["https:\/\/outdooreurope.eu\/tours\/hiking-spain-camino-walk-sarria-santiago-self-guided\/"]}]},{"@type":"ImageObject","inLanguage":"ja","@id":"https:\/\/outdooreurope.eu\/tours\/hiking-spain-camino-walk-sarria-santiago-self-guided\/#primaryimage","url":"https:\/\/outdooreurope.eu\/wp-content\/uploads\/2024\/01\/observing-the-sunset-2021-10-21-22-34-38-utc-scaled-720x606-1.jpg","contentUrl":"https:\/\/outdooreurope.eu\/wp-content\/uploads\/2024\/01\/observing-the-sunset-2021-10-21-22-34-38-utc-scaled-720x606-1.jpg","width":720,"height":606},{"@type":"BreadcrumbList","@id":"https:\/\/outdooreurope.eu\/tours\/hiking-spain-camino-walk-sarria-santiago-self-guided\/#breadcrumb","itemListElement":[{"@type":"ListItem","position":1,"name":"Hjem","item":"https:\/\/outdooreurope.eu\/"},{"@type":"ListItem","position":2,"name":"Shop","item":"https:\/\/outdooreurope.eu\/shop\/"},{"@type":"ListItem","position":3,"name":"Hike the Camino Franc\u00e9s: from Sarria to Santiago"}]},{"@type":"WebSite","@id":"https:\/\/outdooreurope.eu\/#website","url":"https:\/\/outdooreurope.eu\/","name":"\u30a2\u30a6\u30c8\u30c9\u30a2\u30e8\u30fc\u30ed\u30c3\u30d1","description":"\u30e8\u30fc\u30ed\u30c3\u30d1\u3067\u306e\u30cf\u30a4\u30ad\u30f3\u30b0 \u30c8\u30ec\u30a4\u30eb\u306b\u53c2\u52a0","potentialAction":[{"@type":"SearchAction","target":{"@type":"EntryPoint","urlTemplate":"https:\/\/outdooreurope.eu\/?s={search_term_string}"},"query-input":{"@type":"PropertyValueSpecification","valueRequired":true,"valueName":"search_term_string"}}],"inLanguage":"ja"}]},"product_price_amount":"895","product_price_currency":"EUR","og_availability":"instock","product_availability":"instock","product_retailer_item_id":"15968","product_condition":"new"},"_links":{"self":[{"href":"https:\/\/outdooreurope.eu\/ja\/wp-json\/wp\/v2\/product\/15968","targetHints":{"allow":["GET"]}}],"collection":[{"href":"https:\/\/outdooreurope.eu\/ja\/wp-json\/wp\/v2\/product"}],"about":[{"href":"https:\/\/outdooreurope.eu\/ja\/wp-json\/wp\/v2\/types\/product"}],"replies":[{"embeddable":true,"href":"https:\/\/outdooreurope.eu\/ja\/wp-json\/wp\/v2\/comments?post=15968"}],"wp:featuredmedia":[{"embeddable":true,"href":"https:\/\/outdooreurope.eu\/ja\/wp-json\/wp\/v2\/media\/15969"}],"wp:attachment":[{"href":"https:\/\/outdooreurope.eu\/ja\/wp-json\/wp\/v2\/media?parent=15968"}],"wp:term":[{"taxonomy":"product_brand","embeddable":true,"href":"https:\/\/outdooreurope.eu\/ja\/wp-json\/wp\/v2\/product_brand?post=15968"},{"taxonomy":"product_cat","embeddable":true,"href":"https:\/\/outdooreurope.eu\/ja\/wp-json\/wp\/v2\/product_cat?post=15968"},{"taxonomy":"product_tag","embeddable":true,"href":"https:\/\/outdooreurope.eu\/ja\/wp-json\/wp\/v2\/product_tag?post=15968"}],"curies":[{"name":"wp","href":"https:\/\/api.w.org\/{rel}","templated":true}]}}